{"id":34765,"date":"2024-08-09T14:01:49","date_gmt":"2024-08-09T14:01:49","guid":{"rendered":"https:\/\/lacasadelamedicina.es\/product\/kjop-rene-mdma-krystaller-pa-nett\/"},"modified":"2024-08-09T14:01:49","modified_gmt":"2024-08-09T14:01:49","slug":"kjop-rene-mdma-krystaller-pa-nett","status":"publish","type":"product","link":"https:\/\/lacasadelamedicina.es\/no\/produkt\/kjop-rene-mdma-krystaller-pa-nett\/","title":{"rendered":"Kj\u00f8p rene MDMA-krystaller p\u00e5 nett"},"content":{"rendered":"<h1>Kj\u00f8p rene MDMA-krystaller p\u00e5 nett<\/h1>\n<p> Kj\u00f8p MDMA-pulver p\u00e5 nett &#8211; Kj\u00f8p rene MDMA-krystaller , kj\u00f8p rene MDMA-krystaller p\u00e5 nett &#8211; <a href=\"https:\/\/drlawsonspharmacy\/contact-us\/\">KONTAKT<\/a> Kj\u00f8p MDMA-pulver p\u00e5 nett Kj\u00f8p rent MDMA-pulver Kj\u00f8p MDMA p\u00e5 nett Kj\u00f8p MDMA p\u00e5 nett (forhandlet 3,4-metylendioksy-metamfetamin) er et psykoaktivt stoff fra metylendioksyfenetylamin erstatnings- og amfetaminerstatningsklasser, brukt prim\u00e6rt for sine euforiske og hypnotiske effekter. Farmakologisk virker MDMA som en serotonin-noradrenalin-dopaminfrigj\u00f8rende substans og som en reopptakshemmer. Kj\u00f8p MDMA-pulver p\u00e5 nett MDMA som selges p\u00e5 nettet er viden kjent som &laquo;ecstasy&raquo; (forkortet som &laquo;E&raquo;, &laquo;X&raquo; eller &laquo;XTC&raquo;) og refererer vanligvis til tablettformen, selv om dette begrepet kan antyde muligheten for et forfalsket supplement. Begrepet \u00abMandy for sale\u00bb i Storbritannia og det amerikanske uttrykket \u00abMolly for sale\u00bb refererer til MDMA i form av et krystallinsk pulver som er relativt fritt for falske tilsetningsstoffer. &laquo;Molly&raquo; kan noen ganger referere til et relatert medikament, metylon, kj\u00f8p av rent MDMA-pulver, kj\u00f8p av MDPV p\u00e5 nettet, mefedron eller en annen gruppe farmakologiske forbindelser kjent som badesalt.    [14]<\/p>\n<h3>Kj\u00f8p rene MDMA-krystaller p\u00e5 nett<\/h3>\n<p> Fordyp deg i et rike av eufori og \u00f8kte opplevelser med v\u00e5re rene MDMA-krystaller, n\u00f8ye utformet for \u00e5 gi en ekstaseopplevelse uten sidestykke. Produktet v\u00e5rt er designet for den kresne kjenner, og tilbyr en uts\u00f8kt blanding av kvalitet, renhet og styrke, som sikrer en uforglemmelig reise inn i salige riker. V\u00e5re rene MDMA-krystaller er selve symbolet p\u00e5 fortreffelighet, smidd gjennom en grundig synteseprosess som oppfyller de h\u00f8yeste industristandardene. Hver krystall legemliggj\u00f8r essensen av renhet, og garanterer en uforfalsket opplevelse som er uten sidestykke. Med v\u00e5rt produkt kan du legge ut p\u00e5 en transcendent reise uten \u00e5 bli belastet av urenheter eller u\u00f8nskede stoffer.     <\/p>\n<h3><strong>bestill rene MDMA-krystaller<\/strong><\/h3>\n<p> Renheten til v\u00e5re MDMA-krystaller \u00f8ker deres styrke og lar deg oppleve hele spekteret av deres fortryllende effekter. F\u00f8l str\u00f8mmen av energi og eufori n\u00e5r krystallen l\u00f8ses opp og frigj\u00f8r sine transformative krefter. Enten du leter etter dype f\u00f8lelsesmessige forbindelser, \u00f8kte sanseopplevelser eller et l\u00f8ft av selvtillit og selvsikkerhet, vil v\u00e5re rene MDMA-krystaller overg\u00e5 dine forventninger. V\u00e5r forpliktelse til kvalitet g\u00e5r utover produksjonsprosessen. Hver batch med MDMA-krystaller gjennomg\u00e5r strenge tester av uavhengige laboratorier for \u00e5 sikre samsvar med strenge renhets- og sikkerhetsstandarder. Ditt velv\u00e6re er v\u00e5r h\u00f8yeste prioritet, og vi er stolte av \u00e5 levere et produkt som er trygt, p\u00e5litelig og konsekvent.      &nbsp;<\/p>\n","protected":false},"excerpt":{"rendered":"<p>Ecstasy\/Molly Crystals til salgs (Kj\u00f8p Ecstasy\/Molly Crystals Online). Kj\u00f8p rene MDMA-krystaller p\u00e5 nett, Methylone-krystaller p\u00e5 nett, kj\u00f8p Methylone online, kj\u00f8p Ecstasy-krystaller p\u00e5 nett, kj\u00f8p Molly-krystaller p\u00e5 nett.  &nbsp;<\/p>\n","protected":false},"featured_media":18445,"comment_status":"closed","ping_status":"closed","template":"","meta":{"om_disable_all_campaigns":false,"_sitemap_exclude":false,"_sitemap_priority":"","_sitemap_frequency":"","_monsterinsights_skip_tracking":false,"_monsterinsights_sitenote_active":false,"_monsterinsights_sitenote_note":"","_monsterinsights_sitenote_category":0},"product_cat":[32020],"product_tag":[35966,35956,35947,35961,35951,35958,35950,35953,35948,35954,35949,35955,35968,35963,35967,35965,35964,35959,35960,35962,35957,35952],"class_list":{"0":"post-34765","1":"product","2":"type-product","3":"status-publish","4":"has-post-thumbnail","6":"product_cat-forskningskjemikalier-og-psykedelika","7":"product_tag-autentiske-rene-mdma-krystaller-i-europa","8":"product_tag-bestill-rene-mdma-krystaller-eu","9":"product_tag-bestill-rene-mdma-krystaller-pa-nett","10":"product_tag-billige-rene-mdma-krystaller-europa","11":"product_tag-effekter-av-rene-mdma-krystaller","12":"product_tag-hvor-kan-du-kjope-rene-mdma-krystaller-i-europa","13":"product_tag-hvor-kan-du-kjope-rene-mdma-krystaller-pa-nettet","14":"product_tag-hvor-mye-er-rene-mdma-krystaller","15":"product_tag-kjop-rene-mdma-krystaller","16":"product_tag-kjop-rene-mdma-krystaller-online-europa","17":"product_tag-kjop-rene-mdma-krystaller-pa-nett","18":"product_tag-rene-mdma-krystaller-beste-pris-europa","19":"product_tag-rene-mdma-krystaller-europa-anmeldelse","20":"product_tag-rene-mdma-krystaller-europa-butikk","21":"product_tag-rene-mdma-krystaller-europa-leverandorer","22":"product_tag-rene-mdma-krystaller-europa-levering","23":"product_tag-rene-mdma-krystaller-europa-rabatt","24":"product_tag-rene-mdma-krystaller-europa-salg","25":"product_tag-rene-mdma-krystaller-nettbutikk-europa","26":"product_tag-rene-mdma-krystaller-europa-tilbud","27":"product_tag-rene-mdma-krystaller-gratis-frakt-europa","28":"product_tag-salg-av-rene-mdma-krystaller-pa-nett","30":"first","31":"instock","32":"shipping-taxable","33":"purchasable","34":"product-type-variable","35":"farmacie-col"},"aioseo_notices":[],"_links":{"self":[{"href":"https:\/\/lacasadelamedicina.es\/no\/wp-json\/wp\/v2\/product\/34765"}],"collection":[{"href":"https:\/\/lacasadelamedicina.es\/no\/wp-json\/wp\/v2\/product"}],"about":[{"href":"https:\/\/lacasadelamedicina.es\/no\/wp-json\/wp\/v2\/types\/product"}],"replies":[{"embeddable":true,"href":"https:\/\/lacasadelamedicina.es\/no\/wp-json\/wp\/v2\/comments?post=34765"}],"wp:featuredmedia":[{"embeddable":true,"href":"https:\/\/lacasadelamedicina.es\/no\/wp-json\/wp\/v2\/media\/18445"}],"wp:attachment":[{"href":"https:\/\/lacasadelamedicina.es\/no\/wp-json\/wp\/v2\/media?parent=34765"}],"wp:term":[{"taxonomy":"product_cat","embeddable":true,"href":"https:\/\/lacasadelamedicina.es\/no\/wp-json\/wp\/v2\/product_cat?post=34765"},{"taxonomy":"product_tag","embeddable":true,"href":"https:\/\/lacasadelamedicina.es\/no\/wp-json\/wp\/v2\/product_tag?post=34765"}],"curies":[{"name":"wp","href":"https:\/\/api.w.org\/{rel}","templated":true}]}}