{"id":34684,"date":"2024-08-09T14:01:49","date_gmt":"2024-08-09T14:01:49","guid":{"rendered":"https:\/\/lacasadelamedicina.es\/product\/kjop-ren-dimethyl-tryptamine-dmt-online\/"},"modified":"2024-08-09T14:01:49","modified_gmt":"2024-08-09T14:01:49","slug":"kjop-ren-dimethyl-tryptamine-dmt-online","status":"publish","type":"product","link":"https:\/\/lacasadelamedicina.es\/no\/produkt\/kjop-ren-dimethyl-tryptamine-dmt-online\/","title":{"rendered":"Kj\u00f8p ren Dimethyl tryptamine DMT online"},"content":{"rendered":"<h2>Kj\u00f8p Pure Dimethyl tryptamine DMT Online<\/h2>\n<p> Kj\u00f8p Pure Dimethyltryptamine DMT Online &#8211; Kj\u00f8p Dimethyltryptamine Pure. Den aktive ingrediensen DMT, som brukes til \u00e5 lage det hallusinogene stoffet cohoba, utvinnes fra fr\u00f8ene og bladene til Piptadenia peregrina (Mimosaceae). Den kan ogs\u00e5 lages av planter som er hjemmeh\u00f8rende i S\u00f8r-Amerika. Det er angivelig funnet i den tropiske belgfrukten Mucuna Pruriens. &#8211; Kj\u00f8p Pure Dimethyltryptamine DMT Online &#8211; <a href=\"https:\/\/drlawsonspharmacy\/contact-us\/\">KONTAKT<\/a> Dimetyltryptamin, utvunnet fra fr\u00f8ene og bladene til Piptadenia peregrina (Mimosaceae), er kjemikaliet som for\u00e5rsaker emfysem cohoba. Det kan ogs\u00e5 utvinnes fra andre planter som er hjemmeh\u00f8rende i S\u00f8r-Amerika. Den tropiske belgfrukten Mucuna Pruriens har blitt hevdet \u00e5 inneholde den.       <\/p>\n<h3>Kj\u00f8p Pure Dimethyltryptamine DMT<\/h3>\n<p> Den aktive ingrediensen som brukes til \u00e5 lage det hallusinogene stoffet cohoba er DMT, som utvinnes fra fr\u00f8ene og bladene til Piptadenia peregrine (Mimosaceae). Den kan ogs\u00e5 lages av planter som er hjemmeh\u00f8rende i S\u00f8r-Amerika. Det sies \u00e5 finnes i den tropiske belgfrukten Mucuna Pruriens. Dimetyltryptamin, den aktive ingrediensen i Emphysema cohoba, utvinnes fra fr\u00f8ene og bladene til Piptadenia peregrine (Mimosaceae). Du kan ogs\u00e5 f\u00e5 det fra andre s\u00f8ramerikanske planter. Den har blitt identifisert i den tropiske belgfrukten Mucuna Pruriens.      <\/p>\n<h3><strong> <\/strong><\/h3>\n<p> Det er flere andre s\u00f8ramerikanske planter som sies \u00e5 inneholde DMT eller relaterte stoffer. En av disse plantene er den tropiske b\u00f8nnen Mucuna pruriens, som tilbyr en rekke terapeutiske fordeler. Selv om det er mistanke om at Mucuna pruriens kan inneholde DMT, er det viktig \u00e5 huske at ytterligere forskning er n\u00f8dvendig for \u00e5 fastsl\u00e5 tilstedev\u00e6relsen og konsentrasjonen av dette molekylet i planten.   &nbsp;<\/p>\n","protected":false},"excerpt":{"rendered":"<p>DMT, et kraftig hallusinogent stoff og en type tryptaminalkaloid, kan kj\u00f8pes p\u00e5 nettet. Det er et naturlig forekommende stoff som finnes i en rekke planter og dyr, s\u00e5 vel som i spormengder i menneskehjernen. Dens n\u00f8yaktige rolle er imidlertid ukjent. DMT er kjent for sin kraft. Men n\u00e5r den r\u00f8ykes, varer den psykedeliske turen den induserer bare 5 til 30 minutter. Utvinning av DMT Kj\u00f8p rene dimetyltryptaminmedisiner p\u00e5 nett. Det er et tryptaminmolekyl som finnes i mange planter og dyr. Det kan ogs\u00e5 inntas som et kraftig psykedelisk stoff. DM til salgs         &nbsp;<\/p>\n","protected":false},"featured_media":18430,"comment_status":"closed","ping_status":"closed","template":"","meta":{"om_disable_all_campaigns":false,"_sitemap_exclude":false,"_sitemap_priority":"","_sitemap_frequency":"","_monsterinsights_skip_tracking":false,"_monsterinsights_sitenote_active":false,"_monsterinsights_sitenote_note":"","_monsterinsights_sitenote_category":0},"product_cat":[32020],"product_tag":[35789,35779,35773,35784,35774,35781,35772,35776,35770,35771,35777,35778,35791,35786,35790,35788,35787,35782,35785,35780,35783,35775],"class_list":{"0":"post-34684","1":"product","2":"type-product","3":"status-publish","4":"has-post-thumbnail","6":"product_cat-forskningskjemikalier-og-psykedelika","7":"product_tag-autentisk-ren-dimethyl-tryptamine-dmt-europe","8":"product_tag-bestill-ren-dimethyl-tryptamine-dmt-eu","9":"product_tag-bestill-ren-dimethyl-tryptamine-dmt-online","10":"product_tag-billig-ren-dimethyl-tryptamine-dmt-europe","11":"product_tag-effekter-av-ren-dimetyltryptamin-dmt","12":"product_tag-hvor-kan-du-kjope-ren-dimethyl-tryptamine-dmt-europe","13":"product_tag-hvor-kan-du-kjope-ren-dimethyl-tryptamine-dmt-online","14":"product_tag-hvor-mye-er-ren-dimetyltryptamin-dmt","15":"product_tag-kjop-ren-dimethyl-tryptamine-dmt","16":"product_tag-kjop-ren-dimethyl-tryptamine-dmt-online","17":"product_tag-kjop-ren-dimethyl-tryptamine-dmt-online-europa","18":"product_tag-ren-dimethyl-tryptamine-dmt-beste-pris-europa","19":"product_tag-ren-dimethyl-tryptamine-dmt-europe-anmeldelse","20":"product_tag-ren-dimethyl-tryptamine-dmt-europe-butikk","21":"product_tag-ren-dimethyl-tryptamine-dmt-europe-leverandorer","22":"product_tag-ren-dimethyl-tryptamine-dmt-europe-levering","23":"product_tag-ren-dimethyl-tryptamine-dmt-europe-rabatt","24":"product_tag-ren-dimethyl-tryptamine-dmt-europe-salg","25":"product_tag-ren-dimethyl-tryptamine-dmt-europe-tilbud","26":"product_tag-ren-dimethyl-tryptamine-dmt-gratis-frakt-europa","27":"product_tag-ren-dimethyl-tryptamine-dmt-nettbutikk-europa","28":"product_tag-ren-dimethyl-tryptamine-dmt-salg-online","30":"first","31":"instock","32":"shipping-taxable","33":"purchasable","34":"product-type-variable","35":"farmacie-col"},"aioseo_notices":[],"_links":{"self":[{"href":"https:\/\/lacasadelamedicina.es\/no\/wp-json\/wp\/v2\/product\/34684"}],"collection":[{"href":"https:\/\/lacasadelamedicina.es\/no\/wp-json\/wp\/v2\/product"}],"about":[{"href":"https:\/\/lacasadelamedicina.es\/no\/wp-json\/wp\/v2\/types\/product"}],"replies":[{"embeddable":true,"href":"https:\/\/lacasadelamedicina.es\/no\/wp-json\/wp\/v2\/comments?post=34684"}],"wp:featuredmedia":[{"embeddable":true,"href":"https:\/\/lacasadelamedicina.es\/no\/wp-json\/wp\/v2\/media\/18430"}],"wp:attachment":[{"href":"https:\/\/lacasadelamedicina.es\/no\/wp-json\/wp\/v2\/media?parent=34684"}],"wp:term":[{"taxonomy":"product_cat","embeddable":true,"href":"https:\/\/lacasadelamedicina.es\/no\/wp-json\/wp\/v2\/product_cat?post=34684"},{"taxonomy":"product_tag","embeddable":true,"href":"https:\/\/lacasadelamedicina.es\/no\/wp-json\/wp\/v2\/product_tag?post=34684"}],"curies":[{"name":"wp","href":"https:\/\/api.w.org\/{rel}","templated":true}]}}