{"id":34665,"date":"2024-08-09T14:01:49","date_gmt":"2024-08-09T14:01:49","guid":{"rendered":"https:\/\/lacasadelamedicina.es\/product\/kjop-rent-mdma-pulver-pa-nett\/"},"modified":"2024-08-09T14:01:49","modified_gmt":"2024-08-09T14:01:49","slug":"kjop-rent-mdma-pulver-pa-nett","status":"publish","type":"product","link":"https:\/\/lacasadelamedicina.es\/no\/produkt\/kjop-rent-mdma-pulver-pa-nett\/","title":{"rendered":"Kj\u00f8p rent MDMA-pulver p\u00e5 nett"},"content":{"rendered":"<h3>Kj\u00f8p Pure MDMA Powder Online<\/h3>\n<p> Kj\u00f8p MDMA Online, ogs\u00e5 kjent som 3,4-metylendioksy-metamfetamin, er et psykoaktivt sentralstimulerende middel klassifisert som et amfetamin- og metylendioksyfenetylamin-erstatning, som oftest brukes for sine euforiske og empatiske effekter. MDMA Purchase Pure Powder frigj\u00f8r serotonin, noradrenalin og dopamin og hemmer gjenopptaket av MDMA. Kj\u00f8p MDMA-pulver p\u00e5 nett &#8211; Kj\u00f8p rent MDMA-pulver p\u00e5 nett &#8211; <a href=\"https:\/\/drlawsonspharmacy\/contact-us\/\">KONTAKT &#8211; <\/a> Begrepet &laquo;ecstasy&raquo; (forkortet som &laquo;E&raquo;, &laquo;X&raquo; eller &laquo;XTC&raquo;) for MDMA som tilbys online, refererer ofte til nettbrettformen. , men dette begrepet kan indikere en mulig forfalskning. Begrepene &laquo;Mandy til salgs&raquo; i Storbritannia og &laquo;Molly til salgs&raquo; i USA refererer til MDMA i form av et krystallinsk pulver, som er relativt fritt for forfalskede tilsetningsstoffer. N\u00e5r man snakker om medisiner, kan begrepet &laquo;Molly&raquo; ogs\u00e5 brukes til \u00e5 referere til metylon, rent MDMA-pulver, kj\u00f8p MDPV online, mephedron eller en annen klasse med farmakologiske stoffer kjent som badesalt.     <\/p>\n<h3>Kj\u00f8p Pure MDMA Powder online<\/h3>\n<p> Du kan oppleve den st\u00f8rste high med Pure MDMA Powder, et toppprodukt designet for \u00e5 gi en enest\u00e5ende sensorisk opplevelse. V\u00e5rt Pure MDMA Powder er laget med den st\u00f8rste forsiktighet og uovertruffen kvalitet for \u00e5 sikre en enest\u00e5ende opplevelse for kresne entusiaster og forskere. V\u00e5r s\u00f8ken etter perfeksjon begynner med n\u00f8ye utvalg av f\u00f8rsteklasses ingredienser og bruk av sofistikerte produksjonsprosesser. Moderne syntetiske metoder brukes til \u00e5 produsere n\u00f8ye hver batch med Pure MDMA Powder for \u00e5 garantere at det ferdige produktet er fritt for forurensninger og giftstoffer. Du kan v\u00e6re trygg p\u00e5 at du vil motta et veldig bemerkelsesverdig produkt p\u00e5 grunn av v\u00e5r forpliktelse til renhet.     <\/p>\n<h3><strong>bestill rent MDMA-pulver<\/strong><\/h3>\n<p> Evnen til \u00e5 maksimere sansene dine er det som skiller Pure MDMA Powder fra andre stoffer. Dette kraftige stoffet induserer en kraftig og euforisk sinnstilstand ved \u00e5 utl\u00f8se frigj\u00f8ringen av serotonin, dopamin og noradrenalin. Pure MDMA Powder er en enest\u00e5ende mulighet til \u00e5 utforske menneskesinnets intrikate virkem\u00e5te, enten du leter etter en oppslukende opplevelse eller utf\u00f8rer nevrokjemisk forskning. V\u00e5r forpliktelse til kundetilfredshet g\u00e5r utover kvaliteten p\u00e5 v\u00e5re tilbud. Sikkerhet og riktig bruk er v\u00e5r h\u00f8yeste prioritet. Det er viktig \u00e5 huske at rent MDMA-pulver aldri skal brukes til konsum og kun er beregnet p\u00e5 forskningsform\u00e5l. Alle forbrukere oppfordres til \u00e5 f\u00f8lge lokale lover og moralske normer for h\u00e5ndtering og bruk av dette kjemikaliet. Hos Dr Lawsons Pharmacy forst\u00e5r vi viktigheten av personvern og diskret emballasje. Bestillingen din av rent MDMA-pulver vil bli forsvarlig pakket for \u00e5 sikre konfidensialitet og sendes direkte til d\u00f8ren din.<\/p>\n","protected":false},"excerpt":{"rendered":"<ul>\n<li>Kj\u00f8p rent MDMA-pulver p\u00e5 nett<\/li>\n<li>Rent MDMA-pulver p\u00e5 nett<\/li>\n<li>Ecstasy\/Molly pulver selges<\/li>\n<li>Kj\u00f8p Ecstasy\/Molly-pulver p\u00e5 nett<\/li>\n<\/ul>\n<p>&nbsp;<\/p>\n","protected":false},"featured_media":17905,"comment_status":"closed","ping_status":"closed","template":"","meta":{"om_disable_all_campaigns":false,"_sitemap_exclude":false,"_sitemap_priority":"","_sitemap_frequency":"","_monsterinsights_skip_tracking":false,"_monsterinsights_sitenote_active":false,"_monsterinsights_sitenote_note":"","_monsterinsights_sitenote_category":0},"product_cat":[32020],"product_tag":[35700,35690,35682,35695,35685,35692,35684,35687,35681,35688,35683,35702,35697,35701,35694,35698,35693,35689,35699,35696,35691,35686],"class_list":{"0":"post-34665","1":"product","2":"type-product","3":"status-publish","4":"has-post-thumbnail","6":"product_cat-forskningskjemikalier-og-psykedelika","7":"product_tag-autentisk-rent-mdma-pulver-europa","8":"product_tag-bestill-rent-mdma-pulver-eu","9":"product_tag-bestill-rent-mdma-pulver-pa-nett","10":"product_tag-billig-rent-mdma-pulver-europa","11":"product_tag-effekter-av-rent-mdma-pulver","12":"product_tag-hvor-kan-du-kjope-rent-mdma-pulver-europa","13":"product_tag-hvor-kan-du-kjope-rent-mdma-pulver-online","14":"product_tag-hvor-mye-er-rent-mdma-pulver","15":"product_tag-kjop-rent-mdma-pulver","16":"product_tag-kjop-rent-mdma-pulver-online-europa","17":"product_tag-kjop-rent-mdma-pulver-pa-nett","18":"product_tag-ren-mdma-pulver-europa-anmeldelse","19":"product_tag-ren-mdma-pulver-europa-butikk","20":"product_tag-ren-mdma-pulver-europa-leverandorer","21":"product_tag-ren-mdma-pulver-nettbutikk-europa","22":"product_tag-rent-mdma-pulver-europa-rabatt","23":"product_tag-rent-mdma-pulver-europa-salg","24":"product_tag-rent-mdma-pulver-beste-pris-europa","25":"product_tag-rent-mdma-pulver-europa-levering","26":"product_tag-rent-mdma-pulver-europa-tilbud","27":"product_tag-rent-mdma-pulver-gratis-frakt-europa","28":"product_tag-rent-mdma-pulversalg-pa-nett","30":"first","31":"instock","32":"shipping-taxable","33":"purchasable","34":"product-type-variable","35":"farmacie-col"},"aioseo_notices":[],"_links":{"self":[{"href":"https:\/\/lacasadelamedicina.es\/no\/wp-json\/wp\/v2\/product\/34665"}],"collection":[{"href":"https:\/\/lacasadelamedicina.es\/no\/wp-json\/wp\/v2\/product"}],"about":[{"href":"https:\/\/lacasadelamedicina.es\/no\/wp-json\/wp\/v2\/types\/product"}],"replies":[{"embeddable":true,"href":"https:\/\/lacasadelamedicina.es\/no\/wp-json\/wp\/v2\/comments?post=34665"}],"wp:featuredmedia":[{"embeddable":true,"href":"https:\/\/lacasadelamedicina.es\/no\/wp-json\/wp\/v2\/media\/17905"}],"wp:attachment":[{"href":"https:\/\/lacasadelamedicina.es\/no\/wp-json\/wp\/v2\/media?parent=34665"}],"wp:term":[{"taxonomy":"product_cat","embeddable":true,"href":"https:\/\/lacasadelamedicina.es\/no\/wp-json\/wp\/v2\/product_cat?post=34665"},{"taxonomy":"product_tag","embeddable":true,"href":"https:\/\/lacasadelamedicina.es\/no\/wp-json\/wp\/v2\/product_tag?post=34665"}],"curies":[{"name":"wp","href":"https:\/\/api.w.org\/{rel}","templated":true}]}}