{"id":34659,"date":"2024-08-09T14:01:49","date_gmt":"2024-08-09T14:01:49","guid":{"rendered":"https:\/\/lacasadelamedicina.es\/product\/kjop-kvalitetsoksykodonpulver-pa-nett\/"},"modified":"2024-08-09T14:01:49","modified_gmt":"2024-08-09T14:01:49","slug":"kjop-kvalitetsoksykodonpulver-pa-nett","status":"publish","type":"product","link":"https:\/\/lacasadelamedicina.es\/no\/produkt\/kjop-kvalitetsoksykodonpulver-pa-nett\/","title":{"rendered":"Kj\u00f8p kvalitetsoksykodonpulver p\u00e5 nett"},"content":{"rendered":"<h3><strong>Kj\u00f8p kvalitetsoksykodonpulver p\u00e5 nett<\/strong><\/h3>\n<p> Kvalitetsoksykodonpulver til salgs <a href=\"https:\/\/dieapotheke247.com\/\">Oksykodon<\/a> er et opioidalkaloid med smertestillende effekter som er halvsyntetisk og ligner p\u00e5 morfin. Ved \u00e5 binde seg til mu-reseptorer i sentralnervesystemet (CNS), etterligner oksykodon virkningen av kroppens egne opioider og har dermed smertestillende effekter. N\u00e5r opiatreseptoren er bundet, stimuleres G-proteinkomplekset til \u00e5 bytte ut GTP med PDB og adenylatcyklase hemmes, og derved hemmes dannelsen av cAMP. I tillegg er substans P, gamma-aminosm\u00f8rsyre (GABA), dopamin, acetylkolin og noradrenalin blant de nociseptive nevrotransmitterne som blokkeres. I tillegg hindrer oksykodon utskillelsen av glukagon, insulin, somatostatin og vasopressin. I tillegg reparerer oksykodon internt kaliumkanaler, noe som resulterer i hyperpolarisering og redusert nevronal eksitabilitet. Den lukker ogs\u00e5 N-type spenningsavhengige kalsiumkanaler og \u00e5pner G-proteinbundne kaliumkanaler. &#8211; Kj\u00f8p kvalitetsoksykodonpulver p\u00e5 nettet &#8211; <a href=\"https:\/\/drlawsonspharmacy\/contact-us\/\">KONTAKT<\/a> Mexedrone tilh\u00f8rer den kjemiske klassen av katinoner og reagerer som s\u00e5dan. Mexedrone har det &laquo;fysiske utseendet&raquo; til hvite diamanter, men kan ogs\u00e5 kj\u00f8pes som et syntetisk-lignende pulver eller som krystaller. Maksimal dose av mexedron er mellom 50 mg og 100 mg og tas oralt. Lignende effekter er observert med mefedrondoser mellom 100 mg og 150 mg. Effekten av Mexedrone kan vare i 4 til 6 timer.            <\/p>\n<h3><strong>Kj\u00f8p kvalitetsoksykodonpulver p\u00e5 nett<\/strong><\/h3>\n<p> Mexedrone er et &laquo;psykoaktivt stoff&raquo; som har blitt klassifisert som et entactogen og et sentralstimulerende middel. Det har ogs\u00e5 en energigivende effekt. Det er tenkelig, men enn\u00e5 ikke bevist, at Mexedrone f\u00e5r synapser til \u00e5 flomme p\u00e5 grunn av den stimulerende effekten av hendelsen. Dopamin, noradrenalin og serotonin kan v\u00e6re tilstede i synapsene som er aktive under Mexedrone-opplevelsen. Effektene av Mexedrone er 70 % ekvivalente med de av dets moderforbindelse, mefedron, og er fysiske, mentale og auditive, og blir mer plausible etter hvert som dosen \u00f8ker. De faktiske bivirkningene av Mexedrone inkluderer oppstemthet, sedasjon, forbedret materialf\u00f8lelse, t\u00f8rste, \u00f8kt svette, uhemmede opplevelser, tanngnissing, vibrerende syn og forstyrret temperaturregulering. Mexedrone har rus, tankeakselerasjon og nettverksbygging som psykologiske effekter. Mexedrone-bivirkninger kan ogs\u00e5 manifestere seg som h\u00f8rbar forsterkning. Inntak av Mexedrone kan f\u00f8re til topp etterstimuleringseffekter. Post-stimuleringseffektene av Mexedrone kan v\u00e6re skadelige og inkluderer redusert tankegang og inspirasjon, intellektuell tretthet, rastl\u00f8shet, uorden, en tung sinnstilstand og oppmerksomhet. Effektene av Mexedrone etter oppvigling skyldes mest sannsynlig forbruket av synapser, siden synapsetilf\u00f8rselen ble redusert under den stimulerende fasen av opplevelsen.           &nbsp;<\/p>\n","protected":false},"excerpt":{"rendered":"<p>Kj\u00f8p Oxycodone-pulver av h\u00f8y kvalitet p\u00e5 nettet for \u00e5 behandle moderat til alvorlig smerte n\u00e5r langvarig, 24\/7 smertelindring er n\u00f8dvendig. &nbsp;<\/p>\n","protected":false},"featured_media":17890,"comment_status":"closed","ping_status":"closed","template":"","meta":{"om_disable_all_campaigns":false,"_sitemap_exclude":false,"_sitemap_priority":"","_sitemap_frequency":"","_monsterinsights_skip_tracking":false,"_monsterinsights_sitenote_active":false,"_monsterinsights_sitenote_note":"","_monsterinsights_sitenote_category":0},"product_cat":[32020],"product_tag":[35678,35668,35660,35673,35663,35662,35670,35665,35666,35659,35661,35680,35679,35677,35676,35671,35675,35669,35672,35664,35667,35674],"class_list":{"0":"post-34659","1":"product","2":"type-product","3":"status-publish","4":"has-post-thumbnail","6":"product_cat-forskningskjemikalier-og-psykedelika","7":"product_tag-autentisk-kvalitet-oxycodone-powder-europe","8":"product_tag-bestill-kvalitet-oxycodone-powder-eu","9":"product_tag-bestill-oksykodonpulver-av-hoy-kvalitet-online","10":"product_tag-billig-kvalitet-oxycodone-powder-europe","11":"product_tag-effekter-av-kvalitetsoksykodonpulver","12":"product_tag-hvor-kan-du-kjope-kvalitetsoksykodonpulver-online","13":"product_tag-hvor-kan-du-kjope-quality-oxycodone-powder-europe","14":"product_tag-hvor-mye-er-kvalitetsoksykodonpulver","15":"product_tag-kjop-kvalitetsoksykodonpulver-online-europa","16":"product_tag-kjop-oksykodonpulver-av-hoy-kvalitet","17":"product_tag-kjop-oksykodonpulver-av-hoy-kvalitet-pa-nett","18":"product_tag-kvalitet-oxycodone-powder-europe-anmeldelse","19":"product_tag-kvalitet-oxycodone-powder-europe-leverandorer","20":"product_tag-kvalitet-oxycodone-powder-europe-levering","21":"product_tag-kvalitet-oxycodone-powder-europe-rabatt","22":"product_tag-kvalitet-oxycodone-powder-europe-salg","23":"product_tag-kvalitet-oxycodone-powder-europe-butikk","24":"product_tag-kvalitet-oxycodone-powder-gratis-frakt-europa","25":"product_tag-kvalitet-oxycodone-powder-nettbutikk-europa","26":"product_tag-kvalitet-oxycodone-powder-salg-online","27":"product_tag-kvalitet-oxycodone-pulver-beste-pris-europa","28":"product_tag-quality-oxycodone-powder-europe-tilbud","30":"first","31":"instock","32":"shipping-taxable","33":"purchasable","34":"product-type-variable","35":"farmacie-col"},"aioseo_notices":[],"_links":{"self":[{"href":"https:\/\/lacasadelamedicina.es\/no\/wp-json\/wp\/v2\/product\/34659"}],"collection":[{"href":"https:\/\/lacasadelamedicina.es\/no\/wp-json\/wp\/v2\/product"}],"about":[{"href":"https:\/\/lacasadelamedicina.es\/no\/wp-json\/wp\/v2\/types\/product"}],"replies":[{"embeddable":true,"href":"https:\/\/lacasadelamedicina.es\/no\/wp-json\/wp\/v2\/comments?post=34659"}],"wp:featuredmedia":[{"embeddable":true,"href":"https:\/\/lacasadelamedicina.es\/no\/wp-json\/wp\/v2\/media\/17890"}],"wp:attachment":[{"href":"https:\/\/lacasadelamedicina.es\/no\/wp-json\/wp\/v2\/media?parent=34659"}],"wp:term":[{"taxonomy":"product_cat","embeddable":true,"href":"https:\/\/lacasadelamedicina.es\/no\/wp-json\/wp\/v2\/product_cat?post=34659"},{"taxonomy":"product_tag","embeddable":true,"href":"https:\/\/lacasadelamedicina.es\/no\/wp-json\/wp\/v2\/product_tag?post=34659"}],"curies":[{"name":"wp","href":"https:\/\/api.w.org\/{rel}","templated":true}]}}