{"id":34638,"date":"2024-08-09T14:01:49","date_gmt":"2024-08-09T14:01:49","guid":{"rendered":"https:\/\/lacasadelamedicina.es\/product\/kjop-100mcg-fractal-storm-pa-nett\/"},"modified":"2024-08-09T14:01:49","modified_gmt":"2024-08-09T14:01:49","slug":"kjop-100mcg-fractal-storm-pa-nett","status":"publish","type":"product","link":"https:\/\/lacasadelamedicina.es\/no\/produkt\/kjop-100mcg-fractal-storm-pa-nett\/","title":{"rendered":"Kj\u00f8p 100Mcg Fractal Storm p\u00e5 nett"},"content":{"rendered":"<h2>Kj\u00f8p LSD Fractal Storm Blotter 100ug p\u00e5 nett<\/h2>\n<p> Den fraktale stormen er en av de mest favorittkategoriene til <a href=\"https:\/\/en.wikipedia.org\/wiki\/Lysergic_acid_diethylamide\" target=\"_blank\" rel=\"noopener\">LSD<\/a> som kan konsumeres p\u00e5 mange m\u00e5ter. Kj\u00f8p LSD Fractal Storm Blotter for salg hvis kjemiske formel er dietylamid lysergic acid, opprinnelig produsert i 1938, er virkelig et psykoaktivt narkotikum. Den produseres gjennom industrielt lyserginsyre som finnes i sitronsyre, en gj\u00e6r som ofte forekommer p\u00e5 rug s\u00e5 vel som andre avlinger. Den er s\u00e5 sterk at konsentrasjonene ser ut til \u00e5 v\u00e6re innenfor spekteret av mikrogram (mcg). Det er resultater som kan v\u00e6re avslappende, hyggelige og hjerneforandrende, ogs\u00e5 kalt en tur. Kj\u00f8p LSD Fractal Storm Blotter      <\/p>\n<h3>Fractal Storm Blotter Acid til salgs p\u00e5 nett<\/h3>\n<p> Fakta som kan hjelpe deg med \u00e5 kj\u00f8pe LSD Fractal Storm Blotter <\/p>\n<ul>\n<li>LSD kan v\u00e6re tilgjengelig p\u00e5 markedet p\u00e5 mange m\u00e5ter, som blotter-papir, firkanter av gelatin, tablettform eller noen ganger i flytende form.<\/li>\n<li>Diskuterer m\u00e5tene \u00e5 konsumere p\u00e5, s\u00e5 har det et stort utvalg av m\u00e5ter som inn\u00e5nding, innf\u00f8ring gjennom injeksjoner eller oralt.<\/li>\n<\/ul>\n<p> Bivirkninger Kj\u00f8p LSD Fractal Storm Blotter \u00c5 konsumere medisiner mer enn dens kapasitet vil skade kroppen din p\u00e5 mange m\u00e5ter, for eksempel fysisk skade eller mental skade. Derfor er her noen punkter-  <\/p>\n<ul>\n<li>Fottur av hjerteslag, blodtrykk og s\u00e5 videre.<\/li>\n<li>Daze av forvirring i former, steder og s\u00e5 videre.<\/li>\n<\/ul>\n<h4>Fractal Storm LSD Gammagoblin til salgs<\/h4>\n<p> Hvorfor velge Premium psykedelika Topp tre grunner til \u00e5 velge den beste pluggbutikken er gitt nedenfor <\/p>\n<ul>\n<li>Tillit er det essensielle poenget for \u00e5 bygge en sunn relasjon mellom v\u00e5re kunder, som vi opprettholder sv\u00e6rt n\u00f8ye.<\/li>\n<li>Kvalitet er n\u00f8kkelpunktet der v\u00e5re tidligere kunder kobler seg til oss igjen og igjen.<\/li>\n<li>Tilbud og rabatter er de viktigste faktorene.<\/li>\n<\/ul>\n<h4>Konklusjon<\/h4>\n<p> Kj\u00f8p LSD Fractal Storm Blotter er en av de gunstige kategoriene av LSD som stort sett alltid er etterspurt av kundene. Diskuterer vitenskapelig enn det kjemiske navnet p\u00e5 LSD for salg er dietylamid lysergic acid, og opprinnelig ble det produsert i midten av 1938.  <\/p>\n<h4>Fractal storm design lsd blotter til salgs<\/h4>\n<div class=\"node\">\n<div class=\"content\">\n<div class=\"story\">\n<p class=\"common-body-white-8pt\"><span class=\"lsd-dropcap\">Kj\u00f8p LSD Fractal Storm Blotter. Kj\u00f8p LSD <\/span> er et av de mest potente kjemikaliene som kan endre hum\u00f8ret. Det fremstilles av lysergsyre, som finnes i meldr\u00f8ye-soppen som vokser p\u00e5 rug og andre kornsorter. <\/p>\n<p class=\"common-body-white-8pt\">Det produseres i krystallform i ulovlige laboratorier, hovedsakelig i USA. Disse krystallene omdannes til en v\u00e6ske for distribusjon. Det er luktfritt, fargel\u00f8st og har en litt bitter smak. Kj\u00f8p LSD Fractal Storm Blotter   <span class=\"lsd-dropcap\">.<br \/>\nLSD for sale online <\/span> Den produseres i krystallform i ulovlige laboratorier, hovedsakelig i USA. Disse krystallene omdannes til en v\u00e6ske for distribusjon. Den er luktfri, fargel\u00f8s og har en litt bitter smak. Kj\u00f8p LSD Fractal Storm Blotter <\/p>\n<div class=\"node\">\n<div class=\"content\">\n<div class=\"story\">\n<div class=\"node\">\n<div class=\"content\"> Noen ganger kan det som selges som 1P LSD for salg p\u00e5 nettet faktisk v\u00e6re andre kjemikalier som NBOMe for salg eller Buy 2Cb-familien av narkotika (en del av de nye psykoaktive stoffene). Disse kan v\u00e6re ganske farlige, siden kvaliteten deres er inkonsekvent, pluss at potensialet for \u00e5 ta for mye av disse andre stoffene kan v\u00e6re d\u00f8delig, og en rekke d\u00f8dsfall er rapportert p\u00e5 grunn av folk som tar dem.  <\/p>\n<h5>hvor kan man kj\u00f8pe lsd fractal storm blotter acid online<\/h5>\n<\/div>\n<\/div>\n<div class=\"ref-links\"> LSD Til salgs p\u00e5 nettet tilh\u00f8rer en gruppe medikamenter kjent som psykedelika. N\u00e5r sm\u00e5 doser tas, kan det gi milde endringer i oppfatning, hum\u00f8r og tanke. N\u00e5r st\u00f8rre doser tas, kan det gi visuelle hallusinasjoner og forvrengninger av rom og tid.   <\/div>\n<p class=\"common-body-white-8pt\">Kj\u00f8p LSD Fractal Storm Blotter selges p\u00e5 gaten i sm\u00e5 tabletter, kapsler eller gelatinfirkanter . Noen ganger tilsettes det til absorberende papir, som deretter deles inn i sm\u00e5 firkanter dekorert med design eller tegneseriefigurer. Av og til selges det i flytende form. Men uansett hvilken form den kommer i, f\u00f8rer LSD-matvarer og lsd-mikrodose til salgs <span class=\"lsd-dropcap\">brukeren til samme sted &#8211; en alvorlig frakobling fra virkeligheten. <\/span>   <\/p>\n<\/div>\n<\/div>\n<\/div>\n<\/div>\n<\/div>\n<\/div>\n","protected":false},"excerpt":{"rendered":"<p>Vi vil gjerne presentere for deg et spesielt produkt: et begrenset opplag av LSD-faner som vi har lagt selv ved hjelp av krystaller som vi har kj\u00f8pt fra en utvalgt gruppe entusiaster som har lignende tro p\u00e5 spiritualitet og virkelighet. Vi satte den p\u00e5 pr\u00f8ve p\u00e5 en reise og ble overrasket over energien og styrken disse sm\u00e5 papirbitene ga oss. Prisen var ikke s\u00e5 gunstig som for Aztec p\u00e5 grunn av den begrensede mengden krystall, men vi vil selge dem for litt mer for \u00e5 spre ordet i v\u00e5rt psykedeliske fellesskap.  <\/p>\n","protected":false},"featured_media":14063,"comment_status":"open","ping_status":"closed","template":"","meta":{"om_disable_all_campaigns":false,"_sitemap_exclude":false,"_sitemap_priority":"","_sitemap_frequency":"","_monsterinsights_skip_tracking":false,"_monsterinsights_sitenote_active":false,"_monsterinsights_sitenote_note":"","_monsterinsights_sitenote_category":0},"product_cat":[31687],"product_tag":[35623,35636,35631,35635,35633,35632,35627,35630,35625,35628,35620,35634,35624,35618,35629,35619,35626,35617,35621,35615,35622,35616],"class_list":{"0":"post-34638","1":"product","2":"type-product","3":"status-publish","4":"has-post-thumbnail","6":"product_cat-lsd-no","7":"product_tag-100mcg-fractal-storm-beste-pris-europa","8":"product_tag-100mcg-fractal-storm-europe-anmeldelse","9":"product_tag-100mcg-fractal-storm-europe-butikk","10":"product_tag-100mcg-fractal-storm-europe-leverandorer","11":"product_tag-100mcg-fractal-storm-europe-levering","12":"product_tag-100mcg-fractal-storm-europe-rabatt","13":"product_tag-100mcg-fractal-storm-europe-salg","14":"product_tag-100mcg-fractal-storm-europe-tilbud","15":"product_tag-100mcg-fractal-storm-gratis-frakt-europa","16":"product_tag-100mcg-fractal-storm-nettbutikk-europa","17":"product_tag-100mcg-fractal-storm-salg-pa-nett","18":"product_tag-autentisk-100mcg-fractal-storm-europe","19":"product_tag-bestill-100mcg-fractal-storm-eu","20":"product_tag-bestill-100mcg-fractal-storm-online","21":"product_tag-billig-100mcg-fractal-storm-europe","22":"product_tag-effekter-av-100mcg-fractal-storm","23":"product_tag-hvor-kan-du-kjope-100mcg-fractal-storm-europe","24":"product_tag-hvor-kan-du-kjope-100mcg-fractal-storm-online","25":"product_tag-hvor-mye-er-100mcg-fractal-storm","26":"product_tag-kjop-100mcg-fractal-storm","27":"product_tag-kjop-100mcg-fractal-storm-online-europa","28":"product_tag-kjop-100mcg-fractal-storm-pa-nett","30":"first","31":"instock","32":"shipping-taxable","33":"purchasable","34":"product-type-variable","35":"farmacie-col"},"aioseo_notices":[],"_links":{"self":[{"href":"https:\/\/lacasadelamedicina.es\/no\/wp-json\/wp\/v2\/product\/34638"}],"collection":[{"href":"https:\/\/lacasadelamedicina.es\/no\/wp-json\/wp\/v2\/product"}],"about":[{"href":"https:\/\/lacasadelamedicina.es\/no\/wp-json\/wp\/v2\/types\/product"}],"replies":[{"embeddable":true,"href":"https:\/\/lacasadelamedicina.es\/no\/wp-json\/wp\/v2\/comments?post=34638"}],"wp:featuredmedia":[{"embeddable":true,"href":"https:\/\/lacasadelamedicina.es\/no\/wp-json\/wp\/v2\/media\/14063"}],"wp:attachment":[{"href":"https:\/\/lacasadelamedicina.es\/no\/wp-json\/wp\/v2\/media?parent=34638"}],"wp:term":[{"taxonomy":"product_cat","embeddable":true,"href":"https:\/\/lacasadelamedicina.es\/no\/wp-json\/wp\/v2\/product_cat?post=34638"},{"taxonomy":"product_tag","embeddable":true,"href":"https:\/\/lacasadelamedicina.es\/no\/wp-json\/wp\/v2\/product_tag?post=34638"}],"curies":[{"name":"wp","href":"https:\/\/api.w.org\/{rel}","templated":true}]}}