{"id":34632,"date":"2024-08-09T14:01:50","date_gmt":"2024-08-09T14:01:50","guid":{"rendered":"https:\/\/lacasadelamedicina.es\/product\/metho-metadon-hcl-pulver-kjop-online\/"},"modified":"2024-08-09T14:01:50","modified_gmt":"2024-08-09T14:01:50","slug":"metho-metadon-hcl-pulver-kjop-online","status":"publish","type":"product","link":"https:\/\/lacasadelamedicina.es\/no\/produkt\/metho-metadon-hcl-pulver-kjop-online\/","title":{"rendered":"Metho Metadon HCL pulver kj\u00f8p online"},"content":{"rendered":"<h1>Kj\u00f8p Metho Metadon HCL Powder Online<\/h1>\n<p> Kj\u00f8p engros 99,8 % rent Metho Metadon HCL-pulver til engrospriser. Kj\u00f8p Metho Methadon HCL i pulverform. Moderat til alvorlig smerte behandles med Metho (Meth<a href=\"https:\/\/dieapotheke247.com\/\">o<\/a>n HCL). Kj\u00f8p Metho Metadon HCL Powder Online &#8211; <a href=\"https:\/\/drlawsonspharmacy\/contact-us\/\">kontakt<\/a> Det brukes ogs\u00e5 til \u00e5 behandle rusavhengighet eller for \u00e5 h\u00e5ndtere abstinenssymptomer hos personer som f\u00e5r behandling for rusavhengighet sammen med medisinsk overv\u00e5king og st\u00f8tte. Denne medisinen er et narkotisk smertestillende middel.     <strong>Hvordan blir pakkene levert?<\/strong> For \u00e5 sikre at forsendelsen passerer gjennom r\u00f8ntgenanlegget p\u00e5 flyplassen, laster vi den forsiktig med wolfram og karbonpapir. Utsiden av pakkene er forsiktig pakket inn i pakkepapir. Salt- eller pulverformer av Meth (metadon HCL) brukes til \u00e5 behandle moderat til alvorlig smerte. Dette stoffet er flott for overv\u00e5king av medisinske fagfolk og r\u00e5dgivning i behandling av narkotikaavhengighet. hjelper folk med \u00e5 h\u00e5ndtere abstinenssymptomene. Metho Metadon HCL Powder er den eneste effektive behandlingen for opioidavhengighet eller smertebehandling. Medisinske fagfolk har lenge stolt p\u00e5 den potente og effektive blandingen av dette banebrytende stoffet. Metho Metadon HCL Powder er n\u00f8kkelen til en forbedret livskvalitet p\u00e5 grunn av dens h\u00f8ye kvalitet og veldokumenterte resultater. Metho Metadon HCL Powder er et legemiddel av farmas\u00f8ytisk kvalitet som er omhyggelig produsert ved bruk av avanserte metoder. Hovedingrediensen, metadonhydroklorid, er et syntetisk opioid som effektivt lindrer smerte og reduserer abstinenssymptomer ved \u00e5 feste seg til opioidreseptorer i hjernen.          <\/p>\n<h3><strong>Bestill Metho Metadon HCL Powder Online<\/strong><\/h3>\n<p> En av hovedfordelene med Metho Metadon HCL Powder er dens vedvarende effekter. Dette gir langvarig smertelindring, noe som gj\u00f8r det til et godt alternativ for personer med kroniske smerter. I tillegg, p\u00e5 grunn av dens effektivitet i behandling av opioidabstinenssymptomer, har den blitt en b\u00e6rebjelke i medisinassisterte behandlingsprogrammer for mennesker som pr\u00f8ver \u00e5 overvinne avhengigheten. Hos Dr. Lawsons Pharmacy er kundenes sikkerhet og velv\u00e6re v\u00e5r h\u00f8yeste prioritet. For \u00e5 sikre dets styrke og renhet, gjennomg\u00e5r v\u00e5rt Metho Methadone HCL-pulver streng testing. Vi bruker kun materialer fra anerkjente produsenter, og v\u00e5re produksjonsanlegg er underlagt de h\u00f8yeste industristandardene, slik at du kan v\u00e6re trygg p\u00e5 at du mottar et kvalitetsprodukt. Metho Metadon HCL-pulver b\u00f8r kun tas etter r\u00e5d og under tilsyn av en lisensiert helsepersonell, da det er et reseptbelagt legemiddel. Etter \u00e5 ha vurdert tilstanden din, vil de bestemme seg for riktig dosering og behandlingsstrategi for dine individuelle behov.        &nbsp;<\/p>\n","protected":false},"excerpt":{"rendered":"<p>Kj\u00f8p Metho Metadon HCL pulver p\u00e5 nett. 99,8 % rent Metho Metadon HCL-pulver tilgjengelig i engros til rabatterte priser. Moderat til alvorlig smerte behandles med Metho (metadon HCL).   &nbsp;<\/p>\n","protected":false},"featured_media":18490,"comment_status":"closed","ping_status":"closed","template":"","meta":{"om_disable_all_campaigns":false,"_sitemap_exclude":false,"_sitemap_priority":"","_sitemap_frequency":"","_monsterinsights_skip_tracking":false,"_monsterinsights_sitenote_active":false,"_monsterinsights_sitenote_note":"","_monsterinsights_sitenote_category":0},"product_cat":[32020],"product_tag":[35590,35580,35574,35585,35575,35582,35573,35577,35571,35578,35572,35579,35589,35588,35592,35587,35583,35586,35581,35584,35576,35591],"class_list":{"0":"post-34632","1":"product","2":"type-product","3":"status-publish","4":"has-post-thumbnail","6":"product_cat-forskningskjemikalier-og-psykedelika","7":"product_tag-autentisk-metho-metadon-hcl-pulver-europa","8":"product_tag-bestill-metho-metadon-hcl-pulver-eu","9":"product_tag-bestill-metho-metadon-hcl-pulver-online","10":"product_tag-billig-metho-metadon-hcl-pulver-europa","11":"product_tag-effekter-av-metho-metadon-hcl-pulver","12":"product_tag-hvor-kan-jeg-kjope-metho-metadon-hcl-pulver-europa","13":"product_tag-hvor-kan-man-kjope-metho-metadon-hcl-pulver-pa-nettet","14":"product_tag-hvor-mye-koster-metho-metadon-hcl-pulver","15":"product_tag-kjop-metho-metadon-hcl-pulver","16":"product_tag-kjop-metho-metadon-hcl-pulver-online-europa","17":"product_tag-kjop-metho-metadon-hcl-pulver-pa-nett","18":"product_tag-metho-metadon-hcl-pulver-beste-pris-europa","19":"product_tag-metho-metadon-hcl-pulver-europa-levering","20":"product_tag-metho-metadon-hcl-pulver-europa-rabatt","21":"product_tag-metho-metadon-hcl-pulver-europe-anmeldelse","22":"product_tag-metho-metadon-hcl-pulver-europe-butikk","23":"product_tag-metho-metadon-hcl-pulver-europe-salg","24":"product_tag-metho-metadon-hcl-pulver-europe-tilbud","25":"product_tag-metho-metadon-hcl-pulver-gratis-frakt-europa","26":"product_tag-metho-metadon-hcl-pulver-nettbutikk-europa","27":"product_tag-metho-metadon-hcl-pulver-salg-pa-nettet","28":"product_tag-metho-methadone-hcl-powder-europe-leverandorer","30":"first","31":"instock","32":"shipping-taxable","33":"purchasable","34":"product-type-variable","35":"farmacie-col"},"aioseo_notices":[],"_links":{"self":[{"href":"https:\/\/lacasadelamedicina.es\/no\/wp-json\/wp\/v2\/product\/34632"}],"collection":[{"href":"https:\/\/lacasadelamedicina.es\/no\/wp-json\/wp\/v2\/product"}],"about":[{"href":"https:\/\/lacasadelamedicina.es\/no\/wp-json\/wp\/v2\/types\/product"}],"replies":[{"embeddable":true,"href":"https:\/\/lacasadelamedicina.es\/no\/wp-json\/wp\/v2\/comments?post=34632"}],"wp:featuredmedia":[{"embeddable":true,"href":"https:\/\/lacasadelamedicina.es\/no\/wp-json\/wp\/v2\/media\/18490"}],"wp:attachment":[{"href":"https:\/\/lacasadelamedicina.es\/no\/wp-json\/wp\/v2\/media?parent=34632"}],"wp:term":[{"taxonomy":"product_cat","embeddable":true,"href":"https:\/\/lacasadelamedicina.es\/no\/wp-json\/wp\/v2\/product_cat?post=34632"},{"taxonomy":"product_tag","embeddable":true,"href":"https:\/\/lacasadelamedicina.es\/no\/wp-json\/wp\/v2\/product_tag?post=34632"}],"curies":[{"name":"wp","href":"https:\/\/api.w.org\/{rel}","templated":true}]}}