{"id":34625,"date":"2024-08-09T14:01:50","date_gmt":"2024-08-09T14:01:50","guid":{"rendered":"https:\/\/lacasadelamedicina.es\/product\/kjop-brunt-pulver-heroin-pa-nett\/"},"modified":"2024-08-09T14:01:50","modified_gmt":"2024-08-09T14:01:50","slug":"kjop-brunt-pulver-heroin-pa-nett","status":"publish","type":"product","link":"https:\/\/lacasadelamedicina.es\/no\/produkt\/kjop-brunt-pulver-heroin-pa-nett\/","title":{"rendered":"Kj\u00f8p brunt pulver heroin p\u00e5 nett"},"content":{"rendered":"<h1>Kj\u00f8p brunt pulver heroin p\u00e5 nett<\/h1>\n<p> Brown Powder Heroin (BPH) blir stadig mer popul\u00e6r p\u00e5 det internasjonale markedet. Selv om BPH har eksistert en stund, \u00f8ker interessen for det p\u00e5 grunn av de spesielle effektene det har p\u00e5 menneskekroppen. S\u00e5 hvis du \u00f8nsker \u00e5 kj\u00f8pe brunt heroinpulver p\u00e5 nettet, er Dr. Lawsons Pharmacy det beste alternativet. Kj\u00f8p brunt pulver heroin p\u00e5 nett-    <a href=\"https:\/\/drlawsonspharmacy\/contact-us\/\">KONTAKT<\/a><\/p>\n<h3>Hva er brunt heroinpulver laget av?<\/h3>\n<p> Opium i form av BPH har blitt bearbeidet til pulver. Dette pulveret er mer potent og vanedannende enn andre typer opium fordi det er lett \u00e5 r\u00f8yke eller injisere. BPH er ogs\u00e5 mer egnet for bruk under h\u00f8yintensive aktiviteter som sport eller sex fordi det har en lengre varig effekt enn andre typer opium.   <\/p>\n<h3>Fordeler med brunt pulver heroin<\/h3>\n<p> Brown Powder Heroin (BPH) er utvilsomt et av de mest brukte stoffene i dag. Det er enkelt \u00e5 f\u00e5 tak i og gir en umiddelbar high. BPH blir noen ganger referert til som &laquo;brunt heroin&raquo; da det vanligvis er laget av brunt sukker, kaffe og natron. BPH er heroin av h\u00f8y kvalitet, noe som betyr at det inneholder betydelige mengder morfin og kodein. Det er derfor et fantastisk alternativ for folk som leter etter en sterk dose for smertelindring. I tillegg tilbyr BPH rask levering til alle steder i verden, noe som gj\u00f8r det til det beste alternativet for folk som trenger medisinen deres umiddelbart. Sist men ikke minst er prisen p\u00e5 brunt pulver heroin rimelig sammenlignet med andre leverand\u00f8rer, noe som gj\u00f8r det til et \u00f8nskelig valg for kunder som \u00f8nsker medisiner av h\u00f8y kvalitet uten \u00e5 bryte budsjettet.       <\/p>\n<h3>Kj\u00f8p brunt pulver heroin p\u00e5 nett<\/h3>\n<p> Heroin i form av brunt pulver er et sv\u00e6rt vanedannende og risikabelt narkotikum som ofte kombineres med andre stoffer for \u00e5 forsterke effekten. Det markedsf\u00f8res vanligvis p\u00e5 gaten som brunt, svart eller krutt. Kombinasjonen av morfin og andre opiater i brunt heroinpulver gir det h\u00f8y styrke. De umiddelbare bivirkningene av brunt heroinpulver inkluderer en raskere hjerterytme, en sterk f\u00f8lelse av varme, rask pust og en f\u00f8lelse av lyst. Umiddelbart etter disse effektene inntrer en f\u00f8lelse av d\u00f8sighet og avslapning. Regelmessig bruk av brunt heroinpulver kan f\u00f8re til narkotikaavhengighet og avhengighet over tid.      <\/p>\n<h3>Hvorfor kj\u00f8pe brunt pulver heroin fra Dr Lawsons Pharmacy?<\/h3>\n<p> \u00d8nsker du \u00e5 kj\u00f8pe brunt heroinpulver p\u00e5 nett, finnes det flere alternativer. Imidlertid er ikke alle disse alternativene p\u00e5litelige eller trygge. Dr. Lawsons Pharmacy er nyttig i denne situasjonen. Vi tilbyr et bredt utvalg av p\u00e5litelige former, merker og varianter av brunt heroinpulver for salg p\u00e5 nettet. Dessuten lar v\u00e5re korte leveringstider deg anskaffe dine medisiner uten problemer. Vi \u00f8nsker at hver kunde som legger inn en bestilling hos oss skal ha en tilfredsstillende opplevelse. Det beste stedet \u00e5 kj\u00f8pe brunt pulver heroin p\u00e5 nettet er Dr. Lawsons Pharmacy, som tilbyr en enkel bestillingsprosess og praktiske betalingsalternativer. S\u00e5 legg inn en bestilling fra butikken v\u00e5r n\u00e5 for \u00e5 dra nytte av de beste rabattene p\u00e5 dine \u00f8nskede produkter.        &nbsp;<\/p>\n","protected":false},"excerpt":{"rendered":"<p>Kj\u00f8p brunt pulver heroin p\u00e5 nett Brown Powder Heroin (BPH) blir stadig mer popul\u00e6r p\u00e5 det internasjonale markedet. Selv om BPH har eksistert en stund, \u00f8ker interessen for det p\u00e5 grunn av de spesielle effektene det har p\u00e5 menneskekroppen. S\u00e5 hvis du \u00f8nsker \u00e5 kj\u00f8pe brunt heroinpulver p\u00e5 nettet, er Dr. Lawsons Pharmacy det beste [&hellip;]<\/p>\n","protected":false},"featured_media":17950,"comment_status":"closed","ping_status":"closed","template":"","meta":{"om_disable_all_campaigns":false,"_sitemap_exclude":false,"_sitemap_priority":"","_sitemap_frequency":"","_monsterinsights_skip_tracking":false,"_monsterinsights_sitenote_active":false,"_monsterinsights_sitenote_note":"","_monsterinsights_sitenote_category":0},"product_cat":[34737],"product_tag":[35568,35558,35551,35563,35557,35570,35569,35567,35566,35561,35565,35564,35559,35562,35554,35553,35560,35552,35555,35556,35549,35550],"class_list":{"0":"post-34625","1":"product","2":"type-product","3":"status-publish","4":"has-post-thumbnail","6":"product_cat-heroin-no","7":"product_tag-autentisk-brown-powder-heroin-europe","8":"product_tag-bestill-brunt-pulver-heroin-eu","9":"product_tag-bestill-brunt-pulver-heroin-pa-nett","10":"product_tag-billig-brunt-pulver-heroin-europa","11":"product_tag-brown-powder-heroin-best-pris-europa","12":"product_tag-brown-powder-heroin-europe-anmeldelse","13":"product_tag-brown-powder-heroin-europe-leverandorer","14":"product_tag-brown-powder-heroin-europe-levering","15":"product_tag-brown-powder-heroin-europe-rabatt-no","16":"product_tag-brown-powder-heroin-europe-salg","17":"product_tag-brown-powder-heroin-europe-butikk","18":"product_tag-brown-powder-heroin-europe-tilbud","19":"product_tag-brown-powder-heroin-gratis-frakt-europa","20":"product_tag-brown-powder-heroin-nettbutikk-europa","21":"product_tag-brown-powder-heroin-salg-pa-nett","22":"product_tag-effekter-av-brunt-pulver-heroin","23":"product_tag-hvor-kan-du-kjope-brunt-pulver-heroin-europa","24":"product_tag-hvor-kan-du-kjope-brunt-pulver-heroin-online","25":"product_tag-hvor-mye-koster-brunt-pulver-heroin","26":"product_tag-kjop-brunt-pulver-heroin-online-europa","27":"product_tag-kjop-brunt-pulver-heroin-pa-nett","28":"product_tag-kjope-brunt-pulver-heroin","30":"first","31":"instock","32":"shipping-taxable","33":"purchasable","34":"product-type-variable","35":"farmacie-col"},"aioseo_notices":[],"_links":{"self":[{"href":"https:\/\/lacasadelamedicina.es\/no\/wp-json\/wp\/v2\/product\/34625"}],"collection":[{"href":"https:\/\/lacasadelamedicina.es\/no\/wp-json\/wp\/v2\/product"}],"about":[{"href":"https:\/\/lacasadelamedicina.es\/no\/wp-json\/wp\/v2\/types\/product"}],"replies":[{"embeddable":true,"href":"https:\/\/lacasadelamedicina.es\/no\/wp-json\/wp\/v2\/comments?post=34625"}],"wp:featuredmedia":[{"embeddable":true,"href":"https:\/\/lacasadelamedicina.es\/no\/wp-json\/wp\/v2\/media\/17950"}],"wp:attachment":[{"href":"https:\/\/lacasadelamedicina.es\/no\/wp-json\/wp\/v2\/media?parent=34625"}],"wp:term":[{"taxonomy":"product_cat","embeddable":true,"href":"https:\/\/lacasadelamedicina.es\/no\/wp-json\/wp\/v2\/product_cat?post=34625"},{"taxonomy":"product_tag","embeddable":true,"href":"https:\/\/lacasadelamedicina.es\/no\/wp-json\/wp\/v2\/product_tag?post=34625"}],"curies":[{"name":"wp","href":"https:\/\/api.w.org\/{rel}","templated":true}]}}