{"id":34579,"date":"2024-08-09T14:01:50","date_gmt":"2024-08-09T14:01:50","guid":{"rendered":"https:\/\/lacasadelamedicina.es\/product\/kjop-black-tar-heroin-online\/"},"modified":"2024-08-09T14:01:50","modified_gmt":"2024-08-09T14:01:50","slug":"kjop-black-tar-heroin-online","status":"publish","type":"product","link":"https:\/\/lacasadelamedicina.es\/no\/produkt\/kjop-black-tar-heroin-online\/","title":{"rendered":"Kj\u00f8p Black Tar Heroin online"},"content":{"rendered":"<h3>Kj\u00f8p Black Tar Heroin Online<\/h3>\n<p> Svart tj\u00e6reheroin er en variant av narkotisk heroin som er preget av sin tj\u00e6reaktige svarte konsistens. Selv om det er et farlig og potent stoff, har det fortsatt stor ettersp\u00f8rsel p\u00e5 grunn av sin tilgjengelighet og rimelige pris. Derfor er Dr. Lawsons Pharmacy det ideelle alternativet hvis du \u00f8nsker \u00e5 kj\u00f8pe svart tj\u00e6reheroin p\u00e5 nettet til lavest mulig pris. Kj\u00f8p Black Tar Heroin Online &#8211;    <a href=\"https:\/\/drlawsonspharmacy\/contact-us\/\">KONTAKT<\/a><\/p>\n<h3>Hva er utseendet og lukten til Black Tar Heroin?<\/h3>\n<p> Restene som blir igjen n\u00e5r du r\u00f8yker eller injiserer har<a href=\"https:\/\/dieapotheke247.com\/\">e<\/a>roin stivner og brukes til \u00e5 lage svart tj\u00e6reheroin. Den har en sterkere lukt og smak enn andre typer heroin og er mer potent. Klikk &laquo;Legg til handlekurv&raquo; og fullf\u00f8r betalingsprosessen for \u00e5 kj\u00f8pe Black Tar Heroin online fra Dr. Lawsons Pharmacy. Da vil Black Tar Heroin bli levert i bulk direkte hjem til deg. Del aldri n\u00e5ler eller spr\u00f8yter med noen og oppbevar medisinene dine trygt utilgjengelig for barn og dyr.     <\/p>\n<h3>Prosessen med \u00e5 lage og handle svart tj\u00e6reheroin<\/h3>\n<p> Opiumspulver brukes til \u00e5 gj\u00f8re heroinen kjent som &laquo;svart tj\u00e6re&raquo;. Etter \u00e5 ha blitt oppvarmet og kombinert med andre kjemikalier, blir dette materialet til en klebrig, m\u00f8rk substans kjent som &laquo;tj\u00e6re&raquo;. Tj\u00e6ren brytes deretter ned i sm\u00e5 biter og selges p\u00e5 gaten som heroin. Produksjon og handel med svart tj\u00e6reheroin er kompliserte prosesser. Heroinhandlere forhandler med den kriminelle underverdenen for \u00e5 f\u00e5 tak i forsyningene som trengs for \u00e5 produsere narkotiske midler og kjempe tilbake mot ethvert fors\u00f8k fra politiet p\u00e5 \u00e5 hindre dem. Men n\u00e5 som svart tj\u00e6reheroin er tilgjengelig for salg p\u00e5 nettet fra anerkjente butikker som Dr. Lawsons Pharmacy, er denne metoden enklere enn noensinne. V\u00e6r oppmerksom p\u00e5 farene ved \u00e5 bestille svart tj\u00e6reheroin p\u00e5 nettet. Ikke bare risikerer du \u00e5 f\u00e5 medikamenter fra en up\u00e5litelig leverand\u00f8r, men du risikerer ogs\u00e5 \u00e5 bli overdose og f\u00e5 HIV eller andre infeksjoner (STD). Kj\u00f8p derfor kun disse stoffene fra en anerkjent forhandler som Dr. Lawsons Pharmacy.         <\/p>\n<h3>Negative effekter av svart tj\u00e6reheroin<\/h3>\n<p> Svart tj\u00e6reheroin er en kraftig, uren variant av stoffet som har en rekke alvorlige negative effekter. For eksempel kan svart tj\u00e6reheroin for\u00e5rsake hodepine, kvalme og oppkast. Langvarig bruk kan ogs\u00e5 for\u00e5rsake abstinenssymptomer som angst, agitasjon og depresjon. Risikoen for \u00e5 utvikle hjerte- og lungeproblemer kan ogs\u00e5 \u00f8ke hvis du bruker svart tj\u00e6reheroin. Hvis du eller noen du kjenner sliter med svart tj\u00e6re heroinavhengighet, ikke n\u00f8l med \u00e5 be om hjelp.     <\/p>\n<h3>Hvorfor kj\u00f8pe Black Tar Heroin online fra Dr. Lawsons Pharmacy?<\/h3>\n<p> Leter du etter en kvalitets- og p\u00e5litelig internettleverand\u00f8r \u00e5 kj\u00f8pe svart tj\u00e6reheroin fra? Dr. Lawsons Pharmacy er det eneste alternativet. Her kan du f\u00e5 svart tj\u00e6reheroin av h\u00f8y kvalitet til den beste prisen. I tillegg tilbyr vi de raskeste leveringstidene i bransjen.    &nbsp;<\/p>\n","protected":false},"excerpt":{"rendered":"<p>&nbsp;<\/p>\n<p>&nbsp;<\/p>\n","protected":false},"featured_media":17935,"comment_status":"closed","ping_status":"closed","template":"","meta":{"om_disable_all_campaigns":false,"_sitemap_exclude":false,"_sitemap_priority":"","_sitemap_frequency":"","_monsterinsights_skip_tracking":false,"_monsterinsights_sitenote_active":false,"_monsterinsights_sitenote_note":"","_monsterinsights_sitenote_category":0},"product_cat":[34737],"product_tag":[35524,35514,35506,35519,35513,35526,35525,35523,35522,35517,35521,35520,35515,35518,35510,35509,35516,35508,35511,35505,35507,35512],"class_list":{"0":"post-34579","1":"product","2":"type-product","3":"status-publish","4":"has-post-thumbnail","6":"product_cat-heroin-no","7":"product_tag-autentisk-black-tar-heroin-europe","8":"product_tag-bestill-black-tar-heroin-eu","9":"product_tag-bestill-black-tar-heroin-online","10":"product_tag-billig-black-tar-heroin-europe","11":"product_tag-black-tar-heroin-best-pris-europa","12":"product_tag-black-tar-heroin-europe-anmeldelse","13":"product_tag-black-tar-heroin-europe-leverandorer","14":"product_tag-black-tar-heroin-europe-levering","15":"product_tag-black-tar-heroin-europe-rabatt-no","16":"product_tag-black-tar-heroin-europe-salg","17":"product_tag-black-tar-heroin-europe-butikk","18":"product_tag-black-tar-heroin-europe-tilbud","19":"product_tag-black-tar-heroin-gratis-frakt-europa","20":"product_tag-black-tar-heroin-nettbutikk-europa","21":"product_tag-black-tar-heroin-salg-pa-nett","22":"product_tag-effekter-av-black-tar-heroin","23":"product_tag-hvor-kan-du-kjope-black-tar-heroin-europe","24":"product_tag-hvor-kan-du-kjope-black-tar-heroin-online","25":"product_tag-hvor-mye-koster-black-tar-heroin","26":"product_tag-kjop-black-tar-heroin","27":"product_tag-kjop-black-tar-heroin-online","28":"product_tag-kjop-black-tar-heroin-online-europa","30":"first","31":"instock","32":"shipping-taxable","33":"purchasable","34":"product-type-variable","35":"farmacie-col"},"aioseo_notices":[],"_links":{"self":[{"href":"https:\/\/lacasadelamedicina.es\/no\/wp-json\/wp\/v2\/product\/34579"}],"collection":[{"href":"https:\/\/lacasadelamedicina.es\/no\/wp-json\/wp\/v2\/product"}],"about":[{"href":"https:\/\/lacasadelamedicina.es\/no\/wp-json\/wp\/v2\/types\/product"}],"replies":[{"embeddable":true,"href":"https:\/\/lacasadelamedicina.es\/no\/wp-json\/wp\/v2\/comments?post=34579"}],"wp:featuredmedia":[{"embeddable":true,"href":"https:\/\/lacasadelamedicina.es\/no\/wp-json\/wp\/v2\/media\/17935"}],"wp:attachment":[{"href":"https:\/\/lacasadelamedicina.es\/no\/wp-json\/wp\/v2\/media?parent=34579"}],"wp:term":[{"taxonomy":"product_cat","embeddable":true,"href":"https:\/\/lacasadelamedicina.es\/no\/wp-json\/wp\/v2\/product_cat?post=34579"},{"taxonomy":"product_tag","embeddable":true,"href":"https:\/\/lacasadelamedicina.es\/no\/wp-json\/wp\/v2\/product_tag?post=34579"}],"curies":[{"name":"wp","href":"https:\/\/api.w.org\/{rel}","templated":true}]}}