{"id":34571,"date":"2024-08-09T14:01:50","date_gmt":"2024-08-09T14:01:50","guid":{"rendered":"https:\/\/lacasadelamedicina.es\/product\/kjop-afghansk-heroin-pa-nett\/"},"modified":"2024-08-09T14:01:50","modified_gmt":"2024-08-09T14:01:50","slug":"kjop-afghansk-heroin-pa-nett","status":"publish","type":"product","link":"https:\/\/lacasadelamedicina.es\/no\/produkt\/kjop-afghansk-heroin-pa-nett\/","title":{"rendered":"Kj\u00f8p afghansk heroin p\u00e5 nett"},"content":{"rendered":"<h3>Kj\u00f8p afghansk heroin p\u00e5 nett<\/h3>\n<p> Mange land forbyr utvinning av afghansk heroin fra valmueblomster, men dette hindrer ikke folk i \u00e5 f\u00e5 tak i stoffet. Faktisk er afghansk heroin en av de mest brukte variantene av stoffet p\u00e5 grunn av dets kraftige euforiske effekter. Hvis du leter etter den beste afghanske heroinen \u00e5 kj\u00f8pe p\u00e5 nettet, trenger du ikke lete lenger enn Dr. Lawsons Pharmacy.   <a href=\"https:\/\/dieapotheke247.com\/\"><a href=\"https:\/\/dieapotheke247.com\/\">Kj\u00f8p afghansk<\/a><\/a> Heroin p\u00e5 nett &#8211; <a href=\"https:\/\/drlawsonspharmacy\/contact-us\/\">KONTAKT<\/a><\/p>\n<h3>Hvordan lages afghansk heroin?<\/h3>\n<p> Opium brukes til \u00e5 lage afghansk heroin, en form for narkotika. Opium er en naturlig kilde til morfin og kodein som utvinnes fra valmueplanten. For \u00e5 lage afghansk heroin m\u00e5 opium f\u00f8rst kokes til det blir en klissete svart tj\u00e6re. Den m\u00e5 deretter filtreres gjennom osteduk for \u00e5 fjerne urenheter. N\u00e5r den er t\u00f8rket, blir denne svarte tj\u00e6ren knust til et pulver, som deretter brukes til \u00e5 lage murstein eller piller. Afghansk heroin kommer i flere former, hver med unike egenskaper og bruksomr\u00e5der. Den mest popul\u00e6re formen for heroin i Afghanistan er hvit heroin, ofte referert til som &laquo;r\u00e5 opium&raquo;, og det er vanligvis av lavere kvalitet enn andre former. P\u00e5 grunn av sin styrke er brun heroin (laget av delvis t\u00f8rket svart tj\u00e6re) mer popul\u00e6r blant brukere og har en sterkere effekt. Den mest potente av alle er m\u00f8rkebrunt heroin (laget av helt t\u00f8rket svart tj\u00e6re), som ogs\u00e5 har st\u00f8rst potensiale for misbruk p\u00e5 grunn av sin vanskelige doseringsregulering.         <\/p>\n<h3>Fordeler med afghansk heroin<\/h3>\n<p> Afghansk heroin er det beste alternativet for en intens og euforisk high n\u00e5r du kj\u00f8per den p\u00e5 nettet. Denne typen heroin er blant de reneste og sterkeste som finnes, og folk s\u00f8ker den ofte for dens enorme effekter. P\u00e5 grunn av dette brukes afghansk heroin til \u00e5 behandle opiatavhengighet og kroniske smerter, to sykdommer som er altfor vanlige i moderne kultur.   <\/p>\n<h3>Bivirkninger av afghansk heroin<\/h3>\n<p> Fordi afghansk heroin er et opioid som stammer fra opiumsvalmuen, har det ogs\u00e5 visse negative effekter. En raskere hjerterytme, h\u00f8yere blodtrykk og eufori (den h\u00f8ye som kommer fra heroinbruk) er noen av de kortsiktige negative effektene av afghansk heroinbruk. Avhengighet, kronisk hepatitt C-infeksjon (en potensielt d\u00f8delig leversykdom), psykiske problemer som angst og depresjon, og overdosed\u00f8dsfall er blant de langsiktige helseproblemene forbundet med afghansk heroinbruk.   <\/p>\n<h3>Hvor kan jeg kj\u00f8pe afghansk heroin p\u00e5 nettet?<\/h3>\n<p> Vil du kj\u00f8pe afghansk heroin p\u00e5 nett diskret og trygt? Kj\u00f8p den fra Dr. Lawsons Pharmacy. Vi tilbyr et omfattende utvalg av varer av h\u00f8y kvalitet og har mange \u00e5rs forretningserfaring. For \u00e5 f\u00e5 den ideelle doseringen for deg kan du velge fra et utvalg av rene, \u00f8kologiske og laboratorietestede produkter. Tilgjengeligheten av en rekke praktiske betalingsmetoder, inkludert kredittkort, PayPal og Western Union, gj\u00f8r det enkelt og praktisk \u00e5 kj\u00f8pe afghansk heroin p\u00e5 nettet i bulk for alle. S\u00e5 kj\u00f8p den beste afghanske heroinen n\u00e5!      &nbsp;<\/p>\n","protected":false},"excerpt":{"rendered":"<p>Kj\u00f8p afghansk heroin p\u00e5 nett Mange land forbyr utvinning av afghansk heroin fra valmueblomster, men dette hindrer ikke folk i \u00e5 f\u00e5 tak i stoffet. Faktisk er afghansk heroin en av de mest brukte variantene av stoffet p\u00e5 grunn av dets kraftige euforiske effekter. Hvis du leter etter den beste afghanske heroinen \u00e5 kj\u00f8pe p\u00e5 [&hellip;]<\/p>\n","protected":false},"featured_media":17920,"comment_status":"closed","ping_status":"closed","template":"","meta":{"om_disable_all_campaigns":false,"_sitemap_exclude":false,"_sitemap_priority":"","_sitemap_frequency":"","_monsterinsights_skip_tracking":false,"_monsterinsights_sitenote_active":false,"_monsterinsights_sitenote_note":"","_monsterinsights_sitenote_category":0},"product_cat":[34737],"product_tag":[35503,35491,35501,35500,35504,35498,35499,35493,35496,35502,35492,35485,35497,35487,35494,35486,35489,35490,35484,35483,35495,35488],"class_list":{"0":"post-34571","1":"product","2":"type-product","3":"status-publish","4":"has-post-thumbnail","6":"product_cat-heroin-no","7":"product_tag-afghan-heroin-europe-leverandorer","8":"product_tag-afghansk-heroin-best-pris-europa","9":"product_tag-afghansk-heroin-europa-levering","10":"product_tag-afghansk-heroin-europa-rabatt","11":"product_tag-afghansk-heroin-europe-anmeldelse","12":"product_tag-afghansk-heroin-europe-avtaler","13":"product_tag-afghansk-heroin-europe-butikk","14":"product_tag-afghansk-heroin-gratis-frakt-europa","15":"product_tag-afghansk-heroin-nettbutikk-europa","16":"product_tag-autentisk-afghansk-heroin-i-europa","17":"product_tag-bestill-afghansk-heroin-fra-eu","18":"product_tag-bestille-afghansk-heroin-pa-nett","19":"product_tag-billig-afghansk-heroin-europa","20":"product_tag-effekter-av-afghansk-heroin","21":"product_tag-hvor-kan-man-kjope-afghansk-heroin-i-europa","22":"product_tag-hvor-kan-man-kjope-afghansk-heroin-pa-nettet","23":"product_tag-hvor-mye-koster-afghansk-heroin","24":"product_tag-kjop-afghansk-heroin-online-europa","25":"product_tag-kjop-afghansk-heroin-pa-nett","26":"product_tag-kjope-afghansk-heroin","27":"product_tag-salg-av-afghansk-heroin-i-europa","28":"product_tag-salg-av-afghansk-heroin-pa-nettet","30":"first","31":"instock","32":"shipping-taxable","33":"purchasable","34":"product-type-variable","35":"farmacie-col"},"aioseo_notices":[],"_links":{"self":[{"href":"https:\/\/lacasadelamedicina.es\/no\/wp-json\/wp\/v2\/product\/34571"}],"collection":[{"href":"https:\/\/lacasadelamedicina.es\/no\/wp-json\/wp\/v2\/product"}],"about":[{"href":"https:\/\/lacasadelamedicina.es\/no\/wp-json\/wp\/v2\/types\/product"}],"replies":[{"embeddable":true,"href":"https:\/\/lacasadelamedicina.es\/no\/wp-json\/wp\/v2\/comments?post=34571"}],"wp:featuredmedia":[{"embeddable":true,"href":"https:\/\/lacasadelamedicina.es\/no\/wp-json\/wp\/v2\/media\/17920"}],"wp:attachment":[{"href":"https:\/\/lacasadelamedicina.es\/no\/wp-json\/wp\/v2\/media?parent=34571"}],"wp:term":[{"taxonomy":"product_cat","embeddable":true,"href":"https:\/\/lacasadelamedicina.es\/no\/wp-json\/wp\/v2\/product_cat?post=34571"},{"taxonomy":"product_tag","embeddable":true,"href":"https:\/\/lacasadelamedicina.es\/no\/wp-json\/wp\/v2\/product_tag?post=34571"}],"curies":[{"name":"wp","href":"https:\/\/api.w.org\/{rel}","templated":true}]}}