{"id":34455,"date":"2024-08-09T14:01:50","date_gmt":"2024-08-09T14:01:50","guid":{"rendered":"https:\/\/lacasadelamedicina.es\/product\/kjop-rent-mmb-2201-pulver-pa-nett\/"},"modified":"2024-08-09T14:01:50","modified_gmt":"2024-08-09T14:01:50","slug":"kjop-rent-mmb-2201-pulver-pa-nett","status":"publish","type":"product","link":"https:\/\/lacasadelamedicina.es\/no\/produkt\/kjop-rent-mmb-2201-pulver-pa-nett\/","title":{"rendered":"Kj\u00f8p rent MMB-2201 pulver p\u00e5 nett"},"content":{"rendered":"<h1>Kj\u00f8p Pure MMB-2201 Powder Online<\/h1>\n<p> Kj\u00f8p MMB-2201 pulver p\u00e5 nett. Cannabinoider er f\u00f8rsteklasses forskningskjemikalier. MDMB-2201 kan kj\u00f8pes online fra en anerkjent leverand\u00f8r, Coinstar Chemical, til engrospriser. Kj\u00f8p Pure MMB-2201 Powder Online &#8211; <a href=\"https:\/\/drlawsonspharmacy\/contact-us\/\">KONTAKT<\/a><strong>5f MDMB 2201 til salgs MDMB 2201 reddit<\/strong><strong>mmb-fub | mmbfub<\/strong><strong>fub2201 | fub-akb48<\/strong> (ogs\u00e5 kjent som 5F-MMB-PICA, 5F-AMB-PICA og I-AMB) er en kraftig syntetisk cannabinoid basert p\u00e5 indol-3-karboksamid, solgt som en aktiv ingrediens i cannabisblandinger og brukt som designermedisin. Syntetisk. I januar 2014 ble den f\u00f8rste gang nevnt i Russland og Hviterussland; likevel ble den senere solgt til en rekke andre land. En syntetisk cannabinoid fra indazolfamilien kalt 5F-MDMB-2201 er bemerkelsesverdig sammenlignbar med MMB-2201. CB1- og CB2-reseptorer er sterkt p\u00e5virket (antagonisert) av 5F-MDMB-2201. Mexedrone tilh\u00f8rer den kjemiske klassen av katinoner og reagerer som s\u00e5dan. Mexedrone har det &laquo;fysiske utseendet&raquo; til hvite diamanter, men du kan ogs\u00e5 kj\u00f8pe det som et syntetisk-lignende pulver eller krystaller. Mexedrone har et maksimalt doseringsomr\u00e5de p\u00e5 50 mg til 100 mg og tas oralt. Mefedrondoser mellom 100 mg og 150 mg har blitt observert \u00e5 gi lignende effekter. Effekten av Mexedrone kan vare i 4 til 6 timer.             <\/p>\n<h3>Kj\u00f8p Pure MMB-2201 Powder Online<\/h3>\n<p> Mexedrone er et &laquo;psykoaktivt stoff&raquo; som har blitt klassifisert som et entactogen og sentralstimulerende middel. Det induserer ogs\u00e5 agitasjon. Det er tenkelig, men enn\u00e5 ikke bevist, at Mexedrone for\u00e5rsaker en synaptisk flom p\u00e5 grunn av de stimulerende effektene av hendelsen. Dopamin, noradrenalin og serotonin kan v\u00e6re tilstede i synapsene som er aktive under Mexedrone-opplevelsen.    <\/p>\n<h3><strong>Bestill MMB-2201<\/strong><\/h3>\n<p> Effektene av Mexedrone er 70 % av effektene av det overordnede kjemikaliet Mephedrone. Effektene av Mexedrone er fysiske, mentale og auditive og blir mer plausible med st\u00f8rre m\u00e5linger. De faktiske bivirkningene av Mexedrone inkluderer oppstemthet, sedasjon, forbedret kroppsf\u00f8lelse, t\u00f8rste, \u00f8kt svette, uhemmet f\u00f8lelse, tanngnissing, vibrerende syn og nedsatt temperaturregulering. Mexedrone har en psykologisk effekt som rapture, tankeakselerasjon og nettverkseffekt. Bivirkninger av Mexedrone kan ogs\u00e5 manifestere seg i h\u00f8rbare forbedringer. Inntak av Mexedrone kan f\u00f8re til toppeffekter etter stimulering. Effektene av Mexedrone etter bruk kan v\u00e6re skadelige, for\u00e5rsake senket tenkning og inspirasjon, intellektuell utmattelse, ubehag, selvmotsigelse, tungt hum\u00f8r og oppmerksomhet. Ettervirkningene av Mexedrone oppst\u00e5r mest sannsynlig som et resultat av synapseforbruk, ettersom synapsetilf\u00f8rselen ble redusert under eksitasjonsfasen av opplevelsen.        &nbsp;<\/p>\n","protected":false},"excerpt":{"rendered":"<p>Kj\u00f8p rent MMB-2201 pulver p\u00e5 nett. Ogs\u00e5 kjent som I-AMB, 5F-AMB-PICA eller MMB-2201 pulver.  &nbsp;<\/p>\n<p>&nbsp;<\/p>\n","protected":false},"featured_media":18460,"comment_status":"closed","ping_status":"closed","template":"","meta":{"om_disable_all_campaigns":false,"_sitemap_exclude":false,"_sitemap_priority":"","_sitemap_frequency":"","_monsterinsights_skip_tracking":false,"_monsterinsights_sitenote_active":false,"_monsterinsights_sitenote_note":"","_monsterinsights_sitenote_category":0},"product_cat":[32020],"product_tag":[35224,35214,35208,35219,35209,35216,35207,35211,35205,35212,35206,35226,35221,35225,35222,35218,35213,35223,35217,35220,35215,35210],"class_list":{"0":"post-34455","1":"product","2":"type-product","3":"status-publish","4":"has-post-thumbnail","6":"product_cat-forskningskjemikalier-og-psykedelika","7":"product_tag-autentisk-rent-mmb-2201-pulver-europa","8":"product_tag-bestill-rent-mmb-2201-pulver-eu","9":"product_tag-bestill-rent-mmb-2201-pulver-online","10":"product_tag-billig-rent-mmb-2201-pulver-europa","11":"product_tag-effekter-av-rent-mmb-2201-pulver","12":"product_tag-hvor-kan-du-kjope-rent-mmb-2201-pulver-europa","13":"product_tag-hvor-kan-du-kjope-rent-mmb-2201-pulver-online","14":"product_tag-hvor-mye-er-rent-mmb-2201-pulver","15":"product_tag-kjop-rent-mmb-2201-pulver","16":"product_tag-kjop-rent-mmb-2201-pulver-online-europa","17":"product_tag-kjop-rent-mmb-2201-pulver-pa-nett","18":"product_tag-ren-mmb-2201-pulver-europa-anmeldelse","19":"product_tag-ren-mmb-2201-pulver-europa-butikk","20":"product_tag-ren-mmb-2201-pulver-europa-leverandorer","21":"product_tag-ren-mmb-2201-pulver-europa-rabatt","22":"product_tag-ren-mmb-2201-pulver-nettbutikk-europa","23":"product_tag-rent-mmb-2201-pulver-beste-pris-europa","24":"product_tag-rent-mmb-2201-pulver-europa-levering","25":"product_tag-rent-mmb-2201-pulver-europa-salg","26":"product_tag-rent-mmb-2201-pulver-europa-tilbud","27":"product_tag-rent-mmb-2201-pulver-gratis-frakt-europa","28":"product_tag-rent-mmb-2201-pulversalg-online","30":"first","31":"instock","32":"shipping-taxable","33":"purchasable","34":"product-type-variable","35":"farmacie-col"},"aioseo_notices":[],"_links":{"self":[{"href":"https:\/\/lacasadelamedicina.es\/no\/wp-json\/wp\/v2\/product\/34455"}],"collection":[{"href":"https:\/\/lacasadelamedicina.es\/no\/wp-json\/wp\/v2\/product"}],"about":[{"href":"https:\/\/lacasadelamedicina.es\/no\/wp-json\/wp\/v2\/types\/product"}],"replies":[{"embeddable":true,"href":"https:\/\/lacasadelamedicina.es\/no\/wp-json\/wp\/v2\/comments?post=34455"}],"wp:featuredmedia":[{"embeddable":true,"href":"https:\/\/lacasadelamedicina.es\/no\/wp-json\/wp\/v2\/media\/18460"}],"wp:attachment":[{"href":"https:\/\/lacasadelamedicina.es\/no\/wp-json\/wp\/v2\/media?parent=34455"}],"wp:term":[{"taxonomy":"product_cat","embeddable":true,"href":"https:\/\/lacasadelamedicina.es\/no\/wp-json\/wp\/v2\/product_cat?post=34455"},{"taxonomy":"product_tag","embeddable":true,"href":"https:\/\/lacasadelamedicina.es\/no\/wp-json\/wp\/v2\/product_tag?post=34455"}],"curies":[{"name":"wp","href":"https:\/\/api.w.org\/{rel}","templated":true}]}}