{"id":34288,"date":"2024-08-09T14:01:54","date_gmt":"2024-08-09T14:01:54","guid":{"rendered":"https:\/\/lacasadelamedicina.es\/product\/kjop-hvitt-heroinpulver-pa-nett\/"},"modified":"2024-08-09T14:01:54","modified_gmt":"2024-08-09T14:01:54","slug":"kjop-hvitt-heroinpulver-pa-nett","status":"publish","type":"product","link":"https:\/\/lacasadelamedicina.es\/no\/produkt\/kjop-hvitt-heroinpulver-pa-nett\/","title":{"rendered":"Kj\u00f8p hvitt heroinpulver p\u00e5 nett"},"content":{"rendered":"<h1>Kj\u00f8p hvitt pulver heroin p\u00e5 nett.<\/h1>\n<p> Kj\u00f8p hvitt heroinpulver p\u00e5 nett \u2013 En av de mest potente og lukrative typene heroin p\u00e5 markedet er hvitt pulver. Men hvem b\u00f8r du kj\u00f8pe den av? Det beste stedet \u00e5 kj\u00f8pe hvitt heroinpulver p\u00e5 nettet til lavest mulig pris er Dr. Lawsons Pharmacy. Med en rekke leverings- og betalingsm\u00e5ter, Dr. Lawsons Pharmac<a href=\"https:\/\/dieapotheke247.com\/\">y<\/a> gj\u00f8r det enkelt og trygt \u00e5 kj\u00f8pe hvitt heroinpulver i bulk. Med v\u00e5r 100 % tilfredshetsgaranti, setter vi v\u00e5r \u00e6re i \u00e5 gi v\u00e5re kunder en rask, diskret og sikker handleopplevelse. Kj\u00f8p hvitt heroinpulver p\u00e5 nett &#8211;      <a href=\"https:\/\/drlawsonspharmacy\/contact-us\/\"><a href=\"https:\/\/drlawsonspharmacy\/contact-us\/\">KONTAKT Bestill Heroin Online<\/a><\/a><\/p>\n<h3>Fordelene med hvitt heroinpulver<\/h3>\n<p> Mens hvitt heroinpulver ofte brukes til rekreasjon eller medisinsk for \u00e5 behandle opioidsmerter, blir det ogs\u00e5 stadig mer popul\u00e6rt blant folk som leter etter mer ekstreme opplevelser. Du kan n\u00e5 kj\u00f8pe rent hvitt heroinpulver online fra Dr. Lawsons Pharmacy og oppleve dets kraftige effekter personlig. Du kan f\u00e5 det reneste heroinet p\u00e5 markedet n\u00e5r du f\u00e5r det i hvitt pulver fra Dr. Lawsons Pharmacy. Dette gj\u00f8r den perfekt for folk som leter etter en intens opplevelse ettersom dosen din er sterkere og varer lenger enn andre typer heroin. I tillegg er prisene rimelige og leveringstiden kort. Hva venter du p\u00e5? Bestill en stor mengde hvitt pulver heroin akkurat n\u00e5! Kj\u00f8p hvitt heroinpulver p\u00e5 nett        <\/p>\n<h3>Risikoer forbundet med bruk av hvitt heroinpulver<\/h3>\n<p> V\u00e6r oppmerksom p\u00e5 farene hvis du har tenkt \u00e5 kj\u00f8pe hvitt heroinpulver for salg p\u00e5 nett. Hvitt heroinpulver er et sv\u00e6rt vanedannende stoff som kan for\u00e5rsake b\u00e5de psykologisk og fysisk avhengighet hvis det brukes ofte. Du kan oppleve alvorlige og smertefulle abstinenssymptomer hvis du plutselig slutter \u00e5 bruke det. Dessuten kan selv sm\u00e5 doser av dette kraftige kjemikaliet v\u00e6re d\u00f8delig hvis det brukes feil eller i overkant. Faktisk er overdose en av de vanligste d\u00f8dsfallene forbundet med bruk av hvitt heroinpulver. Sist men ikke minst har bruk av hvitt heroinpulver v\u00e6rt knyttet til en rekke skadelige psykiske helseeffekter, inkludert paranoia, tristhet, tankeforstyrrelser, angst og tilbakefall til avhengighet. Kj\u00f8p hvitt heroinpulver p\u00e5 nett       <\/p>\n<h3>Kj\u00f8p hvitt heroinpulver p\u00e5 nett<\/h3>\n<p> Det er viktig \u00e5 forst\u00e5 at det ikke er noen &laquo;sikker&raquo; dosering av hvitt heroinpulver, da enhver mengde kan v\u00e6re potensielt d\u00f8delig p\u00e5 grunn av interaksjoner med en persons kjente eller ubevisste f\u00f8lsomhet og andre medisinske problemer. Av denne grunn m\u00e5 bruken av heroin \u2013 uansett hvor lite \u2013 kun gj\u00f8res under streng tilsyn av en kvalifisert lege. Bestill heroin p\u00e5 nett   <\/p>\n<h3>Hvorfor er Dr. Lawsons Pharmacy det beste stedet \u00e5 kj\u00f8pe hvitt heroinpulver p\u00e5 nettet?<\/h3>\n<p> Hvis du \u00f8nsker \u00e5 kj\u00f8pe hvitt heroinpulver p\u00e5 nettet, er det flere fordeler, inkludert rimelighet og enkelhet. Det er imidlertid viktig \u00e5 v\u00e6re klar over farene ved \u00e5 bruke dette stoffet og kun hente det fra p\u00e5litelige leverand\u00f8rer som Dr. Lawsons Pharmacy. Med hjelp fra Dr. Lawsons Pharmacy kan du trygt nyte de mange fordelene med engrossalg av hvitt heroinpulver p\u00e5 nettet. Bestill heroin p\u00e5 nett    &nbsp;<\/p>\n","protected":false},"excerpt":{"rendered":"<p>Kj\u00f8p hvitt pulver heroin p\u00e5 nett. Kj\u00f8p hvitt heroinpulver p\u00e5 nett \u2013 En av de mest potente og lukrative typene heroin p\u00e5 markedet er hvitt pulver. Men hvem b\u00f8r du kj\u00f8pe den av? Det beste stedet \u00e5 kj\u00f8pe hvitt heroinpulver p\u00e5 nettet til lavest mulig pris er Dr. Lawsons Pharmacy. Med en rekke leverings- og [&hellip;]<\/p>\n","protected":false},"featured_media":17995,"comment_status":"closed","ping_status":"closed","template":"","meta":{"om_disable_all_campaigns":false,"_sitemap_exclude":false,"_sitemap_priority":"","_sitemap_frequency":"","_monsterinsights_skip_tracking":false,"_monsterinsights_sitenote_active":false,"_monsterinsights_sitenote_note":"","_monsterinsights_sitenote_category":0},"product_cat":[34737],"product_tag":[34963,34953,34947,34958,34948,34952,34965,34964,34962,34961,34956,34960,34959,34954,34957,34955,34946,34950,34944,34951,34945,34949],"class_list":{"0":"post-34288","1":"product","2":"type-product","3":"status-publish","4":"has-post-thumbnail","6":"product_cat-heroin-no","7":"product_tag-autentisk-hvitt-heroinpulver-europa","8":"product_tag-bestill-hvitt-heroinpulver-eu","9":"product_tag-bestill-hvitt-heroinpulver-pa-nett","10":"product_tag-billig-hvitt-heroinpulver-europa","11":"product_tag-effekter-av-hvitt-heroinpulver","12":"product_tag-hvitt-heroinpulver-beste-pris-europa","13":"product_tag-hvitt-heroinpulver-europa-anmeldelse","14":"product_tag-hvitt-heroinpulver-europa-leverandorer","15":"product_tag-hvitt-heroinpulver-europa-levering","16":"product_tag-hvitt-heroinpulver-europa-rabatt","17":"product_tag-hvitt-heroinpulver-europa-salg","18":"product_tag-hvitt-heroinpulver-europa-butikk","19":"product_tag-hvitt-heroinpulver-europa-tilbud","20":"product_tag-hvitt-heroinpulver-gratis-frakt-europa","21":"product_tag-hvitt-heroinpulver-nettbutikk-europa","22":"product_tag-hvor-kan-man-kjope-hvitt-heroinpulver-i-europa","23":"product_tag-hvor-kan-man-kjope-hvitt-heroinpulver-pa-nettet","24":"product_tag-hvor-mye-er-hvitt-heroinpulver","25":"product_tag-kjop-hvitt-heroinpulver","26":"product_tag-kjop-hvitt-heroinpulver-online-europa","27":"product_tag-kjop-hvitt-heroinpulver-pa-nett","28":"product_tag-salg-av-hvitt-heroinpulver-pa-nett","30":"first","31":"instock","32":"shipping-taxable","33":"purchasable","34":"product-type-variable","35":"farmacie-col"},"aioseo_notices":[],"_links":{"self":[{"href":"https:\/\/lacasadelamedicina.es\/no\/wp-json\/wp\/v2\/product\/34288"}],"collection":[{"href":"https:\/\/lacasadelamedicina.es\/no\/wp-json\/wp\/v2\/product"}],"about":[{"href":"https:\/\/lacasadelamedicina.es\/no\/wp-json\/wp\/v2\/types\/product"}],"replies":[{"embeddable":true,"href":"https:\/\/lacasadelamedicina.es\/no\/wp-json\/wp\/v2\/comments?post=34288"}],"wp:featuredmedia":[{"embeddable":true,"href":"https:\/\/lacasadelamedicina.es\/no\/wp-json\/wp\/v2\/media\/17995"}],"wp:attachment":[{"href":"https:\/\/lacasadelamedicina.es\/no\/wp-json\/wp\/v2\/media?parent=34288"}],"wp:term":[{"taxonomy":"product_cat","embeddable":true,"href":"https:\/\/lacasadelamedicina.es\/no\/wp-json\/wp\/v2\/product_cat?post=34288"},{"taxonomy":"product_tag","embeddable":true,"href":"https:\/\/lacasadelamedicina.es\/no\/wp-json\/wp\/v2\/product_tag?post=34288"}],"curies":[{"name":"wp","href":"https:\/\/api.w.org\/{rel}","templated":true}]}}