{"id":34254,"date":"2024-08-09T14:01:54","date_gmt":"2024-08-09T14:01:54","guid":{"rendered":"https:\/\/lacasadelamedicina.es\/product\/kjop-kinesisk-hvit-heroin-online\/"},"modified":"2024-08-09T14:01:54","modified_gmt":"2024-08-09T14:01:54","slug":"kjop-kinesisk-hvit-heroin-online","status":"publish","type":"product","link":"https:\/\/lacasadelamedicina.es\/no\/produkt\/kjop-kinesisk-hvit-heroin-online\/","title":{"rendered":"Kj\u00f8p kinesisk hvit heroin online"},"content":{"rendered":"<h1>Kj\u00f8p kinesisk hvit heroin online<\/h1>\n<p> I Amerika og andre land skaper opioidpandemien kaos. Som svar leter mange mennesker etter alternativer til \u00e5 forholde seg til lyssky gatehandlere for \u00e5 f\u00e5 sterk, ren heroin. Heldigvis er hvit heroin fra Kina en fantastisk erstatning som er lett tilgjengelig. S\u00e5 hvis du har tenkt \u00e5 kj\u00f8pe hvit heroin fra Kina p\u00e5 nettet ogs\u00e5, gj\u00f8r det rett p\u00e5 Dr. Lawsons Pharmacy. Kj\u00f8p kinesisk hvit heroin online &#8211;     <a href=\"https:\/\/drlawsonspharmacy\/contact-us\/\">kontakt<\/a><\/p>\n<h3>Hvordan lages kinesisk hvit heroin?<\/h3>\n<p> Generelt er hvit heroin fra Kina mindre potent enn andre typer heroin og kan kj\u00f8pes for mindre penger. China White Heroin er produsert ved hjelp av en komplisert prosess i flere trinn. R\u00e5materialet er f\u00f8rst hentet fra Afghanistan eller Pakistan, som for det meste er opium. Opiumet omdannes deretter til morfin ved hjelp av kalde eller vakuumbakeprosesser. Siden morfin er vanskelig \u00e5 oppdage og bruke ved \u00e5 bruke denne metoden, er det mer sannsynlig at narkotikahandlere vil selge det. Hvis du \u00f8nsker \u00e5 kj\u00f8pe kinesisk hvitt heroin fra Dr. Lawsons Pharmacy, kan du bla gjennom de forskjellige variantene av kinesisk hvitt heroin som tilbys p\u00e5 nettsiden og velge doseringen du \u00f8nsker \u00e5 kj\u00f8pe. For \u00e5 vite hvilke sikkerhetstiltak du skal ta n\u00e5r du bruker dette stoffet, s\u00f8rg for \u00e5 lese sikkerhetsinformasjonen f\u00f8r du kj\u00f8per.       <\/p>\n<h3>Fordeler med China White Heroin<\/h3>\n<p> Eksklusivt tilgjengelig online fra Dr Lawsons Pharmacy, Kina. Hvit heroin er en h\u00f8ykvalitets, potent type stoff. Kinesisk hvitt heroin er rent og konsistent fra kj\u00f8p til kj\u00f8p, i motsetning til andre typer heroin som kan blandes med andre stoffer for \u00e5 forbedre styrken og skape nye typer narkotika. Dette betyr at du alltid vil f\u00f8le de samme potente fordelene n\u00e5r du tar det, uavhengig av hva annet som er i systemet ditt. For folk som leter etter en kraftig high uten de negative bivirkningene eller risikoene forbundet med andre opioider som fentanyl eller morfinbaserte stoffer, er kinesisk hvit heroin et fantastisk alternativ. Ikke vent lenger; Kinesisk hvit heroin er tilgjengelig p\u00e5 Dr. Lawsons Pharmacy og er lett \u00e5 finne.      <\/p>\n<h3>Bivirkninger av kinesisk hvit heroin<\/h3>\n<p> F\u00f8r man inntar kinesisk hvitt heroin, b\u00f8r man v\u00e6re klar over risikoen, siden stoffet kan for\u00e5rsake alvorlige negative effekter. Kvalme, svimmelhet, hodepine, desorientering, irritabilitet og angst er vanlige bivirkninger. China White heroin kan v\u00e6re sv\u00e6rt vanedannende og for\u00e5rsake andre negative effekter hvis det konsumeres overdreven og over lang tid.   <\/p>\n<h3>Hvor kan jeg kj\u00f8pe kinesisk hvit heroin p\u00e5 nettet?<\/h3>\n<p> Stoffet China White Heroin er kraftig og farlig. B\u00e5de euforiske opplevelser og en rekke potensielle helserisikoer kan oppst\u00e5 av det. Avhengig av leverand\u00f8ren og deres ressurser, kan dette stoffet produseres ved hjelp av enkle eller avanserte teknikker. Det er viktig \u00e5 forst\u00e5 farene ved \u00e5 bruke dette stoffet og kun kj\u00f8pe det fra p\u00e5litelige leverand\u00f8rer som Dr. Lawsons Pharmacy. Vi f\u00f8lger sikkerhetsreglene og f\u00e5r den hjem til deg p\u00e5 kort tid.     &nbsp;<\/p>\n","protected":false},"excerpt":{"rendered":"<p>Kj\u00f8p kinesisk hvit heroin online I Amerika og andre land skaper opioidpandemien kaos. Som svar leter mange mennesker etter alternativer til \u00e5 forholde seg til lyssky gatehandlere for \u00e5 f\u00e5 sterk, ren heroin. Heldigvis er hvit heroin fra Kina en fantastisk erstatning som er lett tilgjengelig. S\u00e5 hvis du har tenkt \u00e5 kj\u00f8pe hvit heroin [&hellip;]<\/p>\n","protected":false},"featured_media":17965,"comment_status":"closed","ping_status":"closed","template":"","meta":{"om_disable_all_campaigns":false,"_sitemap_exclude":false,"_sitemap_priority":"","_sitemap_frequency":"","_monsterinsights_skip_tracking":false,"_monsterinsights_sitenote_active":false,"_monsterinsights_sitenote_note":"","_monsterinsights_sitenote_category":0},"product_cat":[34737],"product_tag":[34757,34747,34741,34752,34759,34758,34742,34749,34740,34744,34746,34756,34755,34750,34754,34748,34751,34743,34753,34738,34739,34745],"class_list":{"0":"post-34254","1":"product","2":"type-product","3":"status-publish","4":"has-post-thumbnail","6":"product_cat-heroin-no","7":"product_tag-autentisk-kinesisk-hvit-heroin-europa","8":"product_tag-bestill-kinesisk-hvit-heroin-eu","9":"product_tag-bestill-kinesisk-hvit-heroin-online","10":"product_tag-billig-kinesisk-hvit-heroin-europa","11":"product_tag-chinese-white-heroin-europe-anmeldelse","12":"product_tag-chinese-white-heroin-europe-leverandorer","13":"product_tag-effekter-av-kinesisk-hvit-heroin","14":"product_tag-hvor-kan-du-kjope-kinesisk-hvit-heroin-i-europa","15":"product_tag-hvor-kan-du-kjope-kinesisk-hvit-heroin-online","16":"product_tag-hvor-mye-koster-kinesisk-hvit-heroin","17":"product_tag-kinesisk-hvit-heroin-best-pris-europa","18":"product_tag-kinesisk-hvit-heroin-europa-levering","19":"product_tag-kinesisk-hvit-heroin-europa-rabatt","20":"product_tag-kinesisk-hvit-heroin-europa-salg","21":"product_tag-kinesisk-hvit-heroin-europa-butikk","22":"product_tag-kinesisk-hvit-heroin-gratis-frakt-europa","23":"product_tag-kinesisk-hvit-heroin-nettbutikk-europa","24":"product_tag-kinesisk-hvit-heroin-salg-pa-nettet","25":"product_tag-kinesiske-white-heroin-europe-tilbud","26":"product_tag-kjop-kinesisk-hvit-heroin","27":"product_tag-kjop-kinesisk-hvit-heroin-online","28":"product_tag-kjop-kinesisk-hvit-heroin-online-europa","30":"first","31":"instock","32":"shipping-taxable","33":"purchasable","34":"product-type-variable","35":"farmacie-col"},"aioseo_notices":[],"_links":{"self":[{"href":"https:\/\/lacasadelamedicina.es\/no\/wp-json\/wp\/v2\/product\/34254"}],"collection":[{"href":"https:\/\/lacasadelamedicina.es\/no\/wp-json\/wp\/v2\/product"}],"about":[{"href":"https:\/\/lacasadelamedicina.es\/no\/wp-json\/wp\/v2\/types\/product"}],"replies":[{"embeddable":true,"href":"https:\/\/lacasadelamedicina.es\/no\/wp-json\/wp\/v2\/comments?post=34254"}],"wp:featuredmedia":[{"embeddable":true,"href":"https:\/\/lacasadelamedicina.es\/no\/wp-json\/wp\/v2\/media\/17965"}],"wp:attachment":[{"href":"https:\/\/lacasadelamedicina.es\/no\/wp-json\/wp\/v2\/media?parent=34254"}],"wp:term":[{"taxonomy":"product_cat","embeddable":true,"href":"https:\/\/lacasadelamedicina.es\/no\/wp-json\/wp\/v2\/product_cat?post=34254"},{"taxonomy":"product_tag","embeddable":true,"href":"https:\/\/lacasadelamedicina.es\/no\/wp-json\/wp\/v2\/product_tag?post=34254"}],"curies":[{"name":"wp","href":"https:\/\/api.w.org\/{rel}","templated":true}]}}