{"id":34214,"date":"2024-08-09T14:01:55","date_gmt":"2024-08-09T14:01:55","guid":{"rendered":"https:\/\/lacasadelamedicina.es\/product\/kjop-jwh-200-pulver-pa-nett\/"},"modified":"2024-08-09T14:01:55","modified_gmt":"2024-08-09T14:01:55","slug":"kjop-jwh-200-pulver-pa-nett","status":"publish","type":"product","link":"https:\/\/lacasadelamedicina.es\/no\/produkt\/kjop-jwh-200-pulver-pa-nett\/","title":{"rendered":"Kj\u00f8p JWH-200 pulver p\u00e5 nett"},"content":{"rendered":"<h1 class=\"product_title entry-title\">Kj\u00f8p JWH-200 Powder Online<\/h1>\n<p> WH-200-pulver: JWH-200 er en cannabinoidreseptoragonist som tilh\u00f8rer den kjemiske aminoalkynylfamilien og brukes som smertestillende middel. JWH 200 er en cannabinoidreseptor (CB) ligand som er en aminoalk<a href=\"https:\/\/dieapotheke247.com\/\">ylind<\/a>ol. Den interagerer med CB1-reseptoren med betydelig affinitet (IC50 = 7,8-42 nM). Kj\u00f8p JWH-200 talkum. Kj\u00f8p JWH-200 Powder online &#8211; <a href=\"https:\/\/drlawsonspharmacy\/contact-us\/\">KONTAKT Kj\u00f8p JWH-200 Powder online<\/a> JWH 200 er en cannabinoidreseptor (CB) ligand som er en aminoalkylindol. Den har h\u00f8y affinitet for CB1-reseptoren (IC50 = 7,8-42 nM). Sammenlignet med 99-THC eller WIN 55.212 hadde JWH 200 minst like god effekt p\u00e5 bevegelsesaktivitet, halelatens, hypotermi og ringimmobilitetstesten.       <\/p>\n<h3 class=\"product_title entry-title\">Kj\u00f8p JWH-200 Powder p\u00e5 nett<\/h3>\n<p> Jeg vil gjerne introdusere deg til JWH-200 Powder, en bemerkelsesverdig forskningsforbindelse designet for \u00e5 hjelpe deg med \u00e5 fremme studiene dine i den interessante verden av syntetiske cannabinoider. JWH-200 Powder er den ideelle katalysatoren for banebrytende farmakologiske studier p\u00e5 grunn av sin bemerkelsesverdige renhet og kraftige egenskaper. JWH-200 Powder tilbyr forskerne et uovertruffent niv\u00e5 av konsistens og kvalitet ettersom det er produsert med stor presisjon ved bruk av toppmoderne synteseteknikker. Dette stoffet gir en sjelden mulighet til \u00e5 forst\u00e5 den komplekse funksjonen til det endocannabinoide systemet, siden det er en sv\u00e6rt selektiv aktivator av cannabinoidreseptorene. JWH-200 Powder er preget av sin eksepsjonelle stabilitet, som garanterer presis dosering og lange eksperimentelle tider. P\u00e5 grunn av sin l\u00f8selighet i en rekke vanlige l\u00f8semidler, er dette kjemikaliet tilpasningsdyktig og lett \u00e5 bruke i et bredt spekter av laboratoriesituasjoner. Kj\u00f8p JWH-200 pulver       <\/p>\n<h3><strong>Bestill JWH-200 Powder Online<\/strong><\/h3>\n<p> JWH-200 Powder kan brukes til \u00e5 utforske ulike studieomr\u00e5der, for eksempel nevrofarmakologi, smertebehandling og avhengighetsstudier. Dens allsidighet skaper nye muligheter for banebrytende oppdagelser som kan p\u00e5virke fremtidig utvikling av legemidler og behandling. P\u00e5 <span class=\"selectable-text copyable-text\">Dr Lawsons Pharmacy<\/span>, kundetilfredshet og sikkerhet er v\u00e5r h\u00f8yeste prioritet. For \u00e5 sikre at den oppfyller og overg\u00e5r industristandarder, g\u00e5r v\u00e5rt JWH-200-pulver gjennom strenge kvalitetskontrollprosedyrer. Vi f\u00f8lger strenge sikkerhetsretningslinjer og gir grundig dokumentasjon for \u00e5 sikre en jevn og sikker forskningsopplevelse.     &nbsp;<\/p>\n","protected":false},"excerpt":{"rendered":"<p>Kj\u00f8p JWH-200 pulver p\u00e5 nett. Et annet navn for denne forbindelsen er (1-(2-morfolin-4-yletyl)indol-3-yl)-naftalen-1-ylmetanon. Kj\u00f8p her. Vi bruker de beste forsendelses- og diskr\u00e9 pakketeknikker.    &nbsp;<\/p>\n","protected":false},"featured_media":18505,"comment_status":"closed","ping_status":"closed","template":"","meta":{"om_disable_all_campaigns":false,"_sitemap_exclude":false,"_sitemap_priority":"","_sitemap_frequency":"","_monsterinsights_skip_tracking":false,"_monsterinsights_sitenote_active":false,"_monsterinsights_sitenote_note":"","_monsterinsights_sitenote_category":0},"product_cat":[32020],"product_tag":[34712,34702,34694,34707,34697,34704,34696,34699,34713,34701,34714,34709,34711,34710,34705,34708,34703,34706,34698,34693,34700,34695],"class_list":{"0":"post-34214","1":"product","2":"type-product","3":"status-publish","4":"has-post-thumbnail","6":"product_cat-forskningskjemikalier-og-psykedelika","7":"product_tag-autentisk-jwh-200-pulver-europa","8":"product_tag-bestill-jwh-200-pulver-eu","9":"product_tag-bestill-jwh-200-pulver-online","10":"product_tag-billig-jwh-200-pulver-europa","11":"product_tag-effekter-av-jwh-200-pulver","12":"product_tag-hvor-kan-du-kjope-jwh-200-pulver-europa","13":"product_tag-hvor-kan-du-kjope-jwh-200-pulver-online","14":"product_tag-hvor-mye-er-jwh-200-pulver","15":"product_tag-jwh-200-powder-europe-leverandorer","16":"product_tag-jwh-200-pulver-beste-pris-europa","17":"product_tag-jwh-200-pulver-europa-anmeldelse","18":"product_tag-jwh-200-pulver-europa-butikk","19":"product_tag-jwh-200-pulver-europa-levering","20":"product_tag-jwh-200-pulver-europa-rabatt-no","21":"product_tag-jwh-200-pulver-europa-salg","22":"product_tag-jwh-200-pulver-europa-tilbud","23":"product_tag-jwh-200-pulver-gratis-frakt-europa","24":"product_tag-jwh-200-pulver-nettbutikk-europa","25":"product_tag-jwh-200-pulversalg-online","26":"product_tag-kjop-jwh-200-pulver","27":"product_tag-kjop-jwh-200-pulver-online-europa","28":"product_tag-kjop-jwh-200-pulver-pa-nett","30":"first","31":"instock","32":"shipping-taxable","33":"purchasable","34":"product-type-variable","35":"farmacie-col"},"aioseo_notices":[],"_links":{"self":[{"href":"https:\/\/lacasadelamedicina.es\/no\/wp-json\/wp\/v2\/product\/34214"}],"collection":[{"href":"https:\/\/lacasadelamedicina.es\/no\/wp-json\/wp\/v2\/product"}],"about":[{"href":"https:\/\/lacasadelamedicina.es\/no\/wp-json\/wp\/v2\/types\/product"}],"replies":[{"embeddable":true,"href":"https:\/\/lacasadelamedicina.es\/no\/wp-json\/wp\/v2\/comments?post=34214"}],"wp:featuredmedia":[{"embeddable":true,"href":"https:\/\/lacasadelamedicina.es\/no\/wp-json\/wp\/v2\/media\/18505"}],"wp:attachment":[{"href":"https:\/\/lacasadelamedicina.es\/no\/wp-json\/wp\/v2\/media?parent=34214"}],"wp:term":[{"taxonomy":"product_cat","embeddable":true,"href":"https:\/\/lacasadelamedicina.es\/no\/wp-json\/wp\/v2\/product_cat?post=34214"},{"taxonomy":"product_tag","embeddable":true,"href":"https:\/\/lacasadelamedicina.es\/no\/wp-json\/wp\/v2\/product_tag?post=34214"}],"curies":[{"name":"wp","href":"https:\/\/api.w.org\/{rel}","templated":true}]}}