{"id":34182,"date":"2024-08-09T14:01:55","date_gmt":"2024-08-09T14:01:55","guid":{"rendered":"https:\/\/lacasadelamedicina.es\/product\/kjop-crystal-meth-metamfetamin-pa-nett\/"},"modified":"2024-08-09T14:01:55","modified_gmt":"2024-08-09T14:01:55","slug":"kjop-crystal-meth-metamfetamin-pa-nett","status":"publish","type":"product","link":"https:\/\/lacasadelamedicina.es\/no\/produkt\/kjop-crystal-meth-metamfetamin-pa-nett\/","title":{"rendered":"Kj\u00f8p Crystal Meth (metamfetamin) p\u00e5 nett"},"content":{"rendered":"<h1>Kj\u00f8p Crystal Meth (metamfetamin) p\u00e5 nett<\/h1>\n<p> Det beste stedet \u00e5 bestille Crystal Meth (metamfetamin) er online. Crystal Meth kan n\u00e5 bestilles online og leveres neste dag. Crystal Meth (metamfetamin) i sin nyeste eller nyeste form er nesten helt ren. Kj\u00f8p Crystal Meth (metamfetamin) kan r\u00f8ykes gjennom glassr\u00f8r og har ingen lukt. If\u00f8lge forskning er det b\u00e5de mer d\u00f8delig og avhengighetsskapende enn crack og kokain. <a href=\"https:\/\/dieapotheke247.com\/\">effekter<\/a> kan vare i kroppen i 4 til 14 timer, avhengig av person. I l\u00f8pet av denne tiden opplever r\u00f8ykere et kraftig rush av metall og en tilstand av fysisk ekstase. Det er en behagelig f\u00f8lelse. I motsetning til dette \u00f8ker det \u00e5 bruke tunge shorts betydelig sannsynligheten for \u00e5 f\u00f8le seg deprimert, engstelig, rastl\u00f8s og til slutt utmattet. Kj\u00f8p Crystal Meth (metamfetamin) online &#8211; <a href=\"https:\/\/drlawsonspharmacy\/contact-us\/\">KONTAKT<\/a>         <\/p>\n<p><strong>Selv om du kan kj\u00f8pe Crystal Meth reseptfritt, m\u00e5 du v\u00e6re klar over at fortsatt bruk kan ha negative effekter p\u00e5 lever, lunger og nyrer, s\u00e5 du b\u00f8r regulere doseringen. Crystal Meth-kj\u00f8p p\u00e5 nett. Kj\u00f8p Crystal Meth Online, inkludert 4-MEC, Koop Crystal Meth og Kb Crystal Meth.  <\/strong><\/p>\n<h3><strong>Bestill Crystal Meth (metamfetamin) p\u00e5 nett<\/strong><\/h3>\n<p> Som andre sentralstimulerende midler som kokain eller cola, p\u00e5virker Crystal Meth dopaminniv\u00e5et i hjernen. Dens evne til \u00e5 etterligne noradrenalin er en ekstra fordel. For \u00e5 trene hjernen til \u00e5 trenge mer av begge for \u00e5 overleve, frigj\u00f8r nevroner mer av begge i mellomtiden. En persons mentale og fysiske stabilitet kan bli forstyrret av virkningene av meth-abstinens eller bakrus som varer i flere dager. Du b\u00f8r v\u00e6re klar over alle disse effektene n\u00e5r du kj\u00f8per meth p\u00e5 nettet. Andre gatenavn inkluderer Rock, LA Glass, Super Ice, Hot Ice og Hawaiian Salt. Ketamin er ogs\u00e5 tilgjengelig. Ketamine hcl crystal er ogs\u00e5 tilgjengelig n\u00e5 med rabatt. Online apotek tilbyr ofte crystal meth for salg. Du m\u00e5 imidlertid kjenne leverand\u00f8rene dine hvis du vil bestille ren meth. Bortsett fra renhet, hvor sikker er prosessen? Er du sikker p\u00e5 at leveringen av s\u00f8ppelet ditt vil skje? Vi er bedre p\u00e5 dette omr\u00e5det. Hver pakke kommer med en pengene-tilbake-garanti og sporingsinformasjon. Pakking og levering skjer diskret til hjem, gater og postbokser. Kj\u00f8p crystal meth p\u00e5 nett for \u00e5 kj\u00f8pe crystal meth p\u00e5 nett. Metamfetamin &#8211; Kj\u00f8p Crystal Meth, Kb, Kj\u00f8p Crystal Meth (metamfetamin) Online Crystal Meth, Kj\u00f8p 4-MEC Online, Crystal Meth (metamfetamin) for salg online                 &nbsp;<\/p>\n","protected":false},"excerpt":{"rendered":"<p>den beste butikken for \u00e5 kj\u00f8pe glass. Forel\u00f8pig kan du kj\u00f8pe crystal meth p\u00e5 nettet og f\u00e5 det levert dagen etter. Krystallmetamfetamin i sin nyeste eller nyeste form er praktisk talt helt rent. Den kan r\u00f8ykes i glasspiper og har ingen lukt. Vi tilbyr f\u00f8rsteklasses produkter med utmerket og diskr\u00e9 frakt. Med 12 \u00e5rs erfaring med \u00e5 levere forskningskjemikalier, er sikkerhet v\u00e5r f\u00f8rsteprioritet. Vi er p\u00e5litelige, p\u00e5litelige og tilbyr kun produkter av h\u00f8y kvalitet til konkurransedyktige priser.       &nbsp;<\/p>\n","protected":false},"featured_media":18040,"comment_status":"closed","ping_status":"closed","template":"","meta":{"om_disable_all_campaigns":false,"_sitemap_exclude":false,"_sitemap_priority":"","_sitemap_frequency":"","_monsterinsights_skip_tracking":false,"_monsterinsights_sitenote_active":false,"_monsterinsights_sitenote_note":"","_monsterinsights_sitenote_category":0},"product_cat":[32020],"product_tag":[34646,34636,34628,34641,34635,34643,34637,34645,34644,34639,34642,34648,34647,34640,34631,34630,34638,34633,34627,34634,34629,34632],"class_list":{"0":"post-34182","1":"product","2":"type-product","3":"status-publish","4":"has-post-thumbnail","6":"product_cat-forskningskjemikalier-og-psykedelika","7":"product_tag-autentisk-crystal-meth-metamfetamin-europa","8":"product_tag-bestill-crystal-meth-metamfetamin-eu","9":"product_tag-bestill-crystal-meth-metamfetamin-pa-nett","10":"product_tag-billig-crystal-meth-metamfetamin-europa","11":"product_tag-crystal-meth-metamfetamin-beste-pris-europa","12":"product_tag-crystal-meth-metamfetamin-europe-butikk","13":"product_tag-crystal-meth-metamfetamin-gratis-frakt-europa","14":"product_tag-crystal-meth-metamfetamin-levering-i-europa","15":"product_tag-crystal-meth-metamfetamin-rabatt-i-europa","16":"product_tag-crystal-meth-metamfetamin-salg-i-europa","17":"product_tag-crystal-meth-metamfetamin-avtaler-i-europa","18":"product_tag-crystal-meth-methamfetamin-europe-anmeldelse","19":"product_tag-crystal-meth-methamphetamine-europe-leverandorer","20":"product_tag-crystal-meth-methamphetamine-nettbutikk-europa","21":"product_tag-effekter-av-crystal-meth-metamfetamin","22":"product_tag-hvor-kan-du-kjope-crystal-meth-metamfetamin-pa-nettet","23":"product_tag-hvor-kan-jeg-kjope-crystal-meth-metamfetamin-europa","24":"product_tag-hvor-mye-koster-crystal-meth-metamfetamin","25":"product_tag-kjop-crystal-meth-metamfetamin","26":"product_tag-kjop-crystal-meth-metamfetamin-online-europa","27":"product_tag-kjop-crystal-meth-metamfetamin-pa-nett","28":"product_tag-salg-av-crystal-meth-metamfetamin-pa-nettet","30":"first","31":"instock","32":"shipping-taxable","33":"purchasable","34":"product-type-variable","35":"farmacie-col"},"aioseo_notices":[],"_links":{"self":[{"href":"https:\/\/lacasadelamedicina.es\/no\/wp-json\/wp\/v2\/product\/34182"}],"collection":[{"href":"https:\/\/lacasadelamedicina.es\/no\/wp-json\/wp\/v2\/product"}],"about":[{"href":"https:\/\/lacasadelamedicina.es\/no\/wp-json\/wp\/v2\/types\/product"}],"replies":[{"embeddable":true,"href":"https:\/\/lacasadelamedicina.es\/no\/wp-json\/wp\/v2\/comments?post=34182"}],"wp:featuredmedia":[{"embeddable":true,"href":"https:\/\/lacasadelamedicina.es\/no\/wp-json\/wp\/v2\/media\/18040"}],"wp:attachment":[{"href":"https:\/\/lacasadelamedicina.es\/no\/wp-json\/wp\/v2\/media?parent=34182"}],"wp:term":[{"taxonomy":"product_cat","embeddable":true,"href":"https:\/\/lacasadelamedicina.es\/no\/wp-json\/wp\/v2\/product_cat?post=34182"},{"taxonomy":"product_tag","embeddable":true,"href":"https:\/\/lacasadelamedicina.es\/no\/wp-json\/wp\/v2\/product_tag?post=34182"}],"curies":[{"name":"wp","href":"https:\/\/api.w.org\/{rel}","templated":true}]}}