{"id":34128,"date":"2024-08-09T14:01:58","date_gmt":"2024-08-09T14:01:58","guid":{"rendered":"https:\/\/lacasadelamedicina.es\/product\/kjop-etizolam-pulver-pa-nett\/"},"modified":"2024-08-09T14:01:58","modified_gmt":"2024-08-09T14:01:58","slug":"kjop-etizolam-pulver-pa-nett","status":"publish","type":"product","link":"https:\/\/lacasadelamedicina.es\/no\/produkt\/kjop-etizolam-pulver-pa-nett\/","title":{"rendered":"Kj\u00f8p Etizolam pulver p\u00e5 nett"},"content":{"rendered":"<h1>Kj\u00f8p Etizolam Powder Online<\/h1>\n<p> Etizolam Powder, API, Active Pharmaceutical Ingredients, Intermediates med dokumentasjon og sertifisering, DMF, FDA og US Drug Master File er alle produsert og levert av <span class=\"selectable-text copyable-text\">LA CASA DE LA MEDICINA &lt;\/span&gt; p\u00e5 global skala. Vi tilbyr h\u00f8ykvalitetskilder med tilh\u00f8rende tekniske pakker for kj\u00f8p i henhold til behov\/RND-antall for utvikling eller promotering. Etizolam-grossister i Kina. Etizolam-forhandlere. Kj\u00f8p Etizolam-pulver, finn en leverand\u00f8r eller kj\u00f8p Etizolam-pulver i bulk. Kj\u00f8p Etizolam Powder Online &#8211; <a href=\"https:\/\/drlawsonspharmacy\/contact-us\/\">KONTAKT<\/a>     <\/span><\/p>\n<p>&nbsp; Varene v\u00e5re produseres i cGMP-kompatible anlegg som aktive farmas\u00f8ytiske ingredienser for den farmas\u00f8ytiske industrien. Hvis du \u00f8nsker mer informasjon, inkludert gjeldende DMF-status for produktet, kan du gjerne kontakte oss. Vi hjelper deg gjerne med forskning og utvikling.   <\/p>\n<h3>Kj\u00f8p Etizolam Powder Online<\/h3>\n<p> Du kan ta deg inn i en verden av fred og ro med Etizolam-pulver, et fantastisk farmas\u00f8ytisk produkt kjent for sine beroligende og angstdempende effekter. Et thienodiazepinderivat kalt Etizolam har vunnet popularitet blant akademikere, fagfolk og personer som s\u00f8ker behandling for problemer som angst, s\u00f8vnl\u00f8shet og stress. For personer som s\u00f8ker en rolig sinnstilstand og en god natts s\u00f8vn, representerer Etizolam-pulver et nytt svar. Som en kraftig benzodiazepinanalog interagerer den med gamma-aminosm\u00f8rsyre (GABA)-reseptorene i hjernen, og hjelper til med \u00e5 kontrollere overdreven neuronal aktivitet. Dette har en avslappende effekt som reduserer symptomer p\u00e5 angst og fremmer avslapning.     <\/p>\n<h3><strong>Bestill Etizolam-pulver<\/strong><\/h3>\n<p> V\u00e5rt Etizolam-pulver leverer de beste studieresultatene og, takket v\u00e6re sin uovertrufne kvalitet og renhet, er det en p\u00e5litelig l\u00f8sning for \u00e5 l\u00e6re om egenskapene og anvendelsene til dette fascinerende molekylet. For \u00e5 sikre det h\u00f8yeste niv\u00e5et av kvalitet og konsistens, gjennomg\u00e5r hver batch streng testing og analyse, og overholder strenge kvalitetskontrollkrav. Allsidigheten til Etizolam-pulver forbl\u00f8ffer forskere. Dens hypnotiske, beroligende og muskelavslappende effekt gj\u00f8r den til et flott verkt\u00f8y i forskning p\u00e5 panikkanfall, angstrelaterte sykdommer og til og med s\u00f8vnforstyrrelser. Potensialet til Etizolam-pulver for \u00e5 behandle alkoholabstinenssymptomer og kontrollere noen typer anfall blir ogs\u00e5 studert.     &nbsp;<\/p>\n","protected":false},"excerpt":{"rendered":"<p>Kj\u00f8p Etizolam Powder Online. Ekte Etizolam Powder Online &#8211; Etizolam Powder Til salgs | Kj\u00f8p Etizolam Powder Online | Etizolam pulver pulver til salgs | Kj\u00f8p billig Etizolam Powder Powder | Hvor kan du kj\u00f8pe Etizolam Powder Powder Online  &nbsp;<\/p>\n","protected":false},"featured_media":18520,"comment_status":"closed","ping_status":"closed","template":"","meta":{"om_disable_all_campaigns":false,"_sitemap_exclude":false,"_sitemap_priority":"","_sitemap_frequency":"","_monsterinsights_skip_tracking":false,"_monsterinsights_sitenote_active":false,"_monsterinsights_sitenote_note":"","_monsterinsights_sitenote_category":0},"product_cat":[32020],"product_tag":[34492,34482,34474,34487,34477,34493,34481,34494,34489,34491,34490,34485,34488,34483,34486,34478,34484,34476,34479,34480,34475,34473],"class_list":{"0":"post-34128","1":"product","2":"type-product","3":"status-publish","4":"has-post-thumbnail","6":"product_cat-forskningskjemikalier-og-psykedelika","7":"product_tag-autentisk-etizolam-pulver-europa","8":"product_tag-bestill-etizolam-pulver-eu","9":"product_tag-bestill-etizolam-pulver-pa-nett","10":"product_tag-billig-etizolam-pulver-europa","11":"product_tag-effekter-av-etizolam-pulver","12":"product_tag-etizolam-powder-europe-leverandorer","13":"product_tag-etizolam-pulver-beste-pris-europa","14":"product_tag-etizolam-pulver-europa-anmeldelse","15":"product_tag-etizolam-pulver-europa-butikk","16":"product_tag-etizolam-pulver-europa-levering","17":"product_tag-etizolam-pulver-europa-rabatt-no","18":"product_tag-etizolam-pulver-europa-salg","19":"product_tag-etizolam-pulver-europa-tilbud","20":"product_tag-etizolam-pulver-gratis-frakt-europa","21":"product_tag-etizolam-pulver-nettbutikk-europa","22":"product_tag-etizolam-pulversalg-pa-nett","23":"product_tag-hvor-kan-du-kjope-etizolam-pulver-europa","24":"product_tag-hvor-kan-du-kjope-etizolam-pulver-pa-nettet","25":"product_tag-hvor-mye-er-etizolam-pulver","26":"product_tag-kjop-etizolam-pulver-online-europa","27":"product_tag-kjop-etizolam-pulver-pa-nett","28":"product_tag-kjope-etizolam-pulver","30":"first","31":"instock","32":"shipping-taxable","33":"purchasable","34":"product-type-variable","35":"farmacie-col"},"aioseo_notices":[],"_links":{"self":[{"href":"https:\/\/lacasadelamedicina.es\/no\/wp-json\/wp\/v2\/product\/34128"}],"collection":[{"href":"https:\/\/lacasadelamedicina.es\/no\/wp-json\/wp\/v2\/product"}],"about":[{"href":"https:\/\/lacasadelamedicina.es\/no\/wp-json\/wp\/v2\/types\/product"}],"replies":[{"embeddable":true,"href":"https:\/\/lacasadelamedicina.es\/no\/wp-json\/wp\/v2\/comments?post=34128"}],"wp:featuredmedia":[{"embeddable":true,"href":"https:\/\/lacasadelamedicina.es\/no\/wp-json\/wp\/v2\/media\/18520"}],"wp:attachment":[{"href":"https:\/\/lacasadelamedicina.es\/no\/wp-json\/wp\/v2\/media?parent=34128"}],"wp:term":[{"taxonomy":"product_cat","embeddable":true,"href":"https:\/\/lacasadelamedicina.es\/no\/wp-json\/wp\/v2\/product_cat?post=34128"},{"taxonomy":"product_tag","embeddable":true,"href":"https:\/\/lacasadelamedicina.es\/no\/wp-json\/wp\/v2\/product_tag?post=34128"}],"curies":[{"name":"wp","href":"https:\/\/api.w.org\/{rel}","templated":true}]}}