{"id":34095,"date":"2024-08-09T14:01:59","date_gmt":"2024-08-09T14:01:59","guid":{"rendered":"https:\/\/lacasadelamedicina.es\/product\/kjop-5f-mdmb-2201-krystaller-pa-nett\/"},"modified":"2024-09-19T13:06:53","modified_gmt":"2024-09-19T13:06:53","slug":"kjop-5f-mdmb-2201-krystaller-pa-nett","status":"publish","type":"product","link":"https:\/\/lacasadelamedicina.es\/no\/produkt\/kjop-5f-mdmb-2201-krystaller-pa-nett\/","title":{"rendered":"Kj\u00f8p 5f MDMB 2201 krystaller p\u00e5 nett"},"content":{"rendered":"<h1>Kj\u00f8p 5f MDMB 2201 krystaller p\u00e5 nett<\/h1>\n<p> Kj\u00f8p 5f MDMB 2201 krystaller p\u00e5 nett. Kj\u00f8p 5f MDMB 2201-krystaller p\u00e5 nettet &#8211; <a href=\"https:\/\/drlawsonspharmacy\/contact-us\/\">KONTAKT<\/a> Vi begynner \u00e5 oppdage et indazol-3-karboksamid i syntetiske cannabisprodukter over hele verden. Farmakologi: 5F-MDMB-2201 er kjent for \u00e5 v\u00e6re en sv\u00e6rt potent CB1-agonist, men det er uklart om den ogs\u00e5 er sv\u00e6rt selektiv for CB1 eller om den i det hele tatt er selektiv. Ytterligere <a href=\"https:\/\/dieapotheke247.com\/\">testing i dette omr\u00e5det er n\u00f8dvendig.<\/a> Lignende forbindelser: 5F-AB-PINACA PX-3 MDMB-FUBINACA MDMB-CHMICA APINACA APICA ADB-PINACA ADBICA ADB- FUBINACA ADB-CHMINACA AB-PINACA AB-FUBINACA AB-CHMINACA AB-CHFUPYCA 5F-APINACA 5F-AMB Lovlighet: 5F-MDMB-2201 er forel\u00f8pig ikke anerkjent som et forbudt stoff i noen st\u00f8rre nasjon eller jurisdiksjon, men kan betraktes som en lignende forbindelse til 5F-ADB. Derfor b\u00f8r det utvises forsiktighet ved import av dette stoffet, da salg eller besittelse av dette stoffet kan v\u00e6re ulovlig i enkelte land. 5F-MDMB-2201 er ikke egnet for menneske- eller dyrekonsum, da den kun leveres som et forskningskjemikalie. Den skal kun brukes i laboratorie- eller rettsmedisinske omgivelser av kvalifiserte personer. Vi introduserer 5F MDMB-2201 Crystals, et revolusjonerende produkt som \u00e5pner d\u00f8ren til banebrytende studier p\u00e5 syntetiske cannabinoider. 5F MDMB-2201-krystaller er de ideelle katalysatorene for \u00e5 frigj\u00f8re det maksimale potensialet til dine vitenskapelige bestrebelser p\u00e5 grunn av deres uovertrufne styrke og overlegne renhet. V\u00e5re 5F MDMB-2201-krystaller er omhyggelig syntetisert og h\u00e5ndlaget ved hjelp av toppmoderne metoder, og sikrer et produkt med uovertruffen konsistens og renhet som lar forskere utforske de komplekse funksjonene til det endocannabinoide systemet med sikkerhet og n\u00f8yaktighet.          <\/p>\n<h3>Kj\u00f8p 5F MDMB 2201 krystaller p\u00e5 nett<\/h3>\n<p> N\u00e5r 5F MDMB-2201-krystaller n\u00e5r sitt fulle potensial, oppst\u00e5r det mange forskningsmuligheter. Dette stoffet gir en sjelden sjanse til \u00e5 studere og forst\u00e5 interaksjonen mellom det endocannabinoide systemet og en rekke fysiologiske prosesser, inkludert smertebehandling, nevrofarmakologi og avhengighetsforskning. Det er en kraftig agonist av cannabinoidreseptorer. Den enest\u00e5ende stabiliteten og styrken til 5F MDMB-2201-krystaller er \u00e5rsaken til deres eksepsjonelle kvalitet. Denne stabiliteten gir n\u00f8yaktig dosering og konsistente resultater, slik at forskere kan utf\u00f8re lange unders\u00f8kelser med sikkerhet. Krystallene er ogs\u00e5 sv\u00e6rt l\u00f8selige i en rekke vanlige l\u00f8sningsmidler, noe som gj\u00f8r dem enkle \u00e5 inkorporere i ulike laboratorieteknikker.      <\/p>\n<h3>Kj\u00f8p 5f MDMB 2201 krystaller p\u00e5 nett<\/h3>\n<p> P\u00e5 <span class=\"selectable-text copyable-text\">Dr Lawsons Pharmacy<\/span>, kundetilfredshet og sikkerhet er v\u00e5r h\u00f8yeste prioritet. For \u00e5 sikre samsvar med de h\u00f8yeste industristandardene gjennomg\u00e5r v\u00e5re 5F MDMB-2201-krystaller strenge kvalitetskontrollprosedyrer. Vi f\u00f8lger sikkerhetsprosedyrene strengt og gir omfattende dokumentasjon for \u00e5 hjelpe deg med studieprosessen. V\u00e6r oppmerksom p\u00e5 at 5F MDMB-2201-krystaller kun er for studieform\u00e5l og b\u00f8r ikke under noen omstendigheter konsumeres av mennesker. N\u00e5r du arbeider med dette kjemikaliet, er det viktig at du f\u00f8lger lokale lover og moralske normer.     &nbsp;<\/p>\n","protected":false},"excerpt":{"rendered":"<p>Kj\u00f8p 5F-MDMB 2201 krystaller p\u00e5 nett. 5F-MDMB-2201 er en syntetisk cannabinoid fra indazolfamilien som er bemerkelsesverdig lik den mer popul\u00e6re 5F-MDMB-PINACA.  &nbsp;<\/p>\n","protected":false},"featured_media":18580,"comment_status":"closed","ping_status":"closed","template":"","meta":{"om_disable_all_campaigns":false,"_sitemap_exclude":false,"_sitemap_priority":"","_sitemap_frequency":"","_monsterinsights_skip_tracking":false,"_monsterinsights_sitenote_active":false,"_monsterinsights_sitenote_note":"","_monsterinsights_sitenote_category":0},"product_cat":[32020],"product_tag":[34422,34415,34428,34423,34427,34425,34424,34419,34417,34420,34426,34416,34410,34421,34411,34418,34409,34413,34407,34414,34408,34412],"class_list":{"0":"post-34095","1":"product","2":"type-product","3":"status-publish","4":"has-post-thumbnail","6":"product_cat-forskningskjemikalier-og-psykedelika","7":"product_tag-5f-mdmb-2201-crystals-europe-tilbud","8":"product_tag-5f-mdmb-2201-krystaller-beste-pris-europa","9":"product_tag-5f-mdmb-2201-krystaller-europa-anmeldelse","10":"product_tag-5f-mdmb-2201-krystaller-europa-butikk","11":"product_tag-5f-mdmb-2201-krystaller-europa-leverandorer","12":"product_tag-5f-mdmb-2201-krystaller-europa-levering","13":"product_tag-5f-mdmb-2201-krystaller-europa-rabatt","14":"product_tag-5f-mdmb-2201-krystaller-europa-salg","15":"product_tag-5f-mdmb-2201-krystaller-gratis-frakt-europa","16":"product_tag-5f-mdmb-2201-krystaller-nettbutikk-europa","17":"product_tag-autentiske-5f-mdmb-2201-krystaller-europa","18":"product_tag-bestill-5f-mdmb-2201-krystaller-eu","19":"product_tag-bestill-5f-mdmb-2201-krystaller-online","20":"product_tag-billige-5f-mdmb-2201-krystaller-europa","21":"product_tag-effekter-av-5f-mdmb-2201-krystaller","22":"product_tag-hvor-kan-du-kjope-5f-mdmb-2201-krystaller-europa","23":"product_tag-hvor-kan-du-kjope-5f-mdmb-2201-krystaller-online","24":"product_tag-hvor-mye-er-5f-mdmb-2201-krystaller","25":"product_tag-kjop-5f-mdmb-2201-krystaller","26":"product_tag-kjop-5f-mdmb-2201-krystaller-online-europa","27":"product_tag-kjop-5f-mdmb-2201-krystaller-pa-nett","28":"product_tag-salg-av-5f-mdmb-2201-krystaller-pa-nett","30":"first","31":"instock","32":"shipping-taxable","33":"purchasable","34":"product-type-variable","35":"farmacie-col"},"aioseo_notices":[],"_links":{"self":[{"href":"https:\/\/lacasadelamedicina.es\/no\/wp-json\/wp\/v2\/product\/34095"}],"collection":[{"href":"https:\/\/lacasadelamedicina.es\/no\/wp-json\/wp\/v2\/product"}],"about":[{"href":"https:\/\/lacasadelamedicina.es\/no\/wp-json\/wp\/v2\/types\/product"}],"replies":[{"embeddable":true,"href":"https:\/\/lacasadelamedicina.es\/no\/wp-json\/wp\/v2\/comments?post=34095"}],"wp:featuredmedia":[{"embeddable":true,"href":"https:\/\/lacasadelamedicina.es\/no\/wp-json\/wp\/v2\/media\/18580"}],"wp:attachment":[{"href":"https:\/\/lacasadelamedicina.es\/no\/wp-json\/wp\/v2\/media?parent=34095"}],"wp:term":[{"taxonomy":"product_cat","embeddable":true,"href":"https:\/\/lacasadelamedicina.es\/no\/wp-json\/wp\/v2\/product_cat?post=34095"},{"taxonomy":"product_tag","embeddable":true,"href":"https:\/\/lacasadelamedicina.es\/no\/wp-json\/wp\/v2\/product_tag?post=34095"}],"curies":[{"name":"wp","href":"https:\/\/api.w.org\/{rel}","templated":true}]}}