{"id":33969,"date":"2024-08-09T14:01:59","date_gmt":"2024-08-09T14:01:59","guid":{"rendered":"https:\/\/lacasadelamedicina.es\/product\/kjop-amfetaminpulver-pa-nett\/"},"modified":"2024-09-19T13:07:36","modified_gmt":"2024-09-19T13:07:36","slug":"kjop-amfetaminpulver-pa-nett","status":"publish","type":"product","link":"https:\/\/lacasadelamedicina.es\/no\/produkt\/kjop-amfetaminpulver-pa-nett\/","title":{"rendered":"Kj\u00f8p amfetaminpulver p\u00e5 nett"},"content":{"rendered":"<h1>Kj\u00f8p amfetaminpulver p\u00e5 nett<\/h1>\n<p> Kj\u00f8p amfetaminpulver p\u00e5 nett. Bestill amfetaminpulver online fra Storbritannia, Europa eller EU. Amfetaminpulver: Siden amfetamin er stimulerende <a href=\"https:\/\/dieapotheke247.com\/\">narkotika<\/a>, de fremskynder kommunikasjonen mellom hjernen og kroppen. Kj\u00f8p amfetaminpulver p\u00e5 nett &#8211; <a href=\"https:\/\/drlawsonspharmacy\/contact-us\/\">KONTAKT<\/a> Siden amfetamin er sentralstimulerende stoffer, \u00f8ker de overf\u00f8ringen av meldinger mellom hjernen og kroppen. Informasjon om effekter og helsekonsekvenser av amfetaminpulver kan ogs\u00e5 v\u00e6re av interesse for deg. Det kan ligne p\u00e5 mange andre rusmidler. For \u00e5 behandle tilstander som oppmerksomhetsunderskudd hyperaktivitetsforstyrrelse (ADHD) og narkolepsi (ukontrollert behov for s\u00f8vn), kan leger lovlig foreskrive visse former for amfetamin. Speed \u200b\u200bog annet amfetamin produseres og selges ulovlig. Et annet faktaark er dedikert til krystallmetamfetamin (is), som er den sterkere formen. Amfetamin kan ha mange forskjellige former. Disse stoffene kan v\u00e6re i pulver-, tablett-, krystall- og pilleform. N\u00e5r de selges ulovlig, kan de v\u00e6re inneholdt i &laquo;folie&raquo; (aluminiumsfolie), plastposer eller bittesm\u00e5 ballonger. Amfetaminpulver kan ha hvilken som helst farge, fra hvit til brun, noen ganger med gr\u00e5 eller rosa striper. Den smaker bittert og har en skarp aroma. St\u00f8rrelsen og fargen p\u00e5 amfetaminkapsler og tabletter varierer sterkt. Amfetamin &#8211; Ulovlig fremstilt amfetamin kan inneholde en kombinasjon av andre stoffer, bindemidler, koffein og sukker. Det er ogs\u00e5 mulig \u00e5 introdusere nye psykoaktive stoffer.                 <\/p>\n<h3>Slangenavn<\/h3>\n<p> Hastighet, rask, h\u00f8y, \u00f8vre, louee, goey, whiz. <\/p>\n<h3><\/h3>\n<p> Hvordan brukes de? Amfetamin blir vanligvis svelget, injisert eller r\u00f8ykt. De blir ogs\u00e5 sn\u00f8ftet.   <\/p>\n<h2>Effekter av amfetamin<\/h2>\n<p> Amfetamin p\u00e5virker alle forskjellig, basert p\u00e5: <\/p>\n<ul>\n<li>\n \t<\/li>\n<li>H\u00f8yde, vekt og helse<\/li>\n<li>Om personen er vant til \u00e5 ta det<\/li>\n<li>Om andre medisiner tas samtidig<\/li>\n<li>Bel\u00f8pet som er tatt<\/li>\n<li>Legemidlets styrke (varierer fra batch til batch for ulovlig produserte legemidler)<\/li>\n<\/ul>\n<h2>Kj\u00f8p amfetaminpulver p\u00e5 nett<\/h2>\n<p> Amfetamin kan ha en umiddelbar effekt n\u00e5r de injiseres eller r\u00f8ykes, mens de kan tre i kraft innen 30 minutter n\u00e5r de sn\u00f8res eller svelges. F\u00f8lgende effekter kan oppst\u00e5:  <\/p>\n<ul>\n<li>Lykke og selvtillit<\/li>\n<li>Snakk mer og f\u00f8l deg full av energi<\/li>\n<li>Gjenta enkle ting som kl\u00f8e og kl\u00f8ing<\/li>\n<li>Store pupiller og t\u00f8rr munn<\/li>\n<li>Rask hjerterytme og rask pust<\/li>\n<li>Sliping av tenner<\/li>\n<li>Redusert appetitt<\/li>\n<li>Overdreven svetting<\/li>\n<li>\u00d8kt sexlyst<\/li>\n<\/ul>\n<p>&nbsp;<\/p>\n<h3>Overdose<\/h3>\n<p> En overdose kan ogs\u00e5 oppst\u00e5 hvis en stor mengde eller en stor batch konsumeres. Ved \u00e5 sl\u00e5 trippel null (000), b\u00f8r ambulanse sendes umiddelbart hvis noen av f\u00f8lgende symptomer oppst\u00e5r. Det er ikke n\u00f8dvendig for n\u00f8detatene \u00e5 ringe politiet.   <\/p>\n<ul>\n<li>Racing hjerteslag<\/li>\n<li>Passer<\/li>\n<li>Besvimelse<\/li>\n<li>Hjerneslag, hjerteinfarkt og d\u00f8d<\/li>\n<\/ul>\n<p> Snysing av amfetamin kan skade nesegangen og for\u00e5rsake neseblod. \u00c5 injisere amfetamin og dele n\u00e5ler kan \u00f8ke risikoen:  <\/p>\n<ul>\n<li>Hepatitt B<\/li>\n<li>Hepatitt C<\/li>\n<li>HIV\/AIDS<\/li>\n<li>Tetanus<\/li>\n<\/ul>\n<p>&nbsp;<\/p>\n<h3>Kommer ned<\/h3>\n<p> F\u00f8lgende effekter kan oppst\u00e5 i l\u00f8pet av 2 til 4 dager etter inntak av amfetamin: <\/p>\n<ul>\n<li>Urolig s\u00f8vn og utmattelse<\/li>\n<li>Hodepine<\/li>\n<li>Svimmelhet og t\u00e5kesyn<\/li>\n<li>Paranoia, hallusinasjoner og forvirring<\/li>\n<li>Irritabilitet, hum\u00f8rsvingninger og depresjon<\/li>\n<\/ul>\n<p> Bruk av depressive medisiner for \u00e5 lindre \u00abcome-down\u00bb-effektene, som alkohol, benzodiazepiner eller cannabis, kan skape en syklus av avhengighet av begge typer stoffer. &nbsp;<\/p>\n<h3>Langtidseffekter<\/h3>\n<p> Regelmessig bruk av amfetamin kan til slutt for\u00e5rsake f\u00f8lgende: <\/p>\n<ul>\n<li>Redusert appetitt og ekstremt vekttap<\/li>\n<li>Urolig s\u00f8vn<\/li>\n<li>Munnt\u00f8rrhet og tannproblemer<\/li>\n<li>Regelmessig forkj\u00f8lelse og influensa<\/li>\n<li>Vansker med \u00e5 konsentrere seg<\/li>\n<li>Pustevansker<\/li>\n<li>Muskelstivhet<\/li>\n<li>Angst og paranoia<\/li>\n<li>Depresjon<\/li>\n<li>Hjerte- og nyreproblemer<\/li>\n<li>\u00d8kt risiko for hjerneslag<\/li>\n<li>Mer m\u00e5 brukes for \u00e5 oppn\u00e5 samme effekt<\/li>\n<li>Avhengighet av amfetamin<\/li>\n<li>\u00d8konomiske, faglige og sosiale problemer<\/li>\n<\/ul>\n<p>&nbsp;<\/p>\n<h3>Kj\u00f8p amfetaminpulver p\u00e5 nett &#8211; amfetaminpsykose<\/h3>\n<p> En \u00abamfetaminpsykose\u00bb, som er preget av paranoide vrangforestillinger, hallusinasjoner og uvanlig aggressiv eller voldelig oppf\u00f8rsel, kan ogs\u00e5 skyldes h\u00f8ye doser og regelmessig tung bruk. Etter at brukeren har sluttet \u00e5 ta amfetamin, forsvinner disse symptomene vanligvis i l\u00f8pet av f\u00e5 dager.  &nbsp;<\/p>\n<h3>Blanding av amfetamin med andre rusmidler<\/h3>\n<p> Amfetamin kan ha uforutsigbare og alvorlige bivirkninger n\u00e5r de kombineres med andre medisiner, inkludert reseptfrie eller reseptbelagte legemidler, og kan f\u00f8re til f\u00f8lgende: En kombinasjon av ulike antidepressiva og amfetamin kan \u00f8ke blodtrykket, noe som \u00f8ker risikoen for hjertesvikt. , hjerneslag og hjertearytmier.4 Amfetamin i kombinasjon med alkohol, marihuana eller benzodiazepiner kan f\u00f8re til en overdose, da kroppen m\u00e5 takle motvirkningene av de to typene stoffer.  <\/p>\n<h4><em><strong>Bestill amfetaminpulver<\/strong><\/em><\/h4>\n<h2>Utbetaling<\/h2>\n<p> Etter langvarig bruk av amfetamin kan det v\u00e6re vanskelig \u00e5 slutte, da kroppen trenger tid til \u00e5 omstille seg til livet uten amfetamin. Etter en uke skal abstinenssymptomene avta og etter en m\u00e5ned skal de stort sett v\u00e6re borte. Disse tegnene inkluderer:   <\/p>\n<ul>\n<li>Sugen p\u00e5 amfetamin<\/li>\n<li>\u00d8kt appetitt<\/li>\n<li>Forvirring og irritabilitet<\/li>\n<li>Smerter og plager<\/li>\n<li>Utmattelse<\/li>\n<li>Urolig s\u00f8vn og mareritt<\/li>\n<li>Angst, depresjon og paranoia<\/li>\n<li><strong>Vet du hvor du kan kj\u00f8pe amfetaminpulver<\/strong>amfetaminpulver til salgs, amfetaminpulver til salgs, dosering av amfetaminpulver, hvordan lage amfetaminpulver, hvor kan jeg kj\u00f8pe amfetaminpulver p\u00e5 nett, hvor kan man f\u00e5 tak i amfetamin? pulver, hva er amfetaminpulver? Amfetaminpulver av h\u00f8y kvalitet til salgs. Alle disse \u00e5pne sp\u00f8rsm\u00e5lene kan besvares av oss. Bare ta en titt p\u00e5 nettsiden v\u00e5r s\u00e5 f\u00e5r du svar p\u00e5 hvordan og hvor du kan kj\u00f8pe amfetaminpulver p\u00e5 nett. Hva med amfetaminpulver? Vet du ogs\u00e5 hvor du kan kj\u00f8pe amfetaminpulver p\u00e5 nettet? Kj\u00f8p amfetaminpulver for salg, hvordan lager man amfetaminpulver, hvordan ser amfetaminpulver ut, gatepris p\u00e5 amfetaminpulver, pris p\u00e5 amfetaminpulver, hvor kan man kj\u00f8pe amfetaminpulver, ren krystall meth, hvor kan jeg kj\u00f8pe kamfetaminpulver p\u00e5 nett, kj\u00f8pe rent amfetaminpulver p\u00e5 nett .       <\/li>\n<\/ul>\n<p> Det er helt forst\u00e5elig at enkeltpersoner ikke umiddelbart aksepterer kvaliteten p\u00e5 amfetaminpulver som tilbys p\u00e5 nettet fordi de ikke fysisk kan se det. Dette er imidlertid ikke tilfelle med nettleverand\u00f8rer av amfetaminpulver. Produktene som tilbys her er en n\u00f8yaktig representasjon av hva de er, med f\u00f8rsteklasses vedlikehold utf\u00f8rt under profesjonelt tilsyn. Rask &amp;amp; Diskret frakt: N\u00e5r bestillingen er mottatt, vil amfetaminpulveret p\u00e5 nett bli levert s\u00e5 snart det er bekreftet. Fraktteamet gj\u00f8r alt for \u00e5 sikre at frakt- og leveringsprosessen er rask og enkel. N\u00e5r du kj\u00f8per amfetaminpulver p\u00e5 nettet fra den kvalifiserte selgeren p\u00e5 nettmarkedet, kan du ogs\u00e5 forvente eksepsjonelle tjenester. Kj\u00f8p amfetaminpulver p\u00e5 nett       <\/p>\n<h3>Kj\u00f8p amfetaminpulver p\u00e5 nett<\/h3>\n<p>&nbsp;<\/p>\n","protected":false},"excerpt":{"rendered":"<p>Sentralnervesystemet (hjerne- og ryggmargsnerver) blir sterkt stimulert av amfetaminpulver, som brukes medisinsk til \u00e5 behandle ulike sykdommer. I tillegg har den en lang historie med misbruk og er ganske vanedannende. Attention Deficit Hyperactivity Disorder er medisinsk behandlet med amfetaminpulver.   &nbsp;<\/p>\n","protected":false},"featured_media":18070,"comment_status":"closed","ping_status":"closed","template":"","meta":{"om_disable_all_campaigns":false,"_sitemap_exclude":false,"_sitemap_priority":"","_sitemap_frequency":"","_monsterinsights_skip_tracking":false,"_monsterinsights_sitenote_active":false,"_monsterinsights_sitenote_note":"","_monsterinsights_sitenote_category":0},"product_cat":[32020],"product_tag":[34282,34295,34290,34292,34291,34286,34289,34284,34287,34293,34283,34275,34288,34278,34285,34277,34280,34281,34276,34274,34294,34279],"class_list":{"0":"post-33969","1":"product","2":"type-product","3":"status-publish","4":"has-post-thumbnail","6":"product_cat-forskningskjemikalier-og-psykedelika","7":"product_tag-amfetaminpulver-beste-pris-europa","8":"product_tag-amfetaminpulver-europa-anmeldelse","9":"product_tag-amfetaminpulver-europa-butikk","10":"product_tag-amfetaminpulver-europa-levering","11":"product_tag-amfetaminpulver-europa-rabatt","12":"product_tag-amfetaminpulver-europa-salg","13":"product_tag-amfetaminpulver-europa-tilbud","14":"product_tag-amfetaminpulver-gratis-frakt-europa","15":"product_tag-amfetaminpulver-nettbutikk-europa","16":"product_tag-autentisk-amfetaminpulver-europa","17":"product_tag-bestill-amfetaminpulver-eu","18":"product_tag-bestill-amfetaminpulver-pa-nett","19":"product_tag-billig-amfetaminpulver-europa","20":"product_tag-effekter-av-amfetaminpulver","21":"product_tag-hvor-kan-man-kjope-amfetaminpulver-europa","22":"product_tag-hvor-kan-man-kjope-amfetaminpulver-pa-nett","23":"product_tag-hvor-mye-er-amfetaminpulver","24":"product_tag-kjop-amfetaminpulver-online-europa","25":"product_tag-kjop-amfetaminpulver-pa-nett","26":"product_tag-kjope-amfetaminpulver","27":"product_tag-leverandorer-av-amfetaminpulver-i-europa","28":"product_tag-salg-av-amfetaminpulver-pa-nett","30":"first","31":"instock","32":"shipping-taxable","33":"purchasable","34":"product-type-variable","35":"farmacie-col"},"aioseo_notices":[],"_links":{"self":[{"href":"https:\/\/lacasadelamedicina.es\/no\/wp-json\/wp\/v2\/product\/33969"}],"collection":[{"href":"https:\/\/lacasadelamedicina.es\/no\/wp-json\/wp\/v2\/product"}],"about":[{"href":"https:\/\/lacasadelamedicina.es\/no\/wp-json\/wp\/v2\/types\/product"}],"replies":[{"embeddable":true,"href":"https:\/\/lacasadelamedicina.es\/no\/wp-json\/wp\/v2\/comments?post=33969"}],"wp:featuredmedia":[{"embeddable":true,"href":"https:\/\/lacasadelamedicina.es\/no\/wp-json\/wp\/v2\/media\/18070"}],"wp:attachment":[{"href":"https:\/\/lacasadelamedicina.es\/no\/wp-json\/wp\/v2\/media?parent=33969"}],"wp:term":[{"taxonomy":"product_cat","embeddable":true,"href":"https:\/\/lacasadelamedicina.es\/no\/wp-json\/wp\/v2\/product_cat?post=33969"},{"taxonomy":"product_tag","embeddable":true,"href":"https:\/\/lacasadelamedicina.es\/no\/wp-json\/wp\/v2\/product_tag?post=33969"}],"curies":[{"name":"wp","href":"https:\/\/api.w.org\/{rel}","templated":true}]}}