{"id":33809,"date":"2024-08-09T14:01:59","date_gmt":"2024-08-09T14:01:59","guid":{"rendered":"https:\/\/lacasadelamedicina.es\/product\/kjop-acetyl-fentanyl-powder-99-ren-online\/"},"modified":"2024-09-19T08:35:01","modified_gmt":"2024-09-19T08:35:01","slug":"kjop-acetyl-fentanyl-powder-99-ren-online","status":"publish","type":"product","link":"https:\/\/lacasadelamedicina.es\/no\/produkt\/kjop-acetyl-fentanyl-powder-99-ren-online\/","title":{"rendered":"Kj\u00f8p Acetyl Fentanyl Powder (99%+ ren) online"},"content":{"rendered":"<h3>Kj\u00f8p Acetyl Fentanyl Powder (99%+ Pure) Online<\/h3>\n<p> Kj\u00f8p Acetyl Fentanyl i pulverform. Det er fem ganger sterkere enn heroin og er klassifisert som et opioid. Det brukes til \u00e5 behandle alvorlige, vedvarende smerter som ikke reagerer p\u00e5 andre medisiner. Denne medisinen er et kraftig narkotisk smertestillende middel. <strong>Kj\u00f8p Acetyl Fentanyl Powder (99%+ Pure) Online<\/strong>&#8211; <a href=\"https:\/\/drlawsonspharmacy\/contact-us\/\">KONTAKT<\/a> Akrylfentanylpulver (99 % + rent) til salgs Acetylfentanyl er et opioidanalgetikum som fungerer p\u00e5 samme m\u00e5te som fentanyl n\u00e5r det gjelder smertelindring. Acetylfentanyl er opptil 80 ganger sterkere enn morfin og mellom 5 og 40 ganger sterkere enn heroin. Det er 15 ganger sterkere enn fentanyl. Acetyl Fentanyl Powder, et n\u00f8ye syntetisert stoff som har et eksepsjonelt niv\u00e5 av renhet, kan hjelpe deg \u00e5 realisere det fulle potensialet til forskningen din. Med en renhet p\u00e5 mer enn 99 %, muliggj\u00f8r dette eksepsjonelle produktet banebrytende forskning innen farmas\u00f8ytisk forskning og analyse. Acetyl Fentanyl Powder, avledet fra det velkjente opioidfentanylet, har kraftige smertestillende egenskaper som gj\u00f8r det til et viktig verkt\u00f8y for forskere som studerer smertekontroll, opioidreseptorer og relaterte omr\u00e5der. P\u00e5 grunn av dens h\u00f8ye renhet kan du studere de komplekse virkem\u00e5tene til opioidforbindelser i dybden med tillit til n\u00f8yaktige og p\u00e5litelige resultater.          <\/p>\n<h3>Kj\u00f8p Acetyl Fentanyl Powder (99%+ ren) online<\/h3>\n<p> Renhet og konsistens er avgj\u00f8rende i forskning og <span class=\"selectable-text copyable-text\">Dr Lawsons Pharmacy<\/span> forst\u00e5r dette. Det er derfor v\u00e5rt Acetyl Fentanyl Powder er produsert ved hjelp av de nyeste synteseteknikkene og gjennomg\u00e5r strenge kvalitetskontrolltester. For \u00e5 sikre reproduserbarhet og p\u00e5litelighet i forskningen din, streber vi etter \u00e5 levere et produkt som oppfyller og overg\u00e5r de h\u00f8yeste industristandardene. Den h\u00f8ye renheten til v\u00e5rt acetylfentanylpulver tillater presis dosering og kontrollert testing, noe som gir deg selvtilliten du trenger for \u00e5 utf\u00f8re grundig forskning. Produktet v\u00e5rt er lett l\u00f8selig i vanlige l\u00f8semidler, noe som gj\u00f8r det enkelt \u00e5 h\u00e5ndtere og egnet for en rekke vitenskapelige bruksomr\u00e5der.     <\/p>\n<h3><strong>Bestill Acetyl Fentanyl Pulver (99%+ ren)<\/strong><\/h3>\n<p> Sikkerhet er v\u00e5r f\u00f8rste prioritet. Det er viktig \u00e5 huske at Acetyl Fentanyl Powder kun er til forskningsbruk og aldri til konsum. Vi oppfordrer deg til \u00e5 bruke dette kraftige stoffet p\u00e5 en ansvarlig m\u00e5te, i samsvar med alle gjeldende lover og moralske koder. Acetyl Fentanyl Powder vil vise seg \u00e5 v\u00e6re et nyttig verkt\u00f8y for din forskning, enten du studerer farmakokinetikken til opioider, ser p\u00e5 de nyeste teknikkene innen smertebehandling, eller forsker p\u00e5 effekten av opioider p\u00e5 sentralnervesystemet.    &nbsp;<\/p>\n","protected":false},"excerpt":{"rendered":"<p>Kj\u00f8p Acetyl Fentanyl Powder (99%+ Pure) online. for vedvarende, alvorlig smerte som er motstandsdyktig mot andre medisiner. Denne medisinen er et kraftig narkotisk smertestillende middel.   &nbsp;<\/p>\n","protected":false},"featured_media":18055,"comment_status":"closed","ping_status":"closed","template":"","meta":{"om_disable_all_campaigns":false,"_sitemap_exclude":false,"_sitemap_priority":"","_sitemap_frequency":"","_monsterinsights_skip_tracking":false,"_monsterinsights_sitenote_active":false,"_monsterinsights_sitenote_note":"","_monsterinsights_sitenote_category":0},"product_cat":[32020],"product_tag":[34018,34030,34027,34022,34025,34031,34026,34020,34023,34015,34028,34029,34012,34019,34024,34014,34021,34013,34016,34010,34011,34017],"class_list":{"0":"post-33809","1":"product","2":"type-product","3":"status-publish","4":"has-post-thumbnail","6":"product_cat-forskningskjemikalier-og-psykedelika","7":"product_tag-acetyl-fentanyl-powder-99-ren-beste-pris-europa","8":"product_tag-acetyl-fentanyl-powder-99-ren-europa-leverandorer","9":"product_tag-acetyl-fentanyl-powder-99-ren-europa-rabatt","10":"product_tag-acetyl-fentanyl-powder-99-ren-europa-salg","11":"product_tag-acetyl-fentanyl-powder-99-ren-europa-tilbud","12":"product_tag-acetyl-fentanyl-powder-99-ren-europe-anmeldelse","13":"product_tag-acetyl-fentanyl-powder-99-ren-europe-shop","14":"product_tag-acetyl-fentanyl-powder-99-ren-gratis-frakt-europa","15":"product_tag-acetyl-fentanyl-powder-99-ren-nettbutikk-europa","16":"product_tag-acetyl-fentanyl-powder-99-ren-salg-pa-nett","17":"product_tag-acetyl-fentanyl-pulver-99-ren-europa-levering","18":"product_tag-autentisk-acetylfentanylpulver-99-ren-europa","19":"product_tag-bestill-acetyl-fentanyl-powder-99-pure-online","20":"product_tag-bestill-acetyl-fentanyl-powder-99-ren-eu","21":"product_tag-billig-acetyl-fentanyl-powder-99-ren-europa","22":"product_tag-effekter-av-acetylfentanylpulver-99-ren","23":"product_tag-hvor-kan-du-kjope-acetyl-fentanyl-powder-99-ren-europa","24":"product_tag-hvor-kan-du-kjope-acetyl-fentanyl-powder-99-ren-online","25":"product_tag-hvor-mye-er-acetylfentanylpulver-99-rent","26":"product_tag-kjop-acetyl-fentanyl-powder-99-pure","27":"product_tag-kjop-acetyl-fentanyl-powder-99-pure-online","28":"product_tag-kjop-acetyl-fentanyl-powder-99-ren-online-europa","30":"first","31":"instock","32":"shipping-taxable","33":"purchasable","34":"product-type-variable","35":"farmacie-col"},"aioseo_notices":[],"_links":{"self":[{"href":"https:\/\/lacasadelamedicina.es\/no\/wp-json\/wp\/v2\/product\/33809"}],"collection":[{"href":"https:\/\/lacasadelamedicina.es\/no\/wp-json\/wp\/v2\/product"}],"about":[{"href":"https:\/\/lacasadelamedicina.es\/no\/wp-json\/wp\/v2\/types\/product"}],"replies":[{"embeddable":true,"href":"https:\/\/lacasadelamedicina.es\/no\/wp-json\/wp\/v2\/comments?post=33809"}],"wp:featuredmedia":[{"embeddable":true,"href":"https:\/\/lacasadelamedicina.es\/no\/wp-json\/wp\/v2\/media\/18055"}],"wp:attachment":[{"href":"https:\/\/lacasadelamedicina.es\/no\/wp-json\/wp\/v2\/media?parent=33809"}],"wp:term":[{"taxonomy":"product_cat","embeddable":true,"href":"https:\/\/lacasadelamedicina.es\/no\/wp-json\/wp\/v2\/product_cat?post=33809"},{"taxonomy":"product_tag","embeddable":true,"href":"https:\/\/lacasadelamedicina.es\/no\/wp-json\/wp\/v2\/product_tag?post=33809"}],"curies":[{"name":"wp","href":"https:\/\/api.w.org\/{rel}","templated":true}]}}