{"id":33732,"date":"2024-08-09T14:02:03","date_gmt":"2024-08-09T14:02:03","guid":{"rendered":"https:\/\/lacasadelamedicina.es\/product\/kjop-butylone-pa-nett\/"},"modified":"2024-08-09T14:02:03","modified_gmt":"2024-08-09T14:02:03","slug":"kjop-butylone-pa-nett","status":"publish","type":"product","link":"https:\/\/lacasadelamedicina.es\/no\/produkt\/kjop-butylone-pa-nett\/","title":{"rendered":"Kj\u00f8p Butylone p\u00e5 nett"},"content":{"rendered":"<h1>Kj\u00f8p Butylone p\u00e5 nett<\/h1>\n<p> Nettbutikk som selger Butylone. Butylon, vanligvis kjent som k-MBDB eller B1, er et syntetisk entaktogen og stimulerende middel som tilh\u00f8rer fenetylamin- og katinonklassene. Det er ogs\u00e5 kjent som -keto-N-metylbenzodioksolylbutanamin. Det substituerte metylendioksy-motstykket til bufedron og -keto-analogen til MBDB kalles begge butylon. Kj\u00f8p Butylone online &#8211; <a href=\"https:\/\/drlawsonspharmacy\/contact-us\/\">KONTAKT<\/a> Etter hvert som tilgangen p\u00e5 metylon p\u00e5 markedet for forskningskjemikalier avtar, selges det ofte p\u00e5 gaten sammen med etylon som et designerstoff, som erstatning eller imitasjon for MDMA og metylon (som alle er samlet referert til som &laquo;molly&raquo;). Butylon og MDMA har lignende farmakologiske og atferdsmessige egenskaper, men deres tilsynelatende subjektive effekter er ikke helt de samme. Butylon sies \u00e5 v\u00e6re mindre potent enn sine fettere metylon og etylon, og \u00e5 ha tradisjonelle stimulerende snarere enn entaktogene effekter. Det har f\u00f8rst nylig begynt \u00e5 bli brukt av mennesker.        <\/p>\n<h3><strong>Bestill Butylone online<\/strong><\/h3>\n<p> Et syntetisk medlem av katinonfamilien, ogs\u00e5 kjent som -keto-N-metylbenzodioksolylbutanamin. Katinoner har en fenetylaminkjerne med en fenylring festet til en aminogruppe (NH2) via en etylkjede og en annen etylsubstitusjon ved R. Dette gir dem strukturelle likheter med amfetaminer. Alfa-metylerte fenetylaminer (dvs. amfetaminer) er hva katinoner er som butylon. Imidlertid skiller de seg fra dem ved \u00e5 ha en funksjonell ketongruppe (en karbonylgruppe ved R). Butylon deler en metylsubstitusjon i RN-posisjonen med MDEA, etylon, 4-MEC og noen andre sentralstimulerende midler og entaktogener. Butylon har ogs\u00e5 oksygengrupper ved R3- og R4-posisjonene i fenylringen. Disse oksygengruppene er integrert i en metylendioksyring via en metylenkjede. Butylon har ogs\u00e5 denne metylendioksyringen. Den fungerer som en kombinert reopptakshemmer\/dopamin, noradrenalin og serotoninfrigj\u00f8rer. Disse nevrotransmitterne kontrollerer motivasjon, nytelse, bel\u00f8nning og fokus. Dette oppn\u00e5s ved \u00e5 hindre at nevrotransmitterne blir reabsorbert etter at de har fullf\u00f8rt oppgaven med \u00e5 sende en hjerneimpuls. Dette gj\u00f8r at nevrotransmitterne kan bygges opp og resirkuleres, og produserer fysiologisk stimulerende og euforiske effekter.            <\/p>\n<h3>Hvor kan jeg kj\u00f8pe Butylone online, vet du det?<\/h3>\n<p> Hvor kan jeg kj\u00f8pe Butylone p\u00e5 nettet, hvor kan jeg kj\u00f8pe Butylone p\u00e5 nettet, hva er Butylone, og hvor kan jeg kj\u00f8pe Butylone-pulver av premium kvalitet er alle sp\u00f8rsm\u00e5l som vil bli besvart nedenfor. Vi kan gi l\u00f8sninger p\u00e5 alle disse ul\u00f8ste sp\u00f8rsm\u00e5lene. Du kan l\u00e6re mer om hvor og hvordan du kan kj\u00f8pe Fentanyl-tabletter p\u00e5 nettet ved \u00e5 bla gjennom nettsiden v\u00e5r. Hva med den pulveriserte butylonen? Vet du hvor jeg kan kj\u00f8pe Butylone online? Hvor kan du kj\u00f8pe Butylon-pulver, Hvor kan du kj\u00f8pe rent Butylon-pulver, Hvordan lage Butylon-pulver, Hvordan ser Butylon-pulver ut, Gatepris p\u00e5 Butylon-pulver, Butylon-pulver-prisen, Butylon-pulverleverand\u00f8rer, Butylon-pulver, Kj\u00f8p rent Butylon-pulver, Pris p\u00e5 Butylonpulver Det er ganske forst\u00e5elig at enkeltpersoner ikke umiddelbart stoler p\u00e5 kvaliteten p\u00e5 Butylon som selges p\u00e5 nettet fordi de ikke kan se det personlig. Men ting er annerledes med Butylon-leverand\u00f8rene p\u00e5 nett. Produktene som tilbys her er n\u00f8yaktig hva de er og vedlikeholdes p\u00e5 topp under profesjonelt tilsyn. Rask &amp;amp; Diskret frakt: Butylonen leveres som lovet umiddelbart etter at bestillingen er mottatt. Fraktteamet streber etter \u00e5 gj\u00f8re frakt- og leveringsprosessen rask og enkel. N\u00e5r du kj\u00f8per Butylone fra en anerkjent selger p\u00e5 en online markedsplass, kan du ogs\u00e5 forvente utmerket service.           &nbsp;<\/p>\n","protected":false},"excerpt":{"rendered":"<p>Butylon, vanligvis kjent som k-MBDB eller B1, er et syntetisk entaktogen og stimulerende middel som tilh\u00f8rer fenetylamin- og katinonklassene. Det er ogs\u00e5 kjent som -keto-N-metylbenzodioksolylbutanamin. Den substituerte metylendioksy-motstykket til bufedron og -keto-analogen til MBDB kalles begge butylon.   &nbsp;<\/p>\n","protected":false},"featured_media":18595,"comment_status":"closed","ping_status":"closed","template":"","meta":{"om_disable_all_campaigns":false,"_sitemap_exclude":false,"_sitemap_priority":"","_sitemap_frequency":"","_monsterinsights_skip_tracking":false,"_monsterinsights_sitenote_active":false,"_monsterinsights_sitenote_note":"","_monsterinsights_sitenote_category":0},"product_cat":[32020],"product_tag":[33875,33865,33857,33870,33864,33877,33876,33874,33873,33868,33872,33871,33866,33869,33861,33860,33867,33859,33862,33863,33858,33856],"class_list":{"0":"post-33732","1":"product","2":"type-product","3":"status-publish","4":"has-post-thumbnail","6":"product_cat-forskningskjemikalier-og-psykedelika","7":"product_tag-autentisk-butylone-europe","8":"product_tag-bestill-butylone-eu","9":"product_tag-bestill-butylone-pa-nett","10":"product_tag-billig-butylone-europe","11":"product_tag-butylone-best-pris-europa","12":"product_tag-butylone-europe-anmeldelse","13":"product_tag-butylone-europe-leverandorer","14":"product_tag-butylone-europe-levering","15":"product_tag-butylone-europe-rabatt-no","16":"product_tag-butylone-europe-salg","17":"product_tag-butylone-europe-butikk","18":"product_tag-butylone-europe-tilbud","19":"product_tag-butylone-gratis-frakt-europa","20":"product_tag-butylone-nettbutikk-europa","21":"product_tag-butylonsalg-pa-nett","22":"product_tag-effekter-av-butylone","23":"product_tag-hvor-kan-du-kjope-butylone-europe","24":"product_tag-hvor-kan-du-kjope-butylone-online","25":"product_tag-hvor-mye-koster-butylone","26":"product_tag-kjop-butylone-online-europa","27":"product_tag-kjop-butylone-pa-nett","28":"product_tag-kjope-butylone","30":"first","31":"instock","32":"shipping-taxable","33":"purchasable","34":"product-type-variable","35":"farmacie-col"},"aioseo_notices":[],"_links":{"self":[{"href":"https:\/\/lacasadelamedicina.es\/no\/wp-json\/wp\/v2\/product\/33732"}],"collection":[{"href":"https:\/\/lacasadelamedicina.es\/no\/wp-json\/wp\/v2\/product"}],"about":[{"href":"https:\/\/lacasadelamedicina.es\/no\/wp-json\/wp\/v2\/types\/product"}],"replies":[{"embeddable":true,"href":"https:\/\/lacasadelamedicina.es\/no\/wp-json\/wp\/v2\/comments?post=33732"}],"wp:featuredmedia":[{"embeddable":true,"href":"https:\/\/lacasadelamedicina.es\/no\/wp-json\/wp\/v2\/media\/18595"}],"wp:attachment":[{"href":"https:\/\/lacasadelamedicina.es\/no\/wp-json\/wp\/v2\/media?parent=33732"}],"wp:term":[{"taxonomy":"product_cat","embeddable":true,"href":"https:\/\/lacasadelamedicina.es\/no\/wp-json\/wp\/v2\/product_cat?post=33732"},{"taxonomy":"product_tag","embeddable":true,"href":"https:\/\/lacasadelamedicina.es\/no\/wp-json\/wp\/v2\/product_tag?post=33732"}],"curies":[{"name":"wp","href":"https:\/\/api.w.org\/{rel}","templated":true}]}}