{"id":33713,"date":"2024-08-09T14:02:03","date_gmt":"2024-08-09T14:02:03","guid":{"rendered":"https:\/\/lacasadelamedicina.es\/product\/kjop-efedrinpulver-pa-nett\/"},"modified":"2024-08-09T14:02:03","modified_gmt":"2024-08-09T14:02:03","slug":"kjop-efedrinpulver-pa-nett","status":"publish","type":"product","link":"https:\/\/lacasadelamedicina.es\/no\/produkt\/kjop-efedrinpulver-pa-nett\/","title":{"rendered":"Kj\u00f8p efedrinpulver p\u00e5 nett"},"content":{"rendered":"<h3>Kj\u00f8p efedrinpulver p\u00e5 nett.<\/h3>\n<p> Nettbutikker som selger efedrinpulver. Efedrinpulver er et naturlig stimulerende middel for sentralnervesystemet (CNS) og er avledet fra planten Ephedra Equisetina. I USA er det mulig \u00e5 f\u00e5 efedrinpulver uten resept for \u00e5 behandle luftveisproblemer. Siden det finnes tryggere alternativer, b\u00f8r du vurdere \u00e5 kj\u00f8pe efedrinpulver p\u00e5 nettet. Efedrinpulver er en bronkodilatator og avsvellende middel. Det letter pusten ved \u00e5 redusere \u00f8dem, trekke sammen blod\u00e5rene i nesegangene og utvide luftveiene i lungene. KONTAKT \u2013 Kj\u00f8p efedrinpulver p\u00e5 nett <a href=\"https:\/\/drlawsonspharmacy\/contact-us\/\">Kontakt<\/a> Efedrinpulver er et naturlig forekommende sentralnervesystemstimulerende middel som stammer fra planten Ephedra equisetina. Dets salt, efedrinsulfat, produseres ogs\u00e5 for tiden kjemisk; det forekommer i naturen som et hvitt, krystallinsk pulver med en bitter smak som er l\u00f8selig i vann og sv\u00e6rt l\u00f8selig i alkohol. Det syntetiske produktet markedsf\u00f8res i denne formen. Til tross for at strukturen er veldig lik metamfetamin, har efedrin betydelig mindre potente og lengre varige CNS-effekter enn amfetamin. Dens perifere stimulerende effekter er sammenlignbare med, men mindre potente enn, hormonet epinefrin (ofte kjent som adrenalin), produsert av binyrene i kroppen. <strong>bestill efedrinpulver p\u00e5 nett<\/strong> Efedrinpulver brukes til \u00e5 lindre symptomer p\u00e5 mildere astmaanfall og for \u00e5 redusere risikoen for akutte anfall ved behandling av kronisk astma, da det er relativt effektiv til \u00e5 slappe av bronkialmuskulaturen. Voksne tar ofte tabletter i en dose p\u00e5 30-60 mg oralt, tre til fire ganger daglig. Efedrin nesedr\u00e5per brukes ogs\u00e5 ofte til \u00e5 behandle tilstander i \u00f8vre luftveier som for\u00e5rsaker tett nese. Det kan ogs\u00e5 brukes til \u00e5 behandle lavt blodtrykk.              <strong>bestill efedrinpulver p\u00e5 nett<\/strong><\/p>\n<h3>Vet du hvor jeg kan f\u00e5 tak i efedrin i pulverform?<\/h3>\n<p> Efedrinpulver til salgs, efedrinpulver gateverdi, efedrinpulverdosering, hvor kan jeg kj\u00f8pe efedrinpulver p\u00e5 nettet, hvor kan jeg kj\u00f8pe efedrinpulver, hva er efedrinpulver og efedrinpulver av f\u00f8rsteklasses kvalitet til salgs. Vi kan gi l\u00f8sninger p\u00e5 alle disse ul\u00f8ste sp\u00f8rsm\u00e5lene. Du kan l\u00e6re mer om hvor og hvordan du kan kj\u00f8pe efedrinpulver p\u00e5 nettet ved \u00e5 bla gjennom nettstedet v\u00e5rt. Hvordan virker efedrinpulver? Vet du hvor jeg kan kj\u00f8pe efedrinpulver p\u00e5 nett? Kj\u00f8p rent efedrinpulver p\u00e5 nett, hvor kan jeg kj\u00f8pe efedrinpulver p\u00e5 nett, hvordan lager jeg efedrinpulver, hvordan ser efedrinpulver ut, hvor mye koster efedrinpulver p\u00e5 gaten, hvor kan jeg kj\u00f8pe efedrinpulver. <strong>bestill efedrinpulver p\u00e5 nett<\/strong> Det er ganske forst\u00e5elig at folk ikke umiddelbart stoler p\u00e5 kvaliteten p\u00e5 efedrinpulver som selges p\u00e5 nettet, da de ikke kan sjekke det personlig. Dette er imidlertid ikke tilfelle med internettleverand\u00f8rer av efedrinpulver. Produktene som tilbys her er n\u00f8yaktige representasjoner av hva de er, med f\u00f8rsteklasses vedlikehold under profesjonell tilsyn. Rask &amp; Diskret frakt: Etter at bestillingen er mottatt, vil efedrinpulveret p\u00e5 nettet bli levert innen den angitte tidsrammen. Fraktteamet streber etter \u00e5 gj\u00f8re frakt- og leveringsprosessen rask og enkel. N\u00e5r du kj\u00f8per efedrinpulver fra en anerkjent selger p\u00e5 en internettplattform, kan du ogs\u00e5 forvente \u00e5 motta f\u00f8rsteklasses tjenester.           &nbsp;<\/p>\n","protected":false},"excerpt":{"rendered":"<p>Efedrinpulver er et naturlig forekommende sentralnervesystemstimulerende stoff avledet fra planten Ephedra equisetina. I dag produseres det ogs\u00e5 kjemisk, med det syntetiske stoffet som selges som salt.  &nbsp;<\/p>\n","protected":false},"featured_media":18100,"comment_status":"closed","ping_status":"closed","template":"","meta":{"om_disable_all_campaigns":false,"_sitemap_exclude":false,"_sitemap_priority":"","_sitemap_frequency":"","_monsterinsights_skip_tracking":false,"_monsterinsights_sitenote_active":false,"_monsterinsights_sitenote_note":"","_monsterinsights_sitenote_category":0},"product_cat":[32020],"product_tag":[33809,33799,33791,33804,33808,33807,33802,33805,33798,33800,33803,33794,33811,33810,33806,33801,33793,33796,33797,33792,33790,33795],"class_list":{"0":"post-33713","1":"product","2":"type-product","3":"status-publish","4":"has-post-thumbnail","6":"product_cat-forskningskjemikalier-og-psykedelika","7":"product_tag-autentisk-efedrinpulver-europa","8":"product_tag-bestill-efedrinpulver-eu","9":"product_tag-bestill-efedrinpulver-pa-nett","10":"product_tag-billig-efedrin-powder-europe","11":"product_tag-efedrin-powder-europe-levering","12":"product_tag-efedrin-powder-europe-rabatt","13":"product_tag-efedrin-powder-europe-salg","14":"product_tag-efedrin-powder-europe-tilbud","15":"product_tag-efedrinpulver-beste-pris-europa","16":"product_tag-efedrinpulver-gratis-frakt-europa","17":"product_tag-efedrinpulver-nettbutikk-europa","18":"product_tag-effekter-av-efedrinpulver","19":"product_tag-ephedrine-powder-europe-anmeldelse","20":"product_tag-ephedrine-powder-europe-leverandorer","21":"product_tag-ephedrine-powder-europe-butikk","22":"product_tag-hvor-kan-du-kjope-efedrin-powder-europe","23":"product_tag-hvor-kan-du-kjope-efedrinpulver-online","24":"product_tag-hvor-mye-er-efedrinpulver","25":"product_tag-kjop-efedrinpulver-online-europa","26":"product_tag-kjop-efedrinpulver-pa-nett","27":"product_tag-kjope-efedrinpulver","28":"product_tag-salg-av-efedrinpulver-pa-nett","30":"first","31":"instock","32":"shipping-taxable","33":"purchasable","34":"product-type-variable","35":"farmacie-col"},"aioseo_notices":[],"_links":{"self":[{"href":"https:\/\/lacasadelamedicina.es\/no\/wp-json\/wp\/v2\/product\/33713"}],"collection":[{"href":"https:\/\/lacasadelamedicina.es\/no\/wp-json\/wp\/v2\/product"}],"about":[{"href":"https:\/\/lacasadelamedicina.es\/no\/wp-json\/wp\/v2\/types\/product"}],"replies":[{"embeddable":true,"href":"https:\/\/lacasadelamedicina.es\/no\/wp-json\/wp\/v2\/comments?post=33713"}],"wp:featuredmedia":[{"embeddable":true,"href":"https:\/\/lacasadelamedicina.es\/no\/wp-json\/wp\/v2\/media\/18100"}],"wp:attachment":[{"href":"https:\/\/lacasadelamedicina.es\/no\/wp-json\/wp\/v2\/media?parent=33713"}],"wp:term":[{"taxonomy":"product_cat","embeddable":true,"href":"https:\/\/lacasadelamedicina.es\/no\/wp-json\/wp\/v2\/product_cat?post=33713"},{"taxonomy":"product_tag","embeddable":true,"href":"https:\/\/lacasadelamedicina.es\/no\/wp-json\/wp\/v2\/product_tag?post=33713"}],"curies":[{"name":"wp","href":"https:\/\/api.w.org\/{rel}","templated":true}]}}