{"id":33670,"date":"2024-08-09T14:02:04","date_gmt":"2024-08-09T14:02:04","guid":{"rendered":"https:\/\/lacasadelamedicina.es\/product\/kjop-2-fdck-pulver-og-krystall-online\/"},"modified":"2024-08-09T14:02:04","modified_gmt":"2024-08-09T14:02:04","slug":"kjop-2-fdck-pulver-og-krystall-online","status":"publish","type":"product","link":"https:\/\/lacasadelamedicina.es\/no\/produkt\/kjop-2-fdck-pulver-og-krystall-online\/","title":{"rendered":"Kj\u00f8p 2-FDCK pulver og krystall online"},"content":{"rendered":"<h3><strong>2FDCK til salgs &#8211; Kj\u00f8p 2-fdck online, bestill 2-fdck krystallpulver p\u00e5 nett<\/strong><\/h3>\n<p><strong>Kj\u00f8p 2-FDCK pulver og krystall online<\/strong>&#8211; Kj\u00f8p 2FDCK Online &#8211; Vi tilbyr premium 2-fdck til salgs i v\u00e5r nettbutikk for cannabis. Ved \u00e5 kj\u00f8pe 2-FDCK krystall og pulver p\u00e5 nettet kan du f\u00e5 varen levert raskt. Kj\u00f8p 2-FDCK pulver og krystall online Farmas\u00f8ytiske kjemikalier som 2FDCK er blant de viktigste typene stoffer, og de er etterspurt n\u00e5. Det tilh\u00f8rer klassen av arylcylohexylaminer blant de dissosiative medikamentene. Det sies \u00e5 ligne PCP-familien p\u00e5 flere m\u00e5ter. Hvis du \u00f8nsker \u00e5 kj\u00f8pe 2-fdck online, m\u00e5 du velge riktig nettsted for \u00e5 legge inn en bestilling med umiddelbar rabatt. Det ble grunnlagt i 2015, og du kan alltid legge inn en bestilling fra den mest p\u00e5litelige nettsiden online med kontinuerlige salg og rabatter. De kjemiske egenskapene til gruppen av arylcykloheksylamin som inneholder ketamin er de samme.        &nbsp;<\/p>\n<h3><strong>Kj\u00f8p 2-FDCK Powder and Crystal Online &#8211; Hva er 2FDCK?<\/strong><\/h3>\n<p> Medisinsk kjent som 2\u2032-Fl-2-Oxo-PCM, Fluoroketamine, 2FDCK er en kjemisk forbindelse assosiert med ketamin. Det er ofte rapportert \u00e5 bli brukt som designermedisin i flere land. Det er et ketamin-motstykke hvor fluor tar p\u00e5 seg rollen som de varige stoffene. I f\u00f8lge den siste informasjonen er de farmakologiske detaljene til stoffet ukjente, noe som gir en konkurransefordel. Dette stoffet lindrer dissosiative symptomer, smerte og andre negative f\u00f8lelser. Du kan bruke den med letthet og komfort, og den har en bedre effekt p\u00e5 kroppen. Vi er forpliktet til \u00e5 bringe h\u00f8ykvalitetsprodukter til markedet, og forbrukeren kan f\u00e5 2-fdck krystallpulver online i USA med en umiddelbar rabatt. Den f\u00e5r st\u00f8rre trafikk som f\u00f8lge av at den brukes til ulike menneskelige medisinske behov.        &nbsp;<\/p>\n<h3><strong>Hvorfor b\u00f8r du kj\u00f8pe 2FDCK fra oss?<\/strong><\/h3>\n<p> Vi er det ideelle nettstedet for \u00e5 kj\u00f8pe naturmedisiner fordi vi har mange \u00e5rs erfaring med \u00e5 tilby et bredt spekter av produkter med eksklusive rabatter. Ved \u00e5 legge inn en bestilling via mobiltelefonen din kan du kj\u00f8pe 2-FDCK. Vi sender i mengder p\u00e5 1g, 5g, 25g og 50g, noe som gj\u00f8r det enklere for deg \u00e5 f\u00e5 akkurat det du trenger og spare penger.   <\/p>\n<ul>\n<li>Vi tilbyr 24\u00d77 timers support<\/li>\n<li>Vi leverer ekte produkter<\/li>\n<li>100 % sikrere emballasje<\/li>\n<\/ul>\n<p>&nbsp;<\/p>\n<h3>Kj\u00f8p 2-FDCK Powder &amp;amp; Crystal Online &#8211; Hvordan bruker jeg 2-FDCK?<\/h3>\n<p> Det gir energi, myker opp effekten av rusmidler og renser sinnet. SFDCK \u00f8nsker \u00e5 ha en fantastisk opplevelse og finne stoffet mer euforisk. Disse stoffene tillater svelging mens du tar den mer dissosiative 2-FDCK. Dessuten blir den garantert mindre stimulert sammenlignet med andre metoder. Du m\u00e5 vente p\u00e5 2FDCK for Sale for \u00e5 kj\u00f8pe slike varer p\u00e5 nettet, og sparer deg for mesteparten av transaksjonsgebyret.     &nbsp;<\/p>\n","protected":false},"excerpt":{"rendered":"<p>&nbsp;<\/p>\n","protected":false},"featured_media":18190,"comment_status":"closed","ping_status":"closed","template":"","meta":{"om_disable_all_campaigns":false,"_sitemap_exclude":false,"_sitemap_priority":"","_sitemap_frequency":"","_monsterinsights_skip_tracking":false,"_monsterinsights_sitenote_active":false,"_monsterinsights_sitenote_note":"","_monsterinsights_sitenote_category":0},"product_cat":[32020],"product_tag":[33688,33700,33698,33697,33692,33696,33695,33701,33690,33693,33685,33699,33689,33683,33694,33684,33691,33682,33686,33680,33681,33687],"class_list":{"0":"post-33670","1":"product","2":"type-product","3":"status-publish","4":"has-post-thumbnail","6":"product_cat-forskningskjemikalier-og-psykedelika","7":"product_tag-2-fdck-pulver-og-krystall-beste-pris-europa","8":"product_tag-2-fdck-pulver-og-krystall-europa-leverandorer","9":"product_tag-2-fdck-pulver-og-krystall-europa-levering","10":"product_tag-2-fdck-pulver-og-krystall-europa-rabatt","11":"product_tag-2-fdck-pulver-og-krystall-europa-salg","12":"product_tag-2-fdck-pulver-og-krystall-europa-butikk","13":"product_tag-2-fdck-pulver-og-krystall-europa-tilbud","14":"product_tag-2-fdck-pulver-og-krystall-europe-anmeldelse","15":"product_tag-2-fdck-pulver-og-krystall-gratis-frakt-europa","16":"product_tag-2-fdck-pulver-og-krystall-nettbutikk-europa","17":"product_tag-2-fdck-pulver-og-krystallsalg-pa-nett","18":"product_tag-autentisk-2-fdck-pulver-og-krystall-europa","19":"product_tag-bestill-2-fdck-pulver-og-krystall-eu","20":"product_tag-bestill-2-fdck-pulver-og-krystall-online","21":"product_tag-billig-2-fdck-pulver-og-krystall-europa","22":"product_tag-effekter-av-2-fdck-pulver-og-krystall","23":"product_tag-hvor-kan-du-kjope-2-fdck-pulver-og-krystall-europa","24":"product_tag-hvor-kan-du-kjope-2-fdck-pulver-og-krystall-online","25":"product_tag-hvor-mye-er-2-fdck-pulver-og-krystall","26":"product_tag-kjop-2-fdck-pulver-og-krystall","27":"product_tag-kjop-2-fdck-pulver-og-krystall-online","28":"product_tag-kjop-2-fdck-pulver-og-krystall-online-europa","30":"first","31":"instock","32":"shipping-taxable","33":"purchasable","34":"product-type-variable","35":"farmacie-col"},"aioseo_notices":[],"_links":{"self":[{"href":"https:\/\/lacasadelamedicina.es\/no\/wp-json\/wp\/v2\/product\/33670"}],"collection":[{"href":"https:\/\/lacasadelamedicina.es\/no\/wp-json\/wp\/v2\/product"}],"about":[{"href":"https:\/\/lacasadelamedicina.es\/no\/wp-json\/wp\/v2\/types\/product"}],"replies":[{"embeddable":true,"href":"https:\/\/lacasadelamedicina.es\/no\/wp-json\/wp\/v2\/comments?post=33670"}],"wp:featuredmedia":[{"embeddable":true,"href":"https:\/\/lacasadelamedicina.es\/no\/wp-json\/wp\/v2\/media\/18190"}],"wp:attachment":[{"href":"https:\/\/lacasadelamedicina.es\/no\/wp-json\/wp\/v2\/media?parent=33670"}],"wp:term":[{"taxonomy":"product_cat","embeddable":true,"href":"https:\/\/lacasadelamedicina.es\/no\/wp-json\/wp\/v2\/product_cat?post=33670"},{"taxonomy":"product_tag","embeddable":true,"href":"https:\/\/lacasadelamedicina.es\/no\/wp-json\/wp\/v2\/product_tag?post=33670"}],"curies":[{"name":"wp","href":"https:\/\/api.w.org\/{rel}","templated":true}]}}