{"id":33665,"date":"2024-08-09T14:02:04","date_gmt":"2024-08-09T14:02:04","guid":{"rendered":"https:\/\/lacasadelamedicina.es\/product\/kjop-methylone-online\/"},"modified":"2024-08-09T14:02:04","modified_gmt":"2024-08-09T14:02:04","slug":"kjop-methylone-online","status":"publish","type":"product","link":"https:\/\/lacasadelamedicina.es\/no\/produkt\/kjop-methylone-online\/","title":{"rendered":"Kj\u00f8p Methylone online"},"content":{"rendered":"<h3>Metylone til salgs p\u00e5 nett.<\/h3>\n<p> Kj\u00f8p Methylone online. Methylone (Bk-MDMA) Online Billig &#8211; World Drug I Storbritannia, Europa, Tyskland, Russland og USA selger vi billige Bk-MDMA pulvere og krystaller som er av h\u00f8yeste kvalitet. Kj\u00f8p Methylone online &#8211; <a href=\"https:\/\/drlawsonspharmacy\/contact-us\/\">KONTAKT<\/a> Krystallisert etylon BK-ebdp 4-CMC Clear 3-CMC Clear 4CMC Crystal Mephedrone 4mmc MDPV Methylone (bk-MDMA), ogs\u00e5 kjent som Crystal 4- BMC. Metylon er et kjemisk stoff som har mange likheter med MDMA i struktur og effekt. Metylon er et sentralstimulerende middel med en mild psykedelisk effekt. Det kalles et forskningskjemikalie fordi det er en relativt ny forbindelse. Forsiktighet b\u00f8r utvises ved h\u00e5ndtering av Methylone fordi det har v\u00e6rt lite unders\u00f8kt og lite er kjent om dets langsiktige effekter eller sannsynligheten for avhengighet. Det selges vanligvis som et pulver, men tabletter er noen ganger tilgjengelige. Disse nettbrettene kan variere i st\u00f8rrelse, farge og styrke, akkurat som XTC. First Trust Chemical selger Methylone i tre forskjellige former: gigantiske krystaller (v\u00e5rt mest popul\u00e6re produkt), fint medisinsk pulver eller sm\u00e5 krystaller. Vennligst se listen over andre toppprodukter vi har p\u00e5 lager. Du kan kj\u00f8pe h\u00f8ykvalitetsprodukter fra First Trust Chemical akkurat n\u00e5.            <\/p>\n<h3>KONTOEN DIN VIL BLI H\u00c5NDTERT MED FORSIKTIGHET FOR \u00c5 KJ\u00d8PE METYLONE<\/h3>\n<p> Vi behandler alle salgshenvendelser konfidensielt. Kontoinformasjonen din blir aldri delt eller distribuert etter at du har blitt kunde. F\u00f8r vi foretar salget du \u00f8nsker, kan vi stille deg visse sp\u00f8rsm\u00e5l, men dette er kun for din beskyttelse. First Trust Chemical \u00f8nsker kun \u00e5 bli anerkjent for sine h\u00f8ye standarder og engasjement for kundetilfredshet. N\u00e5r First Trust Chemical godkjenner bestillingen din, er du fri til \u00e5 kj\u00f8pe. Din levering er garantert. Hvis vi ikke klarer \u00e5 oppfylle en ordre, kan vi ikke garantere salget. Metylon er et kjemisk stoff som har mange likheter med MDMA n\u00e5r det gjelder struktur og effekter. Den har en mildt psykedelisk effekt og er stimulerende. Det kalles et forskningskjemikalie fordi det er en relativt ny forbindelse. Det anbefales at du utviser forsiktighet n\u00e5r du h\u00e5ndterer Methylone fordi det er gjort f\u00e5 studier p\u00e5 det og lite er kjent om dets langsiktige effekter eller sannsynligheten for avhengighet. Det selges ofte som pulver, men tabletter er ogs\u00e5 tilgjengelige. Disse nettbrettene, akkurat som XTC, kan variere i st\u00f8rrelse, farge og styrke.             <\/p>\n<h3><strong>Kj\u00f8p Methylone p\u00e5 nett &#8211; Vet du hvor man kan kj\u00f8pe Methylone?<\/strong><\/h3>\n<p> Metylon til salgs, Metylon gateverdi, Metylondosering, Metylon til salgs p\u00e5 nett, Metylon selges i bulk, og Metylon til salgs i h\u00f8y kvalitet. Vi kan gi l\u00f8sninger p\u00e5 alle disse ul\u00f8ste sp\u00f8rsm\u00e5lene. Du kan l\u00e6re mer om hvor og hvordan du kan kj\u00f8pe Methylone online ved \u00e5 bes\u00f8ke nettstedet v\u00e5rt. Metylon er et problem. Vet du hvor jeg kan kj\u00f8pe Methylone online? Kj\u00f8p metylon, hvordan lage metylon, hvordan metylon ser ut, hvor mye metylon koster p\u00e5 gaten, hvor kan du kj\u00f8pe metylon p\u00e5 nettet, og hvor du kan kj\u00f8pe ren metylon. Det er ganske forst\u00e5elig at man kanskje ikke umiddelbart stoler p\u00e5 kvaliteten p\u00e5 Methylone som tilbys p\u00e5 nettet fordi man ikke kan sjekke det personlig. Ting er imidlertid annerledes med internettleverand\u00f8rer av Methylone. Produktene som tilbys her er n\u00f8yaktig hva de er og vedlikeholdes til de h\u00f8yeste standarder under profesjonelt tilsyn. Rask &amp;amp; Diskret frakt: Etter \u00e5 ha mottatt bestillingen, leveres Methylone online innenfor den lovede tidsrammen. Fraktteamet gj\u00f8r alt for \u00e5 sikre at frakt- og leveringsprosessen er rask og enkel. N\u00e5r du kj\u00f8per Methylone fra en spesialist p\u00e5 en nettplattform, kan du ogs\u00e5 stole p\u00e5 en f\u00f8rsteklasses service.            &nbsp;<\/p>\n","protected":false},"excerpt":{"rendered":"<p>Et sentralstimulerende middel med milde psykedeliske effekter, Methylone. Det kalles et forskningskjemikalie fordi det er en relativt ny forbindelse. Forsiktighet b\u00f8r utvises ved h\u00e5ndtering av metylon da f\u00e5 studier er utf\u00f8rt og lite er kjent om langtidseffekter eller sannsynlighet for avhengighet.   &nbsp;<\/p>\n","protected":false},"featured_media":18175,"comment_status":"closed","ping_status":"closed","template":"","meta":{"om_disable_all_campaigns":false,"_sitemap_exclude":false,"_sitemap_priority":"","_sitemap_frequency":"","_monsterinsights_skip_tracking":false,"_monsterinsights_sitenote_active":false,"_monsterinsights_sitenote_note":"","_monsterinsights_sitenote_category":0},"product_cat":[32020],"product_tag":[33677,33667,33661,33672,33662,33669,33660,33664,33659,33665,33658,33666,33679,33678,33676,33675,33670,33674,33673,33668,33671,33663],"class_list":{"0":"post-33665","1":"product","2":"type-product","3":"status-publish","4":"has-post-thumbnail","6":"product_cat-forskningskjemikalier-og-psykedelika","7":"product_tag-autentisk-methylone-europe","8":"product_tag-bestill-methylone-eu","9":"product_tag-bestill-methylone-online","10":"product_tag-billig-methylone-europe","11":"product_tag-effekter-av-metylon","12":"product_tag-hvor-kan-du-kjope-methylone-europe","13":"product_tag-hvor-kan-man-kjope-methylone-online","14":"product_tag-hvor-mye-er-metylon","15":"product_tag-kjop-methylone-online","16":"product_tag-kjop-methylone-online-europa","17":"product_tag-kjop-metylon","18":"product_tag-methylone-best-pris-europa","19":"product_tag-methylone-europe-anmeldelse","20":"product_tag-methylone-europe-leverandorer","21":"product_tag-methylone-europe-levering","22":"product_tag-methylone-europe-rabatt-no","23":"product_tag-methylone-europe-salg","24":"product_tag-methylone-europe-butikk","25":"product_tag-methylone-europe-tilbud","26":"product_tag-metylon-gratis-frakt-europa","27":"product_tag-metylone-nettbutikk-europa","28":"product_tag-salg-av-metylon-pa-nett","30":"first","31":"instock","32":"shipping-taxable","33":"purchasable","34":"product-type-variable","35":"farmacie-col"},"aioseo_notices":[],"_links":{"self":[{"href":"https:\/\/lacasadelamedicina.es\/no\/wp-json\/wp\/v2\/product\/33665"}],"collection":[{"href":"https:\/\/lacasadelamedicina.es\/no\/wp-json\/wp\/v2\/product"}],"about":[{"href":"https:\/\/lacasadelamedicina.es\/no\/wp-json\/wp\/v2\/types\/product"}],"replies":[{"embeddable":true,"href":"https:\/\/lacasadelamedicina.es\/no\/wp-json\/wp\/v2\/comments?post=33665"}],"wp:featuredmedia":[{"embeddable":true,"href":"https:\/\/lacasadelamedicina.es\/no\/wp-json\/wp\/v2\/media\/18175"}],"wp:attachment":[{"href":"https:\/\/lacasadelamedicina.es\/no\/wp-json\/wp\/v2\/media?parent=33665"}],"wp:term":[{"taxonomy":"product_cat","embeddable":true,"href":"https:\/\/lacasadelamedicina.es\/no\/wp-json\/wp\/v2\/product_cat?post=33665"},{"taxonomy":"product_tag","embeddable":true,"href":"https:\/\/lacasadelamedicina.es\/no\/wp-json\/wp\/v2\/product_tag?post=33665"}],"curies":[{"name":"wp","href":"https:\/\/api.w.org\/{rel}","templated":true}]}}