{"id":33625,"date":"2024-08-09T14:02:04","date_gmt":"2024-08-09T14:02:04","guid":{"rendered":"https:\/\/lacasadelamedicina.es\/product\/kjop-ketaminpulver-pa-nett\/"},"modified":"2024-08-09T14:02:04","modified_gmt":"2024-08-09T14:02:04","slug":"kjop-ketaminpulver-pa-nett","status":"publish","type":"product","link":"https:\/\/lacasadelamedicina.es\/no\/produkt\/kjop-ketaminpulver-pa-nett\/","title":{"rendered":"Kj\u00f8p ketaminpulver p\u00e5 nett"},"content":{"rendered":"<h1>Kj\u00f8p ketaminpulver p\u00e5 nett.<\/h1>\n<p> Salg av ketamin p\u00e5 nett. For \u00e5 kurere alvorlig stress og fortvilelse, kj\u00f8p Ketamin Powder. Kj\u00f8p ketaminpulver p\u00e5 nett &#8211; <a href=\"https:\/\/drlawsonspharmacy\/contact-us\/\">KONTAKT<\/a> Depresjon er den vanligste psykiske lidelsen i verden og er en viktig bidragsyter til \u00f8kningen i selvmordsraten. P\u00e5 grunn av den raske handlingen, <a href=\"https:\/\/dieapotheke247.com\/\">ketamin<\/a> blir stadig mer popul\u00e6rt som et middel for \u00e5 behandle depresjon. Det virker ved \u00e5 feste seg til NMDA-reseptorer i hjernen, og \u00f8ke konsentrasjonen av nevrotransmitteren glutamat. Som et resultat aktiveres AMPA-reseptorer, noe som for\u00e5rsaker frigj\u00f8ring av flere kjemikalier. Hele prosessen p\u00e5virker kognisjon, hum\u00f8r og tankem\u00f8nstre. I tillegg forbedrer stoffet kommunikasjonen mellom visse hjerneregioner og reduserer betennelsesrelaterte signaler. Det er viktig \u00e5 v\u00e6re klar over fordeler og ulemper f\u00f8r du kj\u00f8per ketaminpulver.         &nbsp;<\/p>\n<h2>Kj\u00f8p ketaminpulver online fra en p\u00e5litelig leverand\u00f8r<\/h2>\n<p> N\u00e5r du bruker reseptbelagte medisiner av medisinske \u00e5rsaker, er ingenting viktigere enn kvalitet. Hos Dr. Lawsons Pharmacy har vi et team av fagfolk som utf\u00f8rer kvalitetskontroller p\u00e5 ulike stadier for \u00e5 sikre at vi overholder de h\u00f8yeste internasjonale standardene. Mange har hatt stor suksess med ketaminpulveret vi selger, og det h\u00e5per vi du ogs\u00e5 vil. Hvis du har sp\u00f8rsm\u00e5l, vennligst kontakt teamet v\u00e5rt n\u00e5r det passer deg.    <\/p>\n<h3><\/h3>\n<p>&nbsp;<\/p>\n","protected":false},"excerpt":{"rendered":"<p>Ketamin har vist seg \u00e5 v\u00e6re effektivt i behandling av depresjon hos bipolare individer som ikke har respondert p\u00e5 antidepressiva. &nbsp;<\/p>\n","protected":false},"featured_media":18145,"comment_status":"closed","ping_status":"closed","template":"","meta":{"om_disable_all_campaigns":false,"_sitemap_exclude":false,"_sitemap_priority":"","_sitemap_frequency":"","_monsterinsights_skip_tracking":false,"_monsterinsights_sitenote_active":false,"_monsterinsights_sitenote_note":"","_monsterinsights_sitenote_category":0},"product_cat":[32020],"product_tag":[33567,33557,33549,33562,33552,33559,33551,33554,33566,33569,33564,33568,33565,33560,33563,33556,33558,33561,33555,33550,33548,33553],"class_list":{"0":"post-33625","1":"product","2":"type-product","3":"status-publish","4":"has-post-thumbnail","6":"product_cat-forskningskjemikalier-og-psykedelika","7":"product_tag-autentisk-ketamin-powder-europe","8":"product_tag-bestill-ketaminpulver-eu","9":"product_tag-bestill-ketaminpulver-pa-nett","10":"product_tag-billig-ketamin-powder-europe","11":"product_tag-effekter-av-ketaminpulver","12":"product_tag-hvor-kan-du-kjope-ketamine-powder-europe","13":"product_tag-hvor-kan-man-kjope-ketaminpulver-online","14":"product_tag-hvor-mye-er-ketaminpulver","15":"product_tag-ketamin-powder-europe-levering","16":"product_tag-ketamine-powder-europe-anmeldelse","17":"product_tag-ketamine-powder-europe-butikk","18":"product_tag-ketamine-powder-europe-leverandorer","19":"product_tag-ketamine-powder-europe-rabatt","20":"product_tag-ketamine-powder-europe-salg","21":"product_tag-ketamine-powder-europe-tilbud","22":"product_tag-ketaminpulver-beste-pris-europa","23":"product_tag-ketaminpulver-gratis-frakt-europa","24":"product_tag-ketaminpulver-nettbutikk-europa","25":"product_tag-kjop-ketaminpulver-online-europa","26":"product_tag-kjop-ketaminpulver-pa-nett","27":"product_tag-kjope-ketaminpulver","28":"product_tag-salg-av-ketaminpulver-pa-nett","30":"first","31":"instock","32":"shipping-taxable","33":"purchasable","34":"product-type-variable","35":"farmacie-col"},"aioseo_notices":[],"_links":{"self":[{"href":"https:\/\/lacasadelamedicina.es\/no\/wp-json\/wp\/v2\/product\/33625"}],"collection":[{"href":"https:\/\/lacasadelamedicina.es\/no\/wp-json\/wp\/v2\/product"}],"about":[{"href":"https:\/\/lacasadelamedicina.es\/no\/wp-json\/wp\/v2\/types\/product"}],"replies":[{"embeddable":true,"href":"https:\/\/lacasadelamedicina.es\/no\/wp-json\/wp\/v2\/comments?post=33625"}],"wp:featuredmedia":[{"embeddable":true,"href":"https:\/\/lacasadelamedicina.es\/no\/wp-json\/wp\/v2\/media\/18145"}],"wp:attachment":[{"href":"https:\/\/lacasadelamedicina.es\/no\/wp-json\/wp\/v2\/media?parent=33625"}],"wp:term":[{"taxonomy":"product_cat","embeddable":true,"href":"https:\/\/lacasadelamedicina.es\/no\/wp-json\/wp\/v2\/product_cat?post=33625"},{"taxonomy":"product_tag","embeddable":true,"href":"https:\/\/lacasadelamedicina.es\/no\/wp-json\/wp\/v2\/product_tag?post=33625"}],"curies":[{"name":"wp","href":"https:\/\/api.w.org\/{rel}","templated":true}]}}