{"id":33613,"date":"2024-08-09T14:02:04","date_gmt":"2024-08-09T14:02:04","guid":{"rendered":"https:\/\/lacasadelamedicina.es\/product\/kjop-fentanylpulver-pa-nett\/"},"modified":"2024-08-09T14:02:04","modified_gmt":"2024-08-09T14:02:04","slug":"kjop-fentanylpulver-pa-nett","status":"publish","type":"product","link":"https:\/\/lacasadelamedicina.es\/no\/produkt\/kjop-fentanylpulver-pa-nett\/","title":{"rendered":"Kj\u00f8p fentanylpulver p\u00e5 nett"},"content":{"rendered":"<h1>Kj\u00f8p fentanylpulver p\u00e5 nett<\/h1>\n<p> Fentanylpulver til salgs p\u00e5 nettet, fantastisk syntetisk smertestillende opioid Fentanylpulver ligner i sin effekt p\u00e5 morfin, men er 50 til mange ganger sterkere.3 Det er en Schedule II-medisin som en lege m\u00e5 administrere.4 Det brukes vanligvis til \u00e5 behandle pasienter med uutholdelig smerte eller for \u00e5 kontrollere smerte etter operasjonen. Det brukes ogs\u00e5 av og til til \u00e5 behandle personer med kroniske smerter som ikke t\u00e5ler andre opioider.5 I medisin er fentanyl kjent under navn som Actiq, Duragesic og Sublimaze. Apache, China Girl, China White, Dance Fever, Friend, Goodfella, Jackpot, Murder 8, TNT og Tango and Cash er noen av gatenavnene for fentanyl eller heroin som inneholder fentanyl. Kj\u00f8p fentanylpulver p\u00e5 nett &#8211;       <a href=\"https:\/\/drlawsonspharmacy\/contact-us\/\">KONTAKT<\/a><\/p>\n<h3>Hvordan brukes Fentanyl av mennesker?<\/h3>\n<p> Fentanyl administreres ofte gjennom infusjoner, transdermal fiksering eller pastiller n\u00e5r det er foreskrevet av en lege.6 Fentanyl- og fentanylanalogene knyttet til nylige overdoser distribueres imidlertid fra undercover-laboratorier.7 Denne ikke-medikamentelle fentanylen tilbys for salg i f\u00f8lgende former. : som et pulver, drysset p\u00e5 t\u00f8ypapir, kombinert med eller som erstatning for heroin, eller i form av piller som etterligner andre, mindre potente opioider.8 Fentanyl kan inntas oralt, gryntes, infunderes eller absorberes gjennom slimhinner av \u00e5 legge t\u00f8ypapir i munnen.    <\/p>\n<h3>Hva er effekten av fentanyl p\u00e5 hjernen?<\/h3>\n<p> Fentanyl virker p\u00e5 samme m\u00e5te som heroin, morfin og andre narkotiske stoffer ved \u00e5 binde seg til kroppens narkotiske reseptorer, som er lokalisert i omr\u00e5der av hjernen som regulerer smerte og f\u00f8lelser.9 Narkotika kan \u00f8ke dopaminniv\u00e5et i bel\u00f8nningsomr\u00e5dene i storhjernen ved \u00e5 binde seg til disse. reseptorer, noe som resulterer i en h\u00f8ylignende tilstand.9 Effektene av fentanyl ligner p\u00e5 heroin og inkluderer eufori, utmattelse, kvalme, kaos, obstruksjon, sedasjon, motstandskraft, fiksering, pustebesv\u00e6r og innestengning, \u00e5penhet, transe-lignende tilstand , og d\u00f8den.   <\/p>\n<h3>Kjenner du noen nettkilder for Fentanyl?<\/h3>\n<p> Hvor kan jeg kj\u00f8pe Fentanyl pulver p\u00e5 nettet, hvor kan jeg kj\u00f8pe Fentanyl p\u00e5 nettet, hva er Fentanyl, og f\u00f8rsteklasses Fentanyl pulver til salgs. Fentanylpulver til salgs, Fentanylpulver gateverdi, Fentanyldosering og hvordan lage Fentanylpulver. Vi kan gi l\u00f8sninger p\u00e5 alle disse ul\u00f8ste sp\u00f8rsm\u00e5lene. Du kan l\u00e6re mer om hvor og hvordan du kj\u00f8per Fentanyl-pulver p\u00e5 nettet ved \u00e5 bla gjennom nettsiden v\u00e5r. Hva med fentanylpulver? Vet du hvor du kan kj\u00f8pe fentanyl p\u00e5 nett? Kj\u00f8p fentanylpulver, fentanylpulver til salgs, hvordan lage fentanylpulver, hvordan ser fentanylpulver ut, gateverdi av fentanylpulver, pris p\u00e5 fentanylpulver, hvor kan du kj\u00f8pe fentanylpulver, rent fentanylpulver, leverand\u00f8rer av fentanylpulver, hvor kan pulver Jeg kj\u00f8per Fentanyl Powder Online, og prisen p\u00e5 Fentanyl Powder       <\/p>\n<h3>Kj\u00f8p fentanylpulver p\u00e5 nett<\/h3>\n<p> Det er ganske forst\u00e5elig at enkeltpersoner ikke umiddelbart aksepterer kvaliteten p\u00e5 Fentanyl Powder som selges p\u00e5 nettet fordi de ikke kan bekrefte det personlig. Situasjonen er imidlertid annerledes med online Fentanyl Powder-leverand\u00f8rer. Produktene som tilbys her er n\u00f8yaktig hva de er og er f\u00f8rsteklasses betjent under profesjonell tilsyn. Rask &amp;amp; Diskret frakt: Fentanylpulveret leveres som lovet umiddelbart etter at bestillingen er mottatt. Fraktteamet gj\u00f8r alt for \u00e5 sikre at frakt- og leveringsprosessen er rask og enkel. N\u00e5r du kj\u00f8per Fentanyl-pulver fra en anerkjent internettselger, kan du ogs\u00e5 forvente f\u00f8rsteklasses service.      &nbsp;<\/p>\n","protected":false},"excerpt":{"rendered":"<p>Sammenlignet med morfin er fentanyl et kraftig syntetisk opioidanalgetikum som er 50 til 100 ganger mer potent.1,2 Det er et reseptbelagte skjema II-medisin3 og brukes vanligvis til \u00e5 h\u00e5ndtere smerte etter operasjon eller for \u00e5 behandle personer med sterke smerter. &nbsp;<\/p>\n","protected":false},"featured_media":18610,"comment_status":"closed","ping_status":"closed","template":"","meta":{"om_disable_all_campaigns":false,"_sitemap_exclude":false,"_sitemap_priority":"","_sitemap_frequency":"","_monsterinsights_skip_tracking":false,"_monsterinsights_sitenote_active":false,"_monsterinsights_sitenote_note":"","_monsterinsights_sitenote_category":0},"product_cat":[32020],"product_tag":[33523,33513,33507,33518,33508,33525,33524,33522,33521,33516,33520,33519,33517,33512,33514,33509,33515,33506,33510,33504,33511,33505],"class_list":{"0":"post-33613","1":"product","2":"type-product","3":"status-publish","4":"has-post-thumbnail","6":"product_cat-forskningskjemikalier-og-psykedelika","7":"product_tag-autentisk-fentanyl-powder-europe","8":"product_tag-bestill-fentanyl-powder-eu","9":"product_tag-bestill-fentanylpulver-pa-nett","10":"product_tag-billig-fentanyl-powder-europe","11":"product_tag-effekter-av-fentanylpulver","12":"product_tag-fentanyl-powder-europe-anmeldelse","13":"product_tag-fentanyl-powder-europe-leverandorer","14":"product_tag-fentanyl-powder-europe-levering","15":"product_tag-fentanyl-powder-europe-rabatt","16":"product_tag-fentanyl-powder-europe-salg","17":"product_tag-fentanyl-powder-europe-butikk","18":"product_tag-fentanyl-powder-europe-tilbud","19":"product_tag-fentanyl-powder-nettbutikk-europa","20":"product_tag-fentanylpulver-beste-pris-europa","21":"product_tag-fentanylpulver-gratis-frakt-europa","22":"product_tag-fentanylpulver-salg-pa-nett","23":"product_tag-hvor-kan-du-kjope-fentanyl-powder-europe","24":"product_tag-hvor-kan-man-kjope-fentanylpulver-online","25":"product_tag-hvor-mye-er-fentanylpulver","26":"product_tag-kjop-fentanyl-powder","27":"product_tag-kjop-fentanylpulver-online-europa","28":"product_tag-kjop-fentanylpulver-pa-nett","30":"first","31":"instock","32":"shipping-taxable","33":"purchasable","34":"product-type-variable","35":"farmacie-col"},"aioseo_notices":[],"_links":{"self":[{"href":"https:\/\/lacasadelamedicina.es\/no\/wp-json\/wp\/v2\/product\/33613"}],"collection":[{"href":"https:\/\/lacasadelamedicina.es\/no\/wp-json\/wp\/v2\/product"}],"about":[{"href":"https:\/\/lacasadelamedicina.es\/no\/wp-json\/wp\/v2\/types\/product"}],"replies":[{"embeddable":true,"href":"https:\/\/lacasadelamedicina.es\/no\/wp-json\/wp\/v2\/comments?post=33613"}],"wp:featuredmedia":[{"embeddable":true,"href":"https:\/\/lacasadelamedicina.es\/no\/wp-json\/wp\/v2\/media\/18610"}],"wp:attachment":[{"href":"https:\/\/lacasadelamedicina.es\/no\/wp-json\/wp\/v2\/media?parent=33613"}],"wp:term":[{"taxonomy":"product_cat","embeddable":true,"href":"https:\/\/lacasadelamedicina.es\/no\/wp-json\/wp\/v2\/product_cat?post=33613"},{"taxonomy":"product_tag","embeddable":true,"href":"https:\/\/lacasadelamedicina.es\/no\/wp-json\/wp\/v2\/product_tag?post=33613"}],"curies":[{"name":"wp","href":"https:\/\/api.w.org\/{rel}","templated":true}]}}