{"id":33522,"date":"2024-08-09T14:02:09","date_gmt":"2024-08-09T14:02:09","guid":{"rendered":"https:\/\/lacasadelamedicina.es\/product\/kjop-kokain-fra-fiskeskjell-pa-nett\/"},"modified":"2024-08-09T14:02:09","modified_gmt":"2024-08-09T14:02:09","slug":"kjop-kokain-fra-fiskeskjell-pa-nett","status":"publish","type":"product","link":"https:\/\/lacasadelamedicina.es\/no\/produkt\/kjop-kokain-fra-fiskeskjell-pa-nett\/","title":{"rendered":"Kj\u00f8p kokain fra fiskeskjell p\u00e5 nett"},"content":{"rendered":"<h3>Kj\u00f8p fiskeskalakokain p\u00e5 nett.<\/h3>\n<p> En av de reneste formene for kokain som er tilgjengelig i dag, er kokain fra fiskeskala, som blir stadig mer popul\u00e6rt blant brukere som s\u00f8ker et stoff av h\u00f8y kvalitet. Konvensjonelle former for kokain er mindre potente enn fiskeskjellkokain, som noen ganger blandes med andre narkotiske stoffer for \u00e5 gj\u00f8re det sterkere. Se ikke lenger enn Dr. Lawsons Pharmacy hvis du \u00f8nsker \u00e5 kj\u00f8pe fiskeskalakokain online til den laveste prisen. Kj\u00f8p fiskeskalakokain p\u00e5 nett &#8211;    <a href=\"https:\/\/drlawsonspharmacy\/contact-us\/\">KONTAKT<\/a><\/p>\n<h3>Hvordan lages kokain fra fiskeskala?<\/h3>\n<p> Pr\u00f8v Fish Scale Cocaine for Sale hvis du leter etter en ny tiln\u00e6rming til \u00e5 bli h\u00f8y. Den er perlehvit i fargen og er et kokain med h\u00f8y intensitet. Begrepet &laquo;kokain fra fiskeskala&raquo; refererer til dets s\u00e6regne utseende. Kokain i fiskeskala lages ved \u00e5 blande natron eller aktivt lokalbed\u00f8velse med rent kokainpulver for \u00e5 lage en base som varmes opp til den blir flytende, deretter siles, helles og avkj\u00f8les. Disse formene produserer en kittlignende masse som, n\u00e5r den er avkj\u00f8lt, brytes opp i like store &laquo;fiskeskjell&raquo; av det kokainholdige produktet. Dette skaper et betydelig marked for enkeltpersoner som \u00f8nsker \u00e5 bruke det som et rekreasjonsmiddel. Disse bitene kan deretter videreforedles til pulver eller selges som s\u00e5dan. Du kan kj\u00f8pe fiskeskalakokain p\u00e5 nettet enten i bulk eller per gram p\u00e5 Dr Lawsons Pharmacy.        <\/p>\n<h3>Fordeler &amp;amp; Bivirkninger av fiskeskala kokain<\/h3>\n<p> Det beste alternativet for kokain som er b\u00e5de kraftig og vanedannende er kokain fra fiskeskala. Fiskeskjellkokain skiller seg fra andre typer kokain p\u00e5 mange m\u00e5ter, inkludert intensiteten av opp- og nedturer. Du kan v\u00e6re sikker p\u00e5 at du f\u00e5r den best mulige opplevelsen fordi kokain i fiskeskala ogs\u00e5 er tilgjengelig i h\u00f8y kvalitet. Den er ideell for bruk i korte st\u00f8t eller n\u00e5r du ikke har tid til en full dose, siden den varer i omtrent to timer n\u00e5r den tas. Fiskeskala kokain er bare en annen form for stoffet som folk liker \u00e5 bruke; det har ingen negative juridiske eller helsemessige effekter. En potent type kokain kalt &laquo;fiskeskala kokain&raquo; har blitt stadig mer popul\u00e6r i det siste. Selv om det kan gi en kraftig high, kan det ogs\u00e5 ha negative konsekvenser som kan v\u00e6re d\u00f8delige. F\u00f8r du tar Fishscale Cocaine, er det viktig \u00e5 l\u00e6re deg selv om stoffets produksjonsprosess, potensielle fordeler og risikoer, og hvor du kan f\u00e5 tak i det p\u00e5 lovlig vis. Enkeltpersoner som velger \u00e5 kj\u00f8pe Fishscale Cocaine online i bulk eller sm\u00e5 doser er til syvende og sist ansvarlige for \u00e5 ta informerte beslutninger om sin egen helse og velv\u00e6re.         <\/p>\n<h3>Hvor kan jeg kj\u00f8pe Fishscale Cocaine online?<\/h3>\n<p> Hos Dr. Lawsons Pharmacy er trygg oppbevaring av narkotika v\u00e5r h\u00f8yeste prioritet, og det er grunnen til at vi kun kj\u00f8per Fishscale Cocaine fra anerkjente leverand\u00f8rer. For \u00e5 sikre at du mottar et produkt av h\u00f8y kvalitet, gjennomg\u00e5r all v\u00e5r Fishscale Cocaine streng kvalitetskontroll og testmetoder. For \u00e5 sikre sikker levering pakker og transporterer vi v\u00e5r Fishscale Cocaine for salg p\u00e5 nett diskret og forsiktig. Bestill Fishscale Cocaine engros n\u00e5!    &nbsp;<\/p>\n","protected":false},"excerpt":{"rendered":"<p>&nbsp;<\/p>\n","protected":false},"featured_media":18700,"comment_status":"closed","ping_status":"closed","template":"","meta":{"om_disable_all_campaigns":false,"_sitemap_exclude":false,"_sitemap_priority":"","_sitemap_frequency":"","_monsterinsights_skip_tracking":false,"_monsterinsights_sitenote_active":false,"_monsterinsights_sitenote_note":"","_monsterinsights_sitenote_category":0},"product_cat":[32439],"product_tag":[33301,33285,33291,33296,33286,33284,33293,33288,33282,33283,33289,33290,33297,33300,33294,33302,33303,33292,33295,33299,33298,33287],"class_list":{"0":"post-33522","1":"product","2":"type-product","3":"status-publish","4":"has-post-thumbnail","6":"product_cat-kokain-no","7":"product_tag-autentisk-kokain-fra-fiskeskjell-europa","8":"product_tag-bestill-kokain-fra-fiskeskjell-pa-nett","9":"product_tag-bestill-kokain-fra-fiskevekt-eu","10":"product_tag-billig-kokain-fra-fiskeskjell-europa","11":"product_tag-effekter-av-kokain-fra-fiskeskjell","12":"product_tag-hvor-kan-du-kjope-kokain-fra-fiskeskjell-pa-nett","13":"product_tag-hvor-kan-du-kjope-kokain-fra-fiskevekt-europa","14":"product_tag-hvor-mye-er-kokain-fra-fiskeskjell","15":"product_tag-kjop-kokain-fra-fiskeskjell","16":"product_tag-kjop-kokain-fra-fiskeskjell-pa-nett","17":"product_tag-kjop-kokain-fra-fiskeskjell-pa-nett-europa","18":"product_tag-kokain-fra-fiskeskjell-beste-pris-europa","19":"product_tag-kokain-fra-fiskeskjell-europa-avtaler","20":"product_tag-kokain-fra-fiskeskjell-europa-levering","21":"product_tag-kokain-fra-fiskeskjell-europa-salg","22":"product_tag-kokain-fra-fiskeskjell-europas-leverandorer","23":"product_tag-kokain-fra-fiskeskjell-europe-review","24":"product_tag-kokain-fra-fiskeskjell-gratis-frakt-europa","25":"product_tag-kokain-fra-fiskeskjell-nettbutikk-europa","26":"product_tag-kokain-fra-fiskevekt-europa-rabatt","27":"product_tag-kokain-fra-fiskevekt-europe-shop","28":"product_tag-kokain-fra-fiskevektsalg-pa-nett","30":"first","31":"instock","32":"shipping-taxable","33":"purchasable","34":"product-type-variable","35":"farmacie-col"},"aioseo_notices":[],"_links":{"self":[{"href":"https:\/\/lacasadelamedicina.es\/no\/wp-json\/wp\/v2\/product\/33522"}],"collection":[{"href":"https:\/\/lacasadelamedicina.es\/no\/wp-json\/wp\/v2\/product"}],"about":[{"href":"https:\/\/lacasadelamedicina.es\/no\/wp-json\/wp\/v2\/types\/product"}],"replies":[{"embeddable":true,"href":"https:\/\/lacasadelamedicina.es\/no\/wp-json\/wp\/v2\/comments?post=33522"}],"wp:featuredmedia":[{"embeddable":true,"href":"https:\/\/lacasadelamedicina.es\/no\/wp-json\/wp\/v2\/media\/18700"}],"wp:attachment":[{"href":"https:\/\/lacasadelamedicina.es\/no\/wp-json\/wp\/v2\/media?parent=33522"}],"wp:term":[{"taxonomy":"product_cat","embeddable":true,"href":"https:\/\/lacasadelamedicina.es\/no\/wp-json\/wp\/v2\/product_cat?post=33522"},{"taxonomy":"product_tag","embeddable":true,"href":"https:\/\/lacasadelamedicina.es\/no\/wp-json\/wp\/v2\/product_tag?post=33522"}],"curies":[{"name":"wp","href":"https:\/\/api.w.org\/{rel}","templated":true}]}}