{"id":33512,"date":"2024-08-09T14:02:09","date_gmt":"2024-08-09T14:02:09","guid":{"rendered":"https:\/\/lacasadelamedicina.es\/product\/kjop-rodt-flytende-kvikksolv-pa-nett\/"},"modified":"2024-08-09T14:02:09","modified_gmt":"2024-08-09T14:02:09","slug":"kjop-rodt-flytende-kvikksolv-pa-nett","status":"publish","type":"product","link":"https:\/\/lacasadelamedicina.es\/no\/produkt\/kjop-rodt-flytende-kvikksolv-pa-nett\/","title":{"rendered":"Kj\u00f8p r\u00f8dt flytende kvikks\u00f8lv p\u00e5 nett"},"content":{"rendered":"<h2>R\u00f8dt flytende kvikks\u00f8lv &#8211; Kj\u00f8p r\u00f8dt flytende kvikks\u00f8lv online, r\u00f8dt flytende kvikks\u00f8lv til salgs i Europa<\/h2>\n<p> Kj\u00f8p r\u00f8dt flytende kvikks\u00f8lv &#8211; Dr Lawsons Pharmacy er den beste nettbutikken hvor du kan kj\u00f8pe r\u00f8dt flytende kvikks\u00f8lv og bestille r\u00f8dt flytende kvikks\u00f8lv i Europa til den beste og billige prisen. <a href=\"https:\/\/drlawsonspharmacy\/contact-us\/\"><a href=\"https:\/\/drlawsonspharmacy\/contact-us\/\">KONTAKT \u2013 Kj\u00f8p r\u00f8dt flytende kvikks\u00f8lv p\u00e5 nett<\/a><\/a><\/p>\n<h3>Hva er r\u00f8dt flytende kvikks\u00f8lv?<\/h3>\n<p> Kirseb\u00e6rr\u00f8dt flytende kvikks\u00f8lv, noen ganger referert til som r\u00f8dt flytende kvikks\u00f8lv p\u00e5 nettet, er en halvflytende. Utvikling og produksjon av atomv\u00e5pen er omgitt av utrolig hemmelighold. Den har en h\u00f8y tetthet p\u00e5 20,2 g\/cm3. Det brukes ofte for den tvetydige sammensetningen av atomv\u00e5pen og regnes som et triks for svindlere.    <\/p>\n<h3>Fordeler med r\u00f8dt flytende kvikks\u00f8lv:<\/h3>\n<p> Ogs\u00e5 for menneskers helse er denne komponenten viktig. brukes i tovingsprosessen for \u00e5 lage hatter som brukes i gruvedrift for \u00e5 lage et amalgam av gull og s\u00f8lv som brukes av underprivilegerte arbeidere. Hvordan bruke r\u00f8dt flytende kvikks\u00f8lv? For \u00e5 v\u00e6re mer forsiktig n\u00e5r du bruker en slik enhet, b\u00f8r du ta hensyn til de sm\u00e5 tipsene. Kvikks\u00f8lv i r\u00f8d v\u00e6skeform skal h\u00e5ndteres med og med vernehansker. Det garanterer at vi kan h\u00e5ndtere enhver situasjon.      <\/p>\n<h3>Hvor kan jeg kj\u00f8pe Red Liquid Mercury?<\/h3>\n<p> Et av de lovlige, ISO-sertifiserte selskapene som produserer h\u00f8ykvalitets Red Liquid Mercury er Dr. Lawsons Pharmacy. Vi er forpliktet til \u00e5 tilby kvikks\u00f8lv til en rettferdig markedspris uten \u00e5 g\u00e5 p\u00e5 kompromiss med kvaliteten. Derfor kan du bestille Red Liquid Mercury n\u00e5r som helst.   <\/p>\n<h3>Hvorfor kj\u00f8pe Red Liquid Mercury fra LegitChemicals?<\/h3>\n<p> Vi tilbyr kun naturlige produkter. Vi leverer i tide til mange omr\u00e5der. praktisk \u00e5 bruke i enhver situasjon   <strong>Bestill Red Liquid Mercury &#8211; Kj\u00f8p Red Liquid Mercury online &#8211; Kj\u00f8p Red Mercury <\/strong><\/p>\n<h3>Hvordan kj\u00f8pe Red Liquid Mercury?<\/h3>\n<p> Ved \u00e5 bruke Red Liquid Mercury for salg i Europa kan kj\u00f8peren bestille den for mye mindre penger. Det er en god elektrisk leder som har blitt brukt i konstruksjon av brytere og batterier.<\/p>\n","protected":false},"excerpt":{"rendered":"<p>&nbsp;<\/p>\n","protected":false},"featured_media":18325,"comment_status":"closed","ping_status":"closed","template":"","meta":{"om_disable_all_campaigns":false,"_sitemap_exclude":false,"_sitemap_priority":"","_sitemap_frequency":"","_monsterinsights_skip_tracking":false,"_monsterinsights_sitenote_active":false,"_monsterinsights_sitenote_note":"","_monsterinsights_sitenote_category":0},"product_cat":[32020],"product_tag":[33257,33238,33247,33252,33242,33249,33241,33244,33239,33240,33245,33258,33259,33254,33246,33256,33255,33250,33253,33248,33251,33243],"class_list":{"0":"post-33512","1":"product","2":"type-product","3":"status-publish","4":"has-post-thumbnail","6":"product_cat-forskningskjemikalier-og-psykedelika","7":"product_tag-autentisk-rodt-flytende-kvikksolv-europa","8":"product_tag-bestill-red-liquid-mercury-online","9":"product_tag-bestill-rodt-flytende-kvikksolv-eu","10":"product_tag-billig-rodt-flytende-kvikksolv-europa","11":"product_tag-effekter-av-rodt-flytende-kvikksolv","12":"product_tag-hvor-kan-du-kjope-rodt-flytende-kvikksolv-europa","13":"product_tag-hvor-kan-du-kjope-rodt-flytende-kvikksolv-pa-nettet","14":"product_tag-hvor-mye-er-rodt-flytende-kvikksolv","15":"product_tag-kjop-red-liquid-mercury","16":"product_tag-kjop-red-liquid-mercury-online","17":"product_tag-kjop-rodt-flytende-kvikksolv-online-europa","18":"product_tag-red-liquid-mercury-europe-leverandorer","19":"product_tag-rod-flytende-kvikksolv-europa-anmeldelse","20":"product_tag-rod-flytende-kvikksolv-europa-butikk","21":"product_tag-rodt-flytende-kvikksolv-beste-pris-europa","22":"product_tag-rodt-flytende-kvikksolv-europa-levering","23":"product_tag-rodt-flytende-kvikksolv-europa-rabatt","24":"product_tag-rodt-flytende-kvikksolv-europa-salg","25":"product_tag-rodt-flytende-kvikksolv-europa-tilbud","26":"product_tag-rodt-flytende-kvikksolv-gratis-frakt-europa","27":"product_tag-rodt-flytende-kvikksolv-nettbutikk-europa","28":"product_tag-salg-av-rodt-flytende-kvikksolv-pa-nett","30":"first","31":"instock","32":"shipping-taxable","33":"purchasable","34":"product-type-variable","35":"farmacie-col"},"aioseo_notices":[],"_links":{"self":[{"href":"https:\/\/lacasadelamedicina.es\/no\/wp-json\/wp\/v2\/product\/33512"}],"collection":[{"href":"https:\/\/lacasadelamedicina.es\/no\/wp-json\/wp\/v2\/product"}],"about":[{"href":"https:\/\/lacasadelamedicina.es\/no\/wp-json\/wp\/v2\/types\/product"}],"replies":[{"embeddable":true,"href":"https:\/\/lacasadelamedicina.es\/no\/wp-json\/wp\/v2\/comments?post=33512"}],"wp:featuredmedia":[{"embeddable":true,"href":"https:\/\/lacasadelamedicina.es\/no\/wp-json\/wp\/v2\/media\/18325"}],"wp:attachment":[{"href":"https:\/\/lacasadelamedicina.es\/no\/wp-json\/wp\/v2\/media?parent=33512"}],"wp:term":[{"taxonomy":"product_cat","embeddable":true,"href":"https:\/\/lacasadelamedicina.es\/no\/wp-json\/wp\/v2\/product_cat?post=33512"},{"taxonomy":"product_tag","embeddable":true,"href":"https:\/\/lacasadelamedicina.es\/no\/wp-json\/wp\/v2\/product_tag?post=33512"}],"curies":[{"name":"wp","href":"https:\/\/api.w.org\/{rel}","templated":true}]}}