{"id":33497,"date":"2024-08-09T14:02:09","date_gmt":"2024-08-09T14:02:09","guid":{"rendered":"https:\/\/lacasadelamedicina.es\/product\/kjop-p2p-olje-pa-nett\/"},"modified":"2024-08-09T14:02:09","modified_gmt":"2024-08-09T14:02:09","slug":"kjop-p2p-olje-pa-nett","status":"publish","type":"product","link":"https:\/\/lacasadelamedicina.es\/no\/produkt\/kjop-p2p-olje-pa-nett\/","title":{"rendered":"Kj\u00f8p P2P olje p\u00e5 nett"},"content":{"rendered":"<h3>Kj\u00f8p P2P olje p\u00e5 nett.<\/h3>\n<p> P2P shopping. Kjemisk er fenylaceton en organisk forbindelse med formelen C6H5CH2COCH3. Det er et pruttende svovel som l\u00f8ses opp i organiske l\u00f8semidler. Dette stoffet, ogs\u00e5 kjent som P2P, brukes til \u00e5 lage metamfetamin og amfetamin. P\u00e5 grunn av den ulovlige bruken i skjult kjemi, ble det erkl\u00e6rt et Schedule II-kontrollert stoff i USA i 1980. Fenylaceton dannes av FMO3-mediert oksidativ deaminering av amfetamin og metamfetamin hos mennesker. Du kan bestille h\u00f8ykvalitets P2P-olje billig og med fri frakt i v\u00e5r nettbutikk. Kj\u00f8p P2P olje online Hvor kan jeg kj\u00f8pe P2P olje online?        <\/p>\n<h3>Vi er den beste nettleverand\u00f8ren av h\u00f8ykvalitets P2P-l i Europa.<\/h3>\n<p><strong>Kan jeg kj\u00f8pe P2P-L online?<\/strong> Vi anbefaler deg \u00e5 kj\u00f8pe alle produktene dine fra Dr. Lawsons Pharmacy. Dette er den mest anerkjente forhandleren av kjemikalier p\u00e5 nett hvor du kan f\u00e5 b\u00e5de pulver og etanol til en konkurransedyktig pris. Kj\u00f8p P2p-l   <strong>Hvorfor kj\u00f8per folk fra oss?<\/strong><\/p>\n<p>&nbsp;<\/p>\n<p><a href=\"https:\/\/drlawsonspharmacy\/contact-us\/\">KONTAKT<\/a> Vi er en produsent med rimelige priser, rask levering og 99,99% n\u00f8yaktighet. Typer P2P Dette forskningskjemikaliet tilbys i to forskjellige former, inkludert pulver og v\u00e6ske.&#8217; Tags: enkelt, P2P-oppskrifter, trinnvis P2P-metode P2P-is, benzylmetylketonlukt, fenyl-2-propanon og metylamin, P2P-syntese, benzylmetylketonsyntese, fenyl-2-propanonsyntese <\/p>\n<h4>Undertittel: kj\u00f8p fenylacetonol (P2P) online.<\/h4>\n<p>&nbsp;<\/p>\n<h3><strong>bestille p2p olje<\/strong><\/h3>\n<p> Kj\u00f8p fenylaceton (P2P) online l. Den kjemiske forbindelsen kjent som fenylaceton har formelen C6H5CH2COCH3. V\u00e6sken er fargel\u00f8s og l\u00f8selig i l\u00f8semidler. Dette stoffet blir ofte referert til som P2P n\u00e5r det brukes til \u00e5 lage metamfetamin og amfetamin. P\u00e5 grunn av dets ulovlige bruk i ulovlig kjemi, ble det erkl\u00e6rt et Schedule II-kontrollert stoff i USA i 1980. Fenylaceton dannes hos mennesker som en metabolitt av amfetamin og metamfetamin ved FMO3-mediert oksidativ deaminering. Kj\u00f8p P2p-l V\u00e5rt m\u00e5l er \u00e5 gi et bredest mulig utvalg og forberedelse. Deres overlegne kvalitet, eksepsjonelle verdi og enest\u00e5ende kundeservice. Vi har stor tro p\u00e5 kundetilfredshet og trygg levering. \u00c5 levere produkter til v\u00e5re kunder er avgj\u00f8rende for suksessen til v\u00e5r virksomhet. Du kan kj\u00f8pe P2P (l) p\u00e5 nett.           &nbsp;<\/p>\n","protected":false},"excerpt":{"rendered":"<h3>Kan jeg kj\u00f8pe P2P-L online?<\/h3>\n<p> Vi anbefaler deg \u00e5 kj\u00f8pe alle produktene dine fra Dr. Lawsons Pharmacy. De er den mest anerkjente forhandleren av kjemikalier p\u00e5 nett hvor du kan f\u00e5 b\u00e5de pulver og etanol til en god pris.  &nbsp;<\/p>\n","protected":false},"featured_media":18310,"comment_status":"closed","ping_status":"closed","template":"","meta":{"om_disable_all_campaigns":false,"_sitemap_exclude":false,"_sitemap_priority":"","_sitemap_frequency":"","_monsterinsights_skip_tracking":false,"_monsterinsights_sitenote_active":false,"_monsterinsights_sitenote_note":"","_monsterinsights_sitenote_category":0},"product_cat":[32020],"product_tag":[33213,33203,33195,33208,33198,33205,33197,33200,33194,33201,33196,33202,33215,33210,33214,33212,33211,33206,33204,33207,33209,33199],"class_list":{"0":"post-33497","1":"product","2":"type-product","3":"status-publish","4":"has-post-thumbnail","6":"product_cat-forskningskjemikalier-og-psykedelika","7":"product_tag-autentisk-p2p-olje-europa","8":"product_tag-bestill-p2p-olje-eu","9":"product_tag-bestill-p2p-olje-pa-nett","10":"product_tag-billig-p2p-olje-europa","11":"product_tag-effekter-av-p2p-olje","12":"product_tag-hvor-kan-du-kjope-p2p-olje-europa","13":"product_tag-hvor-kan-du-kjope-p2p-olje-online","14":"product_tag-hvor-mye-er-p2p-olje","15":"product_tag-kjop-p2p-olje","16":"product_tag-kjop-p2p-olje-online-europa","17":"product_tag-kjop-p2p-olje-pa-nett","18":"product_tag-p2p-olje-beste-pris-europa","19":"product_tag-p2p-olje-europa-anmeldelse","20":"product_tag-p2p-olje-europa-butikk","21":"product_tag-p2p-olje-europa-leverandorer","22":"product_tag-p2p-olje-europa-levering","23":"product_tag-p2p-olje-europa-rabatt","24":"product_tag-p2p-olje-europa-salg","25":"product_tag-p2p-olje-gratis-frakt-europa","26":"product_tag-p2p-olje-nettbutikk-europa","27":"product_tag-p2p-oljeavtaler-i-europa","28":"product_tag-p2p-oljesalg-online","30":"first","31":"instock","32":"shipping-taxable","33":"purchasable","34":"product-type-variable","35":"farmacie-col"},"aioseo_notices":[],"_links":{"self":[{"href":"https:\/\/lacasadelamedicina.es\/no\/wp-json\/wp\/v2\/product\/33497"}],"collection":[{"href":"https:\/\/lacasadelamedicina.es\/no\/wp-json\/wp\/v2\/product"}],"about":[{"href":"https:\/\/lacasadelamedicina.es\/no\/wp-json\/wp\/v2\/types\/product"}],"replies":[{"embeddable":true,"href":"https:\/\/lacasadelamedicina.es\/no\/wp-json\/wp\/v2\/comments?post=33497"}],"wp:featuredmedia":[{"embeddable":true,"href":"https:\/\/lacasadelamedicina.es\/no\/wp-json\/wp\/v2\/media\/18310"}],"wp:attachment":[{"href":"https:\/\/lacasadelamedicina.es\/no\/wp-json\/wp\/v2\/media?parent=33497"}],"wp:term":[{"taxonomy":"product_cat","embeddable":true,"href":"https:\/\/lacasadelamedicina.es\/no\/wp-json\/wp\/v2\/product_cat?post=33497"},{"taxonomy":"product_tag","embeddable":true,"href":"https:\/\/lacasadelamedicina.es\/no\/wp-json\/wp\/v2\/product_tag?post=33497"}],"curies":[{"name":"wp","href":"https:\/\/api.w.org\/{rel}","templated":true}]}}