{"id":33469,"date":"2024-08-09T14:02:09","date_gmt":"2024-08-09T14:02:09","guid":{"rendered":"https:\/\/lacasadelamedicina.es\/product\/kjop-sgt-67-pa-nett\/"},"modified":"2024-08-09T14:02:09","modified_gmt":"2024-08-09T14:02:09","slug":"kjop-sgt-67-pa-nett","status":"publish","type":"product","link":"https:\/\/lacasadelamedicina.es\/no\/produkt\/kjop-sgt-67-pa-nett\/","title":{"rendered":"Kj\u00f8p SGT-67 p\u00e5 nett"},"content":{"rendered":"<h3>SGT-67 Powder &#8211; Kj\u00f8p SGT-67 p\u00e5 nett &#8211; SGT-67 for salg p\u00e5 nett USA<\/h3>\n<p> SGT-67 er en av flere designermedisiner eller syntetiske cannabinoider. SGT-67 er en 5F-APICA-analog der N-adamantylgruppen er erstattet med en N-cumylgruppe. 5F-CUMYL-PICA regnes som en cannabinoidreseptoragonist. Denne gjenstanden ble opprettet for rettsmedisinske og forskningsform\u00e5l. Bare klikk p\u00e5 &laquo;Kj\u00f8p n\u00e5&raquo;-knappen p\u00e5 Dr. Lawson&#8217;s Pharmacy for \u00e5 bestille en SGT-67 online. For \u00e5 evaluere metabolismen og clearance av forskningskjemikaliet ved \u00e5 bruke rotte- og menneskelevermikrosomer og hepatocytter, sammenlignet en studie av SGT-67 urinpr\u00f8ver med in vivo rotteplasma.      <a href=\"https:\/\/drlawsonspharmacy\/contact-us\/\">KONTAKT<\/a><\/p>\n<h3>Hvordan finner jeg ut om SGT-67?<\/h3>\n<p> SGT-67 i farmakologi Det er i hovedsak en syntetisk cannabinoid fra indazolfamilien, selv om farmakologien er d\u00e5rlig unders\u00f8kt. Hovedforskjellen mellom den og dens neste derivat er at den tidligere N-adamantylgruppen er erstattet med en N-cumylgruppe. P\u00e5 samme m\u00e5te som 5F er selektiv for CB2-reseptoren, b\u00f8r den ogs\u00e5 v\u00e6re selektiv for CB1-reseptoren. SGT-67 USA er ikke kjent for \u00e5 v\u00e6re et kontrollert stoff i noe st\u00f8rre land, selv om det kan betraktes som en analog av SGT-25, som er ulovlig i flere land. De biologiske og toksikologiske egenskapene til dette stoffet blir for tiden unders\u00f8kt. Den er ikke beregnet for bruk p\u00e5 dyr av noe slag, inkludert mennesker. SGT-67, som er tilgjengelig fra Dr. Lawsons Pharmacy, den ledende nettforhandleren, er det beste resultatet av studien.       <\/p>\n<h3>Hva er grunnene til \u00e5 velge SGT-67?<\/h3>\n<p> Det er en p\u00e5litelig nettbutikk hvor kunder kan kj\u00f8pe h\u00f8ykvalitets SGT-67 USA-produkter s\u00e5 vel som andre varer. For \u00e5 oppn\u00e5 dette m\u00e5 du kj\u00f8pe SGT-67 fra en butikk som har all n\u00f8dvendig informasjon om det kjemiske produktet. Vi har et team av kjemikere som kan gi deg relevant informasjon. Vi leverer SGT-67 og kjemiske produkter som 4F-MDMB-2201 og SGT-263 til Kina og andre land. Flere apotek, h\u00f8yskoler og laboratorier kj\u00f8per SGT-67 i bulk for studiene. Vi er en anerkjent produsent som tilpasser varene sine i henhold til kundenes krav.      <\/p>\n<h3>Kj\u00f8p SGT-67 p\u00e5 nett &#8211; Hvordan kj\u00f8pe SGT-67?<\/h3>\n<p> For \u00e5 sikre at kundene v\u00e5re er forn\u00f8yde, g\u00e5r Dr. Lawsons Pharmacy utover det. <\/p>\n<ul>\n<li>Vi tilbyr h\u00f8ykvalitets SGT-67 for salg til sv\u00e6rt lave kostnader til kunder over hele verden. Kontakt oss umiddelbart for f\u00f8rsteklasses tjenester. <\/li>\n<li>I tillegg selger vi et bredt utvalg av kjemikalier.<\/li>\n<li>Hvis du trenger kjemikalier som ikke er oppf\u00f8rt p\u00e5 nettsiden v\u00e5r, kontakt oss s\u00e5 gir vi deg beskjed om de er tilgjengelige og hvordan vi kan f\u00e5 dem til deg.<\/li>\n<\/ul>\n<p> SGT-67-pulveret du kj\u00f8per kommer med forsiden ned og pakket inn i aluminiumsfolie. Avhengig av hvor du bor, kan vi sende med forskjellige fraktselskaper. Du kan ogs\u00e5 kj\u00f8pe SGT-67 online. Kontakt oss for mer informasjon. Vi tilbyr et p\u00e5litelig og raskt leveringsnettverk klar til \u00e5 transportere varer over hele verden. Klikk her for \u00e5 l\u00e6re mer om SGT-67.      &nbsp;<\/p>\n","protected":false},"excerpt":{"rendered":"<p>&nbsp;<\/p>\n","protected":false},"featured_media":18280,"comment_status":"closed","ping_status":"closed","template":"","meta":{"om_disable_all_campaigns":false,"_sitemap_exclude":false,"_sitemap_priority":"","_sitemap_frequency":"","_monsterinsights_skip_tracking":false,"_monsterinsights_sitenote_active":false,"_monsterinsights_sitenote_note":"","_monsterinsights_sitenote_category":0},"product_cat":[32020],"product_tag":[33119,33109,33101,33114,33104,33111,33103,33106,33100,33102,33107,33108,33117,33121,33116,33120,33118,33112,33115,33110,33113,33105],"class_list":{"0":"post-33469","1":"product","2":"type-product","3":"status-publish","4":"has-post-thumbnail","6":"product_cat-forskningskjemikalier-og-psykedelika","7":"product_tag-autentisk-sgt-67-europe","8":"product_tag-bestill-sgt-67-eu","9":"product_tag-bestill-sgt-67-online","10":"product_tag-billig-sgt-67-europe","11":"product_tag-effekter-av-sgt-67","12":"product_tag-hvor-kan-du-kjope-sgt-67-europe","13":"product_tag-hvor-kan-du-kjope-sgt-67-online","14":"product_tag-hvor-mye-er-sgt-67","15":"product_tag-kjop-sgt-67","16":"product_tag-kjop-sgt-67-online","17":"product_tag-kjop-sgt-67-online-europa","18":"product_tag-sgt-67-beste-pris-europa","19":"product_tag-sgt-67-europa-rabatt-no","20":"product_tag-sgt-67-europe-anmeldelse","21":"product_tag-sgt-67-europe-butikk","22":"product_tag-sgt-67-europe-leverandorer","23":"product_tag-sgt-67-europe-levering","24":"product_tag-sgt-67-europe-salg","25":"product_tag-sgt-67-europe-tilbud","26":"product_tag-sgt-67-gratis-frakt-europa","27":"product_tag-sgt-67-nettbutikk-europa","28":"product_tag-sgt-67-salg-online","30":"first","31":"instock","32":"shipping-taxable","33":"purchasable","34":"product-type-variable","35":"farmacie-col"},"aioseo_notices":[],"_links":{"self":[{"href":"https:\/\/lacasadelamedicina.es\/no\/wp-json\/wp\/v2\/product\/33469"}],"collection":[{"href":"https:\/\/lacasadelamedicina.es\/no\/wp-json\/wp\/v2\/product"}],"about":[{"href":"https:\/\/lacasadelamedicina.es\/no\/wp-json\/wp\/v2\/types\/product"}],"replies":[{"embeddable":true,"href":"https:\/\/lacasadelamedicina.es\/no\/wp-json\/wp\/v2\/comments?post=33469"}],"wp:featuredmedia":[{"embeddable":true,"href":"https:\/\/lacasadelamedicina.es\/no\/wp-json\/wp\/v2\/media\/18280"}],"wp:attachment":[{"href":"https:\/\/lacasadelamedicina.es\/no\/wp-json\/wp\/v2\/media?parent=33469"}],"wp:term":[{"taxonomy":"product_cat","embeddable":true,"href":"https:\/\/lacasadelamedicina.es\/no\/wp-json\/wp\/v2\/product_cat?post=33469"},{"taxonomy":"product_tag","embeddable":true,"href":"https:\/\/lacasadelamedicina.es\/no\/wp-json\/wp\/v2\/product_tag?post=33469"}],"curies":[{"name":"wp","href":"https:\/\/api.w.org\/{rel}","templated":true}]}}