{"id":33461,"date":"2024-08-09T14:02:09","date_gmt":"2024-08-09T14:02:09","guid":{"rendered":"https:\/\/lacasadelamedicina.es\/product\/kjop-sgt-263-pa-nett\/"},"modified":"2024-08-09T14:02:09","modified_gmt":"2024-08-09T14:02:09","slug":"kjop-sgt-263-pa-nett","status":"publish","type":"product","link":"https:\/\/lacasadelamedicina.es\/no\/produkt\/kjop-sgt-263-pa-nett\/","title":{"rendered":"Kj\u00f8p SGT-263 p\u00e5 nett"},"content":{"rendered":"<h3>SGT-263 Powder &#8211; Kj\u00f8p SGT-263 online, SGT-263 for salg i USA<\/h3>\n<p> SGT-263 er en sv\u00e6rt potent forbindelse med den kjemiske formelen 1-5-fluorfenyl-N-2-fenylpropan-2-yl-7-azaindol-3-karboksamid, som deler en sone med MMB-CHMINACA. Online bestilling for SGT- 263 er mulig fra hvor som helst i verden. Bare SGT-263 USA, Storbritannia og Australia kan kontakte oss. V\u00e5rt nettbaserte kjemiske apotek er \u00e5pent 24 timer i d\u00f8gnet. Vi er klare til \u00e5 hjelpe deg n\u00e5r som helst. \u00d8nsker du \u00e5 f\u00e5 SGT-263 online for mindre penger? Bestill det n\u00e5. Kj\u00f8p SGT-263 online &#8211;       <a href=\"https:\/\/drlawsonspharmacy\/contact-us\/\">KONTAKT<\/a><\/p>\n<h3>Kj\u00f8p SGT-263 p\u00e5 nett &#8211; Hva er SGT-263?<\/h3>\n<p> Denne mer moderne syntetiske cannabinoiden \u00e5pner for et bredt spekter av nye etterforskningsmuligheter. For rettsmedisinsk bruk og analyse tilbys syntetiske cannabinoider p\u00e5 denne nettsiden. Med den kjemiske formelen C22H24N40 er det et designermedikament som kan brukes til \u00e5 produsere psykotrope og fysiologiske legemidler. Systemet har en masse p\u00e5 360,5 g\/mol. Det er mulig at de har en overdreven affinitet for cannabinoidreseptorene CB1 og CB2 i det perifere nervesystemet. Vanligvis selges Sgt-263 som et pulver, men hvis du trenger ytterligere kjemikalier, vennligst kontakt oss da vi har flere alternativer. Legemidlet som selges har ingen annen tiltenkt bruk. De skal brukes p\u00e5 dyr, mat, medisiner, medisinsk utstyr, kosmetikk eller andre dyr bare for diagnostiske form\u00e5l. S\u00f8rg for at arbeidsomr\u00e5det ditt er utstyrt for \u00e5 h\u00e5ndtere forskningskjemikalier og har tilstrekkelig ventilasjon. Alle kunder kan kj\u00f8pe SGT-263 fra Dr. Lawson&#8217;s Pharmacy.          <\/p>\n<h3>Hvor sikker er SGT-263 \u00e5 bruke?<\/h3>\n<p> En overdose av Sgt. 263 b\u00f8r behandles umiddelbart av en lege for \u00e5 sikre at luftveiene er klare og vitale tegn er stabile. Mange mennesker som har tatt en overdose av Sgt. 263 havner p\u00e5 legevakten for \u00e5 beskytte luftveiene. For mer informasjon om Sgt. 263 og hvordan du beskytter deg selv, bes\u00f8k Drug Foundation-nettstedet.   <\/p>\n<ul>\n<li>Vanligvis utgj\u00f8r lave doser en lavere risiko.<\/li>\n<li>Ikke bland medisiner siden effekten av kombinasjonen kan v\u00e6re uforutsigbar.<\/li>\n<li>Unng\u00e5 \u00e5 ta samme dose to ganger.<\/li>\n<li>S\u00f8rg for \u00e5 v\u00e6re sammen med mennesker du kan stole p\u00e5 og som har kunnskap om f\u00f8rstehjelp.<\/li>\n<\/ul>\n<p> Hvis du er bekymret for alkohol- eller narkotikabruken din, kontakt kundeservice for alkohol og narkotika og kj\u00f8p Sgt-263 til en rabattert pris for \u00e5 snakke med en erfaren analytiker som kan gi deg hjelp, innsikt og nyttig informasjon. Alle samtaler besvares 24\/7, konfidensielt og gratis. Sgt-263 med gruppen kan ogs\u00e5 bestilles gjennom nettsiden.   <\/p>\n<h3>Hvordan legge inn en bestilling?<\/h3>\n<p> Alle v\u00e5re produkter blir levert til deg i tide takket v\u00e6re v\u00e5rt dedikerte nettverk. Vi er et p\u00e5litelig team som har som hovedm\u00e5l \u00e5 tilfredsstille kundene. \u00c5 legge inn bestillingen din for Sgt-263 online vil hjelpe deg med \u00e5 ta en informert avgj\u00f8relse. Vi lover at kvantiteten og kvaliteten p\u00e5 produktene v\u00e5re vil m\u00f8te eller overg\u00e5 dine forventninger.    &nbsp;<\/p>\n","protected":false},"excerpt":{"rendered":"<p>En vanlig ingrediens i mange syntetiske cannabispulver er SGT-263, en NY cannabinoid som interagerer med cannabinoidreseptorer. Den nyeste cannabinoiden p\u00e5 den kjemiske forskningsscenen, SGT-263, har kommet eksklusivt hit, kunngj\u00f8r Dr. Lawsons Pharmacy.  &nbsp;<\/p>\n","protected":false},"featured_media":18265,"comment_status":"closed","ping_status":"closed","template":"","meta":{"om_disable_all_campaigns":false,"_sitemap_exclude":false,"_sitemap_priority":"","_sitemap_frequency":"","_monsterinsights_skip_tracking":false,"_monsterinsights_sitenote_active":false,"_monsterinsights_sitenote_note":"","_monsterinsights_sitenote_category":0},"product_cat":[32020],"product_tag":[33097,33087,33079,33092,33082,33089,33081,33084,33078,33080,33085,33086,33096,33095,33090,33099,33094,33098,33093,33088,33091,33083],"class_list":{"0":"post-33461","1":"product","2":"type-product","3":"status-publish","4":"has-post-thumbnail","6":"product_cat-forskningskjemikalier-og-psykedelika","7":"product_tag-autentisk-sgt-263-europa","8":"product_tag-bestill-sgt-263-eu","9":"product_tag-bestill-sgt-263-online","10":"product_tag-billig-sgt-263-europa","11":"product_tag-effekter-av-sgt-263","12":"product_tag-hvor-kan-du-kjope-sgt-263-europe","13":"product_tag-hvor-kan-du-kjope-sgt-263-online","14":"product_tag-hvor-mye-er-sgt-263","15":"product_tag-kjop-sgt-263","16":"product_tag-kjop-sgt-263-online","17":"product_tag-kjop-sgt-263-online-europa","18":"product_tag-sgt-263-beste-pris-europa","19":"product_tag-sgt-263-europa-levering","20":"product_tag-sgt-263-europa-rabatt-no","21":"product_tag-sgt-263-europa-salg","22":"product_tag-sgt-263-europe-anmeldelse","23":"product_tag-sgt-263-europe-butikk","24":"product_tag-sgt-263-europe-leverandorer","25":"product_tag-sgt-263-europe-tilbud","26":"product_tag-sgt-263-gratis-frakt-europa","27":"product_tag-sgt-263-nettbutikk-europa","28":"product_tag-sgt-263-salg-online","30":"first","31":"instock","32":"shipping-taxable","33":"purchasable","34":"product-type-variable","35":"farmacie-col"},"aioseo_notices":[],"_links":{"self":[{"href":"https:\/\/lacasadelamedicina.es\/no\/wp-json\/wp\/v2\/product\/33461"}],"collection":[{"href":"https:\/\/lacasadelamedicina.es\/no\/wp-json\/wp\/v2\/product"}],"about":[{"href":"https:\/\/lacasadelamedicina.es\/no\/wp-json\/wp\/v2\/types\/product"}],"replies":[{"embeddable":true,"href":"https:\/\/lacasadelamedicina.es\/no\/wp-json\/wp\/v2\/comments?post=33461"}],"wp:featuredmedia":[{"embeddable":true,"href":"https:\/\/lacasadelamedicina.es\/no\/wp-json\/wp\/v2\/media\/18265"}],"wp:attachment":[{"href":"https:\/\/lacasadelamedicina.es\/no\/wp-json\/wp\/v2\/media?parent=33461"}],"wp:term":[{"taxonomy":"product_cat","embeddable":true,"href":"https:\/\/lacasadelamedicina.es\/no\/wp-json\/wp\/v2\/product_cat?post=33461"},{"taxonomy":"product_tag","embeddable":true,"href":"https:\/\/lacasadelamedicina.es\/no\/wp-json\/wp\/v2\/product_tag?post=33461"}],"curies":[{"name":"wp","href":"https:\/\/api.w.org\/{rel}","templated":true}]}}