{"id":33453,"date":"2024-08-09T14:02:09","date_gmt":"2024-08-09T14:02:09","guid":{"rendered":"https:\/\/lacasadelamedicina.es\/product\/kjop-nembutal-pulver-pa-nett\/"},"modified":"2024-08-09T14:02:09","modified_gmt":"2024-08-09T14:02:09","slug":"kjop-nembutal-pulver-pa-nett","status":"publish","type":"product","link":"https:\/\/lacasadelamedicina.es\/no\/produkt\/kjop-nembutal-pulver-pa-nett\/","title":{"rendered":"Kj\u00f8p Nembutal pulver p\u00e5 nett"},"content":{"rendered":"<h3>Nembutal Powder &#8211; Kj\u00f8p Nembutal Online, Nembutal Powder til salgs.<\/h3>\n<p> Nembutal-kjemikalier er best levert av oss i USA, og du kan kj\u00f8pe Nembutal-pulver av h\u00f8y kvalitet til en rimelig pris. Bestill Nembutal online!  <strong>Kj\u00f8p Nembutal Powder Online<\/strong>  &#8211;  <a href=\"https:\/\/drlawsonspharmacy\/contact-us\/\">KONTAKT<\/a><\/p>\n<h3>Hva er Nembutal Powder?<\/h3>\n<p> Barbiturater er en klasse legemidler som Nembutal-pulver tilh\u00f8rer. Dette kjemikaliet brukes i b\u00e5de anestesi og psykiatri for \u00e5 behandle pasienter med problemer som s\u00f8vnforstyrrelser, epilepsi og hjerneskader. I dag kan produsenten eller internettforhandleren av dette stoffet kontaktes direkte. Kj\u00f8p Nembutal-pulver p\u00e5 nett som induserer en avslappende d\u00f8sighet og lindrer ubehag. Dette kan administreres ved \u00e5 injisere en l\u00f8sning i musklene. Dette er offisielt og Therapeutic Goods Administration vurderer \u00e5 utsette programmet.      <\/p>\n<h3><strong>Bestill Nembutal Powder<\/strong> \u2013 Bruk av Nembutal.<\/h3>\n<ul>\n<li>De viktigste bruksomr\u00e5dene for Nembutal-pulver er korttidsbehandling av s\u00f8vnl\u00f8shet. Dette gj\u00f8r at folk sover rolig i en periode. <\/li>\n<li>I n\u00f8dstilfeller bruker legene og pre-anestetika dette kjemikaliet f\u00f8r operasjonen. Denne medikamentdosen gir bedre effekt og varer inntil n\u00f8dvendig f\u00f8r anestesi. <\/li>\n<li>Legemidlet i denne medisinen brukes til \u00e5 redusere trykket i hodeskallen ved traumatisk hjerneskade.<\/li>\n<li>Det brukes ogs\u00e5 som et eutanasimiddel for dyr og mennesker.<\/li>\n<li>Det brukes hovedsakelig for personer som blir avhengige av narkotika og alkohol for \u00e5 f\u00e5 kontroll over det.<\/li>\n<\/ul>\n<h3>Hvor kan jeg kj\u00f8pe Nembutal-pulveret?<\/h3>\n<ul>\n<li>Det er mange produsenter av pulverisert Nembutal p\u00e5 markedet. Du m\u00e5 imidlertid utvise ekstrem forsiktighet n\u00e5r du velger den rette. En av de enkleste m\u00e5tene \u00e5 f\u00e5 Nembutal s\u00e5 snart som mulig er \u00e5 kj\u00f8pe den p\u00e5 nett.  <\/li>\n<li>Du kan finne p\u00e5litelige kilder for lovlig salg av dette produktet. De fleste er klar over de mildere bivirkningene av barbiturater. <\/li>\n<li><strong>Kj\u00f8p Nembutal-pulver p\u00e5 nett<\/strong> gir en god farge som holder i lange dager og etterlater et helhetsinntrykk.<\/li>\n<li>Det ville v\u00e6re best om du har tillatelse til \u00e5 ta store mengder p\u00e5 en gang, da overdose vil ha alvorlige effekter p\u00e5 brukerne.<\/li>\n<\/ul>\n<p>&nbsp;<\/p>\n","protected":false},"excerpt":{"rendered":"<p>&nbsp;<\/p>\n","protected":false},"featured_media":18250,"comment_status":"closed","ping_status":"closed","template":"","meta":{"om_disable_all_campaigns":false,"_sitemap_exclude":false,"_sitemap_priority":"","_sitemap_frequency":"","_monsterinsights_skip_tracking":false,"_monsterinsights_sitenote_active":false,"_monsterinsights_sitenote_note":"","_monsterinsights_sitenote_category":0},"product_cat":[32020],"product_tag":[31755,31745,31739,31750,31740,31747,31738,31742,31743,31737,31736,31757,31752,31756,31744,31754,31753,31748,31751,31746,31749,31741],"class_list":{"0":"post-33453","1":"product","2":"type-product","3":"status-publish","4":"has-post-thumbnail","6":"product_cat-forskningskjemikalier-og-psykedelika","7":"product_tag-autentisk-nembutal-pulver-europa","8":"product_tag-bestill-nembutal-pulver-eu","9":"product_tag-bestill-nembutal-pulver-pa-nett","10":"product_tag-billig-nembutal-pulver-europa","11":"product_tag-effekter-av-nembutal-pulver","12":"product_tag-hvor-kan-du-kjope-nembutal-pulver-europa","13":"product_tag-hvor-kan-du-kjope-nembutal-pulver-online","14":"product_tag-hvor-mye-er-nembutal-pulver","15":"product_tag-kjop-nembutal-pulver-online-europa","16":"product_tag-kjop-nembutal-pulver-pa-nett","17":"product_tag-kjope-nembutal-pulver","18":"product_tag-nembutal-powder-europe-anmeldelse","19":"product_tag-nembutal-powder-europe-butikk","20":"product_tag-nembutal-powder-europe-leverandorer","21":"product_tag-nembutal-pulver-beste-pris-europa","22":"product_tag-nembutal-pulver-europa-levering","23":"product_tag-nembutal-pulver-europa-rabatt-no","24":"product_tag-nembutal-pulver-europa-salg","25":"product_tag-nembutal-pulver-europa-tilbud","26":"product_tag-nembutal-pulver-gratis-frakt-europa","27":"product_tag-nembutal-pulver-nettbutikk-europa","28":"product_tag-nembutal-pulver-salg-pa-nett","30":"first","31":"instock","32":"shipping-taxable","33":"purchasable","34":"product-type-variable","35":"farmacie-col"},"aioseo_notices":[],"_links":{"self":[{"href":"https:\/\/lacasadelamedicina.es\/no\/wp-json\/wp\/v2\/product\/33453"}],"collection":[{"href":"https:\/\/lacasadelamedicina.es\/no\/wp-json\/wp\/v2\/product"}],"about":[{"href":"https:\/\/lacasadelamedicina.es\/no\/wp-json\/wp\/v2\/types\/product"}],"replies":[{"embeddable":true,"href":"https:\/\/lacasadelamedicina.es\/no\/wp-json\/wp\/v2\/comments?post=33453"}],"wp:featuredmedia":[{"embeddable":true,"href":"https:\/\/lacasadelamedicina.es\/no\/wp-json\/wp\/v2\/media\/18250"}],"wp:attachment":[{"href":"https:\/\/lacasadelamedicina.es\/no\/wp-json\/wp\/v2\/media?parent=33453"}],"wp:term":[{"taxonomy":"product_cat","embeddable":true,"href":"https:\/\/lacasadelamedicina.es\/no\/wp-json\/wp\/v2\/product_cat?post=33453"},{"taxonomy":"product_tag","embeddable":true,"href":"https:\/\/lacasadelamedicina.es\/no\/wp-json\/wp\/v2\/product_tag?post=33453"}],"curies":[{"name":"wp","href":"https:\/\/api.w.org\/{rel}","templated":true}]}}