{"id":33451,"date":"2024-08-09T14:02:09","date_gmt":"2024-08-09T14:02:09","guid":{"rendered":"https:\/\/lacasadelamedicina.es\/product\/kjop-gamma-butyrolactone-gbl-online\/"},"modified":"2024-08-09T14:02:09","modified_gmt":"2024-08-09T14:02:09","slug":"kjop-gamma-butyrolactone-gbl-online","status":"publish","type":"product","link":"https:\/\/lacasadelamedicina.es\/no\/produkt\/kjop-gamma-butyrolactone-gbl-online\/","title":{"rendered":"Kj\u00f8p Gamma Butyrolactone (GBL) online"},"content":{"rendered":"<h3>Gamma-butyrolactone til salgs, kj\u00f8p GBL online i TYSKLAND, bestill GBL online<\/h3>\n<p> Kj\u00f8p Gamma Butyrolactone (GBL) p\u00e5 nett \u2013 Selv om GHB og GBL er betydelige CNS-depressiva i praktisk talt alle levende ting, er det enn\u00e5 ikke kjent hvordan de p\u00e5virker hjernen. \u00c5 l\u00f8se disse g\u00e5tene kan hjelpe oss \u00e5 forst\u00e5 de mest grunnleggende funksjonene ved hjerneaktivitet. Den optiske gjenkjenningen av GHB og GBL er sannsynligvis for <a href=\"https:\/\/dieapotheke247.com\/\">b<\/a>iologisk forskning p\u00e5 disse nevrodepressiva kan v\u00e6re gunstig. I tillegg er GHB og GBL blant de nevrologiske artene som sensorer er spesielt vanskelige \u00e5 konstruere for p\u00e5 grunn av deres enkle struktur og mangel p\u00e5 reaksjonssteder. Takket v\u00e6re v\u00e5r kunnskap og p\u00e5litelighet i \u00e5 selge gammabutyrolakton p\u00e5 nettet, har vi blitt et av de mest popul\u00e6re selskapene med bokstavelig talt tusenvis av forbrukere fra hele verden som bestiller GBL. Kj\u00f8p Gamma Butyrolactone (GBL) online      <a href=\"https:\/\/drlawsonspharmacy\/contact-us\/\"><a href=\"https:\/\/drlawsonspharmacy\/contact-us\/\">KONTAKT Kj\u00f8p Gamma Butyrolactone (GBL) online &#8211;<\/a> <\/a><\/p>\n<h3>Hva er GBL?<\/h3>\n<p> Det er en fargel\u00f8s, hygroskopisk v\u00e6ske som blandes med vann og har en lett duft. De mest grunnleggende er 4-karbon laktoner. GBL virker hos mennesker som et prodrug for -hydroksysm\u00f8rsyren GHB og som et CNS-dempende middel for rekreasjonsbruk med barbituratlignende effekter. Det omdannes som et mellomprodukt til andre forbindelser som metyl-2-pyrrolidon. GBL-ekstrakter var tilstede i pr\u00f8ver av uforfalsket vin. Dette funnet beviser at GBL USA forekommer naturlig i enkelte viner og relaterte varer. GC\/MS-analyse av deteksjonskonsentrasjonen p\u00e5 5 g\/mL ble forenklet med en enkel elimineringsteknikk. GBL blir ofte feilpresentert og tilbudt for salg som en v\u00e6ske.        <\/p>\n<h3>Hvorfor kj\u00f8pe GBL?<\/h3>\n<p> Vi nyter godt omd\u00f8mme som en leverand\u00f8r som alltid tar sine forpliktelser overfor sine kunder p\u00e5 alvor. Nettforhandlere tilbyr Gamma-Butyrolactone GBL Online og andre relevante produkter til rimelige priser. For \u00e5 bestille disse GBL-produktene m\u00e5 vi investere mye penger.   <\/p>\n<ul>\n<li>Bestillingen din vil bli pakket med ytterste presisjon av pakketeamet for \u00e5 unng\u00e5 skade under transport.<\/li>\n<li>S\u00e5 du kan se hvor enkelt det er \u00e5 bestille en gamma butyrolactone GBL renser p\u00e5 nett fra oss.<\/li>\n<li>Det var en tid da det var vanskelig \u00e5 kj\u00f8pe Gamma-Butyrolactone GBL.<\/li>\n<li>Offline under lange reiser og kun n\u00e5r tilgjengelig offline i nettbutikker.<\/li>\n<li>Nettmodusen dukket imidlertid opp p\u00e5 grunn av teknologisk og historisk utvikling.<\/li>\n<\/ul>\n<p> Gamma-Butyrolactone GBL kan enkelt kj\u00f8pes fra en nettbutikk til en lav pris ved \u00e5 bruke enhetene dine hvor som helst. Du trenger ikke lenger \u00e5 reise n\u00e5r du n\u00e5r som helst kan kj\u00f8pe Gamma-Butyrolactone GBL online hos oss.  <\/p>\n<h3>Hvordan bruker jeg GBL?<\/h3>\n<p> Dette materialet er ment \u00e5 st\u00f8tte anbefalingene fra legen din eller annet helsepersonell og er ikke ment \u00e5 dekke alle potensielle bruksomr\u00e5der, forholdsregler, interaksjoner eller u\u00f8nskede effekter. Denne informasjonen gjelder kanskje ikke for din spesifikke helsesituasjon. Kj\u00f8p aldri GBL p\u00e5 nettet eller fra en annen lisensiert helsepersonell basert utelukkende p\u00e5 informasjon du har lest p\u00e5 nettet.   S\u00f8k alltid akutt medisinsk r\u00e5d fra legen din. <strong><a href=\"https:\/\/legitchemicals.com\/product\/buy-gamma-butyrolactone-gbl-online\/\">Kj\u00f8p GBL online<\/a><\/strong> \u2013 Dr. Lawsons Pharmacy Store har gammahydroksybutyrat av h\u00f8yeste kvalitet til salgs. Kj\u00f8p GHB online, bestill GHB lovlig p\u00e5 nett. Molekylet gamma-hydroksybutyrat er tilstede i hjernen. GHB har en beroligende effekt som p\u00e5virker en rekke nervebaner i hjernen. Det er ofte brukt som et stoff for \u00e5 lette seksuelle overgrep og som et feststoff, og det er derfor det er klassifisert som et forbudt stoff p\u00e5 grunn av sikkerhetshensyn. S\u00e5 for \u00e5 f\u00e5 GHB GAMMA HYDROXYBUTYRATE og takle et alvorlig problem, m\u00e5 du se etter det relevante nettstedet. Dette produktet, som fortsatt er til salgs i USA til tross for at det ble trukket tilbake fra markedet i 1990, er bedre egnet til \u00e5 finne en l\u00f8sning p\u00e5 problemet ditt. Kj\u00f8p Gamma Butyrolactone (GBL) online        &nbsp;<\/p>\n","protected":false},"excerpt":{"rendered":"<p>(GBL) online til de laveste prisene fra en amerikansk leverand\u00f8r. En lavluktende, fargel\u00f8s, hygroskopisk v\u00e6ske med vannblandbarhet kalles -butyrolakton (GBL). Den enkleste er en 4-karbon lakton. GBL fungerer som et prodrug for hydroksysm\u00f8rsyre (GHB) hos mennesker og brukes ogs\u00e5 som et avslappende CNS-dempende middel med effekter som ligner p\u00e5 barbiturater. Det er ogs\u00e5 et kjemisk mellomprodukt som brukes til \u00e5 lage andre forbindelser.     &nbsp;<\/p>\n","protected":false},"featured_media":18235,"comment_status":"closed","ping_status":"closed","template":"","meta":{"om_disable_all_campaigns":false,"_sitemap_exclude":false,"_sitemap_priority":"","_sitemap_frequency":"","_monsterinsights_skip_tracking":false,"_monsterinsights_sitenote_active":false,"_monsterinsights_sitenote_note":"","_monsterinsights_sitenote_category":0},"product_cat":[32020],"product_tag":[33075,33065,33057,33070,33060,33064,33073,33068,33077,33076,33072,33071,33066,33074,33069,33061,33067,33059,33062,33056,33063,33058],"class_list":{"0":"post-33451","1":"product","2":"type-product","3":"status-publish","4":"has-post-thumbnail","6":"product_cat-forskningskjemikalier-og-psykedelika","7":"product_tag-autentisk-gamma-butyrolactone-gbl-europa","8":"product_tag-bestill-gamma-butyrolactone-gbl-eu","9":"product_tag-bestill-gamma-butyrolactone-gbl-pa-nett","10":"product_tag-billig-gamma-butyrolactone-gbl-europa","11":"product_tag-effekter-av-gamma-butyrolactone-gbl","12":"product_tag-gamma-butyrolactone-gbl-beste-pris-europa","13":"product_tag-gamma-butyrolactone-gbl-europa-rabatt","14":"product_tag-gamma-butyrolactone-gbl-europa-salg","15":"product_tag-gamma-butyrolactone-gbl-europe-anmeldelse","16":"product_tag-gamma-butyrolactone-gbl-europe-leverandorer","17":"product_tag-gamma-butyrolactone-gbl-europe-butikk","18":"product_tag-gamma-butyrolactone-gbl-europe-tilbud","19":"product_tag-gamma-butyrolactone-gbl-gratis-frakt-europa","20":"product_tag-gamma-butyrolactone-gbl-levering-i-europa","21":"product_tag-gamma-butyrolactone-gbl-nettbutikk-europa","22":"product_tag-gamma-butyrolactone-gbl-salg-pa-nett","23":"product_tag-hvor-kan-du-kjope-gamma-butyrolactone-gbl-europe","24":"product_tag-hvor-kan-du-kjope-gamma-butyrolactone-gbl-online","25":"product_tag-hvor-mye-koster-gamma-butyrolactone-gbl","26":"product_tag-kjop-gamma-butyrolactone-gbl","27":"product_tag-kjop-gamma-butyrolactone-gbl-online-europa","28":"product_tag-kjop-gamma-butyrolactone-gbl-pa-nett","30":"first","31":"instock","32":"shipping-taxable","33":"purchasable","34":"product-type-variable","35":"farmacie-col"},"aioseo_notices":[],"_links":{"self":[{"href":"https:\/\/lacasadelamedicina.es\/no\/wp-json\/wp\/v2\/product\/33451"}],"collection":[{"href":"https:\/\/lacasadelamedicina.es\/no\/wp-json\/wp\/v2\/product"}],"about":[{"href":"https:\/\/lacasadelamedicina.es\/no\/wp-json\/wp\/v2\/types\/product"}],"replies":[{"embeddable":true,"href":"https:\/\/lacasadelamedicina.es\/no\/wp-json\/wp\/v2\/comments?post=33451"}],"wp:featuredmedia":[{"embeddable":true,"href":"https:\/\/lacasadelamedicina.es\/no\/wp-json\/wp\/v2\/media\/18235"}],"wp:attachment":[{"href":"https:\/\/lacasadelamedicina.es\/no\/wp-json\/wp\/v2\/media?parent=33451"}],"wp:term":[{"taxonomy":"product_cat","embeddable":true,"href":"https:\/\/lacasadelamedicina.es\/no\/wp-json\/wp\/v2\/product_cat?post=33451"},{"taxonomy":"product_tag","embeddable":true,"href":"https:\/\/lacasadelamedicina.es\/no\/wp-json\/wp\/v2\/product_tag?post=33451"}],"curies":[{"name":"wp","href":"https:\/\/api.w.org\/{rel}","templated":true}]}}