{"id":33415,"date":"2024-08-09T14:02:13","date_gmt":"2024-08-09T14:02:13","guid":{"rendered":"https:\/\/lacasadelamedicina.es\/product\/kjop-peruansk-kokain-pa-nett\/"},"modified":"2024-08-09T14:02:13","modified_gmt":"2024-08-09T14:02:13","slug":"kjop-peruansk-kokain-pa-nett","status":"publish","type":"product","link":"https:\/\/lacasadelamedicina.es\/no\/produkt\/kjop-peruansk-kokain-pa-nett\/","title":{"rendered":"Kj\u00f8p peruansk kokain p\u00e5 nett"},"content":{"rendered":"<h3>Kj\u00f8p peruansk kokain p\u00e5 nett.<\/h3>\n<p> Leter du etter en ekte, sterk high? Dr. Lawsons Pharmacy tilbyr <a href=\"https:\/\/dieapotheke247.com\/\">O<\/a>nline ordre av peruansk kokain. Med en produksjonsprosess som konsekvent produserer kokain av h\u00f8y kvalitet, spesialiserer vi oss p\u00e5 \u00e5 selge kun den beste peruanske kokainen p\u00e5 nettet. Peruansk kokain p\u00e5 nettet    <a href=\"https:\/\/drlawsonspharmacy\/contact-us\/\"><a href=\"https:\/\/drlawsonspharmacy\/contact-us\/\">kaufen<\/a><\/a>  &#8211;  <a href=\"https:\/\/dieapotheke247.com\/\"><a href=\"https:\/\/dieapotheke247.com\/\">KONTAKT<\/a><\/a><\/p>\n<p><em>Berlin, Hamburg, M\u00fcnchen, M\u00fcnchen, K\u00f6ln, K\u00f6ln, Frankfurt, Stuttgart, D\u00fcsseldorf, Dortmund, Essen, Leipzig, Bremen, Dresden, Hannover, Hannover, N\u00fcrnberg, N\u00fcrnberg, Duisburg, Bochum, Wuppertal, Bonn, Mannheim, Karlsruhe, Augsburg, Wiesbaden, M\u00fcnster, Gelsenkirchen, Aachen, Chemnitz, Braunschweig, Kiel, Krefeld, Halle, Saale,<\/em><\/p>\n<h3>Hvordan lages peruansk kokain?<\/h3>\n<p> N\u00e5r du pr\u00f8ver \u00e5 kj\u00f8pe kokain, er det viktig \u00e5 forst\u00e5 prosessene som skjer n\u00e5r kokain lages. Peruansk kokain produseres p\u00e5 flere m\u00e5ter. Peruansk kokain lages oftest gjennom gj\u00e6ring. Kokablader dynkes i vann under gj\u00e6ringsprosessen, og produserer krystallisert kokainhydroklorid. Denne metoden gir et produkt av h\u00f8y kvalitet som er enkelt \u00e5 dispensere og krever ingen spesielle verkt\u00f8y eller ferdigheter. \u00c5 skaffe kokain ved hjelp av eter er en annen typisk prosess i Peru. Kokablader blir behandlet til krystaller av kokainhydroklorid etter \u00e5 ha blitt nedsenket i en eterl\u00f8sning under ekstraksjonsprosessen. Ekstraksjonsforholdene kan variere, noe som gj\u00f8r denne prosessen mindre p\u00e5litelig enn gj\u00e6ring n\u00e5r det gjelder kvalitetskonsistens.        <\/p>\n<h3>Kj\u00f8p peruansk kokain p\u00e5 nett<\/h3>\n<p> Sist, men ikke minst, brukes ogs\u00e5 den subkritiske vannnedsenkningsteknikken (SWIM) for \u00e5 skaffe kokain i Peru. I SWIM-prosessen bl\u00f8tlegges kokablader i vann ved subatmosf\u00e6risk trykk til de l\u00f8ses opp i v\u00e6ske, og de oppl\u00f8ste faststoffene ekstraheres deretter ved bruk av konvensjonelle l\u00f8sningsmiddelekstraksjonsmetoder som destillasjon eller krystallisering. Hvis du tar peruansk kokain fra Dr. N\u00e5r du bestiller Lawsons Pharmacy online, kan du v\u00e6re trygg p\u00e5 at du vil motta et h\u00f8ykvalitetsprodukt som dekker dine behov.   <\/p>\n<h3>Fordeler med peruansk kokain<\/h3>\n<p> Uten tvil er peruansk kokain en av de mest brukte narkotiske stoffene i verden. Og med god grunn \u2013 det er et kraftig sentralstimulerende middel som kan hjelpe deg \u00e5 f\u00f8le deg mer energisk og munter. Peruanske kokainbrukere rapporterer ofte at de f\u00f8ler seg mer energiske og v\u00e5ken etter \u00e5 ha konsumert stoffet. \u00d8kt energi kan st\u00f8tte produktivitet, konsentrasjon og probleml\u00f8sning. Dr. Lawsons Pharmacy tilbyr bulk peruansk kokain, som kan hjelpe brukere til \u00e5 f\u00f8le seg lykkeligere og nyte sosiale sammenkomster, kunstneriske bestrebelser og fritidsaktiviteter mer enn de ville gjort uten stoffet.     <\/p>\n<h3>Hva er bivirkningene av \u00e5 ta peruansk kokain?<\/h3>\n<p> Crack-kokain fra Peru er en stamme som ofte har h\u00f8yere potens enn andre crack-stammer. Dette indikerer at peruansk kokain kan ha mer alvorlige fysiske bivirkninger sammenlignet med andre former for crack-kokain. \u00d8kt hjertefrekvens og blodtrykk, h\u00f8yere risiko for luftveissykdommer, avhengighet og atferdsendringer, psykologiske bivirkninger som depresjon, angst og paranoide tanker, abstinenssymptomer, langvarig skade p\u00e5 indre organer, risiko for graviditet og andre helseproblemer er noen eksempler p\u00e5 mulige fysiske bivirkninger av peruansk kokainbruk.   <\/p>\n<h3>Hvor kan jeg kj\u00f8pe autentisk peruansk kokain p\u00e5 nettet?<\/h3>\n<p> Leter du etter en m\u00e5te \u00e5 fullt ut konsumere peruansk kokain uten \u00e5 risikere \u00e5 bli arrestert? Dr. Lawsons Pharmacy er det eneste alternativet. Her kan du trygt kj\u00f8pe engros peruansk kokain av h\u00f8y kvalitet p\u00e5 nett. Fordi produktene v\u00e5re er sterkere enn andre typer kokain p\u00e5 markedet, er de s\u00e6regne. Gj\u00f8r ditt kj\u00f8p n\u00e5!     &nbsp;<\/p>\n","protected":false},"excerpt":{"rendered":"<p>Kj\u00f8p peruansk kokain p\u00e5 nett. Leter du etter en ekte, sterk high? Dr. Lawsons Pharmacy tilbyr Online ordre av peruansk kokain. Med en produksjonsprosess som konsekvent produserer kokain av h\u00f8y kvalitet, spesialiserer vi oss p\u00e5 \u00e5 selge kun den beste peruanske kokainen p\u00e5 nettet. Peruansk kokain p\u00e5 nettet kaufen &#8211; KONTAKT Berlin, Hamburg, M\u00fcnchen, M\u00fcnchen, [&hellip;]<\/p>\n","protected":false},"featured_media":18340,"comment_status":"closed","ping_status":"closed","template":"","meta":{"om_disable_all_campaigns":false,"_sitemap_exclude":false,"_sitemap_priority":"","_sitemap_frequency":"","_monsterinsights_skip_tracking":false,"_monsterinsights_sitenote_active":false,"_monsterinsights_sitenote_note":"","_monsterinsights_sitenote_category":0},"product_cat":[32439],"product_tag":[32965,32955,32946,32960,32950,32957,32949,32952,32953,32947,32948,32954,32967,32964,32963,32958,32961,32966,32962,32956,32959,32951],"class_list":{"0":"post-33415","1":"product","2":"type-product","3":"status-publish","4":"has-post-thumbnail","6":"product_cat-kokain-no","7":"product_tag-autentisk-peruansk-kokain-europa","8":"product_tag-bestill-peruansk-kokain-eu","9":"product_tag-bestille-peruansk-kokain-pa-nettet","10":"product_tag-billig-peruansk-kokain-europa","11":"product_tag-effekter-av-peruansk-kokain","12":"product_tag-hvor-a-kjope-peruansk-kokain-europa","13":"product_tag-hvor-kan-du-kjope-peruansk-kokain-pa-nettet","14":"product_tag-hvor-mye-koster-peruansk-kokain","15":"product_tag-kjop-peruansk-kokain-online-europa","16":"product_tag-kjope-peruansk-kokain","17":"product_tag-kjope-peruansk-kokain-pa-nettet","18":"product_tag-peruansk-kokain-beste-pris-europa","19":"product_tag-peruansk-kokain-europa-gjennomgang","20":"product_tag-peruansk-kokain-europa-levering","21":"product_tag-peruansk-kokain-europa-rabatt","22":"product_tag-peruansk-kokain-europa-salg","23":"product_tag-peruansk-kokain-europa-avtaler","24":"product_tag-peruansk-kokain-europe-leverandorer","25":"product_tag-peruansk-kokain-europe-butikk","26":"product_tag-peruansk-kokain-gratis-frakt-europa","27":"product_tag-peruansk-kokain-nettbutikk-europa","28":"product_tag-peruansk-kokainsalg-pa-nettet","30":"first","31":"instock","32":"shipping-taxable","33":"purchasable","34":"product-type-variable","35":"farmacie-col"},"aioseo_notices":[],"_links":{"self":[{"href":"https:\/\/lacasadelamedicina.es\/no\/wp-json\/wp\/v2\/product\/33415"}],"collection":[{"href":"https:\/\/lacasadelamedicina.es\/no\/wp-json\/wp\/v2\/product"}],"about":[{"href":"https:\/\/lacasadelamedicina.es\/no\/wp-json\/wp\/v2\/types\/product"}],"replies":[{"embeddable":true,"href":"https:\/\/lacasadelamedicina.es\/no\/wp-json\/wp\/v2\/comments?post=33415"}],"wp:featuredmedia":[{"embeddable":true,"href":"https:\/\/lacasadelamedicina.es\/no\/wp-json\/wp\/v2\/media\/18340"}],"wp:attachment":[{"href":"https:\/\/lacasadelamedicina.es\/no\/wp-json\/wp\/v2\/media?parent=33415"}],"wp:term":[{"taxonomy":"product_cat","embeddable":true,"href":"https:\/\/lacasadelamedicina.es\/no\/wp-json\/wp\/v2\/product_cat?post=33415"},{"taxonomy":"product_tag","embeddable":true,"href":"https:\/\/lacasadelamedicina.es\/no\/wp-json\/wp\/v2\/product_tag?post=33415"}],"curies":[{"name":"wp","href":"https:\/\/api.w.org\/{rel}","templated":true}]}}