{"id":33349,"date":"2024-08-09T14:02:13","date_gmt":"2024-08-09T14:02:13","guid":{"rendered":"https:\/\/lacasadelamedicina.es\/product\/kjop-meksikansk-kokain-pa-nett\/"},"modified":"2024-08-09T14:02:13","modified_gmt":"2024-08-09T14:02:13","slug":"kjop-meksikansk-kokain-pa-nett","status":"publish","type":"product","link":"https:\/\/lacasadelamedicina.es\/no\/produkt\/kjop-meksikansk-kokain-pa-nett\/","title":{"rendered":"Kj\u00f8p meksikansk kokain p\u00e5 nett"},"content":{"rendered":"<h3>Kj\u00f8p meksikansk kokain p\u00e5 nett.<\/h3>\n<p> \u00c5 kj\u00f8pe meksikansk kokain p\u00e5 nettet kan v\u00e6re en rask og sikker m\u00e5te \u00e5 skaffe seg stoffet uten \u00e5 m\u00e5tte forholde seg til forhandlere eller det svarte markedet i nabolaget ditt. S\u00e5 hvis du \u00f8nsker \u00e5 kj\u00f8pe meksikansk kokain, men ikke vet hvor du skal begynne, er det bare \u00e5 legge inn en bestilling med Narco Powders og f\u00e5 det levert hjem til deg. Kj\u00f8p meksikansk kokain p\u00e5 nett &#8211;   <a href=\"https:\/\/drlawsonspharmacy\/contact-us\/\">KONTAKT<\/a><\/p>\n<h3>Hvordan lages meksikansk kokain?<\/h3>\n<p> Det er to hovedtyper kokain: meksikansk og colombiansk. Mens colombiansk kokain utvinnes fra bladene til den afrikanske kokabusken, lages meksikansk kokain enten av kokablader eller valmuefr\u00f8. Meksikansk kokain produseres p\u00e5 en litt mer kompleks m\u00e5te enn colombiansk kokain. Kokabladene t\u00f8rkes f\u00f8rst f\u00f8r de males til et pulver. For \u00e5 lage en slurry blandes dette pulveret med vann og tilleggsstoffer som sukker og salt. Blandingen varmes deretter opp for \u00e5 lage en tykk pasta som kan formes til tabletter eller blokker.      <\/p>\n<h3>Kj\u00f8p meksikansk kokain p\u00e5 nett<\/h3>\n<p> Det finnes mange alternative metoder for \u00e5 behandle meksikansk kokain. F\u00f8r det injiseres eller r\u00f8ykes, kan meksikansk kokain l\u00f8ses opp i ulike l\u00f8semidler. Hvis du \u00f8nsker \u00e5 kj\u00f8pe meksikansk kokain online fra Dr. Lawsons Pharmacy, b\u00f8r du v\u00e6re oppmerksom p\u00e5 nettstedets sikkerhetsinstruksjoner. Bruk rene n\u00e5ler n\u00e5r det er mulig og ikke injiser stoffet i \u00e5pne s\u00e5r, da dette kan f\u00f8re til infeksjoner og andre helseproblemer. V\u00e6r ogs\u00e5 alltid forsiktig n\u00e5r du har sex med noen som nettopp har brukt meksikansk kokain kj\u00f8pt p\u00e5 nettet. Kj\u00f8p meksikansk kokain p\u00e5 nett      <\/p>\n<h3>Fordeler med meksikansk kokain<\/h3>\n<p> En av de mest brukte variantene av kokain er meksikansk kokain. Den har en potent og langvarig effekt, er av h\u00f8yeste kvalitet og har det ideelle snittet. I tillegg, sammenlignet med andre varianter av kokain, er det mindre sannsynlig at meksikansk kokain blir forfalsket eller inneholder forurensninger. Dette inneb\u00e6rer at det er raskere \u00e5 lage og enklere \u00e5 bruke. Til slutt, meksikansk kokain er det beste alternativet for de som trenger narkotika p\u00e5 veien fordi det kan lagres i lang tid uten \u00e5 forringes eller miste brukbarheten.     <\/p>\n<h3>Bivirkninger av meksikansk kokain<\/h3>\n<p> Meksikansk kokain er et vanedannende, kraftig stoff som kan ha negative bivirkninger. Regelmessig bruk av meksikansk kokain, som all annen avhengighet, kan f\u00f8re til \u00f8kt hjertefrekvens, svette og utvidede pupiller. I alvorlige tilfeller er anfall, angst, munns\u00e5r og kvalme mulig. \u00c5 ta denne medisinen medf\u00f8rer risiko for \u00e5 utvikle fysisk avhengighet, s\u00e5 du b\u00f8r f\u00f8lge doseringsinstruksjonene n\u00f8ye.    <\/p>\n<h3>Hvor kan jeg kj\u00f8pe meksikansk kokain p\u00e5 nettet?<\/h3>\n<p> Hvis du \u00f8nsker \u00e5 kj\u00f8pe h\u00f8ykvalitets meksikansk kokain, er det ikke noe bedre sted \u00e5 g\u00e5 enn Dr. Lawsons Pharmacy. Fra hvitt pulver til crack, du kan f\u00e5 alle typer meksikansk kokain her. Du kan v\u00e6re sikker p\u00e5 at du finner riktig variasjon og type kokain for dine behov i v\u00e5rt brede utvalg. I tillegg tilbyr vi en rekke betalingsm\u00e5ter, inkludert Bitcoin og bankoverf\u00f8ring, slik at du kan kj\u00f8pe narkotika med full tillit.    &nbsp;<\/p>\n","protected":false},"excerpt":{"rendered":"<p>Kj\u00f8p meksikansk kokain p\u00e5 nett. \u00c5 kj\u00f8pe meksikansk kokain p\u00e5 nettet kan v\u00e6re en rask og sikker m\u00e5te \u00e5 skaffe seg stoffet uten \u00e5 m\u00e5tte forholde seg til forhandlere eller det svarte markedet i nabolaget ditt. S\u00e5 hvis du \u00f8nsker \u00e5 kj\u00f8pe meksikansk kokain, men ikke vet hvor du skal begynne, er det bare \u00e5 [&hellip;]<\/p>\n","protected":false},"featured_media":18745,"comment_status":"closed","ping_status":"closed","template":"","meta":{"om_disable_all_campaigns":false,"_sitemap_exclude":false,"_sitemap_priority":"","_sitemap_frequency":"","_monsterinsights_skip_tracking":false,"_monsterinsights_sitenote_active":false,"_monsterinsights_sitenote_note":"","_monsterinsights_sitenote_category":0},"product_cat":[32439],"product_tag":[32723,32713,32705,32718,32708,32715,32707,32710,32711,32706,32704,32712,32725,32722,32721,32716,32719,32724,32720,32714,32717,32709],"class_list":{"0":"post-33349","1":"product","2":"type-product","3":"status-publish","4":"has-post-thumbnail","6":"product_cat-kokain-no","7":"product_tag-autentisk-meksikansk-kokain-europa","8":"product_tag-bestill-meksikansk-kokain-eu","9":"product_tag-bestille-meksikansk-kokain-pa-nettet","10":"product_tag-billig-meksikansk-kokain-europa","11":"product_tag-effekter-av-meksikansk-kokain","12":"product_tag-hvor-a-kjope-meksikansk-kokain-europa","13":"product_tag-hvor-kan-du-kjope-meksikansk-kokain-pa-nettet","14":"product_tag-hvor-mye-koster-meksikansk-kokain","15":"product_tag-kjop-meksikansk-kokain-online-europa","16":"product_tag-kjop-meksikansk-kokain-pa-nettet","17":"product_tag-kjope-meksikansk-kokain","18":"product_tag-meksikansk-kokain-beste-pris-europa","19":"product_tag-meksikansk-kokain-europa-anmeldelse","20":"product_tag-meksikansk-kokain-europa-levering","21":"product_tag-meksikansk-kokain-europa-rabatt","22":"product_tag-meksikansk-kokain-europa-salg","23":"product_tag-meksikansk-kokain-europa-tilbud","24":"product_tag-meksikansk-kokain-europe-leverandorer","25":"product_tag-meksikansk-kokain-europe-butikk","26":"product_tag-meksikansk-kokain-gratis-frakt-europa","27":"product_tag-meksikansk-kokain-nettbutikk-europa","28":"product_tag-meksikansk-kokainsalg-pa-nettet","30":"first","31":"instock","32":"shipping-taxable","33":"purchasable","34":"product-type-variable","35":"farmacie-col"},"aioseo_notices":[],"_links":{"self":[{"href":"https:\/\/lacasadelamedicina.es\/no\/wp-json\/wp\/v2\/product\/33349"}],"collection":[{"href":"https:\/\/lacasadelamedicina.es\/no\/wp-json\/wp\/v2\/product"}],"about":[{"href":"https:\/\/lacasadelamedicina.es\/no\/wp-json\/wp\/v2\/types\/product"}],"replies":[{"embeddable":true,"href":"https:\/\/lacasadelamedicina.es\/no\/wp-json\/wp\/v2\/comments?post=33349"}],"wp:featuredmedia":[{"embeddable":true,"href":"https:\/\/lacasadelamedicina.es\/no\/wp-json\/wp\/v2\/media\/18745"}],"wp:attachment":[{"href":"https:\/\/lacasadelamedicina.es\/no\/wp-json\/wp\/v2\/media?parent=33349"}],"wp:term":[{"taxonomy":"product_cat","embeddable":true,"href":"https:\/\/lacasadelamedicina.es\/no\/wp-json\/wp\/v2\/product_cat?post=33349"},{"taxonomy":"product_tag","embeddable":true,"href":"https:\/\/lacasadelamedicina.es\/no\/wp-json\/wp\/v2\/product_tag?post=33349"}],"curies":[{"name":"wp","href":"https:\/\/api.w.org\/{rel}","templated":true}]}}