{"id":33320,"date":"2024-08-09T14:02:16","date_gmt":"2024-08-09T14:02:16","guid":{"rendered":"https:\/\/lacasadelamedicina.es\/product\/volkswagen-kokain-kjop-pa-nett-90\/"},"modified":"2024-08-09T14:02:16","modified_gmt":"2024-08-09T14:02:16","slug":"volkswagen-kokain-kjop-pa-nett-90","status":"publish","type":"product","link":"https:\/\/lacasadelamedicina.es\/no\/produkt\/volkswagen-kokain-kjop-pa-nett-90\/","title":{"rendered":"Volkswagen Kokain Kj\u00f8p p\u00e5 nett 90 %"},"content":{"rendered":"<h3>Kj\u00f8p Volkswagen Cocaine Online 90% Pure Online<\/h3>\n<p> Volkswagen kokain inneholder mellom 70 og 90 prosent ren<a href=\"https:\/\/dieapotheke247.com\/\">kokain<\/a>. Det er en av typene kokain som vanligvis finnes i dagens samfunn. I mange tilfeller virker kokain som en blokkering eller smertestillende. 90 % ren Volkswagen kokain selges. Kj\u00f8p Volkswagen kokain online 90%- <a href=\"https:\/\/drlawsonspharmacy\/contact-us\/\">KONTAKT Kj\u00f8p Volkswagen kokain p\u00e5 nett 90 %<\/a> Et av de psykotrope stoffene som brukes i b\u00e5de medisinsk og ikke-medisinsk industri er Volkswagen kokain. Volkswagen kokain har ofte ogs\u00e5 stimulerende egenskaper. Av denne grunn brukes den til \u00e5 lage en rekke medisiner og terapier.       <\/p>\n<h3><b>Hvordan Volkswagen kokain fungerer<\/b><\/h3>\n<p> Selv om de forskjellige kokaintypene inneholder forskjellige mengder ren kokain, er noen av dem mer nyttige enn andre. Volkswagen kokain er ogs\u00e5 nyttig for menneskekroppen p\u00e5 mange m\u00e5ter. Kj\u00f8p Volkswagen Cocaine Online 90% Dette ekstremt rene materialet brukes til \u00e5 utf\u00f8re oppgaver raskt og presist. Denne kokainen har en umiddelbar effekt p\u00e5 sentralnervesystemet. Noen kjemiske hormoner som brukes til \u00e5 lindre smerte stimuleres av kokain. Det stimulerer ogs\u00e5 frigj\u00f8ringen av visse nevrotransmittere i hjernen. Imidlertid kan det ogs\u00e5 av og til frigj\u00f8re kjemikalier p\u00e5 egen h\u00e5nd for \u00e5 kontrollere smerte. Det har en avslappende effekt og kan lindre enhver form for ubehag. Folk opplever lettelse fra ubehaget som et resultat.         <\/p>\n<h3>Kj\u00f8p Volkswagen kokain p\u00e5 nett<\/h3>\n<p> \u00c5 ta dette pro-druget kan ogs\u00e5 l\u00f8se problemet med s\u00f8vnl\u00f8shet. Komponentene inneholder en liten mengde s\u00f8vnfremkallende legemidler. Volkswagen kokain brukes i danseklubber av b\u00e5de profesjonelle og vanlige mennesker til ulike form\u00e5l. Folk som konsumerte dette stoffet i en kort periode rapporterte at de f\u00f8lte seg mer energiske og aktive. Siden Volkswagen kokain er et sv\u00e6rt rent stoff, kan langvarig inntak v\u00e6re farlig for menneskekroppen. Derfor b\u00f8r den bare brukes n\u00e5r menneskekroppen trenger det. Kj\u00f8p Volkswagen kokain p\u00e5 nett 90 %       <\/p>\n<h3><strong>Bestill Volkswagen kokain online 90 % ren<\/strong><\/h3>\n<p> Vi tilbyr ogs\u00e5 veldig billig Volkswagen kokain i v\u00e5r nettbutikk. Gjennom v\u00e5r leveringstjeneste kan du motta varen din ekstremt raskt. V\u00e5re kjemikere har s\u00f8rget for at lagringsforholdene er slik at renheten til kokainet ikke kan endres av noen faktor. Kj\u00f8p Volkswagen kokain p\u00e5 nett 90 %    &nbsp;<\/p>\n","protected":false},"excerpt":{"rendered":"<p>Volkswagen kokain til salgs p\u00e5 nett. Her p\u00e5 Dr. Lawsons Pharmacy tilbyr vi autentisk Volkswagen Kokain for salg. Vi jobber hardt hver dag for \u00e5 gi v\u00e5re kunder den beste Volkswagen-kokainen p\u00e5 markedet.   &nbsp;<\/p>\n","protected":false},"featured_media":18385,"comment_status":"closed","ping_status":"closed","template":"","meta":{"om_disable_all_campaigns":false,"_sitemap_exclude":false,"_sitemap_priority":"","_sitemap_frequency":"","_monsterinsights_skip_tracking":false,"_monsterinsights_sitenote_active":false,"_monsterinsights_sitenote_note":"","_monsterinsights_sitenote_category":0},"product_cat":[32439],"product_tag":[32613,32603,32597,32608,32598,32605,32596,32600,32601,32594,32595,32615,32614,32609,32604,32607,32602,32612,32611,32606,32610,32599],"class_list":{"0":"post-33320","1":"product","2":"type-product","3":"status-publish","4":"has-post-thumbnail","6":"product_cat-kokain-no","7":"product_tag-autentisk-volkswagen-kokain-90-europa","8":"product_tag-bestill-volkswagen-kokain-90-eu","9":"product_tag-bestill-volkswagen-kokain-90-pa-nett","10":"product_tag-billig-volkswagen-kokain-90-europa","11":"product_tag-effekter-av-volkswagen-kokain-90","12":"product_tag-hvor-kan-du-kjope-volkswagen-cocaine-90-europe","13":"product_tag-hvor-kan-du-kjope-volkswagen-cocaine-90-online","14":"product_tag-hvor-mye-er-volkswagen-kokain-90","15":"product_tag-kjop-volkswagen-cocaine-90-online-europa","16":"product_tag-kjop-volkswagen-kokain-90","17":"product_tag-kjop-volkswagen-kokain-90-pa-nett","18":"product_tag-volkswagen-cocaine-90-europe-anmeldelse","19":"product_tag-volkswagen-cocaine-90-europe-leverandorer","20":"product_tag-volkswagen-cocaine-90-europe-tilbud","21":"product_tag-volkswagen-kokain-90-gratis-frakt-europa","22":"product_tag-volkswagen-kokain-90-nettbutikk-europa","23":"product_tag-volkswagen-kokain-90-beste-pris-europa","24":"product_tag-volkswagen-kokain-90-europa-levering","25":"product_tag-volkswagen-kokain-90-europa-rabatt","26":"product_tag-volkswagen-kokain-90-europa-salg","27":"product_tag-volkswagen-kokain-90-europa-butikk","28":"product_tag-volkswagen-kokain-90-salg-pa-nettet","30":"first","31":"instock","32":"shipping-taxable","33":"purchasable","34":"product-type-variable","35":"farmacie-col"},"aioseo_notices":[],"_links":{"self":[{"href":"https:\/\/lacasadelamedicina.es\/no\/wp-json\/wp\/v2\/product\/33320"}],"collection":[{"href":"https:\/\/lacasadelamedicina.es\/no\/wp-json\/wp\/v2\/product"}],"about":[{"href":"https:\/\/lacasadelamedicina.es\/no\/wp-json\/wp\/v2\/types\/product"}],"replies":[{"embeddable":true,"href":"https:\/\/lacasadelamedicina.es\/no\/wp-json\/wp\/v2\/comments?post=33320"}],"wp:featuredmedia":[{"embeddable":true,"href":"https:\/\/lacasadelamedicina.es\/no\/wp-json\/wp\/v2\/media\/18385"}],"wp:attachment":[{"href":"https:\/\/lacasadelamedicina.es\/no\/wp-json\/wp\/v2\/media?parent=33320"}],"wp:term":[{"taxonomy":"product_cat","embeddable":true,"href":"https:\/\/lacasadelamedicina.es\/no\/wp-json\/wp\/v2\/product_cat?post=33320"},{"taxonomy":"product_tag","embeddable":true,"href":"https:\/\/lacasadelamedicina.es\/no\/wp-json\/wp\/v2\/product_tag?post=33320"}],"curies":[{"name":"wp","href":"https:\/\/api.w.org\/{rel}","templated":true}]}}