{"id":33313,"date":"2024-08-09T14:02:16","date_gmt":"2024-08-09T14:02:16","guid":{"rendered":"https:\/\/lacasadelamedicina.es\/product\/kjop-crack-kokain-pa-nett\/"},"modified":"2024-08-09T14:02:16","modified_gmt":"2024-08-09T14:02:16","slug":"kjop-crack-kokain-pa-nett","status":"publish","type":"product","link":"https:\/\/lacasadelamedicina.es\/no\/produkt\/kjop-crack-kokain-pa-nett\/","title":{"rendered":"Kj\u00f8p crack-kokain p\u00e5 nett"},"content":{"rendered":"<h3>Kj\u00f8p crack-kokain p\u00e5 nett.<\/h3>\n<p> Crack er stoffet for deg hvis du er ute etter en high som vil gi deg en kraftig energiboost. Kokaplanten er kilden til crack, et kraftig sentralstimulerende middel. Den har en sterk, umiddelbar effekt som gir glede og et l\u00f8ft av energi, blant andre effekter. Planlegger du \u00e5 kj\u00f8pe crack-kokain p\u00e5 nettet? I s\u00e5 fall er Dr. Lawsons Pharmacy din one-stop shop for alt du \u00f8nsker \u00e5 kj\u00f8pe online om crack. Kj\u00f8p crack kokain p\u00e5 nett &#8211;      <a href=\"https:\/\/drlawsonspharmacy\/contact-us\/\">KONTAKT<\/a><\/p>\n<h3>Hva er crack kokain laget av?<\/h3>\n<p> Bladene til kokaplanten brukes til \u00e5 lage kokain, et sentralstimulerende middel. Det markedsf\u00f8res ofte som &laquo;crack-kokain&raquo;, en kombinasjon av kokain og vann. Dr. Lawsons Pharmacy er det beste valget for alle som \u00f8nsker \u00e5 kj\u00f8pe dette kraftige stoffet trygt, takket v\u00e6re deres brede utvalg av h\u00f8ykvalitets crack i bulk, sikre betalingsmetoder og diskret levering.   <\/p>\n<h3>Fordeler med crack kokain<\/h3>\n<p> En av de mest brukte narkotiske stoffene p\u00e5 markedet er crack, og med god grunn. Det er en enkel og rask m\u00e5te \u00e5 f\u00e5 en kraftig h\u00f8y som varer lenger enn andre medikamenter. I motsetning til andre narkotiske stoffer, som noen ganger tar timer \u00e5 tre i kraft, fungerer crack umiddelbart. Du kan nyte din high umiddelbart fordi du kan f\u00f8le effektene etter bare noen f\u00e5 minutter. Crack antas ogs\u00e5 \u00e5 \u00f8ke kreativiteten og emosjonell intensitet sammenlignet med andre rusmidler som marihuana eller ecstasy. Kj\u00f8p crack-kokain p\u00e5 nett Hos Dr. Hos Lawsons Pharmacy tilbyr vi forbrukere i alle land rimelig tilgang til f\u00f8rsteklasses crack-kokain som er tilgjengelig for kj\u00f8p p\u00e5 nettet. Du kan v\u00e6re sikker p\u00e5 at du f\u00e5r best mulig resultat, siden v\u00e5r crack er produsert i henhold til de h\u00f8yeste renhetsstandarder.       <\/p>\n<h3>Bivirkninger av crack kokain<\/h3>\n<p> Crack er et ekstremt vanedannende og skadelig stoff som kan skade helsen din alvorlig. De negative effektene av crack kan v\u00e6re d\u00f8delige, vanedannende og ha en negativ innvirkning p\u00e5 mental helse. I tillegg kan crack ha umiddelbare fysiske bivirkninger som hjertebank, aggresjon og psykose. Det er viktig \u00e5 l\u00e6re deg selv om risikoen f\u00f8r du bruker crack, da langsiktige negative effekter kanskje ikke blir synlige f\u00f8r \u00e5r etter bruk.    <\/p>\n<h3>Kj\u00f8p crack-kokain p\u00e5 nett &#8211; kj\u00f8p crack-kokain p\u00e5 nett fra Dr Lawsons Pharmacy<\/h3>\n<p> Leter du etter en m\u00e5te \u00e5 bli h\u00f8y p\u00e5? Bes\u00f8k Dr. Lawsons Pharmacy, nettstedet hvor du kan kj\u00f8pe kvalitetstestet crack i bulk. Vi tilbyr et bredt spekter av varer inkludert crack i st\u00f8rrelser fra ett kilo til sm\u00e5 kvanta. Du vil ikke finne et bedre tilbud enn v\u00e5r utmerkede crack-pris noe annet sted. Vi pakker varene v\u00e5re med stor forsiktighet slik at de kommer frem diskret og trygt fordi vi vet verdien av personvern. Vi h\u00e5per inderlig at du vil vurdere Dr. Lawsons Pharmacy som din prim\u00e6re internettkilde for kj\u00f8p av crack.      &nbsp;<\/p>\n","protected":false},"excerpt":{"rendered":"<p>Kj\u00f8p crack-kokain p\u00e5 nett. Crack er stoffet for deg hvis du er ute etter en high som vil gi deg en kraftig energiboost. Kokaplanten er kilden til crack, et kraftig sentralstimulerende middel. Den har en sterk, umiddelbar effekt som gir glede og et l\u00f8ft av energi, blant andre effekter. Planlegger du \u00e5 kj\u00f8pe crack-kokain p\u00e5 [&hellip;]<\/p>\n","protected":false},"featured_media":18760,"comment_status":"closed","ping_status":"closed","template":"","meta":{"om_disable_all_campaigns":false,"_sitemap_exclude":false,"_sitemap_priority":"","_sitemap_frequency":"","_monsterinsights_skip_tracking":false,"_monsterinsights_sitenote_active":false,"_monsterinsights_sitenote_note":"","_monsterinsights_sitenote_category":0},"product_cat":[32439],"product_tag":[32591,32581,32573,32586,32580,32593,32592,32589,32584,32582,32585,32590,32587,32588,32576,32583,32575,32578,32579,32572,32574,32577],"class_list":{"0":"post-33313","1":"product","2":"type-product","3":"status-publish","4":"has-post-thumbnail","6":"product_cat-kokain-no","7":"product_tag-autentisk-crack-kokain-europa","8":"product_tag-bestill-crack-kokain-eu","9":"product_tag-bestille-crack-kokain-pa-nett","10":"product_tag-billig-crack-kokain-europa","11":"product_tag-crack-kokain-beste-pris-europa","12":"product_tag-crack-kokain-europa-anmeldelse","13":"product_tag-crack-kokain-europa-leverandorer","14":"product_tag-crack-kokain-europa-rabatt-no","15":"product_tag-crack-kokain-europa-salg","16":"product_tag-crack-kokain-gratis-frakt-europa","17":"product_tag-crack-kokain-nettbutikk-europa","18":"product_tag-crack-kokain-europa-levering","19":"product_tag-crack-kokain-europa-avtaler","20":"product_tag-crack-kokain-europe-butikk","21":"product_tag-effekter-av-crack-kokain","22":"product_tag-hvor-kan-man-kjope-crack-kokain-i-europa","23":"product_tag-hvor-kan-man-kjope-crack-kokain-pa-nettet","24":"product_tag-hvor-mye-er-crack-kokain","25":"product_tag-kjop-crack-kokain-online-europa","26":"product_tag-kjope-crack-kokain","27":"product_tag-kjope-crack-kokain-pa-nett","28":"product_tag-salg-av-crack-kokain-pa-nettet","30":"first","31":"instock","32":"shipping-taxable","33":"purchasable","34":"product-type-variable","35":"farmacie-col"},"aioseo_notices":[],"_links":{"self":[{"href":"https:\/\/lacasadelamedicina.es\/no\/wp-json\/wp\/v2\/product\/33313"}],"collection":[{"href":"https:\/\/lacasadelamedicina.es\/no\/wp-json\/wp\/v2\/product"}],"about":[{"href":"https:\/\/lacasadelamedicina.es\/no\/wp-json\/wp\/v2\/types\/product"}],"replies":[{"embeddable":true,"href":"https:\/\/lacasadelamedicina.es\/no\/wp-json\/wp\/v2\/comments?post=33313"}],"wp:featuredmedia":[{"embeddable":true,"href":"https:\/\/lacasadelamedicina.es\/no\/wp-json\/wp\/v2\/media\/18760"}],"wp:attachment":[{"href":"https:\/\/lacasadelamedicina.es\/no\/wp-json\/wp\/v2\/media?parent=33313"}],"wp:term":[{"taxonomy":"product_cat","embeddable":true,"href":"https:\/\/lacasadelamedicina.es\/no\/wp-json\/wp\/v2\/product_cat?post=33313"},{"taxonomy":"product_tag","embeddable":true,"href":"https:\/\/lacasadelamedicina.es\/no\/wp-json\/wp\/v2\/product_tag?post=33313"}],"curies":[{"name":"wp","href":"https:\/\/api.w.org\/{rel}","templated":true}]}}