{"id":33300,"date":"2024-08-09T14:02:16","date_gmt":"2024-08-09T14:02:16","guid":{"rendered":"https:\/\/lacasadelamedicina.es\/product\/kjop-colombiansk-kokain-pa-nett\/"},"modified":"2024-08-09T14:02:16","modified_gmt":"2024-08-09T14:02:16","slug":"kjop-colombiansk-kokain-pa-nett","status":"publish","type":"product","link":"https:\/\/lacasadelamedicina.es\/no\/produkt\/kjop-colombiansk-kokain-pa-nett\/","title":{"rendered":"Kj\u00f8p colombiansk kokain p\u00e5 nett"},"content":{"rendered":"<h3>Kj\u00f8p colombiansk kokain p\u00e5 nett.<\/h3>\n<p> Leter du etter colombiansk kokain \u00e5 kj\u00f8pe online? I s\u00e5 fall er Dr. Lawsons Pharmacy det ideelle stedet for deg. Her kan du f\u00e5 et bredt utvalg av f\u00f8rsteklasses kokainprodukter laget av colombianske kokablader. Kj\u00f8p colombiansk kokain online &#8211;    <a href=\"https:\/\/drlawsonspharmacy\/contact-us\/\">KONTAKT<\/a><\/p>\n<h3>Hvordan lages colombiansk kokain?<\/h3>\n<p> En av de mest brukte narkotiske stoffene p\u00e5 markedet i dag er colombiansk kokain. Det er et kraftig stimulans som kan \u00f8ke energi og fokus. For \u00e5 produsere colombiansk kokain m\u00e5 b\u00f8ndene f\u00f8rst h\u00f8ste kokablader i Andesfjellene. N\u00e5r kokabladene er modne, plukkes de og gj\u00f8res om til krystaller av kokainhydroklorid. Denne prosessen inneb\u00e6rer destillering av bladene ved hjelp av ulike kjemiske prosesser, som syrevasking og eterekstraksjon. Til slutt blir kokainen fraktet til utlandet og solgt p\u00e5 undergrunnsmarkedet.      <\/p>\n<h3>Kj\u00f8p colombiansk kokain p\u00e5 nett<\/h3>\n<p> Fordi colombiansk kokain er mer lukrativt enn andre typer narkotika i Europa og andre deler av verden, bruker narkotikasmuglingsorganisasjoner forskjellige ruter og havner for \u00e5 f\u00e5 det dit. P\u00e5 grunn av disse egenskapene er det ofte store prisforskjeller mellom colombiansk kokain og andre stoffer tilgjengelig p\u00e5 markedet.  <\/p>\n<h3>Fordeler med colombiansk kokain<\/h3>\n<p> Hvis du \u00f8nsker \u00e5 oppleve en mer intens f\u00f8lelse av eufori eller \u00f8nsker \u00e5 ta <a href=\"https:\/\/dieapotheke247.com\/\">colombiansk<\/a> kokain som en del av din avhengighetsbehandling, er det en rekke fordeler ved \u00e5 gj\u00f8re det. Colombiansk kokain har en h\u00f8yere styrke enn andre typer kokain, noe som lar brukerne oppleve fordelene med en mye mindre mengde, i tillegg til \u00e5 ha en st\u00f8rre f\u00f8lelse av nytelse og \u00e5rv\u00e5kenhet. P\u00e5 grunn av sin renhet og mangel p\u00e5 krysskontaminering med andre stoffer, blir colombiansk kokain kj\u00f8pt p\u00e5 nettet ofte sett p\u00e5 som mer attraktivt. Vi har den ideelle colombianske kokainen til salgs, enten du vil snuse den eller r\u00f8yke den. Hvorfor ikke pr\u00f8ve det n\u00e5 p\u00e5 Dr. Lawsons Pharmacy? Du vil ikke bli skuffet!      <\/p>\n<h3>Bivirkninger av colombiansk kokain<\/h3>\n<p> Kortsiktige bivirkninger av kokainbruk inkluderer brukere som opplever en f\u00f8lelse av oppstemthet eller h\u00f8y, samt \u00f8kt energi og motivasjon. Avhengig av hvor mye kokain noen har konsumert, varer disse u\u00f8nskede effektene vanligvis i rundt en time. Problemer med konsentrasjon og oppmerksomhet, \u00f8kt hjertefrekvens og blodtrykk, s\u00f8vnl\u00f8shet, raskt vekttap eller vekt\u00f8kning, avhengighet, anfall, leverskade og til og med d\u00f8d er alle mulige langsiktige negative effekter av kokainbruk.   <\/p>\n<h3>Hvor kan jeg bestille colombiansk kokain p\u00e5 nettet?<\/h3>\n<p> \u00c5 bestille kokain p\u00e5 nettet fra Dr. Lawsons Pharmacy er fornuftig av flere grunner. En av dem er at de ulike myndighetene fortsatt er uenige om hvorvidt det er lovlig \u00e5 kj\u00f8pe kokain p\u00e5 nett. Men du kan kj\u00f8pe colombiansk kokain p\u00e5 nettet uten frykt for \u00e5 bli arrestert. Det praktiske ved \u00e5 kj\u00f8pe kokain p\u00e5 nettet er en annen begrunnelse. Dr. Lawsons Pharmacy gj\u00f8r det enkelt og praktisk \u00e5 kj\u00f8pe colombiansk kokain i bulk uten \u00e5 m\u00e5tte forlate hjemmet eller forretningsstedet. Sist, men ikke minst, tilbyr Dr Lawsons Pharmacy en rekke kokainprodukter for salg, fra pulver til crack.      &nbsp;<\/p>\n","protected":false},"excerpt":{"rendered":"<p>&nbsp;<\/p>\n","protected":false},"featured_media":18370,"comment_status":"closed","ping_status":"closed","template":"","meta":{"om_disable_all_campaigns":false,"_sitemap_exclude":false,"_sitemap_priority":"","_sitemap_frequency":"","_monsterinsights_skip_tracking":false,"_monsterinsights_sitenote_active":false,"_monsterinsights_sitenote_note":"","_monsterinsights_sitenote_category":0},"product_cat":[32439],"product_tag":[32547,32537,32529,32542,32536,32549,32546,32545,32543,32540,32548,32544,32538,32541,32533,32532,32539,32531,32534,32535,32530,32528],"class_list":{"0":"post-33300","1":"product","2":"type-product","3":"status-publish","4":"has-post-thumbnail","6":"product_cat-kokain-no","7":"product_tag-autentisk-colombiansk-kokain-europa","8":"product_tag-bestill-colombiansk-kokain-eu","9":"product_tag-bestille-colombiansk-kokain-pa-nett","10":"product_tag-billig-colombiansk-kokain-europa","11":"product_tag-colombiansk-kokain-beste-pris-europa","12":"product_tag-colombiansk-kokain-europa-anmeldelse","13":"product_tag-colombiansk-kokain-europa-levering","14":"product_tag-colombiansk-kokain-europa-rabatt","15":"product_tag-colombiansk-kokain-europa-avtaler","16":"product_tag-colombiansk-kokain-europa-salg","17":"product_tag-colombiansk-kokain-europe-leverandorer","18":"product_tag-colombiansk-kokain-europe-butikk","19":"product_tag-colombiansk-kokain-gratis-frakt-europa","20":"product_tag-colombiansk-kokain-nettbutikk-europa","21":"product_tag-colombiansk-kokainsalg-pa-nettet","22":"product_tag-effekter-av-colombiansk-kokain","23":"product_tag-hvor-a-kjope-colombiansk-kokain-europa","24":"product_tag-hvor-kan-du-kjope-colombiansk-kokain-pa-nettet","25":"product_tag-hvor-mye-koster-colombiansk-kokain","26":"product_tag-kjop-colombiansk-kokain-online-europa","27":"product_tag-kjop-colombiansk-kokain-pa-nettet","28":"product_tag-kjope-colombiansk-kokain","30":"first","31":"instock","32":"shipping-taxable","33":"purchasable","34":"product-type-variable","35":"farmacie-col"},"aioseo_notices":[],"_links":{"self":[{"href":"https:\/\/lacasadelamedicina.es\/no\/wp-json\/wp\/v2\/product\/33300"}],"collection":[{"href":"https:\/\/lacasadelamedicina.es\/no\/wp-json\/wp\/v2\/product"}],"about":[{"href":"https:\/\/lacasadelamedicina.es\/no\/wp-json\/wp\/v2\/types\/product"}],"replies":[{"embeddable":true,"href":"https:\/\/lacasadelamedicina.es\/no\/wp-json\/wp\/v2\/comments?post=33300"}],"wp:featuredmedia":[{"embeddable":true,"href":"https:\/\/lacasadelamedicina.es\/no\/wp-json\/wp\/v2\/media\/18370"}],"wp:attachment":[{"href":"https:\/\/lacasadelamedicina.es\/no\/wp-json\/wp\/v2\/media?parent=33300"}],"wp:term":[{"taxonomy":"product_cat","embeddable":true,"href":"https:\/\/lacasadelamedicina.es\/no\/wp-json\/wp\/v2\/product_cat?post=33300"},{"taxonomy":"product_tag","embeddable":true,"href":"https:\/\/lacasadelamedicina.es\/no\/wp-json\/wp\/v2\/product_tag?post=33300"}],"curies":[{"name":"wp","href":"https:\/\/api.w.org\/{rel}","templated":true}]}}