{"id":33281,"date":"2024-08-09T14:02:17","date_gmt":"2024-08-09T14:02:17","guid":{"rendered":"https:\/\/lacasadelamedicina.es\/product\/kjop-kilocain-pulver-99-online\/"},"modified":"2024-08-09T14:02:17","modified_gmt":"2024-08-09T14:02:17","slug":"kjop-kilocain-pulver-99-online","status":"publish","type":"product","link":"https:\/\/lacasadelamedicina.es\/no\/produkt\/kjop-kilocain-pulver-99-online\/","title":{"rendered":"Kj\u00f8p Kilocain pulver 99% online"},"content":{"rendered":"<h3>Kj\u00f8p Kilocaine Powder 99% Online<\/h3>\n<p> Kj\u00f8p Kilocaine Powder i bulk n\u00e5; Kj\u00f8p Kilocaine Powder 99 % online &#8211; <a href=\"https:\/\/drlawsonspharmacy\/contact-us\/\">KONTAKT Kj\u00f8p Kilocaine Powder 99 Online<\/a> Kilokain ligner p\u00e5 kokain. Et helt nytt og interessant forskningskjemikalie, Kilocaine, har f\u00e5tt positive anmeldelser siden utgivelsen. Denne kategorien av eksperimentelle medisiner blir ofte referert til som &laquo;designer drugs&raquo;. P\u00e5 grunn av deres nye kjemiske struktur og mangel p\u00e5 spesifikke lovbestemmelser, representerer de en ny klasse medikamenter. Forskningskjemikaliene i seg selv forblir lovlige og uplanlagte, noe som gj\u00f8r dem interessante av en rekke \u00e5rsaker. De blir ofte referert til som &laquo;badesalt&raquo; eller &laquo;legal highs&raquo; fordi de selges lovlig og fordi effektene ofte er sl\u00e5ende lik effektene til de viktigste illegale kildestoffene.      <\/p>\n<h3><strong>Hvordan kj\u00f8pe Kilocain Powder 99% Pure<\/strong><\/h3>\n<p> Det fascinerende nye forskningsstoffet Kilocain har f\u00e5tt positive anmeldelser siden utgivelsen. Fordi det er et kjemikalie som fortsatt forskes p\u00e5, faller det inn under kategorien \u00abdesigner drugs\u00bb. Disse stoffene tilh\u00f8rer en spesiell klasse legemidler som er preget av en spesiell kjemisk struktur og som det ofte er begrenset regulering for etter gjeldende lover. Ofte referert til som &laquo;badesalt&raquo; eller &laquo;legal highs&raquo;, selges disse stoffene lovlig og har effekter som ligner ulovlige narkotiske stoffer, men varierer i styrke. Den lovlige og uregulerte statusen til kjemikalier som Kilocain, som \u00e5pner opp et univers av fascinerende muligheter, er det som driver forskere til \u00e5 studere dem. Kj\u00f8p Kilocain Powder 99 p\u00e5 nett      <\/p>\n<h3><strong>Bestill Kilocain Powder<\/strong><\/h3>\n<p> Begrepet &laquo;designer drugs&raquo; refererer til et bredt spekter av stoffer som har blitt syntetisert for forsknings- og testform\u00e5l innen vitenskap. &nbsp;<\/p>\n","protected":false},"excerpt":{"rendered":"<p><strong>Kj\u00f8p 99 % rent Kilocaine-pulver p\u00e5 nett. Kokain kan sammenlignes med Kilocaine.  <\/strong><\/p>\n","protected":false},"featured_media":18415,"comment_status":"closed","ping_status":"closed","template":"","meta":{"om_disable_all_campaigns":false,"_sitemap_exclude":false,"_sitemap_priority":"","_sitemap_frequency":"","_monsterinsights_skip_tracking":false,"_monsterinsights_sitenote_active":false,"_monsterinsights_sitenote_note":"","_monsterinsights_sitenote_category":0},"product_cat":[32020],"product_tag":[32481,32471,32465,32476,32466,32473,32464,32468,32470,32483,32482,32480,32479,32474,32478,32472,32475,32467,32477,32462,32463,32469],"class_list":{"0":"post-33281","1":"product","2":"type-product","3":"status-publish","4":"has-post-thumbnail","6":"product_cat-forskningskjemikalier-og-psykedelika","7":"product_tag-autentisk-kilocain-pulver-99-europa","8":"product_tag-bestill-kilocain-pulver-99-eu","9":"product_tag-bestill-kilocain-pulver-99-online","10":"product_tag-billig-kilocain-pulver-99-europa","11":"product_tag-effekter-av-kilocain-pulver-99","12":"product_tag-hvor-kan-du-kjope-kilocain-pulver-99-europa","13":"product_tag-hvor-kan-du-kjope-kilocain-pulver-99-online","14":"product_tag-hvor-mye-er-kilocain-pulver-99","15":"product_tag-kilocain-pulver-99-beste-pris-europa","16":"product_tag-kilocain-pulver-99-europa-anmeldelse","17":"product_tag-kilocain-pulver-99-europa-leverandorer","18":"product_tag-kilocain-pulver-99-europa-levering","19":"product_tag-kilocain-pulver-99-europa-rabatt-no","20":"product_tag-kilocain-pulver-99-europa-salg","21":"product_tag-kilocain-pulver-99-europe-shop","22":"product_tag-kilocain-pulver-99-gratis-frakt-europa","23":"product_tag-kilocain-pulver-99-nettbutikk-europa","24":"product_tag-kilocain-pulver-99-salg-pa-nett","25":"product_tag-kilokainpulver-99-europa-tilbud","26":"product_tag-kjop-kilocain-pulver-99","27":"product_tag-kjop-kilocain-pulver-99-online","28":"product_tag-kjop-kilocain-pulver-99-online-europa","30":"first","31":"instock","32":"shipping-taxable","33":"purchasable","34":"product-type-variable","35":"farmacie-col"},"aioseo_notices":[],"_links":{"self":[{"href":"https:\/\/lacasadelamedicina.es\/no\/wp-json\/wp\/v2\/product\/33281"}],"collection":[{"href":"https:\/\/lacasadelamedicina.es\/no\/wp-json\/wp\/v2\/product"}],"about":[{"href":"https:\/\/lacasadelamedicina.es\/no\/wp-json\/wp\/v2\/types\/product"}],"replies":[{"embeddable":true,"href":"https:\/\/lacasadelamedicina.es\/no\/wp-json\/wp\/v2\/comments?post=33281"}],"wp:featuredmedia":[{"embeddable":true,"href":"https:\/\/lacasadelamedicina.es\/no\/wp-json\/wp\/v2\/media\/18415"}],"wp:attachment":[{"href":"https:\/\/lacasadelamedicina.es\/no\/wp-json\/wp\/v2\/media?parent=33281"}],"wp:term":[{"taxonomy":"product_cat","embeddable":true,"href":"https:\/\/lacasadelamedicina.es\/no\/wp-json\/wp\/v2\/product_cat?post=33281"},{"taxonomy":"product_tag","embeddable":true,"href":"https:\/\/lacasadelamedicina.es\/no\/wp-json\/wp\/v2\/product_tag?post=33281"}],"curies":[{"name":"wp","href":"https:\/\/api.w.org\/{rel}","templated":true}]}}