{"id":33274,"date":"2024-08-09T14:02:17","date_gmt":"2024-08-09T14:02:17","guid":{"rendered":"https:\/\/lacasadelamedicina.es\/product\/kjop-okologisk-kokain-86-pa-nett\/"},"modified":"2024-08-09T14:02:17","modified_gmt":"2024-08-09T14:02:17","slug":"kjop-okologisk-kokain-86-pa-nett","status":"publish","type":"product","link":"https:\/\/lacasadelamedicina.es\/no\/produkt\/kjop-okologisk-kokain-86-pa-nett\/","title":{"rendered":"Kj\u00f8p \u00f8kologisk kokain 86 % p\u00e5 nett"},"content":{"rendered":"<h3>Kj\u00f8p \u00f8kologisk kokain 86 % p\u00e5 nett.<\/h3>\n<p> Kokain er et veldig kraftig sentralstimulerende middel som brukes til \u00e5 skape en unik og forf\u00f8rende mental struktur hos mennesker. Menneskesinnet er <a href=\"https:\/\/dieapotheke247.com\/\">assistert<\/a> av organisk kokain for \u00e5 oppfatte typiske eksterne hendelser. Som andre sentralstimulerende midler, virker organisk kokain direkte p\u00e5 sentralnervesystemet. Kj\u00f8p organisk kokain 86 % p\u00e5 nettet- <a href=\"https:\/\/drlawsonspharmacy\/contact-us\/\">KONTAKT<\/a> Noen forbindelser forsterkes av denne stimulanten. P\u00e5 planeten tilbys og kj\u00f8pes \u00f8kologisk kokain ogs\u00e5 under merkenavnet koks. Det brukes ikke bare som et stoff, men ogs\u00e5 til \u00e5 produsere ulike medisiner. Disse stoffene er ekstremt nyttige for menneskers helse. Blant de mest popul\u00e6re stoffene er kokain p\u00e5 andreplass.        <\/p>\n<h3>Kj\u00f8p Bio Cocaine 86% online<\/h3>\n<p> En av de reneste variantene av kokain, produsert b\u00e5de kunstig og naturlig, heter Bio Cocaine-86. P\u00e5 grunn av sine spesielle egenskaper, som evnen til \u00e5 handle umiddelbart, brukes Bio Cocaine ofte i farmas\u00f8ytiske produkter. Det er et ekstremt effektivt medikament designet for \u00e5 dempe effekten av sjokk p\u00e5 den menneskelige psyken. Med andre ord, Bio Cocaine-86 brukes til \u00e5 hjelpe det menneskelige sinnet med \u00e5 kontrollere sterke f\u00f8lelser som lykke eller tristhet. Under disse omstendighetene fungerer ogs\u00e5 menneskesinnet normalt. Det brukes ogs\u00e5 for \u00e5 fremme sunn og uforstyrret s\u00f8vn. Etter \u00e5 ha inntatt denne kokainen, rapporterer brukerne at de f\u00f8ler seg avslappet og energisk. For \u00e5 nyte disse festlighetene fullt ut, konsumeres Bio Cocaine-86 ogs\u00e5 i dansesaler og barer uten resept fra lege. Folk bruker dette stoffet for \u00e5 komme seg etter sine daglige gj\u00f8rem\u00e5l. I en kort periode brukes den ogs\u00e5 til \u00e5 lindre eller eliminere depresjon. P\u00e5 grunn av de nevnte egenskapene ligger den p\u00e5 andreplass p\u00e5 listen over de mest brukte stoffene. Kj\u00f8p Bio Cocaine 86% online            <\/p>\n<h3><strong>Bestill biokokain 86 %<\/strong><\/h3>\n<p> Bio Cocaine-86 er utvilsomt sv\u00e6rt nyttig for menneskekroppen i en rekke situasjoner, men overdreven forbruk kan skade b\u00e5de den fysiske og mentale helsen til forbrukeren. P\u00e5 grunn av den hyppige bruken kan den for\u00e5rsake s\u00f8vnl\u00f8shet. Derfor b\u00f8r den bare brukes n\u00e5r menneskekroppen trenger det. Bio Cocaine-86 kan enten injiseres direkte i en blod\u00e5re eller sn\u00f8ftes. Alle kan enkelt f\u00e5 det gjennom nettbutikken. V\u00e5r nettbutikk tilbyr ogs\u00e5 Bio Cocaine-86 til sv\u00e6rt rimelige priser. Gjennom v\u00e5r online leveringstjeneste vil du motta varen din ekstremt raskt. Kj\u00f8p \u00f8kologisk kokain 86 % p\u00e5 nett        &nbsp;<\/p>\n","protected":false},"excerpt":{"rendered":"<p>Kj\u00f8p \u00f8kologisk kokain 86 % fra oss og dra nytte av v\u00e5r diskrete innpakning. Spesielle rabatter er tilgjengelige for bulkbestillinger. Kj\u00f8p kokain p\u00e5 nett &#8211; Lovlig leverand\u00f8r av kokain &#8211; Kj\u00f8p kokain p\u00e5 nett USA. Nettapoteker tilbyr utrolige engrosrabatter!    &nbsp;<\/p>\n","protected":false},"featured_media":18400,"comment_status":"closed","ping_status":"closed","template":"","meta":{"om_disable_all_campaigns":false,"_sitemap_exclude":false,"_sitemap_priority":"","_sitemap_frequency":"","_monsterinsights_skip_tracking":false,"_monsterinsights_sitenote_active":false,"_monsterinsights_sitenote_note":"","_monsterinsights_sitenote_category":0},"product_cat":[32439],"product_tag":[32459,32441,32449,32454,32444,32451,32443,32446,32447,32442,32440,32457,32450,32458,32453,32452,32445,32448,32456,32460,32461,32455],"class_list":{"0":"post-33274","1":"product","2":"type-product","3":"status-publish","4":"has-post-thumbnail","6":"product_cat-kokain-no","7":"product_tag-autentisk-okologisk-kokain-86-europa","8":"product_tag-bestill-okologisk-kokain-86-pa-nett","9":"product_tag-bestill-okologisk-kokain-86-eu","10":"product_tag-billig-okologisk-kokain-86-europa","11":"product_tag-effekter-av-organisk-kokain-86","12":"product_tag-hvor-kan-man-kjope-okologisk-kokain-86-europa","13":"product_tag-hvor-kan-man-kjope-okologisk-kokain-86-pa-nett","14":"product_tag-hvor-mye-er-organisk-kokain-86","15":"product_tag-kjop-okologisk-kokain-86-online-europa","16":"product_tag-kjop-okologisk-kokain-86-pa-nettet","17":"product_tag-kjop-okologisk-kokain-86","18":"product_tag-okologisk-kokain-86-europarabatt","19":"product_tag-okologisk-kokain-86-gratis-frakt-europa","20":"product_tag-okologisk-kokain-86-levering-i-europa","21":"product_tag-okologisk-kokain-86-nettbutikk-europa","22":"product_tag-okologisk-kokain-86-salg-i-europa","23":"product_tag-okologisk-kokain-86-salg-pa-nett","24":"product_tag-okologisk-kokain-86-beste-pris-europa","25":"product_tag-okologisk-kokain-86-europa-butikk","26":"product_tag-okologisk-kokain-86-europa-leverandorer","27":"product_tag-okologisk-kokain-86-europa-anmeldelse","28":"product_tag-okologisk-kokain-86-europa-tilbud","30":"first","31":"instock","32":"shipping-taxable","33":"purchasable","34":"product-type-variable","35":"farmacie-col"},"aioseo_notices":[],"_links":{"self":[{"href":"https:\/\/lacasadelamedicina.es\/no\/wp-json\/wp\/v2\/product\/33274"}],"collection":[{"href":"https:\/\/lacasadelamedicina.es\/no\/wp-json\/wp\/v2\/product"}],"about":[{"href":"https:\/\/lacasadelamedicina.es\/no\/wp-json\/wp\/v2\/types\/product"}],"replies":[{"embeddable":true,"href":"https:\/\/lacasadelamedicina.es\/no\/wp-json\/wp\/v2\/comments?post=33274"}],"wp:featuredmedia":[{"embeddable":true,"href":"https:\/\/lacasadelamedicina.es\/no\/wp-json\/wp\/v2\/media\/18400"}],"wp:attachment":[{"href":"https:\/\/lacasadelamedicina.es\/no\/wp-json\/wp\/v2\/media?parent=33274"}],"wp:term":[{"taxonomy":"product_cat","embeddable":true,"href":"https:\/\/lacasadelamedicina.es\/no\/wp-json\/wp\/v2\/product_cat?post=33274"},{"taxonomy":"product_tag","embeddable":true,"href":"https:\/\/lacasadelamedicina.es\/no\/wp-json\/wp\/v2\/product_tag?post=33274"}],"curies":[{"name":"wp","href":"https:\/\/api.w.org\/{rel}","templated":true}]}}