{"id":33271,"date":"2024-08-09T14:02:20","date_gmt":"2024-08-09T14:02:20","guid":{"rendered":"https:\/\/lacasadelamedicina.es\/product\/kjop-benzyl-methyl-ketone-b-m-k-pa-nett\/"},"modified":"2024-08-09T14:02:20","modified_gmt":"2024-08-09T14:02:20","slug":"kjop-benzyl-methyl-ketone-b-m-k-pa-nett","status":"publish","type":"product","link":"https:\/\/lacasadelamedicina.es\/no\/produkt\/kjop-benzyl-methyl-ketone-b-m-k-pa-nett\/","title":{"rendered":"Kj\u00f8p Benzyl Methyl Ketone (B-M-K) p\u00e5 nett"},"content":{"rendered":"<h3>Benzyl Methyl Ketone-b-m-k til salgs \u2013 Kj\u00f8p Benzyl Methyl Ketone-b-m-k online<\/h3>\n<p> Vi er din beste kilde og forhandler for \u00e5 kj\u00f8pe Benzyl Methyl Ketone og har ogs\u00e5 Benzyl Methyl Ketone til salgs. Du kan kj\u00f8pe Benzyl Methyl Ketone online enkelt og lovlig fra oss. Kj\u00f8p Benzyl Methyl Ketone (B-M-K) Online \u2013 <a href=\"https:\/\/drlawsonspharmacy\/contact-us\/\">KONTAKT<\/a> BMK er et naturlig forekommende kjemikalie med et bredt spekter av bruksomr\u00e5der. Det er en ett-trinns prosess i syntesen av stoffet Ecstasy. Det er en blandbar v\u00e6ske som l\u00f8ses opp i vann og er smakl\u00f8s, fargel\u00f8s og brannfarlig. Den beste BMK-oljen er tilgjengelig i v\u00e5r nettbutikk. Det er enkelt \u00e5 kj\u00f8pe Benzyl Methyl Ketone online. F\u00f8lg disse retningslinjene: Velg ditt foretrukne produkt fra rullegardinmenyen nedenfor. Klikk &laquo;Legg i handlekurv&raquo; for \u00e5 fullf\u00f8re kj\u00f8pet av varen. Legg inn bestillingen n\u00e5r den er levert.          <\/p>\n<h3>Fordeler med Benzyl Methyl Ketone<\/h3>\n<p> P\u00e5 grunn av alkohol- og ketonsammensetningen kan benzoylmetylketon ha vanndrivende og avgiftende effekter. <\/p>\n<ul>\n<li>BMK har blitt foresl\u00e5tt av noen forskere som en nyttig stressavlaster.<\/li>\n<li>Noen sier det senker kortisol, et stresshormon, selv om det kan ta litt tid \u00e5 f\u00f8le effekten.<\/li>\n<li>En annen mulig fordel med <strong>Benzyl Methyl Ketone-b-m-k <\/strong> er at det kan redusere risikoen for Alzheimers sykdom.<\/li>\n<li>Forbindelsen antas \u00e5 bekjempe betennelse i hjernen, som kan beskytte mot Alzheimers-relaterte nerveskader.<\/li>\n<\/ul>\n<h3>Hvor kan du kj\u00f8pe benzylmetylketon?<\/h3>\n<p> Benzylmetylketon, eller fenylaceton, er et kjemisk stoff. Olje er gjennomsiktig og har en brytningsindeks p\u00e5 1,5168. Fordi det er et r\u00e5materiale eller mellomprodukt i produksjonen av metamfetamin og amfetamin, blir det ofte referert til som P2P. Dette lukter godt og er omtrent like tett som vann. BMK brukes som et ulovlig kjemikalie i ulovlig produksjon av amfetamin, selv om det har noen f\u00e5 lovlige bruksomr\u00e5der, for eksempel i utviklingen av propylheksedrin. Kj\u00f8p benzylmetylketon (b-m-k) p\u00e5 nett.<\/p>\n","protected":false},"excerpt":{"rendered":"<p>Benzyl Methyl Ketone-b-m-k til salgs \u2013 Kj\u00f8p Benzyl Methyl Ketone-b-m-k online Vi er din beste kilde og forhandler for \u00e5 kj\u00f8pe Benzyl Methyl Ketone og har ogs\u00e5 Benzyl Methyl Ketone til salgs. Du kan kj\u00f8pe Benzyl Methyl Ketone online enkelt og lovlig fra oss. Kj\u00f8p Benzyl Methyl Ketone (B-M-K) Online \u2013 KONTAKT BMK er et [&hellip;]<\/p>\n","protected":false},"featured_media":18655,"comment_status":"closed","ping_status":"closed","template":"","meta":{"om_disable_all_campaigns":false,"_sitemap_exclude":false,"_sitemap_priority":"","_sitemap_frequency":"","_monsterinsights_skip_tracking":false,"_monsterinsights_sitenote_active":false,"_monsterinsights_sitenote_note":"","_monsterinsights_sitenote_category":0},"product_cat":[32020],"product_tag":[32436,32425,32434,32429,32433,32432,32438,32437,32427,32435,32430,32422,32426,32418,32431,32421,32420,32428,32423,32417,32424,32419],"class_list":{"0":"post-33271","1":"product","2":"type-product","3":"status-publish","4":"has-post-thumbnail","6":"product_cat-forskningskjemikalier-og-psykedelika","7":"product_tag-autentisk-benzyl-methyl-ketone-b-m-k-europa","8":"product_tag-benzyl-methyl-ketone-b-m-k-beste-pris-europa","9":"product_tag-benzyl-methyl-ketone-b-m-k-europa-rabatt","10":"product_tag-benzyl-methyl-ketone-b-m-k-europa-salg","11":"product_tag-benzyl-methyl-ketone-b-m-k-europa-butikk","12":"product_tag-benzyl-methyl-ketone-b-m-k-europa-tilbud","13":"product_tag-benzyl-methyl-ketone-b-m-k-europe-anmeldelse","14":"product_tag-benzyl-methyl-ketone-b-m-k-europe-leverandorer","15":"product_tag-benzyl-methyl-ketone-b-m-k-gratis-frakt-europa","16":"product_tag-benzyl-methyl-ketone-b-m-k-levering-i-europa","17":"product_tag-benzyl-methyl-ketone-b-m-k-nettbutikk-europa","18":"product_tag-benzyl-methyl-ketone-b-m-k-salg-online","19":"product_tag-bestill-benzyl-methyl-ketone-b-m-k-eu","20":"product_tag-bestill-benzyl-methyl-ketone-b-m-k-pa-nett","21":"product_tag-billig-benzyl-methyl-ketone-b-m-k-europa","22":"product_tag-effekter-av-benzylmetylketon-b-m-k","23":"product_tag-hvor-kan-du-kjope-benzyl-methyl-ketone-b-m-k-online","24":"product_tag-hvor-kan-jeg-kjope-benzyl-methyl-ketone-b-m-k-europa","25":"product_tag-hvor-mye-er-benzyl-methyl-ketone-b-m-k","26":"product_tag-kjop-benzyl-methyl-ketone-b-m-k","27":"product_tag-kjop-benzyl-methyl-ketone-b-m-k-online-europa","28":"product_tag-kjop-benzyl-methyl-ketone-b-m-k-pa-nett","30":"first","31":"instock","32":"shipping-taxable","33":"purchasable","34":"product-type-variable","35":"has-default-attributes","36":"farmacie-col"},"aioseo_notices":[],"_links":{"self":[{"href":"https:\/\/lacasadelamedicina.es\/no\/wp-json\/wp\/v2\/product\/33271"}],"collection":[{"href":"https:\/\/lacasadelamedicina.es\/no\/wp-json\/wp\/v2\/product"}],"about":[{"href":"https:\/\/lacasadelamedicina.es\/no\/wp-json\/wp\/v2\/types\/product"}],"replies":[{"embeddable":true,"href":"https:\/\/lacasadelamedicina.es\/no\/wp-json\/wp\/v2\/comments?post=33271"}],"wp:featuredmedia":[{"embeddable":true,"href":"https:\/\/lacasadelamedicina.es\/no\/wp-json\/wp\/v2\/media\/18655"}],"wp:attachment":[{"href":"https:\/\/lacasadelamedicina.es\/no\/wp-json\/wp\/v2\/media?parent=33271"}],"wp:term":[{"taxonomy":"product_cat","embeddable":true,"href":"https:\/\/lacasadelamedicina.es\/no\/wp-json\/wp\/v2\/product_cat?post=33271"},{"taxonomy":"product_tag","embeddable":true,"href":"https:\/\/lacasadelamedicina.es\/no\/wp-json\/wp\/v2\/product_tag?post=33271"}],"curies":[{"name":"wp","href":"https:\/\/api.w.org\/{rel}","templated":true}]}}