{"id":33259,"date":"2024-08-09T14:02:20","date_gmt":"2024-08-09T14:02:20","guid":{"rendered":"https:\/\/lacasadelamedicina.es\/product\/kjop-jwh-250-pa-nett\/"},"modified":"2024-08-09T14:02:20","modified_gmt":"2024-08-09T14:02:20","slug":"kjop-jwh-250-pa-nett","status":"publish","type":"product","link":"https:\/\/lacasadelamedicina.es\/no\/produkt\/kjop-jwh-250-pa-nett\/","title":{"rendered":"Kj\u00f8p JWH-250 p\u00e5 nett"},"content":{"rendered":"<h1>Kj\u00f8p JWH-250 p\u00e5 nett<\/h1>\n<p> Online salg av JWH-250 produkter. Siden slutten av 2000-tallet har JWH-250, en syntetisk cannabinoidreseptoragonist, blitt funnet i produkter. Den ble utviklet av Dr. John W. Huffman, og Huffman et al. publiserte et papir om det i 2005. Kj\u00f8p JWH-250 online. <a href=\"https:\/\/drlawsonspharmacy\/contact-us\/\">KONTAKT<\/a> Legemidlet, fenylacetylindol, fungerer som en agonist ved b\u00e5de CB1- og CB2-reseptorer. Dens partialiteter ved CB1 og CB2 er henholdsvis 11 nM og 33 nM. JWH-250 kom p\u00e5 <a href=\"https:\/\/dieapotheke247.com\/\">markedet<\/a> noen \u00e5r etter at det ble nevnt f\u00f8rste gang i teksten, med tysk politi som foretok den f\u00f8rste identifiseringen i mai 2009. De fant stoffet i en naturlig r\u00f8kelsesblanding . Kj\u00f8p JWH-250 online Den ble ogs\u00e5 funnet i pulver og blandinger som ble markedsf\u00f8rt online til japanske analytikere. Alle disse produktene inneholdt mellom 77 og 165 mg. Det er sv\u00e6rt sannsynlig at folk har kommet i kontakt med JWH-250 uten \u00e5 v\u00e6re klar over det p\u00e5 grunn av m\u00e5ten den ble solgt p\u00e5. Oversatt med www.DeepL.com\/Translator (gratis versjon) Molar Masse: 335.439 g\/mol ChEMBL Id: 188031 ChemSpider ID: 23256117 PubChem CID: 44397540 Formulering: C22H25NO2 Kan du fortelle meg hvor jeg kan kj\u00f8pe JWH-250? JWH-250 til salgs, JWH-250 gateverdi, JWH-250 dosering, hvordan lage JWH-250, hvor man kan kj\u00f8pe, hvor man kan kj\u00f8pe JWH-250, hva er JWH-250, og hvor man f\u00e5r tak i JWH-250 p\u00e5 h\u00f8yeste kvalitet er alle tilgjengelige. Vi kan gi l\u00f8sninger p\u00e5 alle disse ul\u00f8ste sp\u00f8rsm\u00e5lene. Du kan finne ut hvordan og hvor du kan kj\u00f8pe JWH-250 online ved \u00e5 bla gjennom nettsiden v\u00e5r. Hva med JWH-250? Vet du ogs\u00e5 hvor jeg kan kj\u00f8pe JWH-250 online? Kj\u00f8p JWH-250 for salg, hvordan lage JWH-250, hvordan ser JWH-250 ut, hvor mye koster JWH-250 p\u00e5 gaten, hvor mye koster JWH-250 p\u00e5 nettet, hvor kan jeg f\u00e5 JWH-250 og hvor kan man kj\u00f8pe ren JWH-250. Det er helt klart at folk ikke umiddelbart stoler p\u00e5 kvaliteten p\u00e5 JWH-250 som selges p\u00e5 nettet, da de ikke kan inspisere den fysisk. Dette er imidlertid ikke tilfelle med online JWH-250-leverand\u00f8rer. Produktene som tilbys her er n\u00f8yaktige representasjoner av hva de er, med f\u00f8rsteklasses vedlikehold utf\u00f8rt under profesjonell tilsyn. Rask &amp; Diskret frakt: JWH-250 vil bli levert som lovet umiddelbart etter at bestillingen er mottatt. Fraktteamet streber etter \u00e5 gj\u00f8re frakt og levering rask og enkel. N\u00e5r du kj\u00f8per JWH-250 fra en spesialist p\u00e5 en nettplattform, kan du ogs\u00e5 stole p\u00e5 en f\u00f8rsteklasses service.                       &nbsp;<\/p>\n","protected":false},"excerpt":{"rendered":"<p>Kj\u00f8p JWH-250 p\u00e5 nett. JWH-250, en syntetisk cannabinoidreseptoragonist, har blitt funnet i produkter siden slutten av 2000-tallet. Den ble utviklet av Dr. John W. Huffman, og Huffman et al. publiserte et papir om det i 2005. Kj\u00f8p JWH-250 online.    &nbsp;<\/p>\n","protected":false},"featured_media":18625,"comment_status":"closed","ping_status":"closed","template":"","meta":{"om_disable_all_campaigns":false,"_sitemap_exclude":false,"_sitemap_priority":"","_sitemap_frequency":"","_monsterinsights_skip_tracking":false,"_monsterinsights_sitenote_active":false,"_monsterinsights_sitenote_note":"","_monsterinsights_sitenote_category":0},"product_cat":[32020],"product_tag":[32414,32404,32395,32409,32399,32406,32398,32401,32403,32412,32416,32411,32415,32413,32407,32410,32405,32408,32400,32393,32402,32397],"class_list":{"0":"post-33259","1":"product","2":"type-product","3":"status-publish","4":"has-post-thumbnail","6":"product_cat-forskningskjemikalier-og-psykedelika","7":"product_tag-autentisk-jwh-250-europe","8":"product_tag-bestill-jwh-250-eu","9":"product_tag-bestill-jwh-250-online","10":"product_tag-billig-jwh-250-europa","11":"product_tag-effekter-av-jwh-250","12":"product_tag-hvor-kan-du-kjope-jwh-250-europe","13":"product_tag-hvor-kan-du-kjope-jwh-250-online","14":"product_tag-hvor-mye-er-jwh-250","15":"product_tag-jwh-250-beste-pris-europa","16":"product_tag-jwh-250-europa-rabatt-no","17":"product_tag-jwh-250-europe-anmeldelse","18":"product_tag-jwh-250-europe-butikk","19":"product_tag-jwh-250-europe-leverandorer","20":"product_tag-jwh-250-europe-levering","21":"product_tag-jwh-250-europe-salg","22":"product_tag-jwh-250-europe-tilbud","23":"product_tag-jwh-250-gratis-frakt-europa","24":"product_tag-jwh-250-nettbutikk-europa","25":"product_tag-jwh-250-salg-online","26":"product_tag-kjop-jwh-250","27":"product_tag-kjop-jwh-250-online-europa","28":"product_tag-kjop-jwh-250-pa-nett","30":"first","31":"instock","32":"shipping-taxable","33":"purchasable","34":"product-type-variable","35":"farmacie-col"},"aioseo_notices":[],"_links":{"self":[{"href":"https:\/\/lacasadelamedicina.es\/no\/wp-json\/wp\/v2\/product\/33259"}],"collection":[{"href":"https:\/\/lacasadelamedicina.es\/no\/wp-json\/wp\/v2\/product"}],"about":[{"href":"https:\/\/lacasadelamedicina.es\/no\/wp-json\/wp\/v2\/types\/product"}],"replies":[{"embeddable":true,"href":"https:\/\/lacasadelamedicina.es\/no\/wp-json\/wp\/v2\/comments?post=33259"}],"wp:featuredmedia":[{"embeddable":true,"href":"https:\/\/lacasadelamedicina.es\/no\/wp-json\/wp\/v2\/media\/18625"}],"wp:attachment":[{"href":"https:\/\/lacasadelamedicina.es\/no\/wp-json\/wp\/v2\/media?parent=33259"}],"wp:term":[{"taxonomy":"product_cat","embeddable":true,"href":"https:\/\/lacasadelamedicina.es\/no\/wp-json\/wp\/v2\/product_cat?post=33259"},{"taxonomy":"product_tag","embeddable":true,"href":"https:\/\/lacasadelamedicina.es\/no\/wp-json\/wp\/v2\/product_tag?post=33259"}],"curies":[{"name":"wp","href":"https:\/\/api.w.org\/{rel}","templated":true}]}}