{"id":33209,"date":"2024-08-09T14:02:20","date_gmt":"2024-08-09T14:02:20","guid":{"rendered":"https:\/\/lacasadelamedicina.es\/product\/kjop-virgin-silver-flytende-kvikksolv-pa-nett\/"},"modified":"2024-08-09T14:02:20","modified_gmt":"2024-08-09T14:02:20","slug":"kjop-virgin-silver-flytende-kvikksolv-pa-nett","status":"publish","type":"product","link":"https:\/\/lacasadelamedicina.es\/no\/produkt\/kjop-virgin-silver-flytende-kvikksolv-pa-nett\/","title":{"rendered":"Kj\u00f8p Virgin Silver flytende kvikks\u00f8lv p\u00e5 nett"},"content":{"rendered":"<h3><span lang=\"EN-US\">Virgin Silver Liquid Mercury til salgs &#8211; Kj\u00f8p Virgin Silver Liquid Mercury Online<\/span><\/h3>\n<p> Kj\u00f8p Virgin Silver Liquid Mercury Online &#8211; Vi tilbyr bulk rent s\u00f8lv flytende kvikks\u00f8lv for salg p\u00e5 nettet til de laveste prisene fordi vi er den beste cannabinoidforhandleren. Kvikks\u00f8lv oppl\u00f8st i rent s\u00f8lv kan lovlig kj\u00f8pes online fra oss for forskningsform\u00e5l. Kj\u00f8p Virgin Silver Liquid Mercury Online &#8211; Kj\u00f8p Virgin Silver Liquid Mercury Online Den n\u00e5v\u00e6rende 34,5 kg beholderen inneholder virgin flytende s\u00f8lv som kan brukes til industrielle form\u00e5l. Denne flasken inneholder rent flytende s\u00f8lv som er produsert ved hjelp av toppmoderne maskineri og oppskrifter utviklet av spesialister. Dessuten er det enkelt \u00e5 kj\u00f8pe flytende kvikks\u00f8lv fra dette selskapets nettsted. Denne plattformen er enkel \u00e5 bruke og leverer et h\u00f8ykvalitetsprodukt ved behov.      <a href=\"https:\/\/drlawsonspharmacy\/contact-us\/\">KONTAKT<\/a><\/p>\n<h3><span lang=\"EN-US\">Hva er Virgin Silver Liquid Mercury?<\/span><\/h3>\n<p> Dette velkjente r\u00e5materialet finnes i mange gjenstander, for eksempel kvikks\u00f8lvbrytere, lysstoffr\u00f8r, termometre og barometre. Flytende kvikks\u00f8lv i rent s\u00f8lv er derfor unikt for bruk i produksjon av andre materialer eller kjemikalier, da det fungerer som en katalysator for p\u00e5f\u00f8lgende kjemiske reaksjoner. Omtrent 99,9 % av dette kvikks\u00f8lvet er tilgjengelig i ren form. Derfor vil programmet ogs\u00e5 inneholde andre r\u00e5varer som gull og s\u00f8lv. De vil derfor gjennomg\u00e5 grundige tester f\u00f8r de tas i bruk. Kj\u00f8p Virgin Silver Liquid Mercury online      <\/p>\n<h3><span lang=\"EN-US\">Hvor kan jeg kj\u00f8pe Virgin Silver Liquid Mercury?<\/span><\/h3>\n<p> Brukere kan kj\u00f8pe beholdere med dette flytende kvikks\u00f8lvet til en rimelig pris. Stoffet inneholder ingen tungmetaller. \u00c5 kj\u00f8pe flytende s\u00f8lvkvikks\u00f8lv til riktig pris og i n\u00f8dvendig mengde er mer praktisk for kundene. Hvis du ikke vet hvordan du skal m\u00e5le eller beregne hvor mye kvikks\u00f8lv som trengs, ring byr\u00e5ets eksperter og de vil hjelpe deg med \u00e5 bestemme mengden du trenger. <a href=\"https:\/\/dieapotheke247.com\/\">Dette<\/a> produktet brukes kun til forskningskjemikalier, men leveres i ren form av h\u00f8y kvalitet.    &nbsp;<\/p>\n","protected":false},"excerpt":{"rendered":"<p>Virgin Silver Liquid Mercury til salgs &#8211; Kj\u00f8p Virgin Silver Liquid Mercury Online Kj\u00f8p Virgin Silver Liquid Mercury Online &#8211; Vi tilbyr bulk rent s\u00f8lv flytende kvikks\u00f8lv for salg p\u00e5 nettet til de laveste prisene fordi vi er den beste cannabinoidforhandleren. Kvikks\u00f8lv oppl\u00f8st i rent s\u00f8lv kan lovlig kj\u00f8pes online fra oss for forskningsform\u00e5l. Kj\u00f8p [&hellip;]<\/p>\n","protected":false},"featured_media":18730,"comment_status":"closed","ping_status":"closed","template":"","meta":{"om_disable_all_campaigns":false,"_sitemap_exclude":false,"_sitemap_priority":"","_sitemap_frequency":"","_monsterinsights_skip_tracking":false,"_monsterinsights_sitenote_active":false,"_monsterinsights_sitenote_note":"","_monsterinsights_sitenote_category":0},"product_cat":[32020],"product_tag":[32216,32206,32197,32211,32201,32208,32200,32203,32204,32199,32198,32205,32218,32217,32215,32214,32209,32213,32212,32207,32210,32202],"class_list":{"0":"post-33209","1":"product","2":"type-product","3":"status-publish","4":"has-post-thumbnail","6":"product_cat-forskningskjemikalier-og-psykedelika","7":"product_tag-autentisk-virgin-solv-flytende-kvikksolv-europa","8":"product_tag-bestill-virgin-silver-flytende-kvikksolv-eu","9":"product_tag-bestill-virgin-silver-flytende-kvikksolv-pa-nett","10":"product_tag-billig-virgin-silver-flytende-kvikksolv-europa","11":"product_tag-effekter-av-virgin-silver-flytende-kvikksolv","12":"product_tag-hvor-kan-du-kjope-virgin-silver-flytende-kvikksolv-europa","13":"product_tag-hvor-kan-du-kjope-virgin-silver-flytende-kvikksolv-online","14":"product_tag-hvor-mye-er-virgin-silver-flytende-kvikksolv","15":"product_tag-kjop-virgin-silver-flytende-kvikksolv-online-europa","16":"product_tag-kjop-virgin-silver-flytende-kvikksolv-pa-nett","17":"product_tag-kjope-virgin-silver-flytende-kvikksolv","18":"product_tag-virgin-silver-flytende-kvikksolv-beste-pris-europa","19":"product_tag-virgin-silver-flytende-kvikksolv-europa-anmeldelse","20":"product_tag-virgin-silver-flytende-kvikksolv-europa-leverandorer","21":"product_tag-virgin-silver-flytende-kvikksolv-europa-levering","22":"product_tag-virgin-silver-flytende-kvikksolv-europa-rabatt","23":"product_tag-virgin-silver-flytende-kvikksolv-europa-salg","24":"product_tag-virgin-silver-flytende-kvikksolv-europa-butikk","25":"product_tag-virgin-silver-flytende-kvikksolv-europa-tilbud","26":"product_tag-virgin-silver-flytende-kvikksolv-gratis-frakt-europa","27":"product_tag-virgin-silver-flytende-kvikksolv-nettbutikk-europa","28":"product_tag-virgin-silver-flytende-kvikksolv-salg-online","30":"first","31":"instock","32":"shipping-taxable","33":"purchasable","34":"product-type-variable","35":"farmacie-col"},"aioseo_notices":[],"_links":{"self":[{"href":"https:\/\/lacasadelamedicina.es\/no\/wp-json\/wp\/v2\/product\/33209"}],"collection":[{"href":"https:\/\/lacasadelamedicina.es\/no\/wp-json\/wp\/v2\/product"}],"about":[{"href":"https:\/\/lacasadelamedicina.es\/no\/wp-json\/wp\/v2\/types\/product"}],"replies":[{"embeddable":true,"href":"https:\/\/lacasadelamedicina.es\/no\/wp-json\/wp\/v2\/comments?post=33209"}],"wp:featuredmedia":[{"embeddable":true,"href":"https:\/\/lacasadelamedicina.es\/no\/wp-json\/wp\/v2\/media\/18730"}],"wp:attachment":[{"href":"https:\/\/lacasadelamedicina.es\/no\/wp-json\/wp\/v2\/media?parent=33209"}],"wp:term":[{"taxonomy":"product_cat","embeddable":true,"href":"https:\/\/lacasadelamedicina.es\/no\/wp-json\/wp\/v2\/product_cat?post=33209"},{"taxonomy":"product_tag","embeddable":true,"href":"https:\/\/lacasadelamedicina.es\/no\/wp-json\/wp\/v2\/product_tag?post=33209"}],"curies":[{"name":"wp","href":"https:\/\/api.w.org\/{rel}","templated":true}]}}