{"id":33186,"date":"2024-08-09T14:02:30","date_gmt":"2024-08-09T14:02:30","guid":{"rendered":"https:\/\/lacasadelamedicina.es\/product\/kjop-ibogaine-pulver-pa-nett\/"},"modified":"2024-08-09T14:02:30","modified_gmt":"2024-08-09T14:02:30","slug":"kjop-ibogaine-pulver-pa-nett","status":"publish","type":"product","link":"https:\/\/lacasadelamedicina.es\/no\/produkt\/kjop-ibogaine-pulver-pa-nett\/","title":{"rendered":"Kj\u00f8p Ibogaine pulver p\u00e5 nett"},"content":{"rendered":"<h3 class=\"product_title entry-title\">Kj\u00f8p Ibogaine Powder Online.<\/h3>\n<p> Kj\u00f8p Ibogaine Powder Online. Kokain er ogs\u00e5 tilgjengelig p\u00e5 nettet. En busk er Iboga. I flere afrikanske samfunn er det stilisert og brukt til generelle form\u00e5l. Rotbarken til denne planten brukes ogs\u00e5 i medisin. Komponenten til Ibogai som er forbudt i <a href=\"https:\/\/dieapotheke247.com\/\">Tyskland<\/a> er Ibogaine. Iboga brukes av mennesker til \u00e5 behandle h\u00f8ysnue, sesonginfluensa, svineinfluensa, h\u00f8yt blodtrykk, narkotikaavhengighet, HIV\/AIDS og nerveproblemer. Det brukes ogs\u00e5 som et generelt styrkende middel, for \u00e5 \u00f8ke seksuell lyst, for \u00e5 bekjempe narkotikamisbruk og avhengighet, og for \u00e5 forhindre tretthet og d\u00f8sighet.        <\/p>\n<h3>Kj\u00f8p Ibogaine Powder Online. Kokain er ogs\u00e5 tilgjengelig p\u00e5 nettet. <\/h3>\n<p> Introduksjon Det naturlige alkaloidet iboga-pulver, ekstrahert fra iboga-planten Tabernanthe, er kjent for sitt ekstraordin\u00e6re potensial for \u00e5 fremme dyp helbredelse og transformasjon. Dette rene og kraftige pulveret er et lovende middel for folk som s\u00f8ker en ny vei til velv\u00e6re, og tilbyr en helhetlig tiln\u00e6rming til \u00e5 h\u00e5ndtere ulike fysiske, mentale og emosjonelle problemer. Vi velger n\u00f8ye v\u00e5re p\u00e5litelige leverand\u00f8rer for \u00e5 sikre den h\u00f8yeste kvaliteten og renheten til v\u00e5rt ibogainpulver. Vi gjennomf\u00f8rer grundige tester p\u00e5 hver batch for \u00e5 bekrefte effektiviteten, slik at du kan begynne reisen med selvtillit og trygghet.    <\/p>\n<h3><strong>Bestill Ibogaine Powder<\/strong><\/h3>\n<p> Ibogaine er kjent for sin ekstraordin\u00e6re evne til \u00e5 bryte syklusen av stoffavhengighet, noe som gj\u00f8r det attraktivt for de som s\u00f8ker frihet fra avhengighet. Den virker p\u00e5 hjernens reseptorer for \u00e5 skape en livsendrende opplevelse som bidrar til \u00e5 bryte avhengighetens lenker og lar oss ta en ny start p\u00e5 veien til bedring. Ibogaine har vist lovende \u00e5 fremme mental og f\u00f8lelsesmessig velv\u00e6re i tillegg til avhengighetsbehandling. Mange rapporterer at de har opplevd \u00f8kt refleksjon som har hjulpet dem med \u00e5 h\u00e5ndtere og helbrede dypt forankrede emosjonelle traumer, frykt og tristhet. Den visjon\u00e6re komponenten i Ibogaine-opplevelsen gir et hellig rom for introspeksjon og selvoppdagelse, som ofte f\u00f8rer til \u00e5 styrke \u00e5ndelige b\u00e5nd og personlig utvikling.<\/p>\n","protected":false},"excerpt":{"rendered":"<p>Apocynaceae-plantefamilien inkluderer arter som Tabernanthe iboga, Voacanga africana og Tabernaemontana undulata, som inneholder den naturlig forekommende hallusinogene forbindelsen ibogaine. Et psykedelisk stoff med dissosiative effekter.  <\/p>\n","protected":false},"featured_media":18820,"comment_status":"closed","ping_status":"closed","template":"","meta":{"om_disable_all_campaigns":false,"_sitemap_exclude":false,"_sitemap_priority":"","_sitemap_frequency":"","_monsterinsights_skip_tracking":false,"_monsterinsights_sitenote_active":false,"_monsterinsights_sitenote_note":"","_monsterinsights_sitenote_category":0},"product_cat":[32020],"product_tag":[32106,32088,32096,32101,32091,32098,32090,32093,32108,32107,32095,32103,32105,32104,32099,32102,32097,32100,32092,32089,32094,32087],"class_list":{"0":"post-33186","1":"product","2":"type-product","3":"status-publish","4":"has-post-thumbnail","6":"product_cat-forskningskjemikalier-og-psykedelika","7":"product_tag-autentisk-ibogaine-pulver-europa","8":"product_tag-bestill-ibogaine-powder-online","9":"product_tag-bestill-ibogaine-pulver-eu","10":"product_tag-billig-ibogaine-pulver-europa","11":"product_tag-effekter-av-ibogaine-pulver","12":"product_tag-hvor-kan-du-kjope-ibogaine-pulver-europa","13":"product_tag-hvor-kan-du-kjope-ibogaine-pulver-pa-nettet","14":"product_tag-hvor-mye-er-ibogaine-pulver","15":"product_tag-ibogaine-powder-europe-anmeldelse","16":"product_tag-ibogaine-powder-europe-leverandorer","17":"product_tag-ibogaine-pulver-beste-pris-europa","18":"product_tag-ibogaine-pulver-europa-butikk","19":"product_tag-ibogaine-pulver-europa-levering","20":"product_tag-ibogaine-pulver-europa-rabatt","21":"product_tag-ibogaine-pulver-europa-salg","22":"product_tag-ibogaine-pulver-europa-tilbud","23":"product_tag-ibogaine-pulver-gratis-frakt-europa","24":"product_tag-ibogaine-pulver-nettbutikk-europa","25":"product_tag-ibogaine-pulver-salg-pa-nettet","26":"product_tag-kjop-ibogaine-powder-online","27":"product_tag-kjop-ibogaine-pulver-online-europa","28":"product_tag-kjope-ibogaine-powder","30":"first","31":"instock","32":"shipping-taxable","33":"purchasable","34":"product-type-variable","35":"farmacie-col"},"aioseo_notices":[],"_links":{"self":[{"href":"https:\/\/lacasadelamedicina.es\/no\/wp-json\/wp\/v2\/product\/33186"}],"collection":[{"href":"https:\/\/lacasadelamedicina.es\/no\/wp-json\/wp\/v2\/product"}],"about":[{"href":"https:\/\/lacasadelamedicina.es\/no\/wp-json\/wp\/v2\/types\/product"}],"replies":[{"embeddable":true,"href":"https:\/\/lacasadelamedicina.es\/no\/wp-json\/wp\/v2\/comments?post=33186"}],"wp:featuredmedia":[{"embeddable":true,"href":"https:\/\/lacasadelamedicina.es\/no\/wp-json\/wp\/v2\/media\/18820"}],"wp:attachment":[{"href":"https:\/\/lacasadelamedicina.es\/no\/wp-json\/wp\/v2\/media?parent=33186"}],"wp:term":[{"taxonomy":"product_cat","embeddable":true,"href":"https:\/\/lacasadelamedicina.es\/no\/wp-json\/wp\/v2\/product_cat?post=33186"},{"taxonomy":"product_tag","embeddable":true,"href":"https:\/\/lacasadelamedicina.es\/no\/wp-json\/wp\/v2\/product_tag?post=33186"}],"curies":[{"name":"wp","href":"https:\/\/api.w.org\/{rel}","templated":true}]}}