{"id":33175,"date":"2024-08-09T14:02:30","date_gmt":"2024-08-09T14:02:30","guid":{"rendered":"https:\/\/lacasadelamedicina.es\/product\/kjop-k2-papir-pa-nett\/"},"modified":"2024-08-09T14:02:30","modified_gmt":"2024-08-09T14:02:30","slug":"kjop-k2-papir-pa-nett","status":"publish","type":"product","link":"https:\/\/lacasadelamedicina.es\/no\/produkt\/kjop-k2-papir-pa-nett\/","title":{"rendered":"Kj\u00f8p K2 papir p\u00e5 nett"},"content":{"rendered":"<h3 class=\"product_title entry-title\">Kj\u00f8p K2 papir p\u00e5 nett.<\/h3>\n<h3>F\u00e5 billige K2 papirark levert p\u00e5 d\u00f8ren<\/h3>\n<p> Du kan kj\u00f8pe K2 papir p\u00e5 nett. En vanlig m\u00e5te \u00e5 konsumere marihuana p\u00e5 er raskt \u00e5 skifte til syntetisk form. K2-papir er en blanding av strimlet plantemateriale og kunstige stoffer med psykedeliske effekter. Studier viser at kjemikaliene fester seg til de samme reseptorene p\u00e5 nervecellene i hjernen som THC, \u00f8ker hum\u00f8ret, fremmer avslapning, endrer persepsjon og induserer psykoser. Hvis du ser etter f\u00f8rsteklasses varer, har du kommet til rett sted i v\u00e5r p\u00e5litelige nettbutikk. Vi kj\u00f8per produktene v\u00e5re fra p\u00e5litelige produsenter for \u00e5 sikre sikkerheten til v\u00e5re kunder. Vi lover at du ikke vil angre p\u00e5 \u00e5 pr\u00f8ve oss.       <a href=\"https:\/\/drlawsonspharmacy\/contact-us\/\"><a href=\"https:\/\/drlawsonspharmacy\/contact-us\/\">KONTAKT<\/a><\/a><\/p>\n<h3><strong>Bestill K2 papir<\/strong><\/h3>\n<p> Cannabinoider er kjemiske forbindelser som forekommer naturlig i marihuanaplanter og er byggesteinene for mange farmas\u00f8ytiske produkter. Den aktive komponenten i cannabis har molekyl\u00e6re likheter med det syntetiske K2 urtepapiret. Fordelene er st\u00f8rre, og n\u00e5r en \u00f8kt er over, kan man f\u00f8le seg rolig og oppl\u00f8ftet. Marihuana blir brukt som en trygg erstatning for en rekke terapeutiske og rekreasjonsmessige form\u00e5l etter hvert som folk blir mer bevisste p\u00e5 fordelene. Selv om en overdose kan f\u00f8re til angst, hallusinasjoner, h\u00f8yt blodtrykk, brystsmerter, kortpustethet, anfall og oppkast, b\u00f8r man g\u00e5 frem med forsiktighet. Kjemikaliene i noen K2 krydderprodukter p\u00e5 markedet kan v\u00e6re farlige. Derfor er det viktig \u00e5 kj\u00f8pe fra Dr. Lawsons Pharmacy.       <\/p>\n<h3><strong>Bestill K2 papir<\/strong><\/h3>\n<p> \u00d8nsker du \u00e5 f\u00e5 de beste urteproduktene? Vi tilbyr deg en flott m\u00e5te \u00e5 kj\u00f8pe K2 Paper online til gode priser, siden vi har en stor internasjonal kundebase. Ikke bare tilbyr vi deg det st\u00f8rste utvalget, men vi tilbyr ogs\u00e5 diskrete fraktalternativer og sikre betalingsalternativer. Du er ikke tvunget til \u00e5 stoppe ved n\u00e6rliggende bensinstasjoner eller rasteplasser. Selskapet planlegger \u00e5 fortsette \u00e5 heve standarden i b\u00e5de produktkvalitet og kundeservice for \u00e5 ligge i forkant av konkurrentene. V\u00e5rt f\u00f8rste m\u00e5l er \u00e5 holde deg forn\u00f8yd, og vi har alltid et kunnskapsrikt team p\u00e5 h\u00e5nden for \u00e5 l\u00f8se eventuelle problemer. Hvis du har sp\u00f8rsm\u00e5l eller bekymringer, ikke n\u00f8l med \u00e5 ta kontakt med oss.<\/p>\n","protected":false},"excerpt":{"rendered":"<p>Hvert A4-ark inneholder 25 ml=0,845351 fluid ounces flytende K2-infusjon. K2 papir selges som er fargel\u00f8st og luktfritt. I tillegg selger vi K2 spray. Vi tilbyr premiumprodukter med utmerket og diskr\u00e9 frakt. Med 12 \u00e5rs erfaring med \u00e5 levere forskningskjemikalier, er sikkerhet v\u00e5r h\u00f8yeste prioritet. Vi er p\u00e5litelige, p\u00e5litelige og tilbyr kun produkter av h\u00f8y kvalitet til konkurransedyktige priser. Kj\u00f8p K2 papir p\u00e5 nett, billig K2 papir, K2 papir til salgs, lovlig h\u00f8y K2 krydderpapir, flytende K2 p\u00e5 papir, krydderpapir,       &nbsp;<\/p>\n","protected":false},"featured_media":18805,"comment_status":"closed","ping_status":"closed","template":"","meta":{"om_disable_all_campaigns":false,"_sitemap_exclude":false,"_sitemap_priority":"","_sitemap_frequency":"","_monsterinsights_skip_tracking":false,"_monsterinsights_sitenote_active":false,"_monsterinsights_sitenote_note":"","_monsterinsights_sitenote_category":0},"product_cat":[32020],"product_tag":[32062,32052,32044,32057,32047,32054,32046,32049,32051,32064,32059,32063,32061,32060,32055,32058,32053,32056,32048,32043,32050,32045],"class_list":{"0":"post-33175","1":"product","2":"type-product","3":"status-publish","4":"has-post-thumbnail","6":"product_cat-forskningskjemikalier-og-psykedelika","7":"product_tag-autentisk-k2-papir-europa","8":"product_tag-bestill-k2-papir-eu","9":"product_tag-bestill-k2-papir-pa-nett","10":"product_tag-billig-k2-papir-europa","11":"product_tag-effekter-av-k2-papir","12":"product_tag-hvor-kan-du-kjope-k2-papir-europa","13":"product_tag-hvor-kan-du-kjope-k2-papir-pa-nettet","14":"product_tag-hvor-mye-koster-k2-papir","15":"product_tag-k2-papir-beste-pris-europa","16":"product_tag-k2-papir-europa-anmeldelse","17":"product_tag-k2-papir-europa-butikk","18":"product_tag-k2-papir-europa-leverandorer","19":"product_tag-k2-papir-europa-levering","20":"product_tag-k2-papir-europa-rabatt","21":"product_tag-k2-papir-europa-salg","22":"product_tag-k2-papir-europa-tilbud","23":"product_tag-k2-papir-gratis-frakt-europa","24":"product_tag-k2-papir-nettbutikk-europa","25":"product_tag-k2-papirsalg-pa-nett","26":"product_tag-kjop-k2-papir","27":"product_tag-kjop-k2-papir-online-europa","28":"product_tag-kjop-k2-papir-pa-nett","30":"first","31":"instock","32":"shipping-taxable","33":"purchasable","34":"product-type-variable","35":"farmacie-col"},"aioseo_notices":[],"_links":{"self":[{"href":"https:\/\/lacasadelamedicina.es\/no\/wp-json\/wp\/v2\/product\/33175"}],"collection":[{"href":"https:\/\/lacasadelamedicina.es\/no\/wp-json\/wp\/v2\/product"}],"about":[{"href":"https:\/\/lacasadelamedicina.es\/no\/wp-json\/wp\/v2\/types\/product"}],"replies":[{"embeddable":true,"href":"https:\/\/lacasadelamedicina.es\/no\/wp-json\/wp\/v2\/comments?post=33175"}],"wp:featuredmedia":[{"embeddable":true,"href":"https:\/\/lacasadelamedicina.es\/no\/wp-json\/wp\/v2\/media\/18805"}],"wp:attachment":[{"href":"https:\/\/lacasadelamedicina.es\/no\/wp-json\/wp\/v2\/media?parent=33175"}],"wp:term":[{"taxonomy":"product_cat","embeddable":true,"href":"https:\/\/lacasadelamedicina.es\/no\/wp-json\/wp\/v2\/product_cat?post=33175"},{"taxonomy":"product_tag","embeddable":true,"href":"https:\/\/lacasadelamedicina.es\/no\/wp-json\/wp\/v2\/product_tag?post=33175"}],"curies":[{"name":"wp","href":"https:\/\/api.w.org\/{rel}","templated":true}]}}