{"id":33174,"date":"2024-08-09T14:02:39","date_gmt":"2024-08-09T14:02:39","guid":{"rendered":"https:\/\/lacasadelamedicina.es\/product\/kjop-albert-einstein-queen-elizabeth-online\/"},"modified":"2024-08-09T14:02:39","modified_gmt":"2024-08-09T14:02:39","slug":"kjop-albert-einstein-queen-elizabeth-online","status":"publish","type":"product","link":"https:\/\/lacasadelamedicina.es\/no\/produkt\/kjop-albert-einstein-queen-elizabeth-online\/","title":{"rendered":"Kj\u00f8p Albert Einstein + Queen Elizabeth online"},"content":{"rendered":"<h2>Kj\u00f8p Albert Einstein + Queen Elizabeth online. Sett med 2 ark av h\u00f8y kvalitet. <\/h2>\n<p> Kj\u00f8p Albert Einstein + Queen Elizabeth online.Sett med 2 h\u00f8ykvalitetsark. Disse perforerte arkene har lyse farger, h\u00f8ye detaljer og en ren 1\/4&#8243; perforering. 2 Ulike design \u2013 selges ogs\u00e5 enkeltvis.<\/p>\n","protected":false},"excerpt":{"rendered":"<p>Kj\u00f8p Albert Einstein + Queen Elizabeth online. Sett med 2 ark av h\u00f8y kvalitet. Kj\u00f8p Albert Einstein + Queen Elizabeth online.Sett med 2 h\u00f8ykvalitetsark. Disse perforerte arkene har lyse farger, h\u00f8ye detaljer og en ren 1\/4&#8243; perforering. 2 Ulike design \u2013 selges ogs\u00e5 enkeltvis.<\/p>\n","protected":false},"featured_media":19240,"comment_status":"open","ping_status":"closed","template":"","meta":{"om_disable_all_campaigns":false,"_sitemap_exclude":false,"_sitemap_priority":"","_sitemap_frequency":"","_monsterinsights_skip_tracking":false,"_monsterinsights_sitenote_active":false,"_monsterinsights_sitenote_note":"","_monsterinsights_sitenote_category":0},"product_cat":[31687],"product_tag":[31849,31862,31861,31859,31858,31853,31857,31856,31851,31854,31846,31860,31850,31844,31855,31845,31852,31843,31847,31841,31842,31848],"class_list":{"0":"post-33174","1":"product","2":"type-product","3":"status-publish","4":"has-post-thumbnail","6":"product_cat-lsd-no","7":"product_tag-albert-einstein-queen-elizabeth-beste-pris-europa","8":"product_tag-albert-einstein-queen-elizabeth-europe-anmeldelse","9":"product_tag-albert-einstein-queen-elizabeth-europe-leverandorer","10":"product_tag-albert-einstein-queen-elizabeth-europe-levering","11":"product_tag-albert-einstein-queen-elizabeth-europe-rabatt","12":"product_tag-albert-einstein-queen-elizabeth-europe-salg","13":"product_tag-albert-einstein-queen-elizabeth-europe-butikk","14":"product_tag-albert-einstein-queen-elizabeth-europe-tilbud","15":"product_tag-albert-einstein-queen-elizabeth-gratis-frakt-europa","16":"product_tag-albert-einstein-queen-elizabeth-nettbutikk-europa","17":"product_tag-albert-einstein-queen-elizabeth-salg-online","18":"product_tag-autentisk-albert-einstein-queen-elizabeth-europe","19":"product_tag-bestill-albert-einstein-dronning-elizabeth-eu","20":"product_tag-bestill-albert-einstein-queen-elizabeth-online","21":"product_tag-billig-albert-einstein-queen-elizabeth-europe","22":"product_tag-effekter-av-albert-einstein-dronning-elizabeth","23":"product_tag-hvor-kan-du-kjope-albert-einstein-queen-elizabeth-europe","24":"product_tag-hvor-kan-du-kjope-albert-einstein-queen-elizabeth-online","25":"product_tag-hvor-mye-koster-albert-einstein-dronning-elizabeth","26":"product_tag-kjop-albert-einstein-queen-elizabeth","27":"product_tag-kjop-albert-einstein-queen-elizabeth-online","28":"product_tag-kjop-albert-einstein-queen-elizabeth-online-europa","30":"first","31":"instock","32":"shipping-taxable","33":"purchasable","34":"product-type-simple","35":"farmacie-col"},"aioseo_notices":[],"_links":{"self":[{"href":"https:\/\/lacasadelamedicina.es\/no\/wp-json\/wp\/v2\/product\/33174"}],"collection":[{"href":"https:\/\/lacasadelamedicina.es\/no\/wp-json\/wp\/v2\/product"}],"about":[{"href":"https:\/\/lacasadelamedicina.es\/no\/wp-json\/wp\/v2\/types\/product"}],"replies":[{"embeddable":true,"href":"https:\/\/lacasadelamedicina.es\/no\/wp-json\/wp\/v2\/comments?post=33174"}],"wp:featuredmedia":[{"embeddable":true,"href":"https:\/\/lacasadelamedicina.es\/no\/wp-json\/wp\/v2\/media\/19240"}],"wp:attachment":[{"href":"https:\/\/lacasadelamedicina.es\/no\/wp-json\/wp\/v2\/media?parent=33174"}],"wp:term":[{"taxonomy":"product_cat","embeddable":true,"href":"https:\/\/lacasadelamedicina.es\/no\/wp-json\/wp\/v2\/product_cat?post=33174"},{"taxonomy":"product_tag","embeddable":true,"href":"https:\/\/lacasadelamedicina.es\/no\/wp-json\/wp\/v2\/product_tag?post=33174"}],"curies":[{"name":"wp","href":"https:\/\/api.w.org\/{rel}","templated":true}]}}