{"id":33169,"date":"2024-08-09T14:02:30","date_gmt":"2024-08-09T14:02:30","guid":{"rendered":"https:\/\/lacasadelamedicina.es\/product\/kjop-k2-roykspray-online-spice-online\/"},"modified":"2024-08-09T14:02:30","modified_gmt":"2024-08-09T14:02:30","slug":"kjop-k2-roykspray-online-spice-online","status":"publish","type":"product","link":"https:\/\/lacasadelamedicina.es\/no\/produkt\/kjop-k2-roykspray-online-spice-online\/","title":{"rendered":"Kj\u00f8p K2 r\u00f8ykspray online (SPICE) Online"},"content":{"rendered":"<h3>Kj\u00f8p K2 r\u00f8kelsesspray online (SPICE) Online.<\/h3>\n<p> Kj\u00f8p K2 r\u00f8kelsesspray &#8211; K2 papir er ogs\u00e5 tilgjengelig. Det er mulig \u00e5 kj\u00f8pe fargel\u00f8s og luktfri K2 spray. Du trenger 25 ml spray for \u00e5 dekke et helt A4-ark. Kj\u00f8p K2 r\u00f8kelsesspray online (SPICE) <a href=\"https:\/\/drlawsonspharmacy\/contact-us\/\">KONTAKT<\/a> De to mest kjente navnene for syntetisk marihuana er smak og K2. De best\u00e5r av t\u00f8rket plantemateriale som er blandet med kunstige cannabinoider. De kunstige cannabinoidene er syntetiske blandinger som har samme effekt p\u00e5 hjernens cannabinoidreseptorer som delta9-tetrahydrocannabinol (THC), den viktigste psykoaktive komponenten i marihuana. Cannabisbrukere tror at bruk av Spice har lignende effekter. Cannabinoider, eller kjemiske forbindelser, finnes i marihuanaplanten. En gruppe medikamenter kalt konstruerte cannabinoider kalles smak og K2. De best\u00e5r av t\u00f8rket plantemateriale som er behandlet med kunstige stoffer for \u00e5 p\u00e5virke persepsjonen. F\u00f8rst la analytikere til rette for tester med disse kunstige stoffene.           <\/p>\n<h3>Kj\u00f8p K2 r\u00f8ykspray p\u00e5 nett (SPICE)<\/h3>\n<p> K2 tilbys ogs\u00e5 som en v\u00e6ske som kan r\u00f8ykes ved hjelp av e-sigaretter. Den kan ogs\u00e5 konsumeres som te eller r\u00f8ykes i joints eller piper. Den flytende formen av K2 dryppes deretter p\u00e5 fibre, papir og planter. Spice kan ha lignende effekter som marihuana, men konsumeres f\u00f8rst og fremst p\u00e5 grunn av diskresjon og beryktethet. Vanligvis tilbys dette kjemikaliet som plantemateriale. Til tross for at vi tilbyr en utmerket K2-smak, er den generelle sammensetningen av v\u00e5re tilpassede blandinger fullt informert av gjeldende regelverk. Urter\u00f8kelse Online For \u00e5 vekke sansene dine, kj\u00f8p sterk K2 urter\u00f8kelse! N\u00e5r du kj\u00f8per K2 hos oss, skiller v\u00e5r kvalitet seg ut fra de som selger livl\u00f8se blandinger og imitasjoner. Vi skiller oss ut fra andre leverand\u00f8rer fordi vi selger h\u00f8ykvalitets urter\u00f8kelse. En menneskeskapt street beroligende middel med syntetiske stoffer sprayet p\u00e5 smaker, smak er ogs\u00e5 kjent som K2, syntetisk marihuana og syntetisk weed r\u00f8kelsesspray, k2 spray til salgs. P\u00e5 papiret K2 v\u00e6ske. Du kan kj\u00f8pe K2 spray og flytende r\u00f8kelse online. Bestill K2 zing papir av h\u00f8yeste kvalitet og f\u00e5 det levert direkte hjem til deg.             <\/p>\n<h3><strong>K2 R\u00f8kelsesspray Online (SPICE) online<\/strong><\/h3>\n<p> Hvis du vil mestre K2 lokale r\u00f8kelsesv\u00e6sker og e-v\u00e6skedryss p\u00e5 nett, har du kommet til det perfekte stedet. For \u00e5 m\u00f8te behovene til alle kunder i USA og rundt om i verden, selger vi de lokale sinte dominantene av K2 v\u00e6ske til de mest rabatterte prisene. En annen velkjent bruk er \u00e5 lage K2-dusj, som vanligvis p\u00e5f\u00f8res lokalt. Det er utvilsomt livsviktig. Produserte cannabinoider &#8211; ogs\u00e5 referert til som &laquo;flavor&raquo; eller &laquo;K2&raquo; &#8211; dukket f\u00f8rst opp i USA p\u00e5 2000-tallet. h\u00f8ykvalitets K2 krydderpapir. Vi tilbyr det beste K2 krydderpapiret du kan kj\u00f8pe p\u00e5 nett. F\u00e5 den n\u00e5. Hva er egentlig syntetisk marihuana (ogs\u00e5 kjent som K2, Spice eller produserte cannabinoider)? Den beste lokale r\u00f8kelsen er tilgjengelig hos oss.          &nbsp;<\/p>\n","protected":false},"excerpt":{"rendered":"<p>K2 Spray er tilgjengelig for kj\u00f8p og er farge- og luktfri. For \u00e5 spraye et helt A4-ark trenger du 25 ml. K2 Paper er en annen vare vi selger.   &nbsp;<\/p>\n","protected":false},"featured_media":18790,"comment_status":"closed","ping_status":"closed","template":"","meta":{"om_disable_all_campaigns":false,"_sitemap_exclude":false,"_sitemap_priority":"","_sitemap_frequency":"","_monsterinsights_skip_tracking":false,"_monsterinsights_sitenote_active":false,"_monsterinsights_sitenote_note":"","_monsterinsights_sitenote_category":0},"product_cat":[32020],"product_tag":[32040,32030,32024,32035,32025,32032,32023,32027,32029,32037,32041,32039,32038,32033,32036,32042,32031,32034,32026,32021,32028,32022],"class_list":{"0":"post-33169","1":"product","2":"type-product","3":"status-publish","4":"has-post-thumbnail","6":"product_cat-forskningskjemikalier-og-psykedelika","7":"product_tag-autentisk-k2-roykspray-spice-europa","8":"product_tag-bestill-k2-roykspray-spice-eu","9":"product_tag-bestill-k2-roykspray-spice-pa-nett","10":"product_tag-billig-k2-roykspray-spice-europa","11":"product_tag-effekter-av-k2-roykspray-spice","12":"product_tag-hvor-kan-du-kjope-k2-roykspray-spice-europa","13":"product_tag-hvor-kan-du-kjope-k2-roykspray-spice-pa-nett","14":"product_tag-hvor-mye-koster-k2-roykspray-spice","15":"product_tag-k2-roykspray-spice-beste-pris-europa","16":"product_tag-k2-roykspray-spice-europa-butikk","17":"product_tag-k2-roykspray-spice-europa-leverandorer","18":"product_tag-k2-roykspray-spice-europa-levering","19":"product_tag-k2-roykspray-spice-europa-rabatt","20":"product_tag-k2-roykspray-spice-europa-salg","21":"product_tag-k2-roykspray-spice-europa-tilbud","22":"product_tag-k2-roykspray-spice-europe-anmeldelse","23":"product_tag-k2-roykspray-spice-gratis-frakt-europa","24":"product_tag-k2-roykspray-spice-nettbutikk-europa","25":"product_tag-k2-roykspray-spice-salg-pa-nett","26":"product_tag-kjop-k2-roykspray-spice","27":"product_tag-kjop-k2-roykspray-spice-online-europa","28":"product_tag-kjop-k2-roykspray-spice-pa-nett","30":"first","31":"instock","32":"shipping-taxable","33":"purchasable","34":"product-type-variable","35":"farmacie-col"},"aioseo_notices":[],"_links":{"self":[{"href":"https:\/\/lacasadelamedicina.es\/no\/wp-json\/wp\/v2\/product\/33169"}],"collection":[{"href":"https:\/\/lacasadelamedicina.es\/no\/wp-json\/wp\/v2\/product"}],"about":[{"href":"https:\/\/lacasadelamedicina.es\/no\/wp-json\/wp\/v2\/types\/product"}],"replies":[{"embeddable":true,"href":"https:\/\/lacasadelamedicina.es\/no\/wp-json\/wp\/v2\/comments?post=33169"}],"wp:featuredmedia":[{"embeddable":true,"href":"https:\/\/lacasadelamedicina.es\/no\/wp-json\/wp\/v2\/media\/18790"}],"wp:attachment":[{"href":"https:\/\/lacasadelamedicina.es\/no\/wp-json\/wp\/v2\/media?parent=33169"}],"wp:term":[{"taxonomy":"product_cat","embeddable":true,"href":"https:\/\/lacasadelamedicina.es\/no\/wp-json\/wp\/v2\/product_cat?post=33169"},{"taxonomy":"product_tag","embeddable":true,"href":"https:\/\/lacasadelamedicina.es\/no\/wp-json\/wp\/v2\/product_tag?post=33169"}],"curies":[{"name":"wp","href":"https:\/\/api.w.org\/{rel}","templated":true}]}}