{"id":33168,"date":"2024-08-09T14:02:39","date_gmt":"2024-08-09T14:02:39","guid":{"rendered":"https:\/\/lacasadelamedicina.es\/product\/kjop-1p-lsd-blotters-150mcg-online\/"},"modified":"2024-08-09T14:02:39","modified_gmt":"2024-08-09T14:02:39","slug":"kjop-1p-lsd-blotters-150mcg-online","status":"publish","type":"product","link":"https:\/\/lacasadelamedicina.es\/no\/produkt\/kjop-1p-lsd-blotters-150mcg-online\/","title":{"rendered":"Kj\u00f8p 1P-LSD Blotters 150mcg Online"},"content":{"rendered":"<h3>Kj\u00f8p 150mcg 1P-LSD Blotters: Research Chemical Information<\/h3>\n<p><strong>Hva er 150mcg 1P-LSD Blotters?<\/strong> 1P-LSD Blotters (150mcg) er en type forskningskjemikalier som ofte brukes i studier. Selv om disse blotterne for \u00f8yeblikket er lovlige \u00e5 selge og kj\u00f8pe, kan deres juridiske status endres. Det er viktig \u00e5 merke seg at 1P-LSD blottere er ment for forskningsform\u00e5l og er ikke godkjent for konsum. <strong>Retningslinjer for lagring for 150mcg 1P-LSD-blottere<\/strong> For \u00e5 sikre lang levetid og effektivitet til 1P-LSD-blottere (150mcg), oppbevar dem p\u00e5 et kj\u00f8lig, t\u00f8rt sted. N\u00e5r det holdes under disse forholdene, forblir kjemikaliet stabilt i opptil to \u00e5r. Riktig oppbevaring vil bidra til \u00e5 opprettholde integriteten til blotterne gjennom hele holdbarheten. IUPAC: 1-propionyl-lysergsyre-dietylamid CAS-nr.: N\/A Molekylformel: C23H29N3O2 Molekylmasse: 379,45926 g\/mol <strong>Bestill 150mcg 1P-LSD Blotters fra Chemswell!<\/strong> Chemswell tilbyr rask og p\u00e5litelig levering for 150mcg 1P-LSD Blotters. Hvis du legger inn en bestilling i dag, kan du forvente at pakken din kommer p\u00e5 d\u00f8rstokken innen en dag. Alle leveranser h\u00e5ndteres diskret av PostNL, noe som sikrer personvern. For bulkbestillinger av 1P-LSD Blotters, vennligst kontakt v\u00e5rt kundeserviceteam for mer informasjon. <strong>Betalingsalternativer<\/strong> Chemswell tilbyr en rekke betalingsm\u00e5ter for din bekvemmelighet, inkludert:         <\/p>\n<ul>\n<li>Kredittkort (Mastercard, Visa, American Express)<\/li>\n<li>PayPal<\/li>\n<li>Bitcoin<\/li>\n<li>ideelt<\/li>\n<\/ul>\n<p><strong>Hvorfor velge Chemswell?<\/strong> Chemswell er forpliktet til \u00e5 tilby tjenester av h\u00f8yeste kvalitet til konkurransedyktige priser. For eventuelle sp\u00f8rsm\u00e5l eller ytterligere informasjon, vennligst kontakt oss via e-post eller telefon. Bes\u00f8k v\u00e5r kontaktside for detaljer. 1P-LSD er et nytt psykedelisk stoff i lysergamidklassen. 1P-LSD er n\u00e6rt beslektet med LSD og er rapportert \u00e5 gi nesten identiske effekter. P\u00e5 grunn av dets nyhet er lite kjent om farmakologien til 1P-LSD, men det antas \u00e5 produsere dens effekter ved \u00e5 binde seg til serotoninreseptorer i hjernen. Bestill dine 150mcg 1P-LSD Blotters fra Chemswell i dag for eksepsjonell service og verdi.<\/p>\n","protected":false},"excerpt":{"rendered":"<p>1P-LSD Blotters 150mcg er et psykedelisk medikament av lysergamidklassen som er et derivat og funksjonell analog av LSD og en homolog av ALD-52. Det oppsto i 2015 da det dukket opp som et designerstoff solgt p\u00e5 nettet. Den modifiserer LSD-molekylet ved \u00e5 legge til en propionylgruppe til nitrogenatomet til LSDs indolgruppe.  <\/p>\n","protected":false},"featured_media":19225,"comment_status":"closed","ping_status":"closed","template":"","meta":{"om_disable_all_campaigns":false,"_sitemap_exclude":false,"_sitemap_priority":"","_sitemap_frequency":"","_monsterinsights_skip_tracking":false,"_monsterinsights_sitenote_active":false,"_monsterinsights_sitenote_note":"","_monsterinsights_sitenote_category":0},"product_cat":[31687],"product_tag":[32018,32014,32013,32008,32017,32016,32012,32011,32006,32009,32002,32015,32005,32019,32010,32001,32007,32000,32003,31998,32004,31999],"class_list":{"0":"post-33168","1":"product","2":"type-product","3":"status-publish","4":"has-post-thumbnail","6":"product_cat-lsd-no","7":"product_tag-1p-lsd-blotters-150mcg-beste-pris-europa","8":"product_tag-1p-lsd-blotters-150mcg-europa-levering-no","9":"product_tag-1p-lsd-blotters-150mcg-europa-rabatt-no","10":"product_tag-1p-lsd-blotters-150mcg-europa-salg","11":"product_tag-1p-lsd-blotters-150mcg-europe-anmeldelse","12":"product_tag-1p-lsd-blotters-150mcg-europe-leverandorer","13":"product_tag-1p-lsd-blotters-150mcg-europe-shop-no","14":"product_tag-1p-lsd-blotters-150mcg-europe-tilbud","15":"product_tag-1p-lsd-blotters-150mcg-gratis-frakt-europa","16":"product_tag-1p-lsd-blotters-150mcg-nettbutikk-europa","17":"product_tag-1p-lsd-blotters-150mcg-salg-online","18":"product_tag-authentic1p-lsd-blotters-150mcg-europe-no","19":"product_tag-bestill-1p-lsd-blotters-150mcg-eu","20":"product_tag-bestill-1p-lsd-blotters-150mcg-online","21":"product_tag-billige1p-lsd-blotters-150mcg-europa","22":"product_tag-effekter-av-1p-lsd-blotters-150mcg","23":"product_tag-hvor-kan-du-kjope-1p-lsd-blotters-150mcg-europe","24":"product_tag-hvor-kan-du-kjope-1p-lsd-blotters-150mcg-online","25":"product_tag-hvor-mye-er-1p-lsd-blotters-150mcg","26":"product_tag-kjop-1p-lsd-blotters-150mcg","27":"product_tag-kjop-1p-lsd-blotters-150mcg-online-europa","28":"product_tag-kjop-1p-lsd-blotters-150mcg-pa-nett","30":"first","31":"instock","32":"shipping-taxable","33":"purchasable","34":"product-type-simple","35":"farmacie-col"},"aioseo_notices":[],"_links":{"self":[{"href":"https:\/\/lacasadelamedicina.es\/no\/wp-json\/wp\/v2\/product\/33168"}],"collection":[{"href":"https:\/\/lacasadelamedicina.es\/no\/wp-json\/wp\/v2\/product"}],"about":[{"href":"https:\/\/lacasadelamedicina.es\/no\/wp-json\/wp\/v2\/types\/product"}],"replies":[{"embeddable":true,"href":"https:\/\/lacasadelamedicina.es\/no\/wp-json\/wp\/v2\/comments?post=33168"}],"wp:featuredmedia":[{"embeddable":true,"href":"https:\/\/lacasadelamedicina.es\/no\/wp-json\/wp\/v2\/media\/19225"}],"wp:attachment":[{"href":"https:\/\/lacasadelamedicina.es\/no\/wp-json\/wp\/v2\/media?parent=33168"}],"wp:term":[{"taxonomy":"product_cat","embeddable":true,"href":"https:\/\/lacasadelamedicina.es\/no\/wp-json\/wp\/v2\/product_cat?post=33168"},{"taxonomy":"product_tag","embeddable":true,"href":"https:\/\/lacasadelamedicina.es\/no\/wp-json\/wp\/v2\/product_tag?post=33168"}],"curies":[{"name":"wp","href":"https:\/\/api.w.org\/{rel}","templated":true}]}}