{"id":33156,"date":"2024-08-09T14:02:39","date_gmt":"2024-08-09T14:02:39","guid":{"rendered":"https:\/\/lacasadelamedicina.es\/product\/kjop-170ug-shiva-lsd-blotters-pa-nett\/"},"modified":"2024-08-09T14:02:39","modified_gmt":"2024-08-09T14:02:39","slug":"kjop-170ug-shiva-lsd-blotters-pa-nett","status":"publish","type":"product","link":"https:\/\/lacasadelamedicina.es\/no\/produkt\/kjop-170ug-shiva-lsd-blotters-pa-nett\/","title":{"rendered":"Kj\u00f8p 170ug Shiva LSD Blotters p\u00e5 nett"},"content":{"rendered":"<h2><strong>Kj\u00f8p 1P-LSD 170UG SHIVA LSD BLOTTERS Online<\/strong><\/h2>\n<p> Det psykedeliske stoffet 1P-LSD, ogs\u00e5 kalt 1-propionyl-lysergsyredietylamid, er et derivat og funksjonell analog av LSD og en homolog av ALD-52. LSD og 1P-LSD deler et kjemisk forhold og sies \u00e5 ha effekter som er ganske like. Selv om lite er kjent om farmakologien til 1P-LSD, virker det sannsynligvis p\u00e5 serotoninreseptorer i hjernen for \u00e5 skape dens psykedeliske effekter.   <\/p>\n<h2><strong>Kj\u00f8p 170ug shiva LSD Blotters<\/strong><\/h2>\n<p> IUPAC ID: (6aR,9R)- N,N-dietyl-7-metyl-4,6,6a,7,8,9-heksahydroindolo \u2013 [4,3-fg] kinolin-9-karboksamid Molar masse: 323,43 g Smeltepunkt: 80 \u00b0CFormel: C20H25N3O CAS ID: 50-37-3 Lysergsyredietylamid, ogs\u00e5 kjent som syre, er et psykedelisk medikament kjent for sine psykologiske effekter. Formel: C20H25N30 IUPAC ID: (6aR,9R)- N,N- dietyl- 7-metyl- 4,6,6a,7,8,9- heksahydroindolo-  [4,3-fg] kinolin-9-karboksamid Molar masse: 323,43 g\/mol Smeltepunkt: 80 \u00b0C CAS ID: 50-37-3 <\/p>\n<h3><strong>1P-LSD 170UG SHIVA LSD BLOTTERS<\/strong><\/h3>\n<p> Vi har mange lojale kunder over hele verden og ser frem til \u00e5 samarbeide med deg p\u00e5 lang sikt. Hvis du trenger mer informasjon, ikke n\u00f8l med \u00e5 ta kontakt med oss; vi vil gj\u00f8re alt vi kan for \u00e5 m\u00f8te dine behov. Nye psykoaktive forbindelser, eller sinnsendrende kjemikalier som har blitt syntetisert i et laboratorium og tilbudt som lovlige erstatninger for ulovlige stoffer som kokain og marihuana, har blitt mer utbredt i l\u00f8pet av de siste 20 \u00e5rene i narkotikaindustrien. Disse medisinene har ikke gjennomg\u00e5tt omfattende testing, s\u00e5 det er mulig at effekten deres vil v\u00e6re inkonsekvent og uforutsigbar.    <\/p>\n<h3><strong>EFFEKTER<\/strong><\/h3>\n<p> I vitenskapelig litteratur er effektprofilen til 1P-LSD ikke godt beskrevet. Det antas vanligvis \u00e5 v\u00e6re likt LSD. I f\u00f8lge flere anekdotiske rapporter varer 1P-LSD litt kortere tid hos mennesker enn LSD, og \u200b\u200bflertallet av brukerne hevder at de ikke er i stand til \u00e5 se forskjellen mellom de to medisinenes kvalitative effekter.   <\/p>\n<h3><strong>\u00c5 VELGE GAMA<\/strong><\/h3>\n<p> Den mest avgj\u00f8rende faktoren for \u00e5 velge v\u00e5r tjeneste er Meth Trust. Det prim\u00e6re aspektet for \u00e5 f\u00e5 et \u00f8kende antall kunder er kvalitet. Tilbud og rabatter er avgj\u00f8rende for suksessen til v\u00e5re kunder.   <\/p>\n<h3><strong>KONKLUSJON<\/strong><\/h3>\n<p> Et av de mest popul\u00e6re LSD-produktene blant ten\u00e5ringer, som ofte bruker det som festdrug, er Goblin&#8217;s Den. I det virtuelle markedet er det et stort utvalg av LSD-artikler som er fritt tilgjengelig. Her garanterer vi deg den beste kvaliteten og prisen p\u00e5 produktet, 200 mcg Goblin\u2019s Den.<\/p>\n","protected":false},"excerpt":{"rendered":"<p>Kj\u00f8p 1P-LSD 170UG SHIVA LSD BLOTTERS Online Det psykedeliske stoffet 1P-LSD, ogs\u00e5 kalt 1-propionyl-lysergsyredietylamid, er et derivat og funksjonell analog av LSD og en homolog av ALD-52. LSD og 1P-LSD deler et kjemisk forhold og sies \u00e5 ha effekter som er ganske like. Selv om lite er kjent om farmakologien til 1P-LSD, virker det sannsynligvis [&hellip;]<\/p>\n","protected":false},"featured_media":19210,"comment_status":"open","ping_status":"closed","template":"","meta":{"om_disable_all_campaigns":false,"_sitemap_exclude":false,"_sitemap_priority":"","_sitemap_frequency":"","_monsterinsights_skip_tracking":false,"_monsterinsights_sitenote_active":false,"_monsterinsights_sitenote_note":"","_monsterinsights_sitenote_category":0},"product_cat":[31687],"product_tag":[31962,31972,31971,31966,31975,31974,31970,31969,31964,31967,31959,31973,31963,31957,31968,31958,31965,31956,31960,31954,31961,31955],"class_list":{"0":"post-33156","1":"product","2":"type-product","3":"status-publish","4":"has-post-thumbnail","6":"product_cat-lsd-no","7":"product_tag-170ug-shiva-lsd-blotters-beste-pris-europa","8":"product_tag-170ug-shiva-lsd-blotters-europa-levering-no","9":"product_tag-170ug-shiva-lsd-blotters-europa-rabatt-no","10":"product_tag-170ug-shiva-lsd-blotters-europa-salg","11":"product_tag-170ug-shiva-lsd-blotters-europe-anmeldelse","12":"product_tag-170ug-shiva-lsd-blotters-europe-leverandorer","13":"product_tag-170ug-shiva-lsd-blotters-europe-shop-no","14":"product_tag-170ug-shiva-lsd-blotters-europe-tilbud","15":"product_tag-170ug-shiva-lsd-blotters-gratis-frakt-europa","16":"product_tag-170ug-shiva-lsd-blotters-nettbutikk-europa","17":"product_tag-170ug-shiva-lsd-blotters-salg-pa-nettet","18":"product_tag-autentiske-170ug-shiva-lsd-blotters-europe","19":"product_tag-bestill-170ug-shiva-lsd-blotters-eu","20":"product_tag-bestill-170ug-shiva-lsd-blotters-online","21":"product_tag-billige-170ug-shiva-lsd-blotters-europa","22":"product_tag-effekter-av-170ug-shiva-lsd-blotters","23":"product_tag-hvor-kan-du-kjope-170ug-shiva-lsd-blotters-europe","24":"product_tag-hvor-kan-du-kjope-170ug-shiva-lsd-blotters-online","25":"product_tag-hvor-mye-er-170ug-shiva-lsd-blotters","26":"product_tag-kjop-170ug-shiva-lsd-blotters","27":"product_tag-kjop-170ug-shiva-lsd-blotters-online-europa","28":"product_tag-kjop-170ug-shiva-lsd-blotters-pa-nett","30":"first","31":"instock","32":"shipping-taxable","33":"purchasable","34":"product-type-variable","35":"farmacie-col"},"aioseo_notices":[],"_links":{"self":[{"href":"https:\/\/lacasadelamedicina.es\/no\/wp-json\/wp\/v2\/product\/33156"}],"collection":[{"href":"https:\/\/lacasadelamedicina.es\/no\/wp-json\/wp\/v2\/product"}],"about":[{"href":"https:\/\/lacasadelamedicina.es\/no\/wp-json\/wp\/v2\/types\/product"}],"replies":[{"embeddable":true,"href":"https:\/\/lacasadelamedicina.es\/no\/wp-json\/wp\/v2\/comments?post=33156"}],"wp:featuredmedia":[{"embeddable":true,"href":"https:\/\/lacasadelamedicina.es\/no\/wp-json\/wp\/v2\/media\/19210"}],"wp:attachment":[{"href":"https:\/\/lacasadelamedicina.es\/no\/wp-json\/wp\/v2\/media?parent=33156"}],"wp:term":[{"taxonomy":"product_cat","embeddable":true,"href":"https:\/\/lacasadelamedicina.es\/no\/wp-json\/wp\/v2\/product_cat?post=33156"},{"taxonomy":"product_tag","embeddable":true,"href":"https:\/\/lacasadelamedicina.es\/no\/wp-json\/wp\/v2\/product_tag?post=33156"}],"curies":[{"name":"wp","href":"https:\/\/api.w.org\/{rel}","templated":true}]}}