{"id":33151,"date":"2024-08-09T14:02:39","date_gmt":"2024-08-09T14:02:39","guid":{"rendered":"https:\/\/lacasadelamedicina.es\/product\/kjop-155-mcg-teachers-gaze-selvlagt-99-ren-aztekisk-krystall-pa-nettet\/"},"modified":"2024-08-09T14:02:39","modified_gmt":"2024-08-09T14:02:39","slug":"kjop-155-mcg-teachers-gaze-selvlagt-99-ren-aztekisk-krystall-pa-nettet","status":"publish","type":"product","link":"https:\/\/lacasadelamedicina.es\/no\/produkt\/kjop-155-mcg-teachers-gaze-selvlagt-99-ren-aztekisk-krystall-pa-nettet\/","title":{"rendered":"Kj\u00f8p 155 MCG Teacher&#8217;s Gaze (selvlagt, 99 % ren aztekisk krystall) p\u00e5 nettet"},"content":{"rendered":"<h3>Beste stedet \u00e5 kj\u00f8pe Teacher&#8217;s Gaze LSD p\u00e5 nettet<\/h3>\n<p> Vi presenterer et distinkt tilbud: et begrenset parti med Teacher&#8217;s Gaze LSD-faner, som ble laget med en sjelden krystall hentet fra en dedikert gruppe entusiaster som stemmer overens med v\u00e5re perspektiver p\u00e5 virkelighet og spiritualitet. Denne eksklusive batchen ble produsert en gang og deretter trukket tilbake, noe som betyr at verken vi eller noen andre vil ha denne spesifikke krystallen igjen. Etter testing ble vi overrasket over styrken og opplever disse fanene. P\u00e5 grunn av sjeldenheten til krystallen er prisen h\u00f8yere sammenlignet med aztekiske varianter, men vi tilbyr den til en liten pris for \u00e5 dele den i v\u00e5rt psykedeliske fellesskap.    <\/p>\n<h3>LSD Blotter Acid tilgjengelig for kj\u00f8p online<\/h3>\n<p> Teacher&#8217;s Gaze LSD Online tilbyr et bredt spekter av produkter, inkludert Goblin&#8217;s Den, Hoffman LSD blotter, Void Realm, Teacher&#8217;s Gaze, Fractal Storm og mer. Spesielt er Teacher&#8217;s Gaze et av de mest ettertraktede produktene, spesielt blant yngre brukere. Her er noen viktige detaljer om Teacher&#8217;s Gaze LSD:   <\/p>\n<ul>\n<li>Omtrent 10 % av befolkningen i USA har pr\u00f8vd Teacher\u2019s Gaze LSD p\u00e5 et tidspunkt siden 2017, med 0,7 % som har brukt den det siste \u00e5ret. Bruken var mest utbredt fra 1960- til 1980-tallet. Vanligvis blir Teacher&#8217;s Gaze LSD enten inntatt eller plassert under tungen, ofte distribuert p\u00e5 lapppapir.  <\/li>\n<\/ul>\n<h3>N\u00f8kkelinformasjon for kj\u00f8p av 155 mcg Teacher&#8217;s Gaze Online<\/h3>\n<p> N\u00e5r du kj\u00f8per 155 mcg Teacher&#8217;s Gaze, er det vanligvis blandet med 99% Aztec-krystall. Dette stoffet er kjent for \u00e5 forlate blodet raskt hvis det injiseres.  <\/p>\n<h4>Bivirkninger av 155 mcg Teacher&#8217;s Gaze<\/h4>\n<ul>\n<li>Hallusinasjoner er en vanlig effekt av l\u00e6rerens blikk.<\/li>\n<li>Brukere kan oppleve problemer med s\u00f8vn.<\/li>\n<\/ul>\n<h3>Konklusjon<\/h3>\n<p> Teacher&#8217;s Gaze er et yndet produkt blant ten\u00e5ringer, ofte sett p\u00e5 som et feststoff p\u00e5 grunn av dets hallusinogene effekter, noe som skiller det fra andre LSD-produkter. LSD, ofte referert til som &laquo;syre&raquo;, er kjent for \u00e5 indusere betydelige endringer i persepsjon. Teacher&#8217;s Gaze LSD er et kraftig, stemningsendrende stoff avledet fra lyserginsyre, som stammer fra ergotsoppen som finnes p\u00e5 korn som rug. Det produseres i ulovlige laboratorier, hovedsakelig i USA, hvor det omdannes til en v\u00e6ske for distribusjon. Den er vanligvis fargel\u00f8s, luktfri og har en litt bitter smak.     &nbsp;<\/p>\n","protected":false},"excerpt":{"rendered":"<p>Apocynaceae-plantefamilien inkluderer arter som Tabernanthe iboga, Voacanga africana og Tabernaemontana undulata, som inneholder den naturlig forekommende hallusinogene forbindelsen ibogaine. Et psykedelisk stoff med dissosiative effekter. <\/p>\n","protected":false},"featured_media":19195,"comment_status":"closed","ping_status":"closed","template":"","meta":{"om_disable_all_campaigns":false,"_sitemap_exclude":false,"_sitemap_priority":"","_sitemap_frequency":"","_monsterinsights_skip_tracking":false,"_monsterinsights_sitenote_active":false,"_monsterinsights_sitenote_note":"","_monsterinsights_sitenote_category":0},"product_cat":[31687],"product_tag":[31936,31937,31931,31941,31943,31940,31949,31953,31948,31952,31947,31942,31950,31945,31932,31939,31944,31951,31934,31946,31935,31933,31938,31930],"class_list":{"0":"post-33151","1":"product","2":"type-product","3":"status-publish","4":"has-post-thumbnail","6":"product_cat-lsd-no","7":"product_tag-155-mcg-teachers-gaze-selvlagt","8":"product_tag-99-pure-aztec-crystal-salg-pa-nettet","9":"product_tag-99-ren-aztekisk-krystall","10":"product_tag-99-ren-aztekisk-krystall-eu","11":"product_tag-99-rent-aztekisk-krystall-europa","12":"product_tag-99-pure-aztec-crystal-beste-pris-europa","13":"product_tag-99-pure-aztec-crystal-europa-rabatt","14":"product_tag-99-pure-aztec-crystal-europe-anmeldelse","15":"product_tag-99-pure-aztec-crystal-europe-butikk","16":"product_tag-99-pure-aztec-crystal-europe-leverandorer","17":"product_tag-99-pure-aztec-crystal-europe-tilbud","18":"product_tag-99-pure-aztec-crystal-gratis-frakt-europa","19":"product_tag-99-pure-aztec-crystal-levering-i-europa","20":"product_tag-99-pure-aztec-crystal-nettbutikk-europa","21":"product_tag-99-pure-aztec-crystal-online-no","22":"product_tag-99-pure-aztec-crystal-online-europa","23":"product_tag-99-pure-aztec-crystal-salg-i-europa","24":"product_tag-autentisk-155-mcg-teachers-gaze-selvlagt","25":"product_tag-bestill-155-mcg-teachers-gaze-selvlagt","26":"product_tag-billig-155-mcg-teachers-gaze-selvlagt","27":"product_tag-effekter-av-155-mcg-teachers-gaze-selvlagt","28":"product_tag-hvor-kan-du-kjope-155-mcg-teachers-gaze-self-laid","29":"product_tag-hvor-mye-er-155-mcg-teachers-gaze-self-laid","30":"product_tag-kjop-155-mcg-teachers-gaze-self-laid","32":"first","33":"instock","34":"shipping-taxable","35":"purchasable","36":"product-type-variable","37":"farmacie-col"},"aioseo_notices":[],"_links":{"self":[{"href":"https:\/\/lacasadelamedicina.es\/no\/wp-json\/wp\/v2\/product\/33151"}],"collection":[{"href":"https:\/\/lacasadelamedicina.es\/no\/wp-json\/wp\/v2\/product"}],"about":[{"href":"https:\/\/lacasadelamedicina.es\/no\/wp-json\/wp\/v2\/types\/product"}],"replies":[{"embeddable":true,"href":"https:\/\/lacasadelamedicina.es\/no\/wp-json\/wp\/v2\/comments?post=33151"}],"wp:featuredmedia":[{"embeddable":true,"href":"https:\/\/lacasadelamedicina.es\/no\/wp-json\/wp\/v2\/media\/19195"}],"wp:attachment":[{"href":"https:\/\/lacasadelamedicina.es\/no\/wp-json\/wp\/v2\/media?parent=33151"}],"wp:term":[{"taxonomy":"product_cat","embeddable":true,"href":"https:\/\/lacasadelamedicina.es\/no\/wp-json\/wp\/v2\/product_cat?post=33151"},{"taxonomy":"product_tag","embeddable":true,"href":"https:\/\/lacasadelamedicina.es\/no\/wp-json\/wp\/v2\/product_tag?post=33151"}],"curies":[{"name":"wp","href":"https:\/\/api.w.org\/{rel}","templated":true}]}}