{"id":33138,"date":"2024-08-09T14:02:39","date_gmt":"2024-08-09T14:02:39","guid":{"rendered":"https:\/\/lacasadelamedicina.es\/product\/kjop-105-mcg-voiderealm-online\/"},"modified":"2024-08-09T14:02:39","modified_gmt":"2024-08-09T14:02:39","slug":"kjop-105-mcg-voiderealm-online","status":"publish","type":"product","link":"https:\/\/lacasadelamedicina.es\/no\/produkt\/kjop-105-mcg-voiderealm-online\/","title":{"rendered":"Kj\u00f8p 105 MCG Voiderealm Online"},"content":{"rendered":"<p><strong>Kj\u00f8p 105 mcg Voidrealm Online<\/strong> LSD pleier kanskje ikke \u00e5 v\u00e6re giftig, men resistens kan utvikles ved bruk av \u00f8kende doser. Negative psykologiske reaksjoner som frykt, depresjon og syn er sannsynlige. Bekymrende hallusinasjoner kan oppst\u00e5 uten mer bruk, et syndrom som kalles kronisk syn hallusinogent syndrom. D\u00f8d som f\u00f8lge av LSD er sv\u00e6rt uvanlig. <strong>Fakta som kan hjelpe deg med \u00e5 kj\u00f8pe 105 mcg Voidrealm p\u00e5 nettet<\/strong> Selv om LSD tilbyr et bredt spekter av produkter som vapevogner, fraktalstorm, l\u00e6rerbeite og s\u00e5 videre . Og Voidrealm er et annet popul\u00e6rt LSD-stoff som ikke er spesielt avhengighetsskapende, men det er viktig \u00e5 utvise forsiktighet n\u00e5r du bruker disse stoffene. Her er noen forslag for \u00e5 hjelpe deg med \u00e5 kj\u00f8pe 105 mcg void realm p\u00e5 nettet. <strong>Fakta for \u00e5 hjelpe deg med \u00e5 kj\u00f8pe 105 mcg Voidrealm Online<\/strong><strong>Konklusjon<\/strong> 105 mcg void domene skaper motstand, noe som betyr at mer LSD er n\u00f8dvendig for at pasienten skal oppn\u00e5 samme effekt. Pasienter som bruker medisinen regelmessig, m\u00e5 gi gradvis st\u00f8rre doser for \u00e5 opprettholde mengden av avhengighet de tidligere har opplevd. Gitt produktets usikre natur, er dette en sv\u00e6rt farlig praksis. Gjennom 2018 er antallet personer fra tolv \u00e5r og oppover som blir ofre. <strong>Bestill forskningskjemikalier p\u00e5 darkweb,<\/strong> ,Kj\u00f8p forskningskjemikalier p\u00e5 darkweb online med rask levering av DHL og Fedex.Kj\u00f8p forskningskjemikalier online i USA.Kj\u00f8p LSD-medisiner online.Kj\u00f8p fentanyl online i USA.Kj\u00f8p Crystal Meth Online, Kokain for salg online usa<\/p>\n","protected":false},"excerpt":{"rendered":"<p>Kj\u00f8p 105 mcg Voidrealm Online Selv om LSD har et veldig stort utvalg av produkter som vapevogner, fraktalstorm, l\u00e6rerbeite og s\u00e5 videre. Og Voidrealm er ogs\u00e5 en av de popul\u00e6re produktene av LSD som ikke er s\u00e5 vanedannende, men man b\u00f8r v\u00e6re forsiktig nok mens disse typene stoffer. Derfor er her noen punkter som kan hjelpe deg med \u00e5 kj\u00f8pe 105 mcg void realm online  <\/p>\n","protected":false},"featured_media":19180,"comment_status":"open","ping_status":"closed","template":"","meta":{"om_disable_all_campaigns":false,"_sitemap_exclude":false,"_sitemap_priority":"","_sitemap_frequency":"","_monsterinsights_skip_tracking":false,"_monsterinsights_sitenote_active":false,"_monsterinsights_sitenote_note":"","_monsterinsights_sitenote_category":0},"product_cat":[31687],"product_tag":[31893,31906,31901,31905,31903,31902,31897,31900,31895,31898,31890,31904,31894,31885,31899,31889,31896,31888,31891,31887,31892,31886],"class_list":{"0":"post-33138","1":"product","2":"type-product","3":"status-publish","4":"has-post-thumbnail","6":"product_cat-lsd-no","7":"product_tag-105-mcg-voiderealm-beste-pris-europa","8":"product_tag-105-mcg-voiderealm-europe-anmeldelse","9":"product_tag-105-mcg-voiderealm-europe-butikk","10":"product_tag-105-mcg-voiderealm-europe-leverandorer","11":"product_tag-105-mcg-voiderealm-europe-levering","12":"product_tag-105-mcg-voiderealm-europe-rabatt","13":"product_tag-105-mcg-voiderealm-europe-salg","14":"product_tag-105-mcg-voiderealm-europe-tilbud","15":"product_tag-105-mcg-voiderealm-gratis-frakt-europa","16":"product_tag-105-mcg-voiderealm-nettbutikk-europa","17":"product_tag-105-mcg-voiderealm-salg-online","18":"product_tag-autentisk-105-mcg-voidrealm-europe","19":"product_tag-bestill-105-mcg-voiderealm-eu","20":"product_tag-bestill-105-mcg-voiderealm-online","21":"product_tag-billig-105-mcg-voiderealm-europe","22":"product_tag-effekter-av-105-mcg-voiderealm","23":"product_tag-hvor-kan-du-kjope-105-mcg-voiderealm-europe","24":"product_tag-hvor-kan-du-kjope-105-mcg-voiderealm-online","25":"product_tag-hvor-mye-er-105-mcg-voiderealm","26":"product_tag-kjop-105-mcg-voiderealm","27":"product_tag-kjop-105-mcg-voiderealm-online-europa","28":"product_tag-kjop-105-mcg-voiderealm-pa-nett","30":"first","31":"instock","32":"shipping-taxable","33":"purchasable","34":"product-type-variable","35":"farmacie-col"},"aioseo_notices":[],"_links":{"self":[{"href":"https:\/\/lacasadelamedicina.es\/no\/wp-json\/wp\/v2\/product\/33138"}],"collection":[{"href":"https:\/\/lacasadelamedicina.es\/no\/wp-json\/wp\/v2\/product"}],"about":[{"href":"https:\/\/lacasadelamedicina.es\/no\/wp-json\/wp\/v2\/types\/product"}],"replies":[{"embeddable":true,"href":"https:\/\/lacasadelamedicina.es\/no\/wp-json\/wp\/v2\/comments?post=33138"}],"wp:featuredmedia":[{"embeddable":true,"href":"https:\/\/lacasadelamedicina.es\/no\/wp-json\/wp\/v2\/media\/19180"}],"wp:attachment":[{"href":"https:\/\/lacasadelamedicina.es\/no\/wp-json\/wp\/v2\/media?parent=33138"}],"wp:term":[{"taxonomy":"product_cat","embeddable":true,"href":"https:\/\/lacasadelamedicina.es\/no\/wp-json\/wp\/v2\/product_cat?post=33138"},{"taxonomy":"product_tag","embeddable":true,"href":"https:\/\/lacasadelamedicina.es\/no\/wp-json\/wp\/v2\/product_tag?post=33138"}],"curies":[{"name":"wp","href":"https:\/\/api.w.org\/{rel}","templated":true}]}}