{"id":33137,"date":"2024-08-09T14:02:42","date_gmt":"2024-08-09T14:02:42","guid":{"rendered":"https:\/\/lacasadelamedicina.es\/product\/kjop-hofmann-blotter-205%c2%b5g-lsd-pa-nett\/"},"modified":"2024-08-09T14:02:42","modified_gmt":"2024-08-09T14:02:42","slug":"kjop-hofmann-blotter-205%c2%b5g-lsd-pa-nett","status":"publish","type":"product","link":"https:\/\/lacasadelamedicina.es\/no\/produkt\/kjop-hofmann-blotter-205%c2%b5g-lsd-pa-nett\/","title":{"rendered":"Kj\u00f8p Hofmann Blotter 205\u00b5g LSD p\u00e5 nett"},"content":{"rendered":"<h2>Hofmann Blotter 205\u00b5g LSD til salgs<\/h2>\n<p> Hofmann Blotter 205\u00b5g LSD til salgs. Vi har Hofmann Blotter 200\u00b5g LSD. Veldig sterk dritt, fin og klar LSD. Den europeiske narkotikakontrollgruppen som analyserte denne doseenheten av blotter, utstedte en &laquo;h\u00f8y dose&raquo;-advarsel fordi den inneholder mer enn 150 ug LSD. Design som er synlig er bl\u00e5tt, svart, hvitt og gult. Baksiden er svart og hvit.     <\/p>\n<h2>Kj\u00f8p Hofmann LSD:<\/h2>\n<p> LSD, ogs\u00e5 kjent som syre eller LSD-25, er et ikke-vanedannende psykoaktivt stoff som stammer fra en sopp kalt ergot. Det ble oppdaget ved en tilfeldighet i Albert Hofmanns laboratorium. Kjent for sin evne til \u00e5 endre oppfatning, blir LSD ofte beskrevet av brukere som en inngang til en helt ny verden. Det p\u00e5virker de samme omr\u00e5dene i hjernen som er involvert i \u00e5 dr\u00f8mme, noe som f\u00f8rer til forvrengte virkelighetsoppfatninger og livlige hallusinasjoner. LSD anses som ikke-giftig, og det er praktisk talt umulig \u00e5 overdosere det. Det er imidlertid viktig \u00e5 utvise forsiktighet og v\u00e6re klar over lovbestemmelser rundt bruken.<\/p>\n","protected":false},"excerpt":{"rendered":"<p>Hofmann Blotter 205\u00b5g LSD til salgs Hofmann Blotter 205\u00b5g LSD til salgs. Vi har Hofmann Blotter 200\u00b5g LSD. Veldig sterk dritt, fin og klar LSD. Den europeiske narkotikakontrollgruppen som analyserte denne doseenheten av blotter, utstedte en &laquo;h\u00f8y dose&raquo;-advarsel fordi den inneholder mer enn 150 ug LSD. Design som er synlig er bl\u00e5tt, svart, hvitt og [&hellip;]<\/p>\n","protected":false},"featured_media":19300,"comment_status":"open","ping_status":"closed","template":"","meta":{"om_disable_all_campaigns":false,"_sitemap_exclude":false,"_sitemap_priority":"","_sitemap_frequency":"","_monsterinsights_skip_tracking":false,"_monsterinsights_sitenote_active":false,"_monsterinsights_sitenote_note":"","_monsterinsights_sitenote_category":0},"product_cat":[31687],"product_tag":[],"class_list":{"0":"post-33137","1":"product","2":"type-product","3":"status-publish","4":"has-post-thumbnail","6":"product_cat-lsd-no","8":"first","9":"instock","10":"shipping-taxable","11":"purchasable","12":"product-type-simple","13":"farmacie-col"},"aioseo_notices":[],"_links":{"self":[{"href":"https:\/\/lacasadelamedicina.es\/no\/wp-json\/wp\/v2\/product\/33137"}],"collection":[{"href":"https:\/\/lacasadelamedicina.es\/no\/wp-json\/wp\/v2\/product"}],"about":[{"href":"https:\/\/lacasadelamedicina.es\/no\/wp-json\/wp\/v2\/types\/product"}],"replies":[{"embeddable":true,"href":"https:\/\/lacasadelamedicina.es\/no\/wp-json\/wp\/v2\/comments?post=33137"}],"wp:featuredmedia":[{"embeddable":true,"href":"https:\/\/lacasadelamedicina.es\/no\/wp-json\/wp\/v2\/media\/19300"}],"wp:attachment":[{"href":"https:\/\/lacasadelamedicina.es\/no\/wp-json\/wp\/v2\/media?parent=33137"}],"wp:term":[{"taxonomy":"product_cat","embeddable":true,"href":"https:\/\/lacasadelamedicina.es\/no\/wp-json\/wp\/v2\/product_cat?post=33137"},{"taxonomy":"product_tag","embeddable":true,"href":"https:\/\/lacasadelamedicina.es\/no\/wp-json\/wp\/v2\/product_tag?post=33137"}],"curies":[{"name":"wp","href":"https:\/\/api.w.org\/{rel}","templated":true}]}}